{"id":3348,"date":"2023-12-12T17:08:54","date_gmt":"2023-12-12T16:08:54","guid":{"rendered":"https:\/\/parcbellevue.com\/camping-iles-de-lerins\/"},"modified":"2024-03-18T14:27:29","modified_gmt":"2024-03-18T13:27:29","slug":"camping-iles-de-lerins","status":"publish","type":"page","link":"https:\/\/parcbellevue.com\/nl\/camping-iles-de-lerins\/","title":{"rendered":"De L\u00e9rins-eilanden"},"content":{"rendered":"<section id=\"ls-section-block_1cd2a9ce6292f382ca426f41c72b28db\" class=\"ls-section  page-titre\" >\r\n        <div class=\"container container--wide\">\r\n        \n\n<h1 class=\"ls__heading wp-block-heading has-text-align-center\">Camping in de buurt van L\u00e9rins-eilanden<\/h1>\n\n\r\n    <\/div>\r\n<\/section><section id=\"ls-section-block_bf3a8d73c3b45f17bb94140a5b2a9256\" class=\"ls-section  home-second page-one\" >\r\n        <div class=\"container container--full\">\r\n        \n\n<div class=\"wp-block-columns is-layout-flex wp-container-core-columns-is-layout-9d6595d7 wp-block-columns-is-layout-flex\">\n<div class=\"wp-block-column is-layout-flow wp-block-column-is-layout-flow\" style=\"flex-basis:45%\">\n<h2 class=\"ls__heading wp-block-heading\">Een verandering van omgeving op de L\u00e9rins-eilanden<\/h2>\n\n\n\n<p class=\"ls-paragraph\">Droom je van een uniek en onvergetelijk uitje? Verken de nabijgelegen <a href=\"https:\/\/www.cannes.com\/fr\/cadre-de-vie\/plages-mer-nautisme\/iles-de-lerins.html\" target=\"_blank\" rel=\"noreferrer noopener\">L\u00e9rins-eilanden<\/a>!  <\/p>\n\n\n\n<p class=\"ls-paragraph\">De L\u00e9rins eilanden, bestaande uit <strong>Sainte-Marguerite en Saint-Honorat<\/strong>, kijken uit op de Baai van Cannes en het Est\u00e9rel massief en zijn een oase van rust voor natuur- en geschiedenisliefhebbers.<\/p>\n\n\n\n<p class=\"ls-paragraph\">Deze eilanden zijn <strong>beschermde en ongerepte gebieden<\/strong> met een <strong>uitzonderlijke flora en fauna<\/strong> en een fascinerende geschiedenis die de <strong>mysteries van het IJzeren Masker <\/strong>combineert met de sereniteit van de <strong>cisterci\u00ebnzer monniken<\/strong>.<br\/>Breng voor een droomvakantie zeker een bezoek aan deze eilanden. Ze zijn gemakkelijk bereikbaar met regelmatige<strong> bootdiensten <\/strong>vanuit Cannes. Plan je vakantie en kom deze schat aan de C\u00f4te d&#8217;Azur ontdekken!<\/p>\n<\/div>\n\n\n\n<div class=\"wp-block-column column-parallax is-layout-flow wp-block-column-is-layout-flow\" style=\"flex-basis:55%\">\n<figure class=\"wp-block-image size-full animated fadeInRight delay-100ms slow\"><a href=\"https:\/\/parcbellevue.com\/wp-content\/uploads\/2023\/11\/Forteresse_sur_la_mer.webp\"><img decoding=\"async\" width=\"2048\" height=\"1439\" src=\"https:\/\/parcbellevue.com\/wp-content\/uploads\/2023\/11\/Forteresse_sur_la_mer.webp\" alt=\"bekijk iles l&#xE9;rins\" class=\"wp-image-2012\" srcset=\"https:\/\/parcbellevue.com\/wp-content\/uploads\/2023\/11\/Forteresse_sur_la_mer.webp 2048w, https:\/\/parcbellevue.com\/wp-content\/uploads\/2023\/11\/Forteresse_sur_la_mer-300x211.webp 300w, https:\/\/parcbellevue.com\/wp-content\/uploads\/2023\/11\/Forteresse_sur_la_mer-1024x720.webp 1024w, https:\/\/parcbellevue.com\/wp-content\/uploads\/2023\/11\/Forteresse_sur_la_mer-768x540.webp 768w, https:\/\/parcbellevue.com\/wp-content\/uploads\/2023\/11\/Forteresse_sur_la_mer-1536x1079.webp 1536w\" sizes=\"(max-width: 2048px) 100vw, 2048px\" \/><\/a><\/figure>\n<\/div>\n<\/div>\n\n\r\n    <\/div>\r\n<\/section><section id=\"ls-section-block_db9d12a30b039089d92de0c06616db8a\" class=\"ls-section  home-third page-two\" >\r\n        <div class=\"container container--full\">\r\n        \n\n<div class=\"wp-block-columns are-vertically-aligned-top is-layout-flex wp-container-core-columns-is-layout-9d6595d7 wp-block-columns-is-layout-flex\">\n<div class=\"wp-block-column is-vertically-aligned-top column-parallax is-layout-flow wp-block-column-is-layout-flow\">\n<figure class=\"wp-block-gallery has-nested-images columns-default is-cropped wp-block-gallery-1 is-layout-flex wp-block-gallery-is-layout-flex\">\n<figure class=\"wp-block-image size-full animated fadeIn delay-100ms slow\"><a href=\"https:\/\/parcbellevue.com\/wp-content\/uploads\/2023\/12\/ile-sainte-marguerite.webp\"><img decoding=\"async\" width=\"1200\" height=\"900\" data-id=\"3822\" src=\"https:\/\/parcbellevue.com\/wp-content\/uploads\/2023\/12\/ile-sainte-marguerite.webp\" alt=\"uitzicht sainte marguerite\" class=\"wp-image-3822\" srcset=\"https:\/\/parcbellevue.com\/wp-content\/uploads\/2023\/12\/ile-sainte-marguerite.webp 1200w, https:\/\/parcbellevue.com\/wp-content\/uploads\/2023\/12\/ile-sainte-marguerite-300x225.webp 300w, https:\/\/parcbellevue.com\/wp-content\/uploads\/2023\/12\/ile-sainte-marguerite-1024x768.webp 1024w, https:\/\/parcbellevue.com\/wp-content\/uploads\/2023\/12\/ile-sainte-marguerite-768x576.webp 768w\" sizes=\"(max-width: 1200px) 100vw, 1200px\" \/><\/a><\/figure>\n\n\n\n<figure class=\"wp-block-image size-full animated fadeIn delay-500ms slow\"><a href=\"https:\/\/parcbellevue.com\/wp-content\/uploads\/2023\/11\/Sainte-Marguerite.webp\"><img decoding=\"async\" width=\"2048\" height=\"1536\" data-id=\"2025\" src=\"https:\/\/parcbellevue.com\/wp-content\/uploads\/2023\/11\/Sainte-Marguerite.webp\" alt=\"haven sainte marguerite\" class=\"wp-image-2025\" srcset=\"https:\/\/parcbellevue.com\/wp-content\/uploads\/2023\/11\/Sainte-Marguerite.webp 2048w, https:\/\/parcbellevue.com\/wp-content\/uploads\/2023\/11\/Sainte-Marguerite-300x225.webp 300w, https:\/\/parcbellevue.com\/wp-content\/uploads\/2023\/11\/Sainte-Marguerite-1024x768.webp 1024w, https:\/\/parcbellevue.com\/wp-content\/uploads\/2023\/11\/Sainte-Marguerite-768x576.webp 768w, https:\/\/parcbellevue.com\/wp-content\/uploads\/2023\/11\/Sainte-Marguerite-1536x1152.webp 1536w\" sizes=\"(max-width: 2048px) 100vw, 2048px\" \/><\/a><\/figure>\n<\/figure>\n<\/div>\n\n\n\n<div class=\"wp-block-column is-vertically-aligned-top is-layout-flow wp-block-column-is-layout-flow\">\n<div class=\"wp-block-columns are-vertically-aligned-center wp-block-columns__padding-right is-layout-flex wp-container-core-columns-is-layout-9d6595d7 wp-block-columns-is-layout-flex\">\n<div class=\"wp-block-column is-vertically-aligned-center is-layout-flow wp-block-column-is-layout-flow\">\n<h2 class=\"ls__heading wp-block-heading has-color-3-color has-text-color\">Sainte Marguerite Eiland: een hoekje van het paradijs<\/h2>\n\n\n\n<p class=\"ls-paragraph\"><a href=\"https:\/\/www.ville-saintemarguerite.fr\/fr\/informations-generales.html\" target=\"_blank\" rel=\"noreferrer noopener\">Sainte-Marguerite<\/a>, het <strong>grootste eiland van de L\u00e9rins<\/strong>, is een waar paradijs.<\/p>\n\n\n\n<p class=\"ls-paragraph\">Het ligt tussen geheime baaien en een nationaal bos van pijnbomen en eucalyptusbomen en biedt een betoverende omgeving. Met zijn 22 km aan wandelpaden strekt het zich uit over 3 km van het ornithologische reservaat Etang du Bat\u00e9guier tot de Pointe de la Convention. Op het eiland vind je ook<strong> archeologische overblijfselen <\/strong>en Fort Royal, waar het IJzeren Masker en het Fort Royal Museum zijn gevestigd.<\/p>\n\n\n\n<p class=\"ls-paragraph\">Sinds 2021 zijn<strong> monumentale beelden van de Britse kunstenaar Jason de Caires Taylor<\/strong>, gemaakt van de gezichten van zes inwoners van Cannes, ondergedompeld aan de kust van het Ile Sainte-Marguerite, waardoor het<strong> eerste onderwater ecomuseum in Frankrijk<\/strong> en het Middellandse Zeegebied is ontstaan. Een ideale plek voor sport- en gezinsactiviteiten!<br\/><\/p>\n<\/div>\n<\/div>\n<\/div>\n<\/div>\n\n\r\n    <\/div>\r\n<\/section><section id=\"ls-section-block_07eb0f16ba2dc8924b54ad90b7b88722\" class=\"ls-section  home-fourth page-three has-background-image has-parallax\" >\r\n    <div class=\"ls-section__background-image opacity-100\"><img decoding=\"async\" src=\"https:\/\/parcbellevue.com\/wp-content\/uploads\/2023\/11\/visiter-ile-saint-honorat.webp\" alt=\"bezoek ile saint honorat\"><\/div>    <div class=\"container container--full\">\r\n        \n\n<h2 class=\"ls__heading wp-block-heading has-text-align-center\">Ontdek het eiland Saint-Honorat<\/h2>\n\n\n\n<p class=\"ls-paragraph has-text-align-center\"><a href=\"https:\/\/www.cannes-ilesdelerins.com\/fr\/\" target=\"_blank\" rel=\"noreferrer noopener\">Saint-Honorat<\/a>, het kleinste van de twee L\u00e9rins eilanden, is een <strong>plek met een rijke geschiedenis<\/strong>. Hier stichtte Saint-Honorat in de 5e eeuw een <strong>spiritueel centrum<\/strong> dat een grote bijdrage leverde aan de verspreiding van de christelijke leer over de westerse wereld.<\/p>\n\n\n\n<p class=\"ls-paragraph has-text-align-center\">Op het eiland staat een <strong>versterkt klooster <\/strong>dat toegankelijk is voor het publiek. Vandaag de dag is het huidige klooster, waarvan de bouw begon in 1863, de thuisbasis van een <strong>gemeenschap van cisterci\u00ebnzer monniken<\/strong>. Een absolute must tijdens je verblijf!<\/p>\n\n\r\n    <\/div>\r\n<\/section><section id=\"ls-section-block_14fd37d939d0b780fd3b052067ecb6f2\" class=\"ls-section  home-second page-one has-p-t p-t-0\" >\r\n        <div class=\"container container--full\">\r\n        \n\n<div class=\"wp-block-columns are-vertically-aligned-center is-layout-flex wp-container-core-columns-is-layout-9d6595d7 wp-block-columns-is-layout-flex\">\n<div class=\"wp-block-column is-vertically-aligned-center is-layout-flow wp-block-column-is-layout-flow\" style=\"flex-basis:45%\">\n<h2 class=\"ls__heading wp-block-heading\">Camping bij de L\u00e9rins-eilanden<\/h2>\n\n\n\n<p class=\"ls-paragraph\"><a href=\"https:\/\/parcbellevue.com\/nl\/\">Camping Parc Bellevue<\/a> bij de L\u00e9rins eilanden is de perfecte plek om te genieten van de schoonheid van deze eilanden. Ze liggen op slechts 15 minuten van Cannes en zijn <strong>de hele dag per boot bereikbaar<\/strong>.<\/p>\n\n\n\n<p class=\"ls-paragraph\">De aanlegsteiger bevindt zich aan het einde van de parkeerplaats Quai Laubeuf. Verschillende maatschappijen bieden <strong>regelmatige bootdiensten<\/strong> van Cannes naar de L\u00e9rins-eilanden. Maak je dus klaar voor je vakantie en kom deze magische plek verkennen!<\/p>\n<\/div>\n\n\n\n<div class=\"wp-block-column is-vertically-aligned-center column-parallax is-layout-flow wp-block-column-is-layout-flow\" style=\"flex-basis:55%\">\n<figure class=\"wp-block-image size-full animated fadeInRight delay-100ms slow\"><a href=\"https:\/\/parcbellevue.com\/wp-content\/uploads\/2024\/03\/camping-cannes-1.webp\"><img decoding=\"async\" width=\"1000\" height=\"750\" src=\"https:\/\/parcbellevue.com\/wp-content\/uploads\/2024\/03\/camping-cannes-1.webp\" alt=\"camping cannes\" class=\"wp-image-3950\" srcset=\"https:\/\/parcbellevue.com\/wp-content\/uploads\/2024\/03\/camping-cannes-1.webp 1000w, https:\/\/parcbellevue.com\/wp-content\/uploads\/2024\/03\/camping-cannes-1-300x225.webp 300w, https:\/\/parcbellevue.com\/wp-content\/uploads\/2024\/03\/camping-cannes-1-768x576.webp 768w\" sizes=\"(max-width: 1000px) 100vw, 1000px\" \/><\/a><\/figure>\n<\/div>\n<\/div>\n\n\r\n    <\/div>\r\n<\/section><section id=\"ls-section-block_7e35bb8034cb1640871ab94ceaf92c8d\" class=\"ls-section  page-four column-parallax-reverse\" >\r\n        <div class=\"container container--wide\">\r\n        \n\n<div id=\"ls-heading ls-titre-div-block_4333acc2ad769efc79132e541703a626\" class=\"ls-titre-div aligncenter h2-like\" >\n    Lees meer<\/div>\n\n\n<div id=\"ls-maillage-block_45bae4890c0c25e675d4c4bb23ec21bd\" class=\"ls-maillage cta-style-normal\" data-rows=\"3\">\n    <div class=\"wp-block-columns\"><div class=\"wp-block-column\"><div class=\"ls-cta\">\n\n<a href=\"https:\/\/parcbellevue.com\/nl\/camping-sportactiviteiten-cote-azur\/\" target=\"\" rel=\"noopener\" class=\"ls-cta__link\">\n\n\t<div class=\"ls-cta__image\"><img decoding=\"async\" src=\"https:\/\/parcbellevue.com\/wp-content\/uploads\/2023\/11\/rafting-168007_1920_resultat.webp\" alt=\"raften\"><\/div>\n\t<div class=\"ls-cta__title\">\n\t\tSportactiviteiten rondom de camping\t<\/div>\n\n\t\n\t<span class=\"bellevue-arrow ls-cta__arrow\"><\/span>\n\n<\/a><\/div><\/div><div class=\"wp-block-column\"><div class=\"ls-cta\">\n\n<a href=\"https:\/\/parcbellevue.com\/nl\/camping-in-de-buurt-van-palais-des-festivals-cannes\/\" target=\"\" rel=\"noopener\" class=\"ls-cta__link\">\n\n\t<div class=\"ls-cta__image\"><img decoding=\"async\" src=\"https:\/\/parcbellevue.com\/wp-content\/uploads\/2023\/10\/palais-des-festivals-cannes-camping-parc-bellevue.webp\" alt=\"cannes festival accommodatie\"><\/div>\n\t<div class=\"ls-cta__title\">\n\t\tHet festivalpaleis\t<\/div>\n\n\t\n\t<span class=\"bellevue-arrow ls-cta__arrow\"><\/span>\n\n<\/a><\/div><\/div><div class=\"wp-block-column\"><div class=\"ls-cta\">\n\n<a href=\"https:\/\/parcbellevue.com\/nl\/toerisme-cote-azur\/\" target=\"\" rel=\"noopener\" class=\"ls-cta__link\">\n\n\t<div class=\"ls-cta__image\"><img decoding=\"async\" src=\"https:\/\/parcbellevue.com\/wp-content\/uploads\/2023\/11\/menton-7093335_1920-1.webp\" alt=\"kin\"><\/div>\n\t<div class=\"ls-cta__title\">\n\t\tBezienswaardigheden in de buurt van Cannes\t<\/div>\n\n\t\n\t<span class=\"bellevue-arrow ls-cta__arrow\"><\/span>\n\n<\/a><\/div><\/div><\/div><\/div>\n\r\n    <\/div>\r\n<\/section>","protected":false},"excerpt":{"rendered":"","protected":false},"author":1,"featured_media":2845,"parent":0,"menu_order":0,"comment_status":"closed","ping_status":"closed","template":"","meta":{"_acf_changed":false,"footnotes":""},"sujet":[],"class_list":["post-3348","page","type-page","status-publish","has-post-thumbnail","hentry"],"acf":[],"yoast_head":"<!-- This site is optimized with the Yoast SEO plugin v23.4 - https:\/\/yoast.com\/wordpress\/plugins\/seo\/ -->\n<title>Camping in de buurt van Palais des \u00eeles de L\u00e9rins | Camping \u00eeles de L\u00e9rins<\/title>\n<meta name=\"robots\" content=\"index, follow, max-snippet:-1, max-image-preview:large, max-video-preview:-1\" \/>\n<link rel=\"canonical\" href=\"https:\/\/parcbellevue.com\/nl\/camping-iles-de-lerins\/\" \/>\n<meta property=\"og:locale\" content=\"nl_NL\" \/>\n<meta property=\"og:type\" content=\"article\" \/>\n<meta property=\"og:title\" content=\"Camping in de buurt van Palais des \u00eeles de L\u00e9rins | Camping \u00eeles de L\u00e9rins\" \/>\n<meta property=\"og:url\" content=\"https:\/\/parcbellevue.com\/nl\/camping-iles-de-lerins\/\" \/>\n<meta property=\"og:site_name\" content=\"Camping Parc Bellevue\" \/>\n<meta property=\"article:modified_time\" content=\"2024-03-18T13:27:29+00:00\" \/>\n<meta property=\"og:image\" content=\"https:\/\/parcbellevue.com\/wp-content\/uploads\/2023\/11\/visiter-iles-de-lerin.webp\" \/>\n\t<meta property=\"og:image:width\" content=\"2000\" \/>\n\t<meta property=\"og:image:height\" content=\"1500\" \/>\n\t<meta property=\"og:image:type\" content=\"image\/webp\" \/>\n<meta name=\"twitter:card\" content=\"summary_large_image\" \/>\n<meta name=\"twitter:label1\" content=\"Geschatte leestijd\" \/>\n\t<meta name=\"twitter:data1\" content=\"2 minuten\" \/>\n<script type=\"application\/ld+json\" class=\"yoast-schema-graph\">{\"@context\":\"https:\/\/schema.org\",\"@graph\":[{\"@type\":\"WebPage\",\"@id\":\"https:\/\/parcbellevue.com\/nl\/camping-iles-de-lerins\/\",\"url\":\"https:\/\/parcbellevue.com\/nl\/camping-iles-de-lerins\/\",\"name\":\"Camping in de buurt van Palais des \u00eeles de L\u00e9rins | Camping \u00eeles de L\u00e9rins\",\"isPartOf\":{\"@id\":\"https:\/\/parcbellevue.com\/#website\"},\"primaryImageOfPage\":{\"@id\":\"https:\/\/parcbellevue.com\/nl\/camping-iles-de-lerins\/#primaryimage\"},\"image\":{\"@id\":\"https:\/\/parcbellevue.com\/nl\/camping-iles-de-lerins\/#primaryimage\"},\"thumbnailUrl\":\"https:\/\/parcbellevue.com\/wp-content\/uploads\/2023\/11\/visiter-iles-de-lerin.webp\",\"datePublished\":\"2023-12-12T16:08:54+00:00\",\"dateModified\":\"2024-03-18T13:27:29+00:00\",\"breadcrumb\":{\"@id\":\"https:\/\/parcbellevue.com\/nl\/camping-iles-de-lerins\/#breadcrumb\"},\"inLanguage\":\"nl-NL\",\"potentialAction\":[{\"@type\":\"ReadAction\",\"target\":[\"https:\/\/parcbellevue.com\/nl\/camping-iles-de-lerins\/\"]}]},{\"@type\":\"ImageObject\",\"inLanguage\":\"nl-NL\",\"@id\":\"https:\/\/parcbellevue.com\/nl\/camping-iles-de-lerins\/#primaryimage\",\"url\":\"https:\/\/parcbellevue.com\/wp-content\/uploads\/2023\/11\/visiter-iles-de-lerin.webp\",\"contentUrl\":\"https:\/\/parcbellevue.com\/wp-content\/uploads\/2023\/11\/visiter-iles-de-lerin.webp\",\"width\":2000,\"height\":1500,\"caption\":\"bezoek de eilanden van lerin\"},{\"@type\":\"BreadcrumbList\",\"@id\":\"https:\/\/parcbellevue.com\/nl\/camping-iles-de-lerins\/#breadcrumb\",\"itemListElement\":[{\"@type\":\"ListItem\",\"position\":1,\"name\":\"Camping Cannes\",\"item\":\"https:\/\/parcbellevue.com\/nl\/\"},{\"@type\":\"ListItem\",\"position\":2,\"name\":\"Camping bij de L\u00e9rins-eilanden\"}]},{\"@type\":\"WebSite\",\"@id\":\"https:\/\/parcbellevue.com\/#website\",\"url\":\"https:\/\/parcbellevue.com\/\",\"name\":\"Camping Parc Bellevue\",\"description\":\"\",\"publisher\":{\"@id\":\"https:\/\/parcbellevue.com\/#organization\"},\"potentialAction\":[{\"@type\":\"SearchAction\",\"target\":{\"@type\":\"EntryPoint\",\"urlTemplate\":\"https:\/\/parcbellevue.com\/?s={search_term_string}\"},\"query-input\":{\"@type\":\"PropertyValueSpecification\",\"valueRequired\":true,\"valueName\":\"search_term_string\"}}],\"inLanguage\":\"nl-NL\"},{\"@type\":\"Organization\",\"@id\":\"https:\/\/parcbellevue.com\/#organization\",\"name\":\"Camping Parc Bellevue\",\"url\":\"https:\/\/parcbellevue.com\/\",\"logo\":{\"@type\":\"ImageObject\",\"inLanguage\":\"nl-NL\",\"@id\":\"https:\/\/parcbellevue.com\/#\/schema\/logo\/image\/\",\"url\":\"https:\/\/parcbellevue.com\/wp-content\/uploads\/2022\/11\/cropped-logo-camping-parc-bellevue.png\",\"contentUrl\":\"https:\/\/parcbellevue.com\/wp-content\/uploads\/2022\/11\/cropped-logo-camping-parc-bellevue.png\",\"width\":902,\"height\":904,\"caption\":\"Camping Parc Bellevue\"},\"image\":{\"@id\":\"https:\/\/parcbellevue.com\/#\/schema\/logo\/image\/\"}}]}<\/script>\n<!-- \/ Yoast SEO plugin. -->","yoast_head_json":{"title":"Camping in de buurt van Palais des \u00eeles de L\u00e9rins | Camping \u00eeles de L\u00e9rins","robots":{"index":"index","follow":"follow","max-snippet":"max-snippet:-1","max-image-preview":"max-image-preview:large","max-video-preview":"max-video-preview:-1"},"canonical":"https:\/\/parcbellevue.com\/nl\/camping-iles-de-lerins\/","og_locale":"nl_NL","og_type":"article","og_title":"Camping in de buurt van Palais des \u00eeles de L\u00e9rins | Camping \u00eeles de L\u00e9rins","og_url":"https:\/\/parcbellevue.com\/nl\/camping-iles-de-lerins\/","og_site_name":"Camping Parc Bellevue","article_modified_time":"2024-03-18T13:27:29+00:00","og_image":[{"width":2000,"height":1500,"url":"https:\/\/parcbellevue.com\/wp-content\/uploads\/2023\/11\/visiter-iles-de-lerin.webp","type":"image\/webp"}],"twitter_card":"summary_large_image","twitter_misc":{"Geschatte leestijd":"2 minuten"},"schema":{"@context":"https:\/\/schema.org","@graph":[{"@type":"WebPage","@id":"https:\/\/parcbellevue.com\/nl\/camping-iles-de-lerins\/","url":"https:\/\/parcbellevue.com\/nl\/camping-iles-de-lerins\/","name":"Camping in de buurt van Palais des \u00eeles de L\u00e9rins | Camping \u00eeles de L\u00e9rins","isPartOf":{"@id":"https:\/\/parcbellevue.com\/#website"},"primaryImageOfPage":{"@id":"https:\/\/parcbellevue.com\/nl\/camping-iles-de-lerins\/#primaryimage"},"image":{"@id":"https:\/\/parcbellevue.com\/nl\/camping-iles-de-lerins\/#primaryimage"},"thumbnailUrl":"https:\/\/parcbellevue.com\/wp-content\/uploads\/2023\/11\/visiter-iles-de-lerin.webp","datePublished":"2023-12-12T16:08:54+00:00","dateModified":"2024-03-18T13:27:29+00:00","breadcrumb":{"@id":"https:\/\/parcbellevue.com\/nl\/camping-iles-de-lerins\/#breadcrumb"},"inLanguage":"nl-NL","potentialAction":[{"@type":"ReadAction","target":["https:\/\/parcbellevue.com\/nl\/camping-iles-de-lerins\/"]}]},{"@type":"ImageObject","inLanguage":"nl-NL","@id":"https:\/\/parcbellevue.com\/nl\/camping-iles-de-lerins\/#primaryimage","url":"https:\/\/parcbellevue.com\/wp-content\/uploads\/2023\/11\/visiter-iles-de-lerin.webp","contentUrl":"https:\/\/parcbellevue.com\/wp-content\/uploads\/2023\/11\/visiter-iles-de-lerin.webp","width":2000,"height":1500,"caption":"bezoek de eilanden van lerin"},{"@type":"BreadcrumbList","@id":"https:\/\/parcbellevue.com\/nl\/camping-iles-de-lerins\/#breadcrumb","itemListElement":[{"@type":"ListItem","position":1,"name":"Camping Cannes","item":"https:\/\/parcbellevue.com\/nl\/"},{"@type":"ListItem","position":2,"name":"Camping bij de L\u00e9rins-eilanden"}]},{"@type":"WebSite","@id":"https:\/\/parcbellevue.com\/#website","url":"https:\/\/parcbellevue.com\/","name":"Camping Parc Bellevue","description":"","publisher":{"@id":"https:\/\/parcbellevue.com\/#organization"},"potentialAction":[{"@type":"SearchAction","target":{"@type":"EntryPoint","urlTemplate":"https:\/\/parcbellevue.com\/?s={search_term_string}"},"query-input":{"@type":"PropertyValueSpecification","valueRequired":true,"valueName":"search_term_string"}}],"inLanguage":"nl-NL"},{"@type":"Organization","@id":"https:\/\/parcbellevue.com\/#organization","name":"Camping Parc Bellevue","url":"https:\/\/parcbellevue.com\/","logo":{"@type":"ImageObject","inLanguage":"nl-NL","@id":"https:\/\/parcbellevue.com\/#\/schema\/logo\/image\/","url":"https:\/\/parcbellevue.com\/wp-content\/uploads\/2022\/11\/cropped-logo-camping-parc-bellevue.png","contentUrl":"https:\/\/parcbellevue.com\/wp-content\/uploads\/2022\/11\/cropped-logo-camping-parc-bellevue.png","width":902,"height":904,"caption":"Camping Parc Bellevue"},"image":{"@id":"https:\/\/parcbellevue.com\/#\/schema\/logo\/image\/"}}]}},"_links":{"self":[{"href":"https:\/\/parcbellevue.com\/nl\/wp-json\/wp\/v2\/pages\/3348","targetHints":{"allow":["GET"]}}],"collection":[{"href":"https:\/\/parcbellevue.com\/nl\/wp-json\/wp\/v2\/pages"}],"about":[{"href":"https:\/\/parcbellevue.com\/nl\/wp-json\/wp\/v2\/types\/page"}],"author":[{"embeddable":true,"href":"https:\/\/parcbellevue.com\/nl\/wp-json\/wp\/v2\/users\/1"}],"replies":[{"embeddable":true,"href":"https:\/\/parcbellevue.com\/nl\/wp-json\/wp\/v2\/comments?post=3348"}],"version-history":[{"count":5,"href":"https:\/\/parcbellevue.com\/nl\/wp-json\/wp\/v2\/pages\/3348\/revisions"}],"predecessor-version":[{"id":3957,"href":"https:\/\/parcbellevue.com\/nl\/wp-json\/wp\/v2\/pages\/3348\/revisions\/3957"}],"wp:featuredmedia":[{"embeddable":true,"href":"https:\/\/parcbellevue.com\/nl\/wp-json\/wp\/v2\/media\/2845"}],"wp:attachment":[{"href":"https:\/\/parcbellevue.com\/nl\/wp-json\/wp\/v2\/media?parent=3348"}],"wp:term":[{"taxonomy":"sujet","embeddable":true,"href":"https:\/\/parcbellevue.com\/nl\/wp-json\/wp\/v2\/sujet?post=3348"}],"curies":[{"name":"wp","href":"https:\/\/api.w.org\/{rel}","templated":true}]}}