{"id":3284,"date":"2023-12-12T16:56:05","date_gmt":"2023-12-12T15:56:05","guid":{"rendered":"https:\/\/parcbellevue.com\/standplaats-cannes\/"},"modified":"2023-12-13T14:45:54","modified_gmt":"2023-12-13T13:45:54","slug":"standplaats-cannes","status":"publish","type":"page","link":"https:\/\/parcbellevue.com\/nl\/standplaats-cannes\/","title":{"rendered":"Standplaats"},"content":{"rendered":"<section id=\"ls-section-block_2a799c2f043ff8dbc0260550f29dde08\" class=\"ls-section  page-titre has-p-b p-b-0\" >\r\n        <div class=\"container container--wide\">\r\n        \n\n<h1 class=\"ls__heading wp-block-heading has-text-align-center\">Een camping huren in Cannes<\/h1>\n\n\r\n    <\/div>\r\n<\/section><section id=\"ls-section-block_ce3c3f26e60699678d1e1f275485204a\" class=\"ls-section  home-second page-one has-p-t p-t-0 has-p-b p-b-0\" >\r\n        <div class=\"container container--wide\">\r\n        \n\n<div class=\"wp-block-columns is-layout-flex wp-container-core-columns-is-layout-9d6595d7 wp-block-columns-is-layout-flex\">\n<div class=\"wp-block-column is-vertically-aligned-center is-layout-flow wp-block-column-is-layout-flow\" style=\"flex-basis:60%\">\n<h2 class=\"ls__heading wp-block-heading\">Vakantie aan de C\u00f4te d&#8217;Azur<\/h2>\n\n\n\n<p class=\"ls-paragraph\">Laat je verleiden door een <strong>unieke caravanvakantie<\/strong> in het hart van de prachtige C\u00f4te d&#8217;Azur. Kom en ontdek Cannes en omgeving in een <strong>vriendelijke, natuurlijke<\/strong> sfeer, met ons aanbod van<strong> kwaliteitsvolle kampeerplaatsen<\/strong>.<\/p>\n\n\n\n<p class=\"ls-paragraph\">Beleef de echte caravaning ervaring in Cannes! We bieden <strong>staanplaatsen van 80 tot 100 m\u00b2<\/strong>, ideaal gelegen om optimaal te genieten van je verblijf in de buurt van de mooiste plekjes van Cannes. Of je nu in de schaduw van de hoge bomen zit of in de zon van Cannes. Elke kampeerplaats heeft zijn eigen <strong>elektriciteitsvoorziening<\/strong>. Of je nu <a href=\"https:\/\/parcbellevue.com\/nl\/verhuur-stacaravan-cannes\/\">een stacaravan wilt huren<\/a> of een staanplaats voor je tent, caravan of camper, wij hebben precies wat je nodig hebt voor een onvergetelijk verblijf aan de C\u00f4te d&#8217;Azur.<\/p>\n\n\n\n<p class=\"ls-paragraph addReadMore showlesscontent\">Ons terrein ligt grotendeels in de schaduw van hoge bomen. Er is een &#8216;<strong>gratis wifi-spot<\/strong>&#8216; en wifi op de hele camping. De prijzen zijn voor 2 personen + 1 voertuig + 1 elektrische aansluiting van 6 amp\u00e8re + 1 caravan of 1 camper of 1 tent. Aankomst is dagelijks en het minimumverblijf is \u00e9\u00e9n nacht.<\/p>\n\n\n\n<p class=\"ls-paragraph\">De toeslag is \u20ac4 per persoon. <\/p>\n<\/div>\n\n\n\n<div class=\"wp-block-column is-vertically-aligned-center is-layout-flow wp-block-column-is-layout-flow\">\n<div id=\"ls-hebergements-block_f62a0ecfda1ff8c3252645b8a9ae10ad\" class=\"ls-hebergements\">\n\n    <div class=\"ls-hebergements__results\" data-row=\"1\" data-campings=\"false\" data-types=\"[26]\"><div class=\"ls-hebergement\" data-postid='3235' data-id-reservation='138569' data-id-site='' data-id1='' data-nombre_de_personnes='' data-nombre_de_chambres='' data-last-update='' data-type='emplacement'>\n\t<div class=\"ls-hebergement__thumb\">\n\t\t\t\t<img decoding=\"async\" src=\"https:\/\/parcbellevue.com\/wp-content\/uploads\/2025\/11\/camping-car-bellevue.webp\" alt=\"Standplaats\" \/>\n\t\t<div class=\"ls-hebergement__icons\">\n\t\t\t\n\t\t\t\t\t\t\t\t<\/div>\n\t\t\t<\/div>\n\n\n\t<div class=\"ls-hebergement__content\">\n\n\t\t<div class=\"ls-hebergement__title\">\n\t\t\tStandplaats\t\t<\/div>\n\n\t\t<div class=\"ls-hebergement__infos\">\n\n\t\t\t\t\t\t\t\t\t\t\t\t\t<span class=\"ls-hebergement__detail\">\n\t\t\t\t\t+80m\u00b2\n\t\t\t\t<\/span>\n\t\t\t\t\t<\/div>\n\t\t<span class=\"bellevue-arrow ls-hebergement__button\"><\/span>\n\t<\/div>\n\t<div class=\"ls-single-hebergement\" data-postid='3235' data-id-reservation='138569' data-id-site='' data-id1='' data-nombre_de_personnes='' data-nombre_de_chambres='' data-last-update='' data-type='emplacement'>\n\t<div class=\"container\">\n\n\t\t\t\t\t<div class=\"ls-single-hebergement__close\">\n\t\t\t\t<i class=\"fas fa-times\"><\/i> Sluit\t\t\t<\/div>\n\t\t\t\t<div class=\"ls-single-hebergement__thumbnail\">\n\t\t\t<img decoding=\"async\" width=\"1000\" height=\"1333\" src=\"https:\/\/parcbellevue.com\/wp-content\/uploads\/2025\/11\/camping-car-bellevue.webp\" class=\"attachment-full size-full wp-post-image\" alt=\"camping car bellevue\" srcset=\"https:\/\/parcbellevue.com\/wp-content\/uploads\/2025\/11\/camping-car-bellevue.webp 1000w, https:\/\/parcbellevue.com\/wp-content\/uploads\/2025\/11\/camping-car-bellevue-225x300.webp 225w, https:\/\/parcbellevue.com\/wp-content\/uploads\/2025\/11\/camping-car-bellevue-768x1024.webp 768w\" sizes=\"(max-width: 1000px) 100vw, 1000px\" \/>\t\t\t<div class=\"ls-single-hebergement__icons\">\n\n\t\t\t\t\n\t\t\t\t\n\t\t\t\t\n\n\t\t\t\t\t\t\t\t\t<span class=\"ls-single-hebergement__icon\">\n\t\t\t\t\t\t<span>+80m\u00b2<\/span>\n\t\t\t\t\t<\/span>\n\t\t\t\t\n\t\t\t\t\n\t\t\t<\/div> <!-- End icons -->\n\t\t\t\t\t<\/div>\n\t\t<div class=\"wp-block-columns\">\n\t\t\t<div class=\"wp-block-column\" style=\"flex-basis:66.66%\">\n\n\t\t\t\t<h1>Standplaats<\/h1>\n\n\t\t\t\t<div class=\"ls-single-hebergement__description\">\n\t\t\t\t\t<p><strong>EEN PARK VAN 5 HECTARE MET GROTE BOMEN<\/strong><\/p>\n<ul>\n<li>De kampeerplaatsen vari\u00ebren in grootte van 80 tot 100 m\u00b2 en zijn allemaal voorzien van een elektriciteitsaansluiting. Veel kampeerplaatsen hebben ook een eigen watertappunt. Gerenoveerd sanitair met babycabines en een ruimte voor gehandicapten.<\/li>\n<li>Ons terrein ligt grotendeels in de schaduw van hoge bomen. Er is een &#8216;gratis wifi-spot&#8217; en wifi op de hele camping. De prijzen zijn voor 2 personen + 1 voertuig + 1 elektrische aansluiting van 6 amp\u00e8re + 1 caravan of 1 camper of 1 tent. Aankomst is dagelijks en het minimumverblijf is \u00e9\u00e9n nacht.<\/li>\n<\/ul>\n\t\t\t\t<\/div>\n\n\t\t\t\t\t\t\t<\/div>\n\t\t\t<div class=\"wp-block-column\" style=\"flex-basis:33.333%\">\n\t\t\t\t<div class=\"ls-single-hebergement__sidebar\">\n\n\t\t\t\t\t<a target=\"_blank\" class=\"ls-button\" href=\"https:\/\/reservation.secureholiday.net\/nl\/529\/search\/product-view\/138569\/\">R\u00e9server votre s\u00e9jour<\/a>\t\t\t\t<\/div>\n\t\t\t<\/div>\n\t\t<\/div>\n\t\t\t\t\t<div class=\"ls-single-hebergement__galerie\">\n\t\t\t\t\t\t\t\t\t<div class=\"ls-single-hebergement__galerie__image\">\n\t\t\t\t\t\t<a href=\"https:\/\/parcbellevue.com\/wp-content\/uploads\/2025\/11\/caravane-bellevue.webp\" data-fancybox=\"hebergement\">\n\t\t\t\t\t\t\t<img decoding=\"async\" src=\"https:\/\/parcbellevue.com\/wp-content\/uploads\/2025\/11\/caravane-bellevue-1024x768.webp\" alt=\"\" \/>\n\t\t\t\t\t\t<\/a>\n\t\t\t\t\t<\/div>\n\t\t\t\t\t\t\t\t\t<div class=\"ls-single-hebergement__galerie__image\">\n\t\t\t\t\t\t<a href=\"https:\/\/parcbellevue.com\/wp-content\/uploads\/2023\/11\/emplacement-camping-parc-bellevue.webp\" data-fancybox=\"hebergement\">\n\t\t\t\t\t\t\t<img decoding=\"async\" src=\"https:\/\/parcbellevue.com\/wp-content\/uploads\/2023\/11\/emplacement-camping-parc-bellevue.webp\" alt=\"ligging camping car cannes\" \/>\n\t\t\t\t\t\t<\/a>\n\t\t\t\t\t<\/div>\n\t\t\t\t\t\t\t\t\t<div class=\"ls-single-hebergement__galerie__image\">\n\t\t\t\t\t\t<a href=\"https:\/\/parcbellevue.com\/wp-content\/uploads\/2025\/11\/sanitaire-bellevue.webp\" data-fancybox=\"hebergement\">\n\t\t\t\t\t\t\t<img decoding=\"async\" src=\"https:\/\/parcbellevue.com\/wp-content\/uploads\/2025\/11\/sanitaire-bellevue-768x1024.webp\" alt=\"\" \/>\n\t\t\t\t\t\t<\/a>\n\t\t\t\t\t<\/div>\n\t\t\t\t\t\t\t<\/div>\n\t\t\t\t<ctv-availability data-product-id=\"138569\" data-background-color=\"#FFFFFFFF\" data-text-color=\"#000000FF\"><\/ctv-availability>\n\t<\/div>\n<\/div><\/div><\/div><\/div><\/div>\n<\/div>\n\n\r\n    <\/div>\r\n<\/section><section id=\"ls-section-block_93a1a7e9cf8a9211812cb9549e34ce18\" class=\"ls-section  page-five has-p-t p-t-0 has-p-b p-b-4\" >\r\n        <div class=\"container container--wide\">\r\n        \n\n<div class=\"wp-block-columns are-vertically-aligned-top is-layout-flex wp-container-core-columns-is-layout-9d6595d7 wp-block-columns-is-layout-flex\">\n<div class=\"wp-block-column is-vertically-aligned-top is-layout-flow wp-block-column-is-layout-flow\">\n<div class=\"wp-block-columns are-vertically-aligned-center wp-block-columns__padding-right is-layout-flex wp-container-core-columns-is-layout-9d6595d7 wp-block-columns-is-layout-flex\">\n<div class=\"wp-block-column is-vertically-aligned-center is-layout-flow wp-block-column-is-layout-flow\">\n<h2 class=\"ls__heading wp-block-heading has-text-align-center has-color-3-color has-text-color\">Onze kwaliteitsbadkamers<\/h2>\n\n\n\n<p class=\"ls-paragraph has-text-align-center\">Omdat we vinden dat comfort niet in het gedrang mag komen tijdens het kamperen, hebben we er alles aan gedaan om onze kampeerders te voorzien van <strong>goede sanitaire voorzieningen<\/strong>. We hebben <strong>twee sanitairblokken<\/strong>, elk met een<strong> babycabine <\/strong>en een <strong>ruimte voor gehandicapten<\/strong>.<\/p>\n\n\n\n<p class=\"ls-paragraph has-text-align-center\">Onze <a href=\"https:\/\/parcbellevue.com\/nl\/\">camping Parc Bellevue<\/a> is geopend van 1\u1d49\u02b3 april tot 31 oktober, en tijdens deze periode blijft er altijd minstens \u00e9\u00e9n van onze toiletgebouwen open.<\/p>\n\n\n\n<p class=\"ls-paragraph has-text-align-center\">Kies voor een huuraccommodatie op onze <a href=\"https:\/\/parcbellevue.com\/nl\/goedkoop-kamperen-cannes\/\">camping in het voor- of najaar en profiteer van de beste prijzen<\/a> voor je verblijf.<\/p>\n<\/div>\n<\/div>\n<\/div>\n<\/div>\n\n\r\n    <\/div>\r\n<\/section><section id=\"ls-section-block_978a2312709043f0c96bd024a20d047c\" class=\"ls-section  page-four column-parallax-reverse has-m-t m-t-0 has-p-t p-t-0\" >\r\n        <div class=\"container container--wide\">\r\n        \n\n<div id=\"ls-heading ls-titre-div-block_30725f941030c1bdf0d50eb42e7310b5\" class=\"ls-titre-div aligncenter h2-like\" >\n    Meer informatie over onze accommodatie, diensten en prijzen  <\/div>\n\n\n<div id=\"ls-maillage-block_158c453f3a0d7e2e37758b7a294741dd\" class=\"ls-maillage cta-style-normal\" data-rows=\"3\">\n    <div class=\"wp-block-columns\"><div class=\"wp-block-column\"><div class=\"ls-cta\">\n\n<a href=\"https:\/\/parcbellevue.com\/nl\/goedkoop-kamperen-cannes\/\" target=\"\" rel=\"noopener\" class=\"ls-cta__link\">\n\n\t<div class=\"ls-cta__image\"><img decoding=\"async\" src=\"https:\/\/parcbellevue.com\/wp-content\/uploads\/2023\/10\/emplacements-camping-parc-bellevue-e1699959330230.webp\" alt=\"Kampeerplaatsen Camping Parc Bellevue\"><\/div>\n\t<div class=\"ls-cta__title\">\n\t\tTarieven\t<\/div>\n\n\t\n\t<span class=\"bellevue-arrow ls-cta__arrow\"><\/span>\n\n<\/a><\/div><\/div><div class=\"wp-block-column\"><div class=\"ls-cta\">\n\n<a href=\"https:\/\/parcbellevue.com\/nl\/verhuur-stacaravan-cannes\/\" target=\"\" rel=\"noopener\" class=\"ls-cta__link\">\n\n\t<div class=\"ls-cta__image\"><img decoding=\"async\" src=\"https:\/\/parcbellevue.com\/wp-content\/uploads\/2023\/11\/camping-mobil-home.webp\" alt=\"stacaravan 4 personen cannes\"><\/div>\n\t<div class=\"ls-cta__title\">\n\t\tStacaravans\t<\/div>\n\n\t\n\t<span class=\"bellevue-arrow ls-cta__arrow\"><\/span>\n\n<\/a><\/div><\/div><div class=\"wp-block-column\"><div class=\"ls-cta\">\n\n<a href=\"https:\/\/parcbellevue.com\/nl\/familiecamping-cannes\/\" target=\"\" rel=\"noopener\" class=\"ls-cta__link\">\n\n\t<div class=\"ls-cta__image\"><img decoding=\"async\" src=\"https:\/\/parcbellevue.com\/wp-content\/uploads\/2023\/11\/reception-camping-1-e1700229997995-edited.webp\" alt=\"receptie camping\"><\/div>\n\t<div class=\"ls-cta__title\">\n\t\tDe diensten\t<\/div>\n\n\t\n\t<span class=\"bellevue-arrow ls-cta__arrow\"><\/span>\n\n<\/a><\/div><\/div><\/div><\/div>\n\r\n    <\/div>\r\n<\/section>","protected":false},"excerpt":{"rendered":"","protected":false},"author":1,"featured_media":5067,"parent":0,"menu_order":0,"comment_status":"closed","ping_status":"closed","template":"","meta":{"_acf_changed":false,"footnotes":""},"sujet":[],"class_list":["post-3284","page","type-page","status-publish","has-post-thumbnail","hentry"],"acf":[],"yoast_head":"<!-- This site is optimized with the Yoast SEO plugin v23.4 - https:\/\/yoast.com\/wordpress\/plugins\/seo\/ -->\n<title>Standplaats Cannes | Standplaats caravaning C\u00f4te d&#039;Azur<\/title>\n<meta name=\"robots\" content=\"index, follow, max-snippet:-1, max-image-preview:large, max-video-preview:-1\" \/>\n<link rel=\"canonical\" href=\"https:\/\/parcbellevue.com\/nl\/standplaats-cannes\/\" \/>\n<meta property=\"og:locale\" content=\"nl_NL\" \/>\n<meta property=\"og:type\" content=\"article\" \/>\n<meta property=\"og:title\" content=\"Standplaats Cannes | Standplaats caravaning C\u00f4te d&#039;Azur\" \/>\n<meta property=\"og:url\" content=\"https:\/\/parcbellevue.com\/nl\/standplaats-cannes\/\" \/>\n<meta property=\"og:site_name\" content=\"Camping Parc Bellevue\" \/>\n<meta property=\"article:modified_time\" content=\"2023-12-13T13:45:54+00:00\" \/>\n<meta property=\"og:image\" content=\"https:\/\/parcbellevue.com\/wp-content\/uploads\/2023\/11\/emplacement-camping-cannes-e1701351022420.webp\" \/>\n\t<meta property=\"og:image:width\" content=\"2000\" \/>\n\t<meta property=\"og:image:height\" content=\"1332\" \/>\n\t<meta property=\"og:image:type\" content=\"image\/webp\" \/>\n<meta name=\"twitter:card\" content=\"summary_large_image\" \/>\n<meta name=\"twitter:label1\" content=\"Geschatte leestijd\" \/>\n\t<meta name=\"twitter:data1\" content=\"1 minuut\" \/>\n<script type=\"application\/ld+json\" class=\"yoast-schema-graph\">{\"@context\":\"https:\/\/schema.org\",\"@graph\":[{\"@type\":\"WebPage\",\"@id\":\"https:\/\/parcbellevue.com\/nl\/standplaats-cannes\/\",\"url\":\"https:\/\/parcbellevue.com\/nl\/standplaats-cannes\/\",\"name\":\"Standplaats Cannes | Standplaats caravaning C\u00f4te d'Azur\",\"isPartOf\":{\"@id\":\"https:\/\/parcbellevue.com\/#website\"},\"primaryImageOfPage\":{\"@id\":\"https:\/\/parcbellevue.com\/nl\/standplaats-cannes\/#primaryimage\"},\"image\":{\"@id\":\"https:\/\/parcbellevue.com\/nl\/standplaats-cannes\/#primaryimage\"},\"thumbnailUrl\":\"https:\/\/parcbellevue.com\/wp-content\/uploads\/2025\/11\/caravane-bellevue.webp\",\"datePublished\":\"2023-12-12T15:56:05+00:00\",\"dateModified\":\"2023-12-13T13:45:54+00:00\",\"breadcrumb\":{\"@id\":\"https:\/\/parcbellevue.com\/nl\/standplaats-cannes\/#breadcrumb\"},\"inLanguage\":\"nl-NL\",\"potentialAction\":[{\"@type\":\"ReadAction\",\"target\":[\"https:\/\/parcbellevue.com\/nl\/standplaats-cannes\/\"]}]},{\"@type\":\"ImageObject\",\"inLanguage\":\"nl-NL\",\"@id\":\"https:\/\/parcbellevue.com\/nl\/standplaats-cannes\/#primaryimage\",\"url\":\"https:\/\/parcbellevue.com\/wp-content\/uploads\/2025\/11\/caravane-bellevue.webp\",\"contentUrl\":\"https:\/\/parcbellevue.com\/wp-content\/uploads\/2025\/11\/caravane-bellevue.webp\",\"width\":1920,\"height\":1440},{\"@type\":\"BreadcrumbList\",\"@id\":\"https:\/\/parcbellevue.com\/nl\/standplaats-cannes\/#breadcrumb\",\"itemListElement\":[{\"@type\":\"ListItem\",\"position\":1,\"name\":\"Camping Cannes\",\"item\":\"https:\/\/parcbellevue.com\/nl\/\"},{\"@type\":\"ListItem\",\"position\":2,\"name\":\"Standplaats C\u00f4te d'Azur\"}]},{\"@type\":\"WebSite\",\"@id\":\"https:\/\/parcbellevue.com\/#website\",\"url\":\"https:\/\/parcbellevue.com\/\",\"name\":\"Camping Parc Bellevue\",\"description\":\"\",\"publisher\":{\"@id\":\"https:\/\/parcbellevue.com\/#organization\"},\"potentialAction\":[{\"@type\":\"SearchAction\",\"target\":{\"@type\":\"EntryPoint\",\"urlTemplate\":\"https:\/\/parcbellevue.com\/?s={search_term_string}\"},\"query-input\":{\"@type\":\"PropertyValueSpecification\",\"valueRequired\":true,\"valueName\":\"search_term_string\"}}],\"inLanguage\":\"nl-NL\"},{\"@type\":\"Organization\",\"@id\":\"https:\/\/parcbellevue.com\/#organization\",\"name\":\"Camping Parc Bellevue\",\"url\":\"https:\/\/parcbellevue.com\/\",\"logo\":{\"@type\":\"ImageObject\",\"inLanguage\":\"nl-NL\",\"@id\":\"https:\/\/parcbellevue.com\/#\/schema\/logo\/image\/\",\"url\":\"https:\/\/parcbellevue.com\/wp-content\/uploads\/2022\/11\/cropped-logo-camping-parc-bellevue.png\",\"contentUrl\":\"https:\/\/parcbellevue.com\/wp-content\/uploads\/2022\/11\/cropped-logo-camping-parc-bellevue.png\",\"width\":902,\"height\":904,\"caption\":\"Camping Parc Bellevue\"},\"image\":{\"@id\":\"https:\/\/parcbellevue.com\/#\/schema\/logo\/image\/\"}}]}<\/script>\n<!-- \/ Yoast SEO plugin. -->","yoast_head_json":{"title":"Standplaats Cannes | Standplaats caravaning C\u00f4te d'Azur","robots":{"index":"index","follow":"follow","max-snippet":"max-snippet:-1","max-image-preview":"max-image-preview:large","max-video-preview":"max-video-preview:-1"},"canonical":"https:\/\/parcbellevue.com\/nl\/standplaats-cannes\/","og_locale":"nl_NL","og_type":"article","og_title":"Standplaats Cannes | Standplaats caravaning C\u00f4te d'Azur","og_url":"https:\/\/parcbellevue.com\/nl\/standplaats-cannes\/","og_site_name":"Camping Parc Bellevue","article_modified_time":"2023-12-13T13:45:54+00:00","og_image":[{"width":2000,"height":1332,"url":"https:\/\/parcbellevue.com\/wp-content\/uploads\/2023\/11\/emplacement-camping-cannes-e1701351022420.webp","type":"image\/webp"}],"twitter_card":"summary_large_image","twitter_misc":{"Geschatte leestijd":"1 minuut"},"schema":{"@context":"https:\/\/schema.org","@graph":[{"@type":"WebPage","@id":"https:\/\/parcbellevue.com\/nl\/standplaats-cannes\/","url":"https:\/\/parcbellevue.com\/nl\/standplaats-cannes\/","name":"Standplaats Cannes | Standplaats caravaning C\u00f4te d'Azur","isPartOf":{"@id":"https:\/\/parcbellevue.com\/#website"},"primaryImageOfPage":{"@id":"https:\/\/parcbellevue.com\/nl\/standplaats-cannes\/#primaryimage"},"image":{"@id":"https:\/\/parcbellevue.com\/nl\/standplaats-cannes\/#primaryimage"},"thumbnailUrl":"https:\/\/parcbellevue.com\/wp-content\/uploads\/2025\/11\/caravane-bellevue.webp","datePublished":"2023-12-12T15:56:05+00:00","dateModified":"2023-12-13T13:45:54+00:00","breadcrumb":{"@id":"https:\/\/parcbellevue.com\/nl\/standplaats-cannes\/#breadcrumb"},"inLanguage":"nl-NL","potentialAction":[{"@type":"ReadAction","target":["https:\/\/parcbellevue.com\/nl\/standplaats-cannes\/"]}]},{"@type":"ImageObject","inLanguage":"nl-NL","@id":"https:\/\/parcbellevue.com\/nl\/standplaats-cannes\/#primaryimage","url":"https:\/\/parcbellevue.com\/wp-content\/uploads\/2025\/11\/caravane-bellevue.webp","contentUrl":"https:\/\/parcbellevue.com\/wp-content\/uploads\/2025\/11\/caravane-bellevue.webp","width":1920,"height":1440},{"@type":"BreadcrumbList","@id":"https:\/\/parcbellevue.com\/nl\/standplaats-cannes\/#breadcrumb","itemListElement":[{"@type":"ListItem","position":1,"name":"Camping Cannes","item":"https:\/\/parcbellevue.com\/nl\/"},{"@type":"ListItem","position":2,"name":"Standplaats C\u00f4te d'Azur"}]},{"@type":"WebSite","@id":"https:\/\/parcbellevue.com\/#website","url":"https:\/\/parcbellevue.com\/","name":"Camping Parc Bellevue","description":"","publisher":{"@id":"https:\/\/parcbellevue.com\/#organization"},"potentialAction":[{"@type":"SearchAction","target":{"@type":"EntryPoint","urlTemplate":"https:\/\/parcbellevue.com\/?s={search_term_string}"},"query-input":{"@type":"PropertyValueSpecification","valueRequired":true,"valueName":"search_term_string"}}],"inLanguage":"nl-NL"},{"@type":"Organization","@id":"https:\/\/parcbellevue.com\/#organization","name":"Camping Parc Bellevue","url":"https:\/\/parcbellevue.com\/","logo":{"@type":"ImageObject","inLanguage":"nl-NL","@id":"https:\/\/parcbellevue.com\/#\/schema\/logo\/image\/","url":"https:\/\/parcbellevue.com\/wp-content\/uploads\/2022\/11\/cropped-logo-camping-parc-bellevue.png","contentUrl":"https:\/\/parcbellevue.com\/wp-content\/uploads\/2022\/11\/cropped-logo-camping-parc-bellevue.png","width":902,"height":904,"caption":"Camping Parc Bellevue"},"image":{"@id":"https:\/\/parcbellevue.com\/#\/schema\/logo\/image\/"}}]}},"_links":{"self":[{"href":"https:\/\/parcbellevue.com\/nl\/wp-json\/wp\/v2\/pages\/3284","targetHints":{"allow":["GET"]}}],"collection":[{"href":"https:\/\/parcbellevue.com\/nl\/wp-json\/wp\/v2\/pages"}],"about":[{"href":"https:\/\/parcbellevue.com\/nl\/wp-json\/wp\/v2\/types\/page"}],"author":[{"embeddable":true,"href":"https:\/\/parcbellevue.com\/nl\/wp-json\/wp\/v2\/users\/1"}],"replies":[{"embeddable":true,"href":"https:\/\/parcbellevue.com\/nl\/wp-json\/wp\/v2\/comments?post=3284"}],"version-history":[{"count":4,"href":"https:\/\/parcbellevue.com\/nl\/wp-json\/wp\/v2\/pages\/3284\/revisions"}],"predecessor-version":[{"id":3799,"href":"https:\/\/parcbellevue.com\/nl\/wp-json\/wp\/v2\/pages\/3284\/revisions\/3799"}],"wp:featuredmedia":[{"embeddable":true,"href":"https:\/\/parcbellevue.com\/nl\/wp-json\/wp\/v2\/media\/5067"}],"wp:attachment":[{"href":"https:\/\/parcbellevue.com\/nl\/wp-json\/wp\/v2\/media?parent=3284"}],"wp:term":[{"taxonomy":"sujet","embeddable":true,"href":"https:\/\/parcbellevue.com\/nl\/wp-json\/wp\/v2\/sujet?post=3284"}],"curies":[{"name":"wp","href":"https:\/\/api.w.org\/{rel}","templated":true}]}}