{"id":3462,"date":"2023-12-12T17:21:58","date_gmt":"2023-12-12T16:21:58","guid":{"rendered":"https:\/\/parcbellevue.com\/domande-frequenti\/"},"modified":"2026-01-08T10:53:34","modified_gmt":"2026-01-08T09:53:34","slug":"domande-frequenti","status":"publish","type":"page","link":"https:\/\/parcbellevue.com\/it\/domande-frequenti\/","title":{"rendered":"FAQ"},"content":{"rendered":"<section id=\"ls-section-block_11c645fe53208994447815af84a96dab\" class=\"ls-section  page-titre\" >\r\n        <div class=\"container container--wide\">\r\n        \n\n<h1 class=\"ls__heading wp-block-heading has-text-align-center\">Domande frequenti<\/h1>\n\n\r\n    <\/div>\r\n<\/section><section id=\"ls-section-block_22e8387b59608e8fad5c6e7bd1475731\" class=\"ls-section  home-second page-one\" >\r\n        <div class=\"container \">\r\n        \n<div id=\"faq\" class=\"faq-container\"><div class=\"faq-wrap\" itemscope=\"\" itemtype=\"https:\/\/schema.org\/FAQPage\"><div class=\"faq__box faq__item\"><div class=\"faq__container\"><div class=\"faq__block\" itemscope=\"\" itemprop=\"mainEntity\" itemtype=\"https:\/\/schema.org\/Question\"><details class=\"faq\"><summary class=\"faq-question\" itemprop=\"name\">Il campeggio \u00e8 servito dai mezzi pubblici?<span class=\"faq-opener\"><\/span><\/summary><div class=\"content\" itemscope=\"\" itemprop=\"acceptedAnswer\" itemtype=\"https:\/\/schema.org\/Answer\"><div itemprop=\"text\"><p><p>S\u00ec, vicino al campeggio c&#8217;\u00e8 una fermata chiamata &#8220;Les Aub\u00e9pines&#8221; sulla linea 2 della rete &#8220;PALMBUS&#8221;.<\/p>\n<\/p><\/div><\/div><\/details><\/div><\/div><\/div><div class=\"faq__box faq__item\"><div class=\"faq__container\"><div class=\"faq__block\" itemscope=\"\" itemprop=\"mainEntity\" itemtype=\"https:\/\/schema.org\/Question\"><details class=\"faq\"><summary class=\"faq-question\" itemprop=\"name\">Ci sono autobus di notte?<span class=\"faq-opener\"><\/span><\/summary><div class=\"content\" itemscope=\"\" itemprop=\"acceptedAnswer\" itemtype=\"https:\/\/schema.org\/Answer\"><div itemprop=\"text\"><p><p>S\u00ec, con un servizio rinforzato durante il Festival del Cinema e nei mesi di luglio e agosto.<\/p>\n<\/p><\/div><\/div><\/details><\/div><\/div><\/div><div class=\"faq__box faq__item\"><div class=\"faq__container\"><div class=\"faq__block\" itemscope=\"\" itemprop=\"mainEntity\" itemtype=\"https:\/\/schema.org\/Question\"><details class=\"faq\"><summary class=\"faq-question\" itemprop=\"name\">A quanti chilometri si trova la stazione di Cannes?<span class=\"faq-opener\"><\/span><\/summary><div class=\"content\" itemscope=\"\" itemprop=\"acceptedAnswer\" itemtype=\"https:\/\/schema.org\/Answer\"><div itemprop=\"text\"><p><div class=\"panel panel-default\">\n<div id=\"collapse_10\" class=\"panel-collapse collapse in\" role=\"tabpanel\" aria-labelledby=\"heading_10\">\n<div class=\"panel-body\">\n<p>A 5 km dal campeggio, prendere la linea 2 e scendere a &#8220;les Aub\u00e9pines&#8221; o la linea 1 o la linea A e scendere a &#8220;La R\u00e9sistance&#8221;.<\/p>\n<\/div>\n<\/div>\n<\/div>\n<div class=\"panel panel-default\">\n<div id=\"heading_11\" class=\"panel-heading\" role=\"tab\"><\/div>\n<\/div>\n<\/p><\/div><\/div><\/details><\/div><\/div><\/div><div class=\"faq__box faq__item\"><div class=\"faq__container\"><div class=\"faq__block\" itemscope=\"\" itemprop=\"mainEntity\" itemtype=\"https:\/\/schema.org\/Question\"><details class=\"faq\"><summary class=\"faq-question\" itemprop=\"name\">Per una piazzola di campeggio, l&#8217;arrivo \u00e8 giornaliero?<span class=\"faq-opener\"><\/span><\/summary><div class=\"content\" itemscope=\"\" itemprop=\"acceptedAnswer\" itemtype=\"https:\/\/schema.org\/Answer\"><div itemprop=\"text\"><p><div class=\"panel panel-default\">\n<div id=\"collapse_11\" class=\"panel-collapse collapse in\" role=\"tabpanel\" aria-labelledby=\"heading_11\">\n<div class=\"panel-body\">\n<p>S\u00ec, per le piazzole riservate a tende, roulotte e camper, l&#8217;arrivo \u00e8 previsto dal luned\u00ec alla domenica, mentre per le case mobili l&#8217;arrivo \u00e8 previsto il sabato o la domenica, a seconda del tipo di casa mobile prenotata.<\/p>\n<\/div>\n<\/div>\n<\/div>\n<div class=\"panel panel-default\">\n<div id=\"heading_12\" class=\"panel-heading\" role=\"tab\"><\/div>\n<\/div>\n<\/p><\/div><\/div><\/details><\/div><\/div><\/div><div class=\"faq__box faq__item\"><div class=\"faq__container\"><div class=\"faq__block\" itemscope=\"\" itemprop=\"mainEntity\" itemtype=\"https:\/\/schema.org\/Question\"><details class=\"faq\"><summary class=\"faq-question\" itemprop=\"name\">Devo pagare un deposito per un noleggio?<span class=\"faq-opener\"><\/span><\/summary><div class=\"content\" itemscope=\"\" itemprop=\"acceptedAnswer\" itemtype=\"https:\/\/schema.org\/Answer\"><div itemprop=\"text\"><p><div class=\"panel panel-default\">\n<div id=\"collapse_12\" class=\"panel-collapse collapse in\" role=\"tabpanel\" aria-labelledby=\"heading_12\">\n<div class=\"panel-body\">\n<p>S\u00ec, 150 euro per M-H e 50 euro per la pulizia. viene pagato in contanti con un assegno che vi verr\u00e0 restituito prima della partenza.<\/p>\n<\/div>\n<\/div>\n<\/div>\n<div class=\"panel panel-default\">\n<div id=\"heading_13\" class=\"panel-heading\" role=\"tab\"><\/div>\n<\/div>\n<\/p><\/div><\/div><\/details><\/div><\/div><\/div><div class=\"faq__box faq__item\"><div class=\"faq__container\"><div class=\"faq__block\" itemscope=\"\" itemprop=\"mainEntity\" itemtype=\"https:\/\/schema.org\/Question\"><details class=\"faq\"><summary class=\"faq-question\" itemprop=\"name\">Posso parcheggiare la mia auto nelle vicinanze?<span class=\"faq-opener\"><\/span><\/summary><div class=\"content\" itemscope=\"\" itemprop=\"acceptedAnswer\" itemtype=\"https:\/\/schema.org\/Answer\"><div itemprop=\"text\"><p><div class=\"panel panel-default\">\n<div id=\"collapse_13\" class=\"panel-collapse collapse in\" role=\"tabpanel\" aria-labelledby=\"heading_13\">\n<div class=\"panel-body\">\n<p>S\u00ec, c&#8217;\u00e8 uno spazio per il veicolo in ogni piazzola.<\/p>\n<\/div>\n<\/div>\n<\/div>\n<div class=\"panel panel-default\">\n<div id=\"heading_14\" class=\"panel-heading\" role=\"tab\"><\/div>\n<\/div>\n<\/p><\/div><\/div><\/details><\/div><\/div><\/div><div class=\"faq__box faq__item\"><div class=\"faq__container\"><div class=\"faq__block\" itemscope=\"\" itemprop=\"mainEntity\" itemtype=\"https:\/\/schema.org\/Question\"><details class=\"faq\"><summary class=\"faq-question\" itemprop=\"name\">Quanto dista il primo centro commerciale?<span class=\"faq-opener\"><\/span><\/summary><div class=\"content\" itemscope=\"\" itemprop=\"acceptedAnswer\" itemtype=\"https:\/\/schema.org\/Answer\"><div itemprop=\"text\"><p><div class=\"panel panel-default\">\n<div id=\"collapse_14\" class=\"panel-collapse collapse in\" role=\"tabpanel\" aria-labelledby=\"heading_14\">\n<div class=\"panel-body\">\n<p>La struttura dista circa 1 km e il centro di Cannes La Bocca si trova a 1,5 km.<\/p>\n<\/div>\n<\/div>\n<\/div>\n<div class=\"panel panel-default\">\n<div id=\"heading_15\" class=\"panel-heading\" role=\"tab\"><\/div>\n<\/div>\n<\/p><\/div><\/div><\/details><\/div><\/div><\/div><div class=\"faq__box faq__item\"><div class=\"faq__container\"><div class=\"faq__block\" itemscope=\"\" itemprop=\"mainEntity\" itemtype=\"https:\/\/schema.org\/Question\"><details class=\"faq\"><summary class=\"faq-question\" itemprop=\"name\">Avete un video della regione?<span class=\"faq-opener\"><\/span><\/summary><div class=\"content\" itemscope=\"\" itemprop=\"acceptedAnswer\" itemtype=\"https:\/\/schema.org\/Answer\"><div itemprop=\"text\"><p><p><iframe loading=\"lazy\" title=\"Lettore video di YouTube\" src=\"https:\/\/www.youtube.com\/embed\/isN8hnDwwWw?si=X5E6z145R8i_O_0M\" width=\"100%\" height=\"550\" frameborder=\"0\" allowfullscreen=\"allowfullscreen\"><\/iframe><\/p>\n<\/p><\/div><\/div><\/details><\/div><\/div><\/div><div class=\"faq__box faq__item\"><div class=\"faq__container\"><div class=\"faq__block\" itemscope=\"\" itemprop=\"mainEntity\" itemtype=\"https:\/\/schema.org\/Question\"><details class=\"faq\"><summary class=\"faq-question\" itemprop=\"name\">Qual \u00e8 il numero di tiri?<span class=\"faq-opener\"><\/span><\/summary><div class=\"content\" itemscope=\"\" itemprop=\"acceptedAnswer\" itemtype=\"https:\/\/schema.org\/Answer\"><div itemprop=\"text\"><p><div class=\"panel panel-default\">\n<div id=\"collapse_20\" class=\"panel-collapse collapse in\" role=\"tabpanel\" aria-labelledby=\"heading_20\">\n<div class=\"panel-body\">\n<p>Il campeggio offre 212 piazzole per il campeggio tradizionale (tenda, caravan, camper) e per il noleggio di case mobili.<\/p>\n<\/div>\n<\/div>\n<\/div>\n<div class=\"panel panel-default\">\n<div id=\"heading_21\" class=\"panel-heading\" role=\"tab\"><\/div>\n<\/div>\n<\/p><\/div><\/div><\/details><\/div><\/div><\/div><div class=\"faq__box faq__item\"><div class=\"faq__container\"><div class=\"faq__block\" itemscope=\"\" itemprop=\"mainEntity\" itemtype=\"https:\/\/schema.org\/Question\"><details class=\"faq\"><summary class=\"faq-question\" itemprop=\"name\">Il campeggio dispone di una piazzola PRM?<span class=\"faq-opener\"><\/span><\/summary><div class=\"content\" itemscope=\"\" itemprop=\"acceptedAnswer\" itemtype=\"https:\/\/schema.org\/Answer\"><div itemprop=\"text\"><p><div class=\"panel panel-default\">\n<div id=\"collapse_21\" class=\"panel-collapse collapse in\" role=\"tabpanel\" aria-labelledby=\"heading_21\">\n<div class=\"panel-body\">\n<p>S\u00ec, la nostra struttura dispone di 2 cabine conformi agli standard &#8220;handicap&#8221;. doccia, wc, lavabo e zona lavaggio e lavanderia<\/p>\n<\/div>\n<\/div>\n<\/div>\n<div class=\"panel panel-default\">\n<div id=\"heading_1\" class=\"panel-heading\" role=\"tab\"><\/div>\n<\/div>\n<\/p><\/div><\/div><\/details><\/div><\/div><\/div><div class=\"faq__box faq__item\"><div class=\"faq__container\"><div class=\"faq__block\" itemscope=\"\" itemprop=\"mainEntity\" itemtype=\"https:\/\/schema.org\/Question\"><details class=\"faq\"><summary class=\"faq-question\" itemprop=\"name\">Quanto dista la spiaggia da qui?<span class=\"faq-opener\"><\/span><\/summary><div class=\"content\" itemscope=\"\" itemprop=\"acceptedAnswer\" itemtype=\"https:\/\/schema.org\/Answer\"><div itemprop=\"text\"><p><div class=\"panel panel-default\">\n<div id=\"collapse_1\" class=\"panel-collapse collapse in\" role=\"tabpanel\" aria-labelledby=\"heading_1\">\n<div class=\"panel-body\">\n<p>La spiaggia dista 2 km dal campeggio, \u00e8 sabbiosa e il parcheggio \u00e8 gratuito.<\/p>\n<\/div>\n<\/div>\n<\/div>\n<div class=\"panel panel-default\">\n<div id=\"heading_2\" class=\"panel-heading\" role=\"tab\"><\/div>\n<\/div>\n<\/p><\/div><\/div><\/details><\/div><\/div><\/div><div class=\"faq__box faq__item\"><div class=\"faq__container\"><div class=\"faq__block\" itemscope=\"\" itemprop=\"mainEntity\" itemtype=\"https:\/\/schema.org\/Question\"><details class=\"faq\"><summary class=\"faq-question\" itemprop=\"name\">Quanto dista il centro citt\u00e0?<span class=\"faq-opener\"><\/span><\/summary><div class=\"content\" itemscope=\"\" itemprop=\"acceptedAnswer\" itemtype=\"https:\/\/schema.org\/Answer\"><div itemprop=\"text\"><p><div class=\"col-md-9\">\n<div class=\"travelo-box\">\n<div id=\"accordion\" class=\"panel-group\" role=\"tablist\" aria-multiselectable=\"true\">\n<div class=\"panel panel-default\">\n<div id=\"collapse_2\" class=\"panel-collapse collapse in\" role=\"tabpanel\" aria-labelledby=\"heading_2\">\n<div class=\"panel-body\">\n<p>Il campeggio dista 6 km dal centro di Cannes e dalla famosa Croisette.<\/p>\n<\/div>\n<\/div>\n<\/div>\n<\/div>\n<\/div>\n<\/div>\n<div class=\"sidebar col-md-3\">\n<article class=\"detailed-logo\">\n<form action=\"https:\/\/naxiresa.inaxel.com\/etape2-sejours.php\" method=\"get\" target=\"_blank\">\n<div class=\"row\">\n<div class=\"form-group col-sm-12 col-md-12\"><\/div>\n<\/div>\n<\/form>\n<\/article>\n<\/div>\n<\/p><\/div><\/div><\/details><\/div><\/div><\/div><\/div><\/div>\n\r\n    <\/div>\r\n<\/section>","protected":false},"excerpt":{"rendered":"","protected":false},"author":1,"featured_media":0,"parent":0,"menu_order":0,"comment_status":"closed","ping_status":"closed","template":"","meta":{"_acf_changed":false,"footnotes":""},"sujet":[],"class_list":["post-3462","page","type-page","status-publish","hentry"],"acf":[],"yoast_head":"<!-- This site is optimized with the Yoast SEO plugin v23.4 - https:\/\/yoast.com\/wordpress\/plugins\/seo\/ -->\n<title>FAQ | Domande frequenti<\/title>\n<meta name=\"robots\" content=\"index, follow, max-snippet:-1, max-image-preview:large, max-video-preview:-1\" \/>\n<link rel=\"canonical\" href=\"https:\/\/parcbellevue.com\/it\/domande-frequenti\/\" \/>\n<meta property=\"og:locale\" content=\"it_IT\" \/>\n<meta property=\"og:type\" content=\"article\" \/>\n<meta property=\"og:title\" content=\"FAQ | Domande frequenti\" \/>\n<meta property=\"og:url\" content=\"https:\/\/parcbellevue.com\/it\/domande-frequenti\/\" \/>\n<meta property=\"og:site_name\" content=\"Camping Parc Bellevue\" \/>\n<meta property=\"article:modified_time\" content=\"2026-01-08T09:53:34+00:00\" \/>\n<meta name=\"twitter:card\" content=\"summary_large_image\" \/>\n<script type=\"application\/ld+json\" class=\"yoast-schema-graph\">{\"@context\":\"https:\/\/schema.org\",\"@graph\":[{\"@type\":\"WebPage\",\"@id\":\"https:\/\/parcbellevue.com\/it\/domande-frequenti\/\",\"url\":\"https:\/\/parcbellevue.com\/it\/domande-frequenti\/\",\"name\":\"FAQ | Domande frequenti\",\"isPartOf\":{\"@id\":\"https:\/\/parcbellevue.com\/#website\"},\"datePublished\":\"2023-12-12T16:21:58+00:00\",\"dateModified\":\"2026-01-08T09:53:34+00:00\",\"breadcrumb\":{\"@id\":\"https:\/\/parcbellevue.com\/it\/domande-frequenti\/#breadcrumb\"},\"inLanguage\":\"it-IT\",\"potentialAction\":[{\"@type\":\"ReadAction\",\"target\":[\"https:\/\/parcbellevue.com\/it\/domande-frequenti\/\"]}]},{\"@type\":\"BreadcrumbList\",\"@id\":\"https:\/\/parcbellevue.com\/it\/domande-frequenti\/#breadcrumb\",\"itemListElement\":[{\"@type\":\"ListItem\",\"position\":1,\"name\":\"Camping Cannes\",\"item\":\"https:\/\/parcbellevue.com\/it\/\"},{\"@type\":\"ListItem\",\"position\":2,\"name\":\"FAQ\"}]},{\"@type\":\"WebSite\",\"@id\":\"https:\/\/parcbellevue.com\/#website\",\"url\":\"https:\/\/parcbellevue.com\/\",\"name\":\"Camping Parc Bellevue\",\"description\":\"\",\"publisher\":{\"@id\":\"https:\/\/parcbellevue.com\/#organization\"},\"potentialAction\":[{\"@type\":\"SearchAction\",\"target\":{\"@type\":\"EntryPoint\",\"urlTemplate\":\"https:\/\/parcbellevue.com\/?s={search_term_string}\"},\"query-input\":{\"@type\":\"PropertyValueSpecification\",\"valueRequired\":true,\"valueName\":\"search_term_string\"}}],\"inLanguage\":\"it-IT\"},{\"@type\":\"Organization\",\"@id\":\"https:\/\/parcbellevue.com\/#organization\",\"name\":\"Camping Parc Bellevue\",\"url\":\"https:\/\/parcbellevue.com\/\",\"logo\":{\"@type\":\"ImageObject\",\"inLanguage\":\"it-IT\",\"@id\":\"https:\/\/parcbellevue.com\/#\/schema\/logo\/image\/\",\"url\":\"https:\/\/parcbellevue.com\/wp-content\/uploads\/2022\/11\/cropped-logo-camping-parc-bellevue.png\",\"contentUrl\":\"https:\/\/parcbellevue.com\/wp-content\/uploads\/2022\/11\/cropped-logo-camping-parc-bellevue.png\",\"width\":902,\"height\":904,\"caption\":\"Camping Parc Bellevue\"},\"image\":{\"@id\":\"https:\/\/parcbellevue.com\/#\/schema\/logo\/image\/\"}}]}<\/script>\n<!-- \/ Yoast SEO plugin. -->","yoast_head_json":{"title":"FAQ | Domande frequenti","robots":{"index":"index","follow":"follow","max-snippet":"max-snippet:-1","max-image-preview":"max-image-preview:large","max-video-preview":"max-video-preview:-1"},"canonical":"https:\/\/parcbellevue.com\/it\/domande-frequenti\/","og_locale":"it_IT","og_type":"article","og_title":"FAQ | Domande frequenti","og_url":"https:\/\/parcbellevue.com\/it\/domande-frequenti\/","og_site_name":"Camping Parc Bellevue","article_modified_time":"2026-01-08T09:53:34+00:00","twitter_card":"summary_large_image","schema":{"@context":"https:\/\/schema.org","@graph":[{"@type":"WebPage","@id":"https:\/\/parcbellevue.com\/it\/domande-frequenti\/","url":"https:\/\/parcbellevue.com\/it\/domande-frequenti\/","name":"FAQ | Domande frequenti","isPartOf":{"@id":"https:\/\/parcbellevue.com\/#website"},"datePublished":"2023-12-12T16:21:58+00:00","dateModified":"2026-01-08T09:53:34+00:00","breadcrumb":{"@id":"https:\/\/parcbellevue.com\/it\/domande-frequenti\/#breadcrumb"},"inLanguage":"it-IT","potentialAction":[{"@type":"ReadAction","target":["https:\/\/parcbellevue.com\/it\/domande-frequenti\/"]}]},{"@type":"BreadcrumbList","@id":"https:\/\/parcbellevue.com\/it\/domande-frequenti\/#breadcrumb","itemListElement":[{"@type":"ListItem","position":1,"name":"Camping Cannes","item":"https:\/\/parcbellevue.com\/it\/"},{"@type":"ListItem","position":2,"name":"FAQ"}]},{"@type":"WebSite","@id":"https:\/\/parcbellevue.com\/#website","url":"https:\/\/parcbellevue.com\/","name":"Camping Parc Bellevue","description":"","publisher":{"@id":"https:\/\/parcbellevue.com\/#organization"},"potentialAction":[{"@type":"SearchAction","target":{"@type":"EntryPoint","urlTemplate":"https:\/\/parcbellevue.com\/?s={search_term_string}"},"query-input":{"@type":"PropertyValueSpecification","valueRequired":true,"valueName":"search_term_string"}}],"inLanguage":"it-IT"},{"@type":"Organization","@id":"https:\/\/parcbellevue.com\/#organization","name":"Camping Parc Bellevue","url":"https:\/\/parcbellevue.com\/","logo":{"@type":"ImageObject","inLanguage":"it-IT","@id":"https:\/\/parcbellevue.com\/#\/schema\/logo\/image\/","url":"https:\/\/parcbellevue.com\/wp-content\/uploads\/2022\/11\/cropped-logo-camping-parc-bellevue.png","contentUrl":"https:\/\/parcbellevue.com\/wp-content\/uploads\/2022\/11\/cropped-logo-camping-parc-bellevue.png","width":902,"height":904,"caption":"Camping Parc Bellevue"},"image":{"@id":"https:\/\/parcbellevue.com\/#\/schema\/logo\/image\/"}}]}},"_links":{"self":[{"href":"https:\/\/parcbellevue.com\/it\/wp-json\/wp\/v2\/pages\/3462","targetHints":{"allow":["GET"]}}],"collection":[{"href":"https:\/\/parcbellevue.com\/it\/wp-json\/wp\/v2\/pages"}],"about":[{"href":"https:\/\/parcbellevue.com\/it\/wp-json\/wp\/v2\/types\/page"}],"author":[{"embeddable":true,"href":"https:\/\/parcbellevue.com\/it\/wp-json\/wp\/v2\/users\/1"}],"replies":[{"embeddable":true,"href":"https:\/\/parcbellevue.com\/it\/wp-json\/wp\/v2\/comments?post=3462"}],"version-history":[{"count":2,"href":"https:\/\/parcbellevue.com\/it\/wp-json\/wp\/v2\/pages\/3462\/revisions"}],"predecessor-version":[{"id":5232,"href":"https:\/\/parcbellevue.com\/it\/wp-json\/wp\/v2\/pages\/3462\/revisions\/5232"}],"wp:attachment":[{"href":"https:\/\/parcbellevue.com\/it\/wp-json\/wp\/v2\/media?parent=3462"}],"wp:term":[{"taxonomy":"sujet","embeddable":true,"href":"https:\/\/parcbellevue.com\/it\/wp-json\/wp\/v2\/sujet?post=3462"}],"curies":[{"name":"wp","href":"https:\/\/api.w.org\/{rel}","templated":true}]}}