{"id":3446,"date":"2023-12-12T17:18:40","date_gmt":"2023-12-12T16:18:40","guid":{"rendered":"https:\/\/parcbellevue.com\/turismo-cote-azur\/"},"modified":"2023-12-13T15:05:21","modified_gmt":"2023-12-13T14:05:21","slug":"turismo-cote-azur","status":"publish","type":"page","link":"https:\/\/parcbellevue.com\/it\/turismo-cote-azur\/","title":{"rendered":"Luoghi da visitare vicino a Cannes"},"content":{"rendered":"<section id=\"ls-section-block_51dd266ebba55b12bc1e7684ab2480a3\" class=\"ls-section  page-titre\" >\r\n        <div class=\"container container--wide\">\r\n        \n\n<h1 class=\"ls__heading wp-block-heading has-text-align-center\">I siti pi\u00f9 belli da visitare vicino a Cannes<\/h1>\n\n\r\n    <\/div>\r\n<\/section><section id=\"ls-section-block_f33a23b2d07bee79a39622d09dbd26b1\" class=\"ls-section  home-second page-one\" >\r\n        <div class=\"container container--full\">\r\n        \n\n<div class=\"wp-block-columns is-layout-flex wp-container-core-columns-is-layout-9d6595d7 wp-block-columns-is-layout-flex\">\n<div class=\"wp-block-column is-layout-flow wp-block-column-is-layout-flow\" style=\"flex-basis:45%\">\n<h2 class=\"ls__heading wp-block-heading\">Visitare le citt\u00e0 imperdibili della Costa Azzurra<\/h2>\n\n\n\n<p class=\"ls-paragraph\">La <a href=\"https:\/\/cotedazurfrance.fr\/\" target=\"_blank\" rel=\"noreferrer noopener\">Costa Azzurra<\/a>, con il suo clima mediterraneo, le sue spiagge di sabbia fine e le sue citt\u00e0 incantevoli, \u00e8 una destinazione di vacanza ideale. Iniziate il vostro viaggio a <a href=\"https:\/\/www.explorenicecotedazur.com\/\" target=\"_blank\" rel=\"noreferrer noopener\">Nice<\/a>, famosa per il suo <strong>centro storico<\/strong> e la <strong>Promenade des Anglais<\/strong>. Poi dirigetevi a <strong>Cannes<\/strong>, famosa per il suo festival del cinema e per le sue rinomate spiagge.<\/p>\n\n\n\n<p class=\"ls-paragraph\">Da non perdere <strong>Antibes<\/strong> e la sua superba penisola di Cap d&#8217;Antibes, e Saint-Jean Cap Ferrat con i suoi resti archeologici. Situato tra il mare e le montagne, Cap d&#8217;Ail vanta alcune delle <strong>pi\u00f9 belle spiagge incontaminate della Costa Azzurra<\/strong>.<\/p>\n\n\n\n<p class=\"ls-paragraph\"><a href=\"https:\/\/www.visitmonaco.com\/fr\" target=\"_blank\" rel=\"noreferrer noopener\">Monaco<\/a>, arroccata sulla sua roccia, \u00e8 una citt\u00e0-stato dal fascino unico. Juan Les Pins \u00e8 la citt\u00e0 delle feste e delle serate musicali, mentre Th\u00e9oule sur Mer vanta un incantevole centro cittadino e una vista sul Massiccio dell&#8217;Esterel.<\/p>\n\n\n\n<p class=\"ls-paragraph addReadMore showlesscontent\"><a href=\"https:\/\/www.sainttropeztourisme.com\/fr\/\" target=\"_blank\" rel=\"noreferrer noopener\">Saint-Tropez<\/a> \u00e8 una meta obbligata per le <strong>celebrit\u00e0 di tutto il mondo durante l&#8217;<\/strong>estate e Hy\u00e8res, con le sue numerose palme e il lungo lungomare, ha un&#8217;aria da piccola Los Angeles.<br\/>Ogni citt\u00e0 della Costa Azzurra ha il suo fascino e le sue attrazioni. Il vostro campeggio Paradis Parc Bellevue (casa) \u00e8 il luogo ideale per trascorrere una vacanza varia ed emozionante.<\/p>\n<\/div>\n\n\n\n<div class=\"wp-block-column column-parallax is-layout-flow wp-block-column-is-layout-flow\" style=\"flex-basis:55%\">\n<figure class=\"wp-block-image size-full animated fadeInRight delay-100ms slow\"><a href=\"https:\/\/parcbellevue.com\/wp-content\/uploads\/2023\/11\/nice_resultat.webp\"><img decoding=\"async\" width=\"1920\" height=\"1280\" src=\"https:\/\/parcbellevue.com\/wp-content\/uploads\/2023\/11\/nice_resultat.webp\" alt=\"bel risultato\" class=\"wp-image-2912\" srcset=\"https:\/\/parcbellevue.com\/wp-content\/uploads\/2023\/11\/nice_resultat.webp 1920w, https:\/\/parcbellevue.com\/wp-content\/uploads\/2023\/11\/nice_resultat-300x200.webp 300w, https:\/\/parcbellevue.com\/wp-content\/uploads\/2023\/11\/nice_resultat-1024x683.webp 1024w, https:\/\/parcbellevue.com\/wp-content\/uploads\/2023\/11\/nice_resultat-768x512.webp 768w, https:\/\/parcbellevue.com\/wp-content\/uploads\/2023\/11\/nice_resultat-1536x1024.webp 1536w\" sizes=\"(max-width: 1920px) 100vw, 1920px\" \/><\/a><\/figure>\n<\/div>\n<\/div>\n\n\r\n    <\/div>\r\n<\/section><section id=\"ls-section-block_ca7a9f3543a5d254df2c0e72fae61702\" class=\"ls-section  home-third page-two\" >\r\n        <div class=\"container container--full\">\r\n        \n\n<div class=\"wp-block-columns are-vertically-aligned-top is-layout-flex wp-container-core-columns-is-layout-9d6595d7 wp-block-columns-is-layout-flex\">\n<div class=\"wp-block-column is-vertically-aligned-top column-parallax is-layout-flow wp-block-column-is-layout-flow\">\n<figure class=\"wp-block-gallery has-nested-images columns-default is-cropped wp-block-gallery-1 is-layout-flex wp-block-gallery-is-layout-flex\">\n<figure class=\"wp-block-image size-full animated fadeIn delay-100ms slow\"><a href=\"https:\/\/parcbellevue.com\/wp-content\/uploads\/2023\/11\/alex-mesmer-lzxzvj7nvnc-unsplash_resultat.webp\"><img decoding=\"async\" width=\"1920\" height=\"1280\" data-id=\"2919\" src=\"https:\/\/parcbellevue.com\/wp-content\/uploads\/2023\/11\/alex-mesmer-lzxzvj7nvnc-unsplash_resultat.webp\" alt=\"alex mesmer lzxzvj7nvnc unsplash resultat\" class=\"wp-image-2919\" srcset=\"https:\/\/parcbellevue.com\/wp-content\/uploads\/2023\/11\/alex-mesmer-lzxzvj7nvnc-unsplash_resultat.webp 1920w, https:\/\/parcbellevue.com\/wp-content\/uploads\/2023\/11\/alex-mesmer-lzxzvj7nvnc-unsplash_resultat-300x200.webp 300w, https:\/\/parcbellevue.com\/wp-content\/uploads\/2023\/11\/alex-mesmer-lzxzvj7nvnc-unsplash_resultat-1024x683.webp 1024w, https:\/\/parcbellevue.com\/wp-content\/uploads\/2023\/11\/alex-mesmer-lzxzvj7nvnc-unsplash_resultat-768x512.webp 768w, https:\/\/parcbellevue.com\/wp-content\/uploads\/2023\/11\/alex-mesmer-lzxzvj7nvnc-unsplash_resultat-1536x1024.webp 1536w\" sizes=\"(max-width: 1920px) 100vw, 1920px\" \/><\/a><\/figure>\n\n\n\n<figure class=\"wp-block-image size-full animated fadeIn delay-500ms slow\"><a href=\"https:\/\/parcbellevue.com\/wp-content\/uploads\/2023\/12\/lieux-a-visiter-autour-de-cannes.webp\"><img decoding=\"async\" width=\"900\" height=\"1352\" data-id=\"3815\" src=\"https:\/\/parcbellevue.com\/wp-content\/uploads\/2023\/12\/lieux-a-visiter-autour-de-cannes.webp\" alt=\"luoghi da visitare nei dintorni di cannes\" class=\"wp-image-3815\" srcset=\"https:\/\/parcbellevue.com\/wp-content\/uploads\/2023\/12\/lieux-a-visiter-autour-de-cannes.webp 900w, https:\/\/parcbellevue.com\/wp-content\/uploads\/2023\/12\/lieux-a-visiter-autour-de-cannes-200x300.webp 200w, https:\/\/parcbellevue.com\/wp-content\/uploads\/2023\/12\/lieux-a-visiter-autour-de-cannes-682x1024.webp 682w, https:\/\/parcbellevue.com\/wp-content\/uploads\/2023\/12\/lieux-a-visiter-autour-de-cannes-768x1154.webp 768w\" sizes=\"(max-width: 900px) 100vw, 900px\" \/><\/a><\/figure>\n<\/figure>\n<\/div>\n\n\n\n<div class=\"wp-block-column is-vertically-aligned-top is-layout-flow wp-block-column-is-layout-flow\">\n<div class=\"wp-block-columns are-vertically-aligned-center wp-block-columns__padding-right is-layout-flex wp-container-core-columns-is-layout-9d6595d7 wp-block-columns-is-layout-flex\">\n<div class=\"wp-block-column is-vertically-aligned-center is-layout-flow wp-block-column-is-layout-flow\">\n<h2 class=\"ls__heading wp-block-heading has-color-3-color has-text-color\">Scoprite i villaggi collinari della Costa Azzurra<\/h2>\n\n\n\n<p class=\"ls-paragraph\">Tra mare e montagna, la Costa Azzurra \u00e8 costellata di <strong>incantevoli villaggi<\/strong> <strong>collinari<\/strong> che dominano la costa, offrendo viste panoramiche mozzafiato e un completo cambiamento di scenario per le vostre vacanze o per i vostri affari.<strong> <\/strong>soggiorno. Dal patrimonio storico alla <strong>campagna<\/strong> <strong>verdeggiante<\/strong>, questi villaggi invitano a<strong> <\/strong>scoprire un altro aspetto della Costa Azzurra.<\/p>\n\n\n\n<p class=\"ls-paragraph\">Da <strong>Grasse<\/strong> a <strong>Mentone<\/strong>, questi paradisi di pace si affacciano maestosamente sulla costa mediterranea. Quando si percorre ogni vicolo acciottolato, le sfumature blu del Mar Mediterraneo si mescolano con i colori caldi delle facciate delle case. Questi villaggi gioiello offrono una vista a 360 gradi, dal confine italiano al Golfo di Saint-Tropez.<\/p>\n\n\n\n<p class=\"ls-paragraph\"><strong>Gourdon<\/strong>, situata nell&#8217;entroterra di Grasse, \u00e8 raggiungibile attraverso strade tortuose che attraversano le gole del Loup e che offrono scenari mozzafiato. Anche <strong>Saint-Paul de Vence <\/strong>e <strong>Tourrettes-sur-Loup<\/strong> sono facilmente raggiungibili da Gourdon, oppure direttamente da Cagnes-sur-Mer. Le strade tortuose per Coaraze e Sainte-Agn\u00e8s sono pi\u00f9 lunghe, ma valgono la pena di essere deviate. Vicino alla costa, i <strong>villaggi<\/strong> di <strong>\u00c8ze<\/strong> e <strong>Roquebrune<\/strong> si fondono quasi con il paesaggio italiano. Qui le antiche pietre si fondono armoniosamente con i colori vivaci delle facciate delle case e delle chiese.<\/p>\n\n\n\n<p class=\"ls-paragraph addReadMore showlesscontent\">Ricchi di storia, questi <strong>villaggi testimoniano il passato:<\/strong> bastioni, castelli, incantevoli chiesette e lavatoi. Anche gli <strong>amanti dell&#8217;arte<\/strong> troveranno pane per i loro denti: molti artisti come Renoir, Chagall, Matisse, Cocteau e Le Corbusier hanno scelto questi villaggi per creare o essere sepolti.<br\/><\/p>\n<\/div>\n<\/div>\n<\/div>\n<\/div>\n\n\r\n    <\/div>\r\n<\/section><section id=\"ls-section-block_1751b4d4069d722c5dd7d1218d109b93\" class=\"ls-section  page-four column-parallax-reverse\" >\r\n        <div class=\"container container--wide\">\r\n        \n\n<div id=\"ls-heading ls-titre-div-block_b6135d5cf0a52b452e8e7d42ae0f82fc\" class=\"ls-titre-div aligncenter h2-like\" >\n    Per saperne di pi\u00f9<\/div>\n\n\n<div id=\"ls-maillage-block_ca30f67c40b6e31d4af22564552166a1\" class=\"ls-maillage cta-style-normal\" data-rows=\"3\">\n    <div class=\"wp-block-columns\"><div class=\"wp-block-column\"><div class=\"ls-cta\">\n\n<a href=\"https:\/\/parcbellevue.com\/it\/campeggio-iles-de-lerins\/\" target=\"\" rel=\"noopener\" class=\"ls-cta__link\">\n\n\t<div class=\"ls-cta__image\"><img decoding=\"async\" src=\"https:\/\/parcbellevue.com\/wp-content\/uploads\/2023\/11\/Forteresse_sur_la_mer.webp\" alt=\"visitare le isole di lerins\"><\/div>\n\t<div class=\"ls-cta__title\">\n\t\tLe isole L\u00e9rins\t<\/div>\n\n\t\n\t<span class=\"bellevue-arrow ls-cta__arrow\"><\/span>\n\n<\/a><\/div><\/div><div class=\"wp-block-column\"><div class=\"ls-cta\">\n\n<a href=\"https:\/\/parcbellevue.com\/it\/campeggio-sport-attivita-cote-azur\/\" target=\"\" rel=\"noopener\" class=\"ls-cta__link\">\n\n\t<div class=\"ls-cta__image\"><img decoding=\"async\" src=\"https:\/\/parcbellevue.com\/wp-content\/uploads\/2023\/11\/rafting-168007_1920_resultat.webp\" alt=\"rafting\"><\/div>\n\t<div class=\"ls-cta__title\">\n\t\tAttivit\u00e0 sportive nei dintorni del campeggio\t<\/div>\n\n\t\n\t<span class=\"bellevue-arrow ls-cta__arrow\"><\/span>\n\n<\/a><\/div><\/div><div class=\"wp-block-column\"><div class=\"ls-cta\">\n\n<a href=\"https:\/\/parcbellevue.com\/it\/campeggio-palais-festivals-cannes\/\" target=\"\" rel=\"noopener\" class=\"ls-cta__link\">\n\n\t<div class=\"ls-cta__image\"><img decoding=\"async\" src=\"https:\/\/parcbellevue.com\/wp-content\/uploads\/2023\/10\/palais-des-festivals-cannes-camping-parc-bellevue.webp\" alt=\"alloggio al festival di cannes\"><\/div>\n\t<div class=\"ls-cta__title\">\n\t\tIl palazzo del festival\t<\/div>\n\n\t\n\t<span class=\"bellevue-arrow ls-cta__arrow\"><\/span>\n\n<\/a><\/div><\/div><\/div><\/div>\n\r\n    <\/div>\r\n<\/section>","protected":false},"excerpt":{"rendered":"","protected":false},"author":1,"featured_media":3020,"parent":0,"menu_order":0,"comment_status":"closed","ping_status":"closed","template":"","meta":{"_acf_changed":false,"footnotes":""},"sujet":[],"class_list":["post-3446","page","type-page","status-publish","has-post-thumbnail","hentry"],"acf":[],"yoast_head":"<!-- This site is optimized with the Yoast SEO plugin v23.4 - https:\/\/yoast.com\/wordpress\/plugins\/seo\/ -->\n<title>Turismo Costa Azzurra | Cose da fare in Costa Azzurra<\/title>\n<meta name=\"robots\" content=\"index, follow, max-snippet:-1, max-image-preview:large, max-video-preview:-1\" \/>\n<link rel=\"canonical\" href=\"https:\/\/parcbellevue.com\/it\/turismo-cote-azur\/\" \/>\n<meta property=\"og:locale\" content=\"it_IT\" \/>\n<meta property=\"og:type\" content=\"article\" \/>\n<meta property=\"og:title\" content=\"Turismo Costa Azzurra | Cose da fare in Costa Azzurra\" \/>\n<meta property=\"og:url\" content=\"https:\/\/parcbellevue.com\/it\/turismo-cote-azur\/\" \/>\n<meta property=\"og:site_name\" content=\"Camping Parc Bellevue\" \/>\n<meta property=\"article:modified_time\" content=\"2023-12-13T14:05:21+00:00\" \/>\n<meta property=\"og:image\" content=\"https:\/\/parcbellevue.com\/wp-content\/uploads\/2023\/11\/menton-7093335_1920-1.webp\" \/>\n\t<meta property=\"og:image:width\" content=\"1920\" \/>\n\t<meta property=\"og:image:height\" content=\"1272\" \/>\n\t<meta property=\"og:image:type\" content=\"image\/webp\" \/>\n<meta name=\"twitter:card\" content=\"summary_large_image\" \/>\n<meta name=\"twitter:label1\" content=\"Tempo di lettura stimato\" \/>\n\t<meta name=\"twitter:data1\" content=\"2 minuti\" \/>\n<script type=\"application\/ld+json\" class=\"yoast-schema-graph\">{\"@context\":\"https:\/\/schema.org\",\"@graph\":[{\"@type\":\"WebPage\",\"@id\":\"https:\/\/parcbellevue.com\/it\/turismo-cote-azur\/\",\"url\":\"https:\/\/parcbellevue.com\/it\/turismo-cote-azur\/\",\"name\":\"Turismo Costa Azzurra | Cose da fare in Costa Azzurra\",\"isPartOf\":{\"@id\":\"https:\/\/parcbellevue.com\/#website\"},\"primaryImageOfPage\":{\"@id\":\"https:\/\/parcbellevue.com\/it\/turismo-cote-azur\/#primaryimage\"},\"image\":{\"@id\":\"https:\/\/parcbellevue.com\/it\/turismo-cote-azur\/#primaryimage\"},\"thumbnailUrl\":\"https:\/\/parcbellevue.com\/wp-content\/uploads\/2023\/11\/menton-7093335_1920-1.webp\",\"datePublished\":\"2023-12-12T16:18:40+00:00\",\"dateModified\":\"2023-12-13T14:05:21+00:00\",\"breadcrumb\":{\"@id\":\"https:\/\/parcbellevue.com\/it\/turismo-cote-azur\/#breadcrumb\"},\"inLanguage\":\"it-IT\",\"potentialAction\":[{\"@type\":\"ReadAction\",\"target\":[\"https:\/\/parcbellevue.com\/it\/turismo-cote-azur\/\"]}]},{\"@type\":\"ImageObject\",\"inLanguage\":\"it-IT\",\"@id\":\"https:\/\/parcbellevue.com\/it\/turismo-cote-azur\/#primaryimage\",\"url\":\"https:\/\/parcbellevue.com\/wp-content\/uploads\/2023\/11\/menton-7093335_1920-1.webp\",\"contentUrl\":\"https:\/\/parcbellevue.com\/wp-content\/uploads\/2023\/11\/menton-7093335_1920-1.webp\",\"width\":1920,\"height\":1272,\"caption\":\"mento\"},{\"@type\":\"BreadcrumbList\",\"@id\":\"https:\/\/parcbellevue.com\/it\/turismo-cote-azur\/#breadcrumb\",\"itemListElement\":[{\"@type\":\"ListItem\",\"position\":1,\"name\":\"Camping Cannes\",\"item\":\"https:\/\/parcbellevue.com\/it\/\"},{\"@type\":\"ListItem\",\"position\":2,\"name\":\"Campeggio vicino alle attivit\u00e0 sportive in Costa Azzurra\"}]},{\"@type\":\"WebSite\",\"@id\":\"https:\/\/parcbellevue.com\/#website\",\"url\":\"https:\/\/parcbellevue.com\/\",\"name\":\"Camping Parc Bellevue\",\"description\":\"\",\"publisher\":{\"@id\":\"https:\/\/parcbellevue.com\/#organization\"},\"potentialAction\":[{\"@type\":\"SearchAction\",\"target\":{\"@type\":\"EntryPoint\",\"urlTemplate\":\"https:\/\/parcbellevue.com\/?s={search_term_string}\"},\"query-input\":{\"@type\":\"PropertyValueSpecification\",\"valueRequired\":true,\"valueName\":\"search_term_string\"}}],\"inLanguage\":\"it-IT\"},{\"@type\":\"Organization\",\"@id\":\"https:\/\/parcbellevue.com\/#organization\",\"name\":\"Camping Parc Bellevue\",\"url\":\"https:\/\/parcbellevue.com\/\",\"logo\":{\"@type\":\"ImageObject\",\"inLanguage\":\"it-IT\",\"@id\":\"https:\/\/parcbellevue.com\/#\/schema\/logo\/image\/\",\"url\":\"https:\/\/parcbellevue.com\/wp-content\/uploads\/2022\/11\/cropped-logo-camping-parc-bellevue.png\",\"contentUrl\":\"https:\/\/parcbellevue.com\/wp-content\/uploads\/2022\/11\/cropped-logo-camping-parc-bellevue.png\",\"width\":902,\"height\":904,\"caption\":\"Camping Parc Bellevue\"},\"image\":{\"@id\":\"https:\/\/parcbellevue.com\/#\/schema\/logo\/image\/\"}}]}<\/script>\n<!-- \/ Yoast SEO plugin. -->","yoast_head_json":{"title":"Turismo Costa Azzurra | Cose da fare in Costa Azzurra","robots":{"index":"index","follow":"follow","max-snippet":"max-snippet:-1","max-image-preview":"max-image-preview:large","max-video-preview":"max-video-preview:-1"},"canonical":"https:\/\/parcbellevue.com\/it\/turismo-cote-azur\/","og_locale":"it_IT","og_type":"article","og_title":"Turismo Costa Azzurra | Cose da fare in Costa Azzurra","og_url":"https:\/\/parcbellevue.com\/it\/turismo-cote-azur\/","og_site_name":"Camping Parc Bellevue","article_modified_time":"2023-12-13T14:05:21+00:00","og_image":[{"width":1920,"height":1272,"url":"https:\/\/parcbellevue.com\/wp-content\/uploads\/2023\/11\/menton-7093335_1920-1.webp","type":"image\/webp"}],"twitter_card":"summary_large_image","twitter_misc":{"Tempo di lettura stimato":"2 minuti"},"schema":{"@context":"https:\/\/schema.org","@graph":[{"@type":"WebPage","@id":"https:\/\/parcbellevue.com\/it\/turismo-cote-azur\/","url":"https:\/\/parcbellevue.com\/it\/turismo-cote-azur\/","name":"Turismo Costa Azzurra | Cose da fare in Costa Azzurra","isPartOf":{"@id":"https:\/\/parcbellevue.com\/#website"},"primaryImageOfPage":{"@id":"https:\/\/parcbellevue.com\/it\/turismo-cote-azur\/#primaryimage"},"image":{"@id":"https:\/\/parcbellevue.com\/it\/turismo-cote-azur\/#primaryimage"},"thumbnailUrl":"https:\/\/parcbellevue.com\/wp-content\/uploads\/2023\/11\/menton-7093335_1920-1.webp","datePublished":"2023-12-12T16:18:40+00:00","dateModified":"2023-12-13T14:05:21+00:00","breadcrumb":{"@id":"https:\/\/parcbellevue.com\/it\/turismo-cote-azur\/#breadcrumb"},"inLanguage":"it-IT","potentialAction":[{"@type":"ReadAction","target":["https:\/\/parcbellevue.com\/it\/turismo-cote-azur\/"]}]},{"@type":"ImageObject","inLanguage":"it-IT","@id":"https:\/\/parcbellevue.com\/it\/turismo-cote-azur\/#primaryimage","url":"https:\/\/parcbellevue.com\/wp-content\/uploads\/2023\/11\/menton-7093335_1920-1.webp","contentUrl":"https:\/\/parcbellevue.com\/wp-content\/uploads\/2023\/11\/menton-7093335_1920-1.webp","width":1920,"height":1272,"caption":"mento"},{"@type":"BreadcrumbList","@id":"https:\/\/parcbellevue.com\/it\/turismo-cote-azur\/#breadcrumb","itemListElement":[{"@type":"ListItem","position":1,"name":"Camping Cannes","item":"https:\/\/parcbellevue.com\/it\/"},{"@type":"ListItem","position":2,"name":"Campeggio vicino alle attivit\u00e0 sportive in Costa Azzurra"}]},{"@type":"WebSite","@id":"https:\/\/parcbellevue.com\/#website","url":"https:\/\/parcbellevue.com\/","name":"Camping Parc Bellevue","description":"","publisher":{"@id":"https:\/\/parcbellevue.com\/#organization"},"potentialAction":[{"@type":"SearchAction","target":{"@type":"EntryPoint","urlTemplate":"https:\/\/parcbellevue.com\/?s={search_term_string}"},"query-input":{"@type":"PropertyValueSpecification","valueRequired":true,"valueName":"search_term_string"}}],"inLanguage":"it-IT"},{"@type":"Organization","@id":"https:\/\/parcbellevue.com\/#organization","name":"Camping Parc Bellevue","url":"https:\/\/parcbellevue.com\/","logo":{"@type":"ImageObject","inLanguage":"it-IT","@id":"https:\/\/parcbellevue.com\/#\/schema\/logo\/image\/","url":"https:\/\/parcbellevue.com\/wp-content\/uploads\/2022\/11\/cropped-logo-camping-parc-bellevue.png","contentUrl":"https:\/\/parcbellevue.com\/wp-content\/uploads\/2022\/11\/cropped-logo-camping-parc-bellevue.png","width":902,"height":904,"caption":"Camping Parc Bellevue"},"image":{"@id":"https:\/\/parcbellevue.com\/#\/schema\/logo\/image\/"}}]}},"_links":{"self":[{"href":"https:\/\/parcbellevue.com\/it\/wp-json\/wp\/v2\/pages\/3446","targetHints":{"allow":["GET"]}}],"collection":[{"href":"https:\/\/parcbellevue.com\/it\/wp-json\/wp\/v2\/pages"}],"about":[{"href":"https:\/\/parcbellevue.com\/it\/wp-json\/wp\/v2\/types\/page"}],"author":[{"embeddable":true,"href":"https:\/\/parcbellevue.com\/it\/wp-json\/wp\/v2\/users\/1"}],"replies":[{"embeddable":true,"href":"https:\/\/parcbellevue.com\/it\/wp-json\/wp\/v2\/comments?post=3446"}],"version-history":[{"count":5,"href":"https:\/\/parcbellevue.com\/it\/wp-json\/wp\/v2\/pages\/3446\/revisions"}],"predecessor-version":[{"id":3833,"href":"https:\/\/parcbellevue.com\/it\/wp-json\/wp\/v2\/pages\/3446\/revisions\/3833"}],"wp:featuredmedia":[{"embeddable":true,"href":"https:\/\/parcbellevue.com\/it\/wp-json\/wp\/v2\/media\/3020"}],"wp:attachment":[{"href":"https:\/\/parcbellevue.com\/it\/wp-json\/wp\/v2\/media?parent=3446"}],"wp:term":[{"taxonomy":"sujet","embeddable":true,"href":"https:\/\/parcbellevue.com\/it\/wp-json\/wp\/v2\/sujet?post=3446"}],"curies":[{"name":"wp","href":"https:\/\/api.w.org\/{rel}","templated":true}]}}