{"id":3358,"date":"2023-12-12T17:09:34","date_gmt":"2023-12-12T16:09:34","guid":{"rendered":"https:\/\/parcbellevue.com\/campeggio-iles-de-lerins\/"},"modified":"2024-03-18T14:29:59","modified_gmt":"2024-03-18T13:29:59","slug":"campeggio-iles-de-lerins","status":"publish","type":"page","link":"https:\/\/parcbellevue.com\/it\/campeggio-iles-de-lerins\/","title":{"rendered":"Le isole L\u00e9rins"},"content":{"rendered":"<section id=\"ls-section-block_5a02e52ca78a5db52fae73a0225291aa\" class=\"ls-section  page-titre\" >\r\n        <div class=\"container container--wide\">\r\n        \n\n<h1 class=\"ls__heading wp-block-heading has-text-align-center\">Campeggio vicino alle Isole L\u00e9rins<\/h1>\n\n\r\n    <\/div>\r\n<\/section><section id=\"ls-section-block_842c35e706be1b52e40c41c04dc10298\" class=\"ls-section  home-second page-one\" >\r\n        <div class=\"container container--full\">\r\n        \n\n<div class=\"wp-block-columns is-layout-flex wp-container-core-columns-is-layout-9d6595d7 wp-block-columns-is-layout-flex\">\n<div class=\"wp-block-column is-layout-flow wp-block-column-is-layout-flow\" style=\"flex-basis:45%\">\n<h2 class=\"ls__heading wp-block-heading\">Un cambio di scenario nelle Isole di L\u00e9rins<\/h2>\n\n\n\n<p class=\"ls-paragraph\">Sognate una fuga unica e memorabile? Esplorate le vicine <a href=\"https:\/\/www.cannes.com\/fr\/cadre-de-vie\/plages-mer-nautisme\/iles-de-lerins.html\" target=\"_blank\" rel=\"noreferrer noopener\">isole di L\u00e9rins<\/a>!  <\/p>\n\n\n\n<p class=\"ls-paragraph\">Affacciate sulla baia di Cannes e sul massiccio dell&#8217;Est\u00e9rel, le isole di L\u00e9rins, che comprendono <strong>Sainte-Marguerite e Saint-Honorat<\/strong>, sono un&#8217;oasi di pace per gli amanti della natura e della storia.<\/p>\n\n\n\n<p class=\"ls-paragraph\">Queste isole sono <strong>aree protette e incontaminate<\/strong>, che ospitano una <strong>flora e una fauna eccezionali<\/strong>, oltre a una storia affascinante che fonde i <strong>misteri della Maschera di Ferro <\/strong>con la serenit\u00e0 dei <strong>monaci cistercensi<\/strong>.<br\/>Per una vacanza da sogno, non mancate di visitare queste isole. Sono facilmente raggiungibili con <strong>navette regolari<\/strong> da Cannes. Organizzate le vostre vacanze e venite a scoprire questo tesoro della Costa Azzurra!<\/p>\n<\/div>\n\n\n\n<div class=\"wp-block-column column-parallax is-layout-flow wp-block-column-is-layout-flow\" style=\"flex-basis:55%\">\n<figure class=\"wp-block-image size-full animated fadeInRight delay-100ms slow\"><a href=\"https:\/\/parcbellevue.com\/wp-content\/uploads\/2023\/11\/Forteresse_sur_la_mer.webp\"><img decoding=\"async\" width=\"2048\" height=\"1439\" src=\"https:\/\/parcbellevue.com\/wp-content\/uploads\/2023\/11\/Forteresse_sur_la_mer.webp\" alt=\"vista iles l&#xE9;rins\" class=\"wp-image-2012\" srcset=\"https:\/\/parcbellevue.com\/wp-content\/uploads\/2023\/11\/Forteresse_sur_la_mer.webp 2048w, https:\/\/parcbellevue.com\/wp-content\/uploads\/2023\/11\/Forteresse_sur_la_mer-300x211.webp 300w, https:\/\/parcbellevue.com\/wp-content\/uploads\/2023\/11\/Forteresse_sur_la_mer-1024x720.webp 1024w, https:\/\/parcbellevue.com\/wp-content\/uploads\/2023\/11\/Forteresse_sur_la_mer-768x540.webp 768w, https:\/\/parcbellevue.com\/wp-content\/uploads\/2023\/11\/Forteresse_sur_la_mer-1536x1079.webp 1536w\" sizes=\"(max-width: 2048px) 100vw, 2048px\" \/><\/a><\/figure>\n<\/div>\n<\/div>\n\n\r\n    <\/div>\r\n<\/section><section id=\"ls-section-block_39e02bc27996a9baf7f27565aa6e830e\" class=\"ls-section  home-third page-two\" >\r\n        <div class=\"container container--full\">\r\n        \n\n<div class=\"wp-block-columns are-vertically-aligned-top is-layout-flex wp-container-core-columns-is-layout-9d6595d7 wp-block-columns-is-layout-flex\">\n<div class=\"wp-block-column is-vertically-aligned-top column-parallax is-layout-flow wp-block-column-is-layout-flow\">\n<figure class=\"wp-block-gallery has-nested-images columns-default is-cropped wp-block-gallery-1 is-layout-flex wp-block-gallery-is-layout-flex\">\n<figure class=\"wp-block-image size-full animated fadeIn delay-100ms slow\"><a href=\"https:\/\/parcbellevue.com\/wp-content\/uploads\/2023\/12\/ile-sainte-marguerite.webp\"><img decoding=\"async\" width=\"1200\" height=\"900\" data-id=\"3822\" src=\"https:\/\/parcbellevue.com\/wp-content\/uploads\/2023\/12\/ile-sainte-marguerite.webp\" alt=\"vista sainte marguerite\" class=\"wp-image-3822\" srcset=\"https:\/\/parcbellevue.com\/wp-content\/uploads\/2023\/12\/ile-sainte-marguerite.webp 1200w, https:\/\/parcbellevue.com\/wp-content\/uploads\/2023\/12\/ile-sainte-marguerite-300x225.webp 300w, https:\/\/parcbellevue.com\/wp-content\/uploads\/2023\/12\/ile-sainte-marguerite-1024x768.webp 1024w, https:\/\/parcbellevue.com\/wp-content\/uploads\/2023\/12\/ile-sainte-marguerite-768x576.webp 768w\" sizes=\"(max-width: 1200px) 100vw, 1200px\" \/><\/a><\/figure>\n\n\n\n<figure class=\"wp-block-image size-full animated fadeIn delay-500ms slow\"><a href=\"https:\/\/parcbellevue.com\/wp-content\/uploads\/2023\/11\/Sainte-Marguerite.webp\"><img decoding=\"async\" width=\"2048\" height=\"1536\" data-id=\"2025\" src=\"https:\/\/parcbellevue.com\/wp-content\/uploads\/2023\/11\/Sainte-Marguerite.webp\" alt=\"porto ile sainte marguerite\" class=\"wp-image-2025\" srcset=\"https:\/\/parcbellevue.com\/wp-content\/uploads\/2023\/11\/Sainte-Marguerite.webp 2048w, https:\/\/parcbellevue.com\/wp-content\/uploads\/2023\/11\/Sainte-Marguerite-300x225.webp 300w, https:\/\/parcbellevue.com\/wp-content\/uploads\/2023\/11\/Sainte-Marguerite-1024x768.webp 1024w, https:\/\/parcbellevue.com\/wp-content\/uploads\/2023\/11\/Sainte-Marguerite-768x576.webp 768w, https:\/\/parcbellevue.com\/wp-content\/uploads\/2023\/11\/Sainte-Marguerite-1536x1152.webp 1536w\" sizes=\"(max-width: 2048px) 100vw, 2048px\" \/><\/a><\/figure>\n<\/figure>\n<\/div>\n\n\n\n<div class=\"wp-block-column is-vertically-aligned-top is-layout-flow wp-block-column-is-layout-flow\">\n<div class=\"wp-block-columns are-vertically-aligned-center wp-block-columns__padding-right is-layout-flex wp-container-core-columns-is-layout-9d6595d7 wp-block-columns-is-layout-flex\">\n<div class=\"wp-block-column is-vertically-aligned-center is-layout-flow wp-block-column-is-layout-flow\">\n<h2 class=\"ls__heading wp-block-heading has-color-3-color has-text-color\">L&#8217;isola Sainte Marguerite: un angolo di paradiso<\/h2>\n\n\n\n<p class=\"ls-paragraph\"><a href=\"https:\/\/www.ville-saintemarguerite.fr\/fr\/informations-generales.html\" target=\"_blank\" rel=\"noreferrer noopener\">Sainte-Marguerite<\/a>, la <strong>pi\u00f9 grande delle isole di L\u00e9rins<\/strong>, \u00e8 un vero e proprio Eden.<\/p>\n\n\n\n<p class=\"ls-paragraph\">Situato tra insenature segrete e una foresta nazionale di pini ed eucalipti, offre un ambiente incantevole. Con i suoi 22 km di sentieri, si estende per 3 km dalla riserva ornitologica dell&#8217;Etang du Bat\u00e9guier alla Pointe de la Convention. L&#8217;isola ospita anche<strong> resti archeologici <\/strong>e Fort Royal, che ospita la Maschera di Ferro e il Museo di Fort Royal.<\/p>\n\n\n\n<p class=\"ls-paragraph\">Dal 2021,<strong> statue monumentali dell&#8217;artista britannico Jason de Caires Taylor<\/strong>, modellate sui volti di sei abitanti di Cannes, sono state sommerse vicino alla riva dell&#8217;Ile Sainte-Marguerite, creando il<strong> primo ecomuseo subacqueo in Francia<\/strong> e nel Mediterraneo. Un luogo ideale per attivit\u00e0 sportive e familiari!<br\/><\/p>\n<\/div>\n<\/div>\n<\/div>\n<\/div>\n\n\r\n    <\/div>\r\n<\/section><section id=\"ls-section-block_d32bb65a0f4453e33be74761566f6b49\" class=\"ls-section  home-fourth page-three has-background-image has-parallax\" >\r\n    <div class=\"ls-section__background-image opacity-100\"><img decoding=\"async\" src=\"https:\/\/parcbellevue.com\/wp-content\/uploads\/2023\/11\/visiter-ile-saint-honorat.webp\" alt=\"visitare ile saint honorat\"><\/div>    <div class=\"container container--full\">\r\n        \n\n<h2 class=\"ls__heading wp-block-heading has-text-align-center\">Scoprite l&#8217;isola di Saint-Honorat<\/h2>\n\n\n\n<p class=\"ls-paragraph has-text-align-center\"><a href=\"https:\/\/www.cannes-ilesdelerins.com\/fr\/\" target=\"_blank\" rel=\"noreferrer noopener\">Saint-Honorat<\/a>, la pi\u00f9 piccola delle due isole di L\u00e9rins, \u00e8 un <strong>luogo ricco di storia<\/strong>. Qui, nel V secolo, Saint-Honorat fond\u00f2 un <strong>centro spirituale<\/strong> che contribu\u00ec notevolmente alla diffusione della dottrina cristiana in tutto il mondo occidentale.<\/p>\n\n\n\n<p class=\"ls-paragraph has-text-align-center\">L&#8217;isola ospita un <strong>monastero fortificato <\/strong>aperto al pubblico. Oggi l&#8217;attuale monastero, la cui costruzione \u00e8 iniziata nel 1863, ospita una <strong>comunit\u00e0 di monaci cistercensi<\/strong>. Un luogo assolutamente da visitare durante il vostro soggiorno!<\/p>\n\n\r\n    <\/div>\r\n<\/section><section id=\"ls-section-block_c9a233cfa8315c1179a279173a6e233f\" class=\"ls-section  home-second page-one has-p-t p-t-0\" >\r\n        <div class=\"container container--full\">\r\n        \n\n<div class=\"wp-block-columns are-vertically-aligned-center is-layout-flex wp-container-core-columns-is-layout-9d6595d7 wp-block-columns-is-layout-flex\">\n<div class=\"wp-block-column is-vertically-aligned-center is-layout-flow wp-block-column-is-layout-flow\" style=\"flex-basis:45%\">\n<h2 class=\"ls__heading wp-block-heading\">Campeggio vicino alle Isole L\u00e9rins<\/h2>\n\n\n\n<p class=\"ls-paragraph\">Il <a href=\"https:\/\/parcbellevue.com\/it\/\">campeggio Parc Bellevue<\/a>, vicino alle isole L\u00e9rins, \u00e8 il luogo ideale per godere della bellezza di queste isole. A soli 15 minuti da Cannes, sono <strong>accessibili tutto il giorno in barca<\/strong>.<\/p>\n\n\n\n<p class=\"ls-paragraph\">L&#8217;imbarcadero si trova alla fine del parcheggio di Quai Laubeuf. Diverse compagnie offrono <strong>servizi regolari di navigazione<\/strong> da Cannes alle Isole L\u00e9rins. Quindi preparatevi per le vacanze e venite a esplorare questo luogo magico!<\/p>\n<\/div>\n\n\n\n<div class=\"wp-block-column is-vertically-aligned-center column-parallax is-layout-flow wp-block-column-is-layout-flow\" style=\"flex-basis:55%\">\n<figure class=\"wp-block-image size-full animated fadeInRight delay-100ms slow\"><a href=\"https:\/\/parcbellevue.com\/wp-content\/uploads\/2024\/03\/camping-cannes-1.webp\"><img decoding=\"async\" width=\"1000\" height=\"750\" src=\"https:\/\/parcbellevue.com\/wp-content\/uploads\/2024\/03\/camping-cannes-1.webp\" alt=\"campeggio cannes\" class=\"wp-image-3950\" srcset=\"https:\/\/parcbellevue.com\/wp-content\/uploads\/2024\/03\/camping-cannes-1.webp 1000w, https:\/\/parcbellevue.com\/wp-content\/uploads\/2024\/03\/camping-cannes-1-300x225.webp 300w, https:\/\/parcbellevue.com\/wp-content\/uploads\/2024\/03\/camping-cannes-1-768x576.webp 768w\" sizes=\"(max-width: 1000px) 100vw, 1000px\" \/><\/a><\/figure>\n<\/div>\n<\/div>\n\n\r\n    <\/div>\r\n<\/section><section id=\"ls-section-block_d52f5e858a1f4813156f9210fec1a99b\" class=\"ls-section  page-four column-parallax-reverse\" >\r\n        <div class=\"container container--wide\">\r\n        \n\n<div id=\"ls-heading ls-titre-div-block_c988bc539d52de1751890fb2602ba8a3\" class=\"ls-titre-div aligncenter h2-like\" >\n    Per saperne di pi\u00f9<\/div>\n\n\n<div id=\"ls-maillage-block_30085c39aac7366bc87c38cd3eea575e\" class=\"ls-maillage cta-style-normal\" data-rows=\"3\">\n    <div class=\"wp-block-columns\"><div class=\"wp-block-column\"><div class=\"ls-cta\">\n\n<a href=\"https:\/\/parcbellevue.com\/it\/campeggio-sport-attivita-cote-azur\/\" target=\"\" rel=\"noopener\" class=\"ls-cta__link\">\n\n\t<div class=\"ls-cta__image\"><img decoding=\"async\" src=\"https:\/\/parcbellevue.com\/wp-content\/uploads\/2023\/11\/rafting-168007_1920_resultat.webp\" alt=\"rafting\"><\/div>\n\t<div class=\"ls-cta__title\">\n\t\tAttivit\u00e0 sportive nei dintorni del campeggio\t<\/div>\n\n\t\n\t<span class=\"bellevue-arrow ls-cta__arrow\"><\/span>\n\n<\/a><\/div><\/div><div class=\"wp-block-column\"><div class=\"ls-cta\">\n\n<a href=\"https:\/\/parcbellevue.com\/it\/campeggio-palais-festivals-cannes\/\" target=\"\" rel=\"noopener\" class=\"ls-cta__link\">\n\n\t<div class=\"ls-cta__image\"><img decoding=\"async\" src=\"https:\/\/parcbellevue.com\/wp-content\/uploads\/2023\/10\/palais-des-festivals-cannes-camping-parc-bellevue.webp\" alt=\"alloggio al festival di cannes\"><\/div>\n\t<div class=\"ls-cta__title\">\n\t\tIl palazzo del festival\t<\/div>\n\n\t\n\t<span class=\"bellevue-arrow ls-cta__arrow\"><\/span>\n\n<\/a><\/div><\/div><div class=\"wp-block-column\"><div class=\"ls-cta\">\n\n<a href=\"https:\/\/parcbellevue.com\/it\/turismo-cote-azur\/\" target=\"\" rel=\"noopener\" class=\"ls-cta__link\">\n\n\t<div class=\"ls-cta__image\"><img decoding=\"async\" src=\"https:\/\/parcbellevue.com\/wp-content\/uploads\/2023\/11\/menton-7093335_1920-1.webp\" alt=\"mento\"><\/div>\n\t<div class=\"ls-cta__title\">\n\t\tLuoghi da visitare vicino a Cannes\t<\/div>\n\n\t\n\t<span class=\"bellevue-arrow ls-cta__arrow\"><\/span>\n\n<\/a><\/div><\/div><\/div><\/div>\n\r\n    <\/div>\r\n<\/section>","protected":false},"excerpt":{"rendered":"","protected":false},"author":1,"featured_media":2848,"parent":0,"menu_order":0,"comment_status":"closed","ping_status":"closed","template":"","meta":{"_acf_changed":false,"footnotes":""},"sujet":[],"class_list":["post-3358","page","type-page","status-publish","has-post-thumbnail","hentry"],"acf":[],"yoast_head":"<!-- This site is optimized with the Yoast SEO plugin v23.4 - https:\/\/yoast.com\/wordpress\/plugins\/seo\/ -->\n<title>Campeggio vicino al Palais des \u00eeles de L\u00e9rins | Campeggio \u00eeles de L\u00e9rins<\/title>\n<meta name=\"robots\" content=\"index, follow, max-snippet:-1, max-image-preview:large, max-video-preview:-1\" \/>\n<link rel=\"canonical\" href=\"https:\/\/parcbellevue.com\/it\/campeggio-iles-de-lerins\/\" \/>\n<meta property=\"og:locale\" content=\"it_IT\" \/>\n<meta property=\"og:type\" content=\"article\" \/>\n<meta property=\"og:title\" content=\"Campeggio vicino al Palais des \u00eeles de L\u00e9rins | Campeggio \u00eeles de L\u00e9rins\" \/>\n<meta property=\"og:url\" content=\"https:\/\/parcbellevue.com\/it\/campeggio-iles-de-lerins\/\" \/>\n<meta property=\"og:site_name\" content=\"Camping Parc Bellevue\" \/>\n<meta property=\"article:modified_time\" content=\"2024-03-18T13:29:59+00:00\" \/>\n<meta property=\"og:image\" content=\"https:\/\/parcbellevue.com\/wp-content\/uploads\/2023\/11\/visiter-iles-de-lerin.webp\" \/>\n\t<meta property=\"og:image:width\" content=\"2000\" \/>\n\t<meta property=\"og:image:height\" content=\"1500\" \/>\n\t<meta property=\"og:image:type\" content=\"image\/webp\" \/>\n<meta name=\"twitter:card\" content=\"summary_large_image\" \/>\n<meta name=\"twitter:label1\" content=\"Tempo di lettura stimato\" \/>\n\t<meta name=\"twitter:data1\" content=\"2 minuti\" \/>\n<script type=\"application\/ld+json\" class=\"yoast-schema-graph\">{\"@context\":\"https:\/\/schema.org\",\"@graph\":[{\"@type\":\"WebPage\",\"@id\":\"https:\/\/parcbellevue.com\/it\/campeggio-iles-de-lerins\/\",\"url\":\"https:\/\/parcbellevue.com\/it\/campeggio-iles-de-lerins\/\",\"name\":\"Campeggio vicino al Palais des \u00eeles de L\u00e9rins | Campeggio \u00eeles de L\u00e9rins\",\"isPartOf\":{\"@id\":\"https:\/\/parcbellevue.com\/#website\"},\"primaryImageOfPage\":{\"@id\":\"https:\/\/parcbellevue.com\/it\/campeggio-iles-de-lerins\/#primaryimage\"},\"image\":{\"@id\":\"https:\/\/parcbellevue.com\/it\/campeggio-iles-de-lerins\/#primaryimage\"},\"thumbnailUrl\":\"https:\/\/parcbellevue.com\/wp-content\/uploads\/2023\/11\/visiter-iles-de-lerin.webp\",\"datePublished\":\"2023-12-12T16:09:34+00:00\",\"dateModified\":\"2024-03-18T13:29:59+00:00\",\"breadcrumb\":{\"@id\":\"https:\/\/parcbellevue.com\/it\/campeggio-iles-de-lerins\/#breadcrumb\"},\"inLanguage\":\"it-IT\",\"potentialAction\":[{\"@type\":\"ReadAction\",\"target\":[\"https:\/\/parcbellevue.com\/it\/campeggio-iles-de-lerins\/\"]}]},{\"@type\":\"ImageObject\",\"inLanguage\":\"it-IT\",\"@id\":\"https:\/\/parcbellevue.com\/it\/campeggio-iles-de-lerins\/#primaryimage\",\"url\":\"https:\/\/parcbellevue.com\/wp-content\/uploads\/2023\/11\/visiter-iles-de-lerin.webp\",\"contentUrl\":\"https:\/\/parcbellevue.com\/wp-content\/uploads\/2023\/11\/visiter-iles-de-lerin.webp\",\"width\":2000,\"height\":1500,\"caption\":\"visita alle isole di lerino\"},{\"@type\":\"BreadcrumbList\",\"@id\":\"https:\/\/parcbellevue.com\/it\/campeggio-iles-de-lerins\/#breadcrumb\",\"itemListElement\":[{\"@type\":\"ListItem\",\"position\":1,\"name\":\"Camping Cannes\",\"item\":\"https:\/\/parcbellevue.com\/it\/\"},{\"@type\":\"ListItem\",\"position\":2,\"name\":\"Campeggio vicino alle Isole L\u00e9rins\"}]},{\"@type\":\"WebSite\",\"@id\":\"https:\/\/parcbellevue.com\/#website\",\"url\":\"https:\/\/parcbellevue.com\/\",\"name\":\"Camping Parc Bellevue\",\"description\":\"\",\"publisher\":{\"@id\":\"https:\/\/parcbellevue.com\/#organization\"},\"potentialAction\":[{\"@type\":\"SearchAction\",\"target\":{\"@type\":\"EntryPoint\",\"urlTemplate\":\"https:\/\/parcbellevue.com\/?s={search_term_string}\"},\"query-input\":{\"@type\":\"PropertyValueSpecification\",\"valueRequired\":true,\"valueName\":\"search_term_string\"}}],\"inLanguage\":\"it-IT\"},{\"@type\":\"Organization\",\"@id\":\"https:\/\/parcbellevue.com\/#organization\",\"name\":\"Camping Parc Bellevue\",\"url\":\"https:\/\/parcbellevue.com\/\",\"logo\":{\"@type\":\"ImageObject\",\"inLanguage\":\"it-IT\",\"@id\":\"https:\/\/parcbellevue.com\/#\/schema\/logo\/image\/\",\"url\":\"https:\/\/parcbellevue.com\/wp-content\/uploads\/2022\/11\/cropped-logo-camping-parc-bellevue.png\",\"contentUrl\":\"https:\/\/parcbellevue.com\/wp-content\/uploads\/2022\/11\/cropped-logo-camping-parc-bellevue.png\",\"width\":902,\"height\":904,\"caption\":\"Camping Parc Bellevue\"},\"image\":{\"@id\":\"https:\/\/parcbellevue.com\/#\/schema\/logo\/image\/\"}}]}<\/script>\n<!-- \/ Yoast SEO plugin. -->","yoast_head_json":{"title":"Campeggio vicino al Palais des \u00eeles de L\u00e9rins | Campeggio \u00eeles de L\u00e9rins","robots":{"index":"index","follow":"follow","max-snippet":"max-snippet:-1","max-image-preview":"max-image-preview:large","max-video-preview":"max-video-preview:-1"},"canonical":"https:\/\/parcbellevue.com\/it\/campeggio-iles-de-lerins\/","og_locale":"it_IT","og_type":"article","og_title":"Campeggio vicino al Palais des \u00eeles de L\u00e9rins | Campeggio \u00eeles de L\u00e9rins","og_url":"https:\/\/parcbellevue.com\/it\/campeggio-iles-de-lerins\/","og_site_name":"Camping Parc Bellevue","article_modified_time":"2024-03-18T13:29:59+00:00","og_image":[{"width":2000,"height":1500,"url":"https:\/\/parcbellevue.com\/wp-content\/uploads\/2023\/11\/visiter-iles-de-lerin.webp","type":"image\/webp"}],"twitter_card":"summary_large_image","twitter_misc":{"Tempo di lettura stimato":"2 minuti"},"schema":{"@context":"https:\/\/schema.org","@graph":[{"@type":"WebPage","@id":"https:\/\/parcbellevue.com\/it\/campeggio-iles-de-lerins\/","url":"https:\/\/parcbellevue.com\/it\/campeggio-iles-de-lerins\/","name":"Campeggio vicino al Palais des \u00eeles de L\u00e9rins | Campeggio \u00eeles de L\u00e9rins","isPartOf":{"@id":"https:\/\/parcbellevue.com\/#website"},"primaryImageOfPage":{"@id":"https:\/\/parcbellevue.com\/it\/campeggio-iles-de-lerins\/#primaryimage"},"image":{"@id":"https:\/\/parcbellevue.com\/it\/campeggio-iles-de-lerins\/#primaryimage"},"thumbnailUrl":"https:\/\/parcbellevue.com\/wp-content\/uploads\/2023\/11\/visiter-iles-de-lerin.webp","datePublished":"2023-12-12T16:09:34+00:00","dateModified":"2024-03-18T13:29:59+00:00","breadcrumb":{"@id":"https:\/\/parcbellevue.com\/it\/campeggio-iles-de-lerins\/#breadcrumb"},"inLanguage":"it-IT","potentialAction":[{"@type":"ReadAction","target":["https:\/\/parcbellevue.com\/it\/campeggio-iles-de-lerins\/"]}]},{"@type":"ImageObject","inLanguage":"it-IT","@id":"https:\/\/parcbellevue.com\/it\/campeggio-iles-de-lerins\/#primaryimage","url":"https:\/\/parcbellevue.com\/wp-content\/uploads\/2023\/11\/visiter-iles-de-lerin.webp","contentUrl":"https:\/\/parcbellevue.com\/wp-content\/uploads\/2023\/11\/visiter-iles-de-lerin.webp","width":2000,"height":1500,"caption":"visita alle isole di lerino"},{"@type":"BreadcrumbList","@id":"https:\/\/parcbellevue.com\/it\/campeggio-iles-de-lerins\/#breadcrumb","itemListElement":[{"@type":"ListItem","position":1,"name":"Camping Cannes","item":"https:\/\/parcbellevue.com\/it\/"},{"@type":"ListItem","position":2,"name":"Campeggio vicino alle Isole L\u00e9rins"}]},{"@type":"WebSite","@id":"https:\/\/parcbellevue.com\/#website","url":"https:\/\/parcbellevue.com\/","name":"Camping Parc Bellevue","description":"","publisher":{"@id":"https:\/\/parcbellevue.com\/#organization"},"potentialAction":[{"@type":"SearchAction","target":{"@type":"EntryPoint","urlTemplate":"https:\/\/parcbellevue.com\/?s={search_term_string}"},"query-input":{"@type":"PropertyValueSpecification","valueRequired":true,"valueName":"search_term_string"}}],"inLanguage":"it-IT"},{"@type":"Organization","@id":"https:\/\/parcbellevue.com\/#organization","name":"Camping Parc Bellevue","url":"https:\/\/parcbellevue.com\/","logo":{"@type":"ImageObject","inLanguage":"it-IT","@id":"https:\/\/parcbellevue.com\/#\/schema\/logo\/image\/","url":"https:\/\/parcbellevue.com\/wp-content\/uploads\/2022\/11\/cropped-logo-camping-parc-bellevue.png","contentUrl":"https:\/\/parcbellevue.com\/wp-content\/uploads\/2022\/11\/cropped-logo-camping-parc-bellevue.png","width":902,"height":904,"caption":"Camping Parc Bellevue"},"image":{"@id":"https:\/\/parcbellevue.com\/#\/schema\/logo\/image\/"}}]}},"_links":{"self":[{"href":"https:\/\/parcbellevue.com\/it\/wp-json\/wp\/v2\/pages\/3358","targetHints":{"allow":["GET"]}}],"collection":[{"href":"https:\/\/parcbellevue.com\/it\/wp-json\/wp\/v2\/pages"}],"about":[{"href":"https:\/\/parcbellevue.com\/it\/wp-json\/wp\/v2\/types\/page"}],"author":[{"embeddable":true,"href":"https:\/\/parcbellevue.com\/it\/wp-json\/wp\/v2\/users\/1"}],"replies":[{"embeddable":true,"href":"https:\/\/parcbellevue.com\/it\/wp-json\/wp\/v2\/comments?post=3358"}],"version-history":[{"count":7,"href":"https:\/\/parcbellevue.com\/it\/wp-json\/wp\/v2\/pages\/3358\/revisions"}],"predecessor-version":[{"id":3965,"href":"https:\/\/parcbellevue.com\/it\/wp-json\/wp\/v2\/pages\/3358\/revisions\/3965"}],"wp:featuredmedia":[{"embeddable":true,"href":"https:\/\/parcbellevue.com\/it\/wp-json\/wp\/v2\/media\/2848"}],"wp:attachment":[{"href":"https:\/\/parcbellevue.com\/it\/wp-json\/wp\/v2\/media?parent=3358"}],"wp:term":[{"taxonomy":"sujet","embeddable":true,"href":"https:\/\/parcbellevue.com\/it\/wp-json\/wp\/v2\/sujet?post=3358"}],"curies":[{"name":"wp","href":"https:\/\/api.w.org\/{rel}","templated":true}]}}