{"id":3270,"date":"2023-12-12T16:50:47","date_gmt":"2023-12-12T15:50:47","guid":{"rendered":"https:\/\/parcbellevue.com\/campeggio-economico-cannes\/"},"modified":"2026-03-04T16:26:32","modified_gmt":"2026-03-04T15:26:32","slug":"campeggio-economico-cannes","status":"publish","type":"page","link":"https:\/\/parcbellevue.com\/it\/campeggio-economico-cannes\/","title":{"rendered":"Tariffe"},"content":{"rendered":"<section id=\"ls-section-block_2be3347676cbf41da562897ca8fea735\" class=\"ls-section  page-titre has-p-b p-b-0\" >\r\n        <div class=\"container container--wide\">\r\n        \n\n<h1 class=\"ls__heading wp-block-heading has-text-align-center\">Il vostro alloggio in affitto a basso costo in un campeggio a Cannes<\/h1>\n\n\n\n<p class=\"ls-paragraph has-text-align-center\">Sognate una vacanza memorabile che sia <strong>anche economica <\/strong>? Il nostro campeggio di Cannes offre una selezione di <a href=\"https:\/\/parcbellevue.com\/it\/noleggio-casa-mobile-cannes\/\">alloggi in affitto<\/a> <strong>di qualit\u00e0 a prezzi accessibili<\/strong>.<\/p>\n\n\n\n<p class=\"ls-paragraph has-text-align-center\">Che vogliate godervi il <strong>comfort delle nostre case mobili <\/strong>o abbracciare la natura pi\u00f9 intimamente nelle nostre <a href=\"https:\/\/parcbellevue.com\/it\/passo-cannes\/\">piazzole per roulotte in Costa Azzurra<\/a>, vi invitiamo a scoprire lo splendore della Costa Azzurra con un budget limitato. Sperimentate un soggiorno eccezionale a un<strong> prezzo conveniente<\/strong>.<br\/><\/p>\n\n\r\n    <\/div>\r\n<\/section><section id=\"ls-section-block_8cd05d7ec578155d5bc840e03996e715\" class=\"ls-section \" >\r\n        <div class=\"container \">\r\n        \n\n<ctv-availability data-background-color=\"#FFFFFFFF\"><\/ctv-availability>\n\n\r\n    <\/div>\r\n<\/section><section id=\"ls-section-block_bea97a5daa0d7581dea05b07e563215c\" class=\"ls-section  home-second page-one\" >\r\n        <div class=\"container container--full\">\r\n        \n\n<div class=\"wp-block-columns is-layout-flex wp-container-core-columns-is-layout-9d6595d7 wp-block-columns-is-layout-flex\">\n<div class=\"wp-block-column is-layout-flow wp-block-column-is-layout-flow\" style=\"flex-basis:45%\">\n<h2 class=\"ls__heading wp-block-heading\">I nostri alloggi al miglior prezzo in Costa Azzurra<\/h2>\n\n\n\n<p class=\"ls-paragraph\">Nel cuore di Cannes e della splendida Costa Azzurra, offriamo una variet\u00e0 di alloggi in affitto per <strong>tutte le tasche<\/strong>.  <\/p>\n\n\n\n<p class=\"ls-paragraph\">Che siate alla ricerca di una piazzola tradizionale o di una sistemazione pi\u00f9 lussuosa, cerchiamo di offrirvi il <strong>miglior rapporto qualit\u00e0-prezzo<\/strong>.<\/p>\n\n\n\n<p class=\"ls-paragraph\">Offriamo regolarmente offerte speciali per rendere il vostro soggiorno ancora pi\u00f9 conveniente. Cercate un<strong> campeggio Paradis a Cannes a basso prezzo <\/strong>senza rinunciare alla qualit\u00e0? Siete nel posto giusto!<\/p>\n<\/div>\n\n\n\n<div class=\"wp-block-column column-parallax is-layout-flow wp-block-column-is-layout-flow\" style=\"flex-basis:55%\">\n<figure class=\"wp-block-image size-full animated fadeInRight delay-100ms slow\"><a href=\"https:\/\/parcbellevue.com\/wp-content\/uploads\/2023\/11\/cannes-camping-mobil-home.webp\"><img decoding=\"async\" width=\"1920\" height=\"1280\" src=\"https:\/\/parcbellevue.com\/wp-content\/uploads\/2023\/11\/cannes-camping-mobil-home.webp\" alt=\"casa mobile all'aperto\" class=\"wp-image-1184\" srcset=\"https:\/\/parcbellevue.com\/wp-content\/uploads\/2023\/11\/cannes-camping-mobil-home.webp 1920w, https:\/\/parcbellevue.com\/wp-content\/uploads\/2023\/11\/cannes-camping-mobil-home-300x200.webp 300w, https:\/\/parcbellevue.com\/wp-content\/uploads\/2023\/11\/cannes-camping-mobil-home-1024x683.webp 1024w, https:\/\/parcbellevue.com\/wp-content\/uploads\/2023\/11\/cannes-camping-mobil-home-768x512.webp 768w, https:\/\/parcbellevue.com\/wp-content\/uploads\/2023\/11\/cannes-camping-mobil-home-1536x1024.webp 1536w\" sizes=\"(max-width: 1920px) 100vw, 1920px\" \/><\/a><\/figure>\n<\/div>\n<\/div>\n\n\r\n    <\/div>\r\n<\/section><section id=\"ls-section-block_86e6a04f40b918b1fa4403e65f4a3a7d\" class=\"ls-section  home-third page-two\" >\r\n        <div class=\"container container--full\">\r\n        \n\n<div class=\"wp-block-columns are-vertically-aligned-top is-layout-flex wp-container-core-columns-is-layout-9d6595d7 wp-block-columns-is-layout-flex\">\n<div class=\"wp-block-column is-vertically-aligned-top column-parallax is-layout-flow wp-block-column-is-layout-flow\">\n<figure class=\"wp-block-gallery has-nested-images columns-default is-cropped wp-block-gallery-1 is-layout-flex wp-block-gallery-is-layout-flex\">\n<figure class=\"wp-block-image size-full animated fadeIn delay-100ms slow\"><a href=\"https:\/\/parcbellevue.com\/wp-content\/uploads\/2023\/11\/conseil.webp\"><img decoding=\"async\" width=\"2070\" height=\"1380\" data-id=\"1931\" src=\"https:\/\/parcbellevue.com\/wp-content\/uploads\/2023\/11\/conseil.webp\" alt=\"consigli per il campeggio\" class=\"wp-image-1931\" srcset=\"https:\/\/parcbellevue.com\/wp-content\/uploads\/2023\/11\/conseil.webp 2070w, https:\/\/parcbellevue.com\/wp-content\/uploads\/2023\/11\/conseil-300x200.webp 300w, https:\/\/parcbellevue.com\/wp-content\/uploads\/2023\/11\/conseil-1024x683.webp 1024w, https:\/\/parcbellevue.com\/wp-content\/uploads\/2023\/11\/conseil-768x512.webp 768w, https:\/\/parcbellevue.com\/wp-content\/uploads\/2023\/11\/conseil-1536x1024.webp 1536w, https:\/\/parcbellevue.com\/wp-content\/uploads\/2023\/11\/conseil-2048x1365.webp 2048w\" sizes=\"(max-width: 2070px) 100vw, 2070px\" \/><\/a><\/figure>\n\n\n\n<figure class=\"wp-block-image size-full animated fadeIn delay-500ms slow\"><a href=\"https:\/\/parcbellevue.com\/wp-content\/uploads\/2023\/11\/wi-fi-camping-parc-bellevue-scaled.webp\"><img decoding=\"async\" width=\"2560\" height=\"1707\" data-id=\"710\" src=\"https:\/\/parcbellevue.com\/wp-content\/uploads\/2023\/11\/wi-fi-camping-parc-bellevue-scaled.webp\" alt=\"telefono da campeggio\" class=\"wp-image-710\" srcset=\"https:\/\/parcbellevue.com\/wp-content\/uploads\/2023\/11\/wi-fi-camping-parc-bellevue-scaled.webp 2560w, https:\/\/parcbellevue.com\/wp-content\/uploads\/2023\/11\/wi-fi-camping-parc-bellevue-300x200.webp 300w, https:\/\/parcbellevue.com\/wp-content\/uploads\/2023\/11\/wi-fi-camping-parc-bellevue-1024x683.webp 1024w, https:\/\/parcbellevue.com\/wp-content\/uploads\/2023\/11\/wi-fi-camping-parc-bellevue-768x512.webp 768w, https:\/\/parcbellevue.com\/wp-content\/uploads\/2023\/11\/wi-fi-camping-parc-bellevue-1536x1024.webp 1536w, https:\/\/parcbellevue.com\/wp-content\/uploads\/2023\/11\/wi-fi-camping-parc-bellevue-2048x1365.webp 2048w\" sizes=\"(max-width: 2560px) 100vw, 2560px\" \/><\/a><\/figure>\n<\/figure>\n<\/div>\n\n\n\n<div class=\"wp-block-column is-vertically-aligned-top is-layout-flow wp-block-column-is-layout-flow\">\n<div class=\"wp-block-columns are-vertically-aligned-center wp-block-columns__padding-right is-layout-flex wp-container-core-columns-is-layout-9d6595d7 wp-block-columns-is-layout-flex\">\n<div class=\"wp-block-column is-vertically-aligned-center is-layout-flow wp-block-column-is-layout-flow\">\n<h2 class=\"ls__heading wp-block-heading has-color-3-color has-text-color\">Approfittate delle nostre promozioni<\/h2>\n\n\n\n<p class=\"ls-paragraph\">Vogliamo viziare i nostri <strong>clienti abituali<\/strong> con<strong> offerte promozionali speciali<\/strong>.  <\/p>\n\n\n\n<p class=\"ls-paragraph\">Offriamo anche un pacchetto senior in bassa stagione. Tra le nostre offerte regolari, beneficerete regolarmente di uno<strong> sconto del 5% <\/strong>per soggiorni di pi\u00f9 di una settimana in bassa stagione.<\/p>\n<\/div>\n<\/div>\n<\/div>\n<\/div>\n\n\r\n    <\/div>\r\n<\/section><section id=\"ls-section-block_0e93b1fa8cc313a38d72382d35bb4730\" class=\"ls-section  home-fourth page-three has-background-image has-p-b p-b-0\" >\r\n    <div class=\"ls-section__background-image opacity-100\"><img decoding=\"async\" src=\"https:\/\/parcbellevue.com\/wp-content\/uploads\/2023\/11\/wifi-camping-parc-bellevue.webp\" alt=\"wifi-campeggio-parc-bellevue\"><\/div>    <div class=\"container container--wide\">\r\n        \n\n<h2 class=\"ls__heading wp-block-heading has-text-align-center\">Prenotate direttamente sul nostro sito web<\/h2>\n\n\n\n<p class=\"ls-paragraph has-text-align-center\">Per ottenere il miglior prezzo possibile, vi consigliamo di<strong> prenotare direttamente sul nostro sito web<\/strong>. Prenotando direttamente con noi, eviterete i costi aggiuntivi spesso aggiunti dalle piattaforme di prenotazione di terzi.<\/p>\n\n\n\n<p class=\"ls-paragraph has-text-align-center\">Inoltre, avrete accesso diretto alle nostre ultime promozioni, in modo da poter scegliere la sistemazione pi\u00f9 adatta alle vostre esigenze e al vostro budget. Allora perch\u00e9 aspettare? Prenotate subito il vostro prossimo soggiorno a Cannes nel nostro<strong> campeggio pi\u00f9 conveniente!<\/strong><\/p>\n\n\r\n    <\/div>\r\n<\/section><section id=\"ls-section-block_8d7a498cda9ec0175fc01c91a090be9a\" class=\"ls-section  page-four column-parallax-reverse\" >\r\n        <div class=\"container container--wide\">\r\n        \n\n<div id=\"ls-heading ls-titre-div-block_7645e1bd5a63bbcb0544ecebcd940562\" class=\"ls-titre-div aligncenter h2-like\" >\n    Scopri i nostri alloggi, le piazzole e il parco acquatico<\/div>\n\n\n<div id=\"ls-maillage-block_29c51834d1ae9c3dc72d46490a4c6916\" class=\"ls-maillage cta-style-normal\" data-rows=\"3\">\n    <div class=\"wp-block-columns\"><div class=\"wp-block-column\"><div class=\"ls-cta\">\n\n<a href=\"https:\/\/parcbellevue.com\/it\/passo-cannes\/\" target=\"\" rel=\"noopener\" class=\"ls-cta__link\">\n\n\t<div class=\"ls-cta__image\"><img decoding=\"async\" src=\"https:\/\/parcbellevue.com\/wp-content\/uploads\/2023\/11\/emplacement-camping-parc-bellevue.webp\" alt=\"posizione campeggio auto cannes\"><\/div>\n\t<div class=\"ls-cta__title\">\n\t\tLuoghi\t<\/div>\n\n\t\n\t<span class=\"bellevue-arrow ls-cta__arrow\"><\/span>\n\n<\/a><\/div><\/div><div class=\"wp-block-column\"><div class=\"ls-cta\">\n\n<a href=\"https:\/\/parcbellevue.com\/it\/noleggio-casa-mobile-cannes\/\" target=\"\" rel=\"noopener\" class=\"ls-cta__link\">\n\n\t<div class=\"ls-cta__image\"><img decoding=\"async\" src=\"https:\/\/parcbellevue.com\/wp-content\/uploads\/2023\/11\/camping-mobil-home.webp\" alt=\"casa mobile 4 persone cannes\"><\/div>\n\t<div class=\"ls-cta__title\">\n\t\tCase mobili\t<\/div>\n\n\t\n\t<span class=\"bellevue-arrow ls-cta__arrow\"><\/span>\n\n<\/a><\/div><\/div><div class=\"wp-block-column\"><div class=\"ls-cta\">\n\n<a href=\"https:\/\/parcbellevue.com\/it\/campeggio-piscina-cannes\/\" target=\"\" rel=\"noopener\" class=\"ls-cta__link\">\n\n\t<div class=\"ls-cta__image\"><img decoding=\"async\" src=\"https:\/\/parcbellevue.com\/wp-content\/uploads\/2023\/11\/piscine-camping-cannes-parc-bellevue.webp\" alt=\"campeggio piscina cannes\"><\/div>\n\t<div class=\"ls-cta__title\">\n\t\tArea acquatica\t<\/div>\n\n\t\n\t<span class=\"bellevue-arrow ls-cta__arrow\"><\/span>\n\n<\/a><\/div><\/div><\/div><\/div>\n\r\n    <\/div>\r\n<\/section>","protected":false},"excerpt":{"rendered":"","protected":false},"author":1,"featured_media":5088,"parent":0,"menu_order":0,"comment_status":"closed","ping_status":"closed","template":"","meta":{"_acf_changed":false,"footnotes":""},"sujet":[],"class_list":["post-3270","page","type-page","status-publish","has-post-thumbnail","hentry"],"acf":[],"yoast_head":"<!-- This site is optimized with the Yoast SEO plugin v23.4 - https:\/\/yoast.com\/wordpress\/plugins\/seo\/ -->\n<title>Campeggio economico Cannes | Campeggio economico Costa Azzurra<\/title>\n<meta name=\"robots\" content=\"index, follow, max-snippet:-1, max-image-preview:large, max-video-preview:-1\" \/>\n<link rel=\"canonical\" href=\"https:\/\/parcbellevue.com\/it\/campeggio-economico-cannes\/\" \/>\n<meta property=\"og:locale\" content=\"it_IT\" \/>\n<meta property=\"og:type\" content=\"article\" \/>\n<meta property=\"og:title\" content=\"Campeggio economico Cannes | Campeggio economico Costa Azzurra\" \/>\n<meta property=\"og:url\" content=\"https:\/\/parcbellevue.com\/it\/campeggio-economico-cannes\/\" \/>\n<meta property=\"og:site_name\" content=\"Camping Parc Bellevue\" \/>\n<meta property=\"article:modified_time\" content=\"2026-03-04T15:26:32+00:00\" \/>\n<meta property=\"og:image\" content=\"https:\/\/parcbellevue.com\/wp-content\/uploads\/2025\/11\/tarifs-bellevue-1024x546.webp\" \/>\n\t<meta property=\"og:image:width\" content=\"1024\" \/>\n\t<meta property=\"og:image:height\" content=\"546\" \/>\n\t<meta property=\"og:image:type\" content=\"image\/webp\" \/>\n<meta name=\"twitter:card\" content=\"summary_large_image\" \/>\n<meta name=\"twitter:label1\" content=\"Tempo di lettura stimato\" \/>\n\t<meta name=\"twitter:data1\" content=\"1 minuto\" \/>\n<script type=\"application\/ld+json\" class=\"yoast-schema-graph\">{\"@context\":\"https:\/\/schema.org\",\"@graph\":[{\"@type\":\"WebPage\",\"@id\":\"https:\/\/parcbellevue.com\/it\/campeggio-economico-cannes\/\",\"url\":\"https:\/\/parcbellevue.com\/it\/campeggio-economico-cannes\/\",\"name\":\"Campeggio economico Cannes | Campeggio economico Costa Azzurra\",\"isPartOf\":{\"@id\":\"https:\/\/parcbellevue.com\/#website\"},\"primaryImageOfPage\":{\"@id\":\"https:\/\/parcbellevue.com\/it\/campeggio-economico-cannes\/#primaryimage\"},\"image\":{\"@id\":\"https:\/\/parcbellevue.com\/it\/campeggio-economico-cannes\/#primaryimage\"},\"thumbnailUrl\":\"https:\/\/parcbellevue.com\/wp-content\/uploads\/2025\/11\/tarifs-bellevue.webp\",\"datePublished\":\"2023-12-12T15:50:47+00:00\",\"dateModified\":\"2026-03-04T15:26:32+00:00\",\"breadcrumb\":{\"@id\":\"https:\/\/parcbellevue.com\/it\/campeggio-economico-cannes\/#breadcrumb\"},\"inLanguage\":\"it-IT\",\"potentialAction\":[{\"@type\":\"ReadAction\",\"target\":[\"https:\/\/parcbellevue.com\/it\/campeggio-economico-cannes\/\"]}]},{\"@type\":\"ImageObject\",\"inLanguage\":\"it-IT\",\"@id\":\"https:\/\/parcbellevue.com\/it\/campeggio-economico-cannes\/#primaryimage\",\"url\":\"https:\/\/parcbellevue.com\/wp-content\/uploads\/2025\/11\/tarifs-bellevue.webp\",\"contentUrl\":\"https:\/\/parcbellevue.com\/wp-content\/uploads\/2025\/11\/tarifs-bellevue.webp\",\"width\":1920,\"height\":1024,\"caption\":\"tarifs bellevue\"},{\"@type\":\"BreadcrumbList\",\"@id\":\"https:\/\/parcbellevue.com\/it\/campeggio-economico-cannes\/#breadcrumb\",\"itemListElement\":[{\"@type\":\"ListItem\",\"position\":1,\"name\":\"Camping Cannes\",\"item\":\"https:\/\/parcbellevue.com\/it\/\"},{\"@type\":\"ListItem\",\"position\":2,\"name\":\"Campeggio economico in Costa Azzurra\"}]},{\"@type\":\"WebSite\",\"@id\":\"https:\/\/parcbellevue.com\/#website\",\"url\":\"https:\/\/parcbellevue.com\/\",\"name\":\"Camping Parc Bellevue\",\"description\":\"\",\"publisher\":{\"@id\":\"https:\/\/parcbellevue.com\/#organization\"},\"potentialAction\":[{\"@type\":\"SearchAction\",\"target\":{\"@type\":\"EntryPoint\",\"urlTemplate\":\"https:\/\/parcbellevue.com\/?s={search_term_string}\"},\"query-input\":{\"@type\":\"PropertyValueSpecification\",\"valueRequired\":true,\"valueName\":\"search_term_string\"}}],\"inLanguage\":\"it-IT\"},{\"@type\":\"Organization\",\"@id\":\"https:\/\/parcbellevue.com\/#organization\",\"name\":\"Camping Parc Bellevue\",\"url\":\"https:\/\/parcbellevue.com\/\",\"logo\":{\"@type\":\"ImageObject\",\"inLanguage\":\"it-IT\",\"@id\":\"https:\/\/parcbellevue.com\/#\/schema\/logo\/image\/\",\"url\":\"https:\/\/parcbellevue.com\/wp-content\/uploads\/2022\/11\/cropped-logo-camping-parc-bellevue.png\",\"contentUrl\":\"https:\/\/parcbellevue.com\/wp-content\/uploads\/2022\/11\/cropped-logo-camping-parc-bellevue.png\",\"width\":902,\"height\":904,\"caption\":\"Camping Parc Bellevue\"},\"image\":{\"@id\":\"https:\/\/parcbellevue.com\/#\/schema\/logo\/image\/\"}}]}<\/script>\n<!-- \/ Yoast SEO plugin. -->","yoast_head_json":{"title":"Campeggio economico Cannes | Campeggio economico Costa Azzurra","robots":{"index":"index","follow":"follow","max-snippet":"max-snippet:-1","max-image-preview":"max-image-preview:large","max-video-preview":"max-video-preview:-1"},"canonical":"https:\/\/parcbellevue.com\/it\/campeggio-economico-cannes\/","og_locale":"it_IT","og_type":"article","og_title":"Campeggio economico Cannes | Campeggio economico Costa Azzurra","og_url":"https:\/\/parcbellevue.com\/it\/campeggio-economico-cannes\/","og_site_name":"Camping Parc Bellevue","article_modified_time":"2026-03-04T15:26:32+00:00","og_image":[{"width":1024,"height":546,"url":"https:\/\/parcbellevue.com\/wp-content\/uploads\/2025\/11\/tarifs-bellevue-1024x546.webp","type":"image\/webp"}],"twitter_card":"summary_large_image","twitter_misc":{"Tempo di lettura stimato":"1 minuto"},"schema":{"@context":"https:\/\/schema.org","@graph":[{"@type":"WebPage","@id":"https:\/\/parcbellevue.com\/it\/campeggio-economico-cannes\/","url":"https:\/\/parcbellevue.com\/it\/campeggio-economico-cannes\/","name":"Campeggio economico Cannes | Campeggio economico Costa Azzurra","isPartOf":{"@id":"https:\/\/parcbellevue.com\/#website"},"primaryImageOfPage":{"@id":"https:\/\/parcbellevue.com\/it\/campeggio-economico-cannes\/#primaryimage"},"image":{"@id":"https:\/\/parcbellevue.com\/it\/campeggio-economico-cannes\/#primaryimage"},"thumbnailUrl":"https:\/\/parcbellevue.com\/wp-content\/uploads\/2025\/11\/tarifs-bellevue.webp","datePublished":"2023-12-12T15:50:47+00:00","dateModified":"2026-03-04T15:26:32+00:00","breadcrumb":{"@id":"https:\/\/parcbellevue.com\/it\/campeggio-economico-cannes\/#breadcrumb"},"inLanguage":"it-IT","potentialAction":[{"@type":"ReadAction","target":["https:\/\/parcbellevue.com\/it\/campeggio-economico-cannes\/"]}]},{"@type":"ImageObject","inLanguage":"it-IT","@id":"https:\/\/parcbellevue.com\/it\/campeggio-economico-cannes\/#primaryimage","url":"https:\/\/parcbellevue.com\/wp-content\/uploads\/2025\/11\/tarifs-bellevue.webp","contentUrl":"https:\/\/parcbellevue.com\/wp-content\/uploads\/2025\/11\/tarifs-bellevue.webp","width":1920,"height":1024,"caption":"tarifs bellevue"},{"@type":"BreadcrumbList","@id":"https:\/\/parcbellevue.com\/it\/campeggio-economico-cannes\/#breadcrumb","itemListElement":[{"@type":"ListItem","position":1,"name":"Camping Cannes","item":"https:\/\/parcbellevue.com\/it\/"},{"@type":"ListItem","position":2,"name":"Campeggio economico in Costa Azzurra"}]},{"@type":"WebSite","@id":"https:\/\/parcbellevue.com\/#website","url":"https:\/\/parcbellevue.com\/","name":"Camping Parc Bellevue","description":"","publisher":{"@id":"https:\/\/parcbellevue.com\/#organization"},"potentialAction":[{"@type":"SearchAction","target":{"@type":"EntryPoint","urlTemplate":"https:\/\/parcbellevue.com\/?s={search_term_string}"},"query-input":{"@type":"PropertyValueSpecification","valueRequired":true,"valueName":"search_term_string"}}],"inLanguage":"it-IT"},{"@type":"Organization","@id":"https:\/\/parcbellevue.com\/#organization","name":"Camping Parc Bellevue","url":"https:\/\/parcbellevue.com\/","logo":{"@type":"ImageObject","inLanguage":"it-IT","@id":"https:\/\/parcbellevue.com\/#\/schema\/logo\/image\/","url":"https:\/\/parcbellevue.com\/wp-content\/uploads\/2022\/11\/cropped-logo-camping-parc-bellevue.png","contentUrl":"https:\/\/parcbellevue.com\/wp-content\/uploads\/2022\/11\/cropped-logo-camping-parc-bellevue.png","width":902,"height":904,"caption":"Camping Parc Bellevue"},"image":{"@id":"https:\/\/parcbellevue.com\/#\/schema\/logo\/image\/"}}]}},"_links":{"self":[{"href":"https:\/\/parcbellevue.com\/it\/wp-json\/wp\/v2\/pages\/3270","targetHints":{"allow":["GET"]}}],"collection":[{"href":"https:\/\/parcbellevue.com\/it\/wp-json\/wp\/v2\/pages"}],"about":[{"href":"https:\/\/parcbellevue.com\/it\/wp-json\/wp\/v2\/types\/page"}],"author":[{"embeddable":true,"href":"https:\/\/parcbellevue.com\/it\/wp-json\/wp\/v2\/users\/1"}],"replies":[{"embeddable":true,"href":"https:\/\/parcbellevue.com\/it\/wp-json\/wp\/v2\/comments?post=3270"}],"version-history":[{"count":4,"href":"https:\/\/parcbellevue.com\/it\/wp-json\/wp\/v2\/pages\/3270\/revisions"}],"predecessor-version":[{"id":5282,"href":"https:\/\/parcbellevue.com\/it\/wp-json\/wp\/v2\/pages\/3270\/revisions\/5282"}],"wp:featuredmedia":[{"embeddable":true,"href":"https:\/\/parcbellevue.com\/it\/wp-json\/wp\/v2\/media\/5088"}],"wp:attachment":[{"href":"https:\/\/parcbellevue.com\/it\/wp-json\/wp\/v2\/media?parent=3270"}],"wp:term":[{"taxonomy":"sujet","embeddable":true,"href":"https:\/\/parcbellevue.com\/it\/wp-json\/wp\/v2\/sujet?post=3270"}],"curies":[{"name":"wp","href":"https:\/\/api.w.org\/{rel}","templated":true}]}}