{"id":3195,"date":"2023-12-12T14:34:24","date_gmt":"2023-12-12T13:34:24","guid":{"rendered":"https:\/\/parcbellevue.com\/informativa-sulla-privacy\/"},"modified":"2023-12-12T14:41:51","modified_gmt":"2023-12-12T13:41:51","slug":"informativa-sulla-privacy","status":"publish","type":"page","link":"https:\/\/parcbellevue.com\/it\/informativa-sulla-privacy\/","title":{"rendered":"Informativa sulla privacy"},"content":{"rendered":"<section id=\"ls-section-block_7023cafeba5ff2ed3de1d153a3df34cf\" class=\"ls-section \" >\r\n        <div class=\"container container--wide\">\r\n        \n\n<h1 class=\"ls__heading wp-block-heading has-text-align-center\">Informativa sulla privacy<\/h1>\n\n\n\n<h2 class=\"ls__heading wp-block-heading\">Chi siamo  <\/h2>\n\n\n\n<p class=\"ls-paragraph\">L&#8217;indirizzo del nostro sito web \u00e8: https: <a href=\"https:\/\/parcbellevue.com\/it\/\">\/\/parcbellevue.com.<\/a><\/p>\n\n\n\n<h2 class=\"ls__heading wp-block-heading\">Commenti<\/h2>\n\n\n\n<p class=\"ls-paragraph\">Quando lasciate un commento sul nostro sito, i dati inseriti nel modulo di commento, cos\u00ec come il vostro indirizzo IP e l&#8217;user agent del vostro browser, vengono raccolti per aiutarci a individuare i commenti indesiderati.<\/p>\n\n\n\n<p class=\"ls-paragraph\">Una stringa anonima creata a partire dal vostro indirizzo e-mail (nota anche come hash) pu\u00f2 essere inviata al servizio Gravatar per verificare che lo stiate utilizzando. Le clausole di riservatezza del servizio Gravatar sono disponibili qui: https: <a href=\"https:\/\/automattic.com\/privacy\/\" target=\"_blank\" rel=\"noreferrer noopener\">\/\/automattic.com\/privacy\/.<\/a> Una volta convalidato il commento, la foto del profilo sar\u00e0 visibile pubblicamente accanto al commento.<\/p>\n\n\n\n<h2 class=\"ls__heading wp-block-heading\">Media<\/h2>\n\n\n\n<p class=\"ls-paragraph\">Se caricate immagini sul sito, vi consigliamo di evitare di caricare immagini contenenti dati EXIF di coordinate GPS. Le persone che visitano il vostro sito possono scaricare ed estrarre i dati di localizzazione da queste immagini.<\/p>\n\n\n\n<h2 class=\"ls__heading wp-block-heading\">Biscotti<\/h2>\n\n\n\n<p class=\"ls-paragraph\">Se lasciate un commento sul nostro sito, vi verr\u00e0 chiesto di salvare il vostro nome, indirizzo e-mail e sito nei cookie. Questo \u00e8 solo per comodit\u00e0, in modo da non dover inserire queste informazioni se si pubblica un altro commento in seguito. Questi cookie scadono dopo un anno.<\/p>\n\n\n\n<p class=\"ls-paragraph\">Se si accede alla pagina di login, viene creato un cookie temporaneo per determinare se il browser accetta i cookie. Non contiene dati personali e sar\u00e0 cancellato automaticamente alla chiusura del browser.<\/p>\n\n\n\n<p class=\"ls-paragraph\">Quando l&#8217;utente accede, vengono impostati alcuni cookie per registrare i dati di accesso e le preferenze dello schermo. La durata di un cookie di connessione \u00e8 di due giorni, quella di un cookie di opzione dello schermo \u00e8 di un anno. Se si seleziona &#8220;Ricordami&#8221;, il cookie di connessione verr\u00e0 memorizzato per quindici giorni. Se si esce dal proprio account, il cookie di connessione viene cancellato.<\/p>\n\n\n\n<p class=\"ls-paragraph\">Modificando o pubblicando una pubblicazione, un ulteriore cookie verr\u00e0 memorizzato nel vostro browser. Questo cookie non contiene dati personali. Indica semplicemente l&#8217;ID della pubblicazione appena modificata. Scade dopo un giorno.<\/p>\n\n\n\n<h2 class=\"ls__heading wp-block-heading\">Contenuti incorporati da altri siti<\/h2>\n\n\n\n<p class=\"ls-paragraph\">Gli articoli di questo sito possono includere contenuti incorporati (ad esempio, video, immagini, articoli, ecc.). I contenuti integrati da altri siti si comportano come se il visitatore stesse visitando l&#8217;altro sito.<\/p>\n\n\n\n<p class=\"ls-paragraph\">Questi siti web possono raccogliere dati sull&#8217;utente, utilizzare cookie, incorporare strumenti di tracciamento di terze parti e tracciare le interazioni dell&#8217;utente con questi contenuti incorporati se l&#8217;utente ha un account collegato al loro sito web.<\/p>\n\n\n\n<h2 class=\"ls__heading wp-block-heading\">Utilizzo e trasmissione dei dati personali<\/h2>\n\n\n\n<p class=\"ls-paragraph\">Se si richiede la reimpostazione della password, il proprio indirizzo IP sar\u00e0 incluso nell&#8217;e-mail di reimpostazione.<\/p>\n\n\n\n<h2 class=\"ls__heading wp-block-heading\">Periodi di conservazione dei dati<\/h2>\n\n\n\n<p class=\"ls-paragraph\">Se si lascia un commento, il commento e i suoi metadati vengono conservati a tempo indeterminato. In questo modo i commenti successivi vengono riconosciuti e approvati automaticamente, invece di rimanere nella coda di moderazione.<\/p>\n\n\n\n<p class=\"ls-paragraph\">Per gli account che si registrano sul nostro sito (ove applicabile), memorizziamo anche i dati personali indicati nel loro profilo. Tutti gli account possono visualizzare, modificare o cancellare le proprie informazioni personali in qualsiasi momento (ad eccezione del proprio login). Anche i responsabili del sito possono visualizzare e modificare queste informazioni.<\/p>\n\n\n\n<h2 class=\"ls__heading wp-block-heading\">I diritti che avete sui vostri dati<\/h2>\n\n\n\n<p class=\"ls-paragraph\">Se avete un account o se avete lasciato commenti sul sito, potete richiedere di ricevere un file contenente tutti i dati personali in nostro possesso, compresi quelli che ci avete fornito. Potete anche chiedere la cancellazione dei vostri dati personali. Non sono compresi i dati memorizzati per scopi amministrativi, legali o di sicurezza.<\/p>\n\n\n\n<h2 class=\"ls__heading wp-block-heading\">Dove vengono inviati i vostri dati<\/h2>\n\n\n\n<p class=\"ls-paragraph\">I commenti dei visitatori possono essere controllati con un servizio automatico per individuare i commenti indesiderati.<\/p>\n\n\r\n    <\/div>\r\n<\/section>","protected":false},"excerpt":{"rendered":"","protected":false},"author":1,"featured_media":0,"parent":0,"menu_order":0,"comment_status":"closed","ping_status":"open","template":"","meta":{"_acf_changed":false,"footnotes":""},"sujet":[],"class_list":["post-3195","page","type-page","status-publish","hentry"],"acf":[],"yoast_head":"<!-- This site is optimized with the Yoast SEO plugin v23.4 - https:\/\/yoast.com\/wordpress\/plugins\/seo\/ -->\n<title>Informativa sulla privacy - Camping Parc Bellevue<\/title>\n<meta name=\"robots\" content=\"noindex, nofollow\" \/>\n<meta property=\"og:locale\" content=\"it_IT\" \/>\n<meta property=\"og:type\" content=\"article\" \/>\n<meta property=\"og:title\" content=\"Informativa sulla privacy - Camping Parc Bellevue\" \/>\n<meta property=\"og:url\" content=\"https:\/\/parcbellevue.com\/it\/informativa-sulla-privacy\/\" \/>\n<meta property=\"og:site_name\" content=\"Camping Parc Bellevue\" \/>\n<meta property=\"article:modified_time\" content=\"2023-12-12T13:41:51+00:00\" \/>\n<meta name=\"twitter:card\" content=\"summary_large_image\" \/>\n<meta name=\"twitter:label1\" content=\"Tempo di lettura stimato\" \/>\n\t<meta name=\"twitter:data1\" content=\"3 minuti\" \/>\n<script type=\"application\/ld+json\" class=\"yoast-schema-graph\">{\"@context\":\"https:\/\/schema.org\",\"@graph\":[{\"@type\":\"WebPage\",\"@id\":\"https:\/\/parcbellevue.com\/it\/informativa-sulla-privacy\/\",\"url\":\"https:\/\/parcbellevue.com\/it\/informativa-sulla-privacy\/\",\"name\":\"Informativa sulla privacy - Camping Parc Bellevue\",\"isPartOf\":{\"@id\":\"https:\/\/parcbellevue.com\/#website\"},\"datePublished\":\"2023-12-12T13:34:24+00:00\",\"dateModified\":\"2023-12-12T13:41:51+00:00\",\"breadcrumb\":{\"@id\":\"https:\/\/parcbellevue.com\/it\/informativa-sulla-privacy\/#breadcrumb\"},\"inLanguage\":\"it-IT\",\"potentialAction\":[{\"@type\":\"ReadAction\",\"target\":[\"https:\/\/parcbellevue.com\/it\/informativa-sulla-privacy\/\"]}]},{\"@type\":\"BreadcrumbList\",\"@id\":\"https:\/\/parcbellevue.com\/it\/informativa-sulla-privacy\/#breadcrumb\",\"itemListElement\":[{\"@type\":\"ListItem\",\"position\":1,\"name\":\"Camping Cannes\",\"item\":\"https:\/\/parcbellevue.com\/it\/\"},{\"@type\":\"ListItem\",\"position\":2,\"name\":\"Informativa sulla privacy\"}]},{\"@type\":\"WebSite\",\"@id\":\"https:\/\/parcbellevue.com\/#website\",\"url\":\"https:\/\/parcbellevue.com\/\",\"name\":\"Camping Parc Bellevue\",\"description\":\"\",\"publisher\":{\"@id\":\"https:\/\/parcbellevue.com\/#organization\"},\"potentialAction\":[{\"@type\":\"SearchAction\",\"target\":{\"@type\":\"EntryPoint\",\"urlTemplate\":\"https:\/\/parcbellevue.com\/?s={search_term_string}\"},\"query-input\":{\"@type\":\"PropertyValueSpecification\",\"valueRequired\":true,\"valueName\":\"search_term_string\"}}],\"inLanguage\":\"it-IT\"},{\"@type\":\"Organization\",\"@id\":\"https:\/\/parcbellevue.com\/#organization\",\"name\":\"Camping Parc Bellevue\",\"url\":\"https:\/\/parcbellevue.com\/\",\"logo\":{\"@type\":\"ImageObject\",\"inLanguage\":\"it-IT\",\"@id\":\"https:\/\/parcbellevue.com\/#\/schema\/logo\/image\/\",\"url\":\"https:\/\/parcbellevue.com\/wp-content\/uploads\/2022\/11\/cropped-logo-camping-parc-bellevue.png\",\"contentUrl\":\"https:\/\/parcbellevue.com\/wp-content\/uploads\/2022\/11\/cropped-logo-camping-parc-bellevue.png\",\"width\":902,\"height\":904,\"caption\":\"Camping Parc Bellevue\"},\"image\":{\"@id\":\"https:\/\/parcbellevue.com\/#\/schema\/logo\/image\/\"}}]}<\/script>\n<!-- \/ Yoast SEO plugin. -->","yoast_head_json":{"title":"Informativa sulla privacy - Camping Parc Bellevue","robots":{"index":"noindex","follow":"nofollow"},"og_locale":"it_IT","og_type":"article","og_title":"Informativa sulla privacy - Camping Parc Bellevue","og_url":"https:\/\/parcbellevue.com\/it\/informativa-sulla-privacy\/","og_site_name":"Camping Parc Bellevue","article_modified_time":"2023-12-12T13:41:51+00:00","twitter_card":"summary_large_image","twitter_misc":{"Tempo di lettura stimato":"3 minuti"},"schema":{"@context":"https:\/\/schema.org","@graph":[{"@type":"WebPage","@id":"https:\/\/parcbellevue.com\/it\/informativa-sulla-privacy\/","url":"https:\/\/parcbellevue.com\/it\/informativa-sulla-privacy\/","name":"Informativa sulla privacy - Camping Parc Bellevue","isPartOf":{"@id":"https:\/\/parcbellevue.com\/#website"},"datePublished":"2023-12-12T13:34:24+00:00","dateModified":"2023-12-12T13:41:51+00:00","breadcrumb":{"@id":"https:\/\/parcbellevue.com\/it\/informativa-sulla-privacy\/#breadcrumb"},"inLanguage":"it-IT","potentialAction":[{"@type":"ReadAction","target":["https:\/\/parcbellevue.com\/it\/informativa-sulla-privacy\/"]}]},{"@type":"BreadcrumbList","@id":"https:\/\/parcbellevue.com\/it\/informativa-sulla-privacy\/#breadcrumb","itemListElement":[{"@type":"ListItem","position":1,"name":"Camping Cannes","item":"https:\/\/parcbellevue.com\/it\/"},{"@type":"ListItem","position":2,"name":"Informativa sulla privacy"}]},{"@type":"WebSite","@id":"https:\/\/parcbellevue.com\/#website","url":"https:\/\/parcbellevue.com\/","name":"Camping Parc Bellevue","description":"","publisher":{"@id":"https:\/\/parcbellevue.com\/#organization"},"potentialAction":[{"@type":"SearchAction","target":{"@type":"EntryPoint","urlTemplate":"https:\/\/parcbellevue.com\/?s={search_term_string}"},"query-input":{"@type":"PropertyValueSpecification","valueRequired":true,"valueName":"search_term_string"}}],"inLanguage":"it-IT"},{"@type":"Organization","@id":"https:\/\/parcbellevue.com\/#organization","name":"Camping Parc Bellevue","url":"https:\/\/parcbellevue.com\/","logo":{"@type":"ImageObject","inLanguage":"it-IT","@id":"https:\/\/parcbellevue.com\/#\/schema\/logo\/image\/","url":"https:\/\/parcbellevue.com\/wp-content\/uploads\/2022\/11\/cropped-logo-camping-parc-bellevue.png","contentUrl":"https:\/\/parcbellevue.com\/wp-content\/uploads\/2022\/11\/cropped-logo-camping-parc-bellevue.png","width":902,"height":904,"caption":"Camping Parc Bellevue"},"image":{"@id":"https:\/\/parcbellevue.com\/#\/schema\/logo\/image\/"}}]}},"_links":{"self":[{"href":"https:\/\/parcbellevue.com\/it\/wp-json\/wp\/v2\/pages\/3195","targetHints":{"allow":["GET"]}}],"collection":[{"href":"https:\/\/parcbellevue.com\/it\/wp-json\/wp\/v2\/pages"}],"about":[{"href":"https:\/\/parcbellevue.com\/it\/wp-json\/wp\/v2\/types\/page"}],"author":[{"embeddable":true,"href":"https:\/\/parcbellevue.com\/it\/wp-json\/wp\/v2\/users\/1"}],"replies":[{"embeddable":true,"href":"https:\/\/parcbellevue.com\/it\/wp-json\/wp\/v2\/comments?post=3195"}],"version-history":[{"count":4,"href":"https:\/\/parcbellevue.com\/it\/wp-json\/wp\/v2\/pages\/3195\/revisions"}],"predecessor-version":[{"id":3203,"href":"https:\/\/parcbellevue.com\/it\/wp-json\/wp\/v2\/pages\/3195\/revisions\/3203"}],"wp:attachment":[{"href":"https:\/\/parcbellevue.com\/it\/wp-json\/wp\/v2\/media?parent=3195"}],"wp:term":[{"taxonomy":"sujet","embeddable":true,"href":"https:\/\/parcbellevue.com\/it\/wp-json\/wp\/v2\/sujet?post=3195"}],"curies":[{"name":"wp","href":"https:\/\/api.w.org\/{rel}","templated":true}]}}