{"id":4715,"date":"2025-11-13T11:25:36","date_gmt":"2025-11-13T10:25:36","guid":{"rendered":"https:\/\/parcbellevue.com\/prestation-hoteliere\/"},"modified":"2025-11-13T11:25:38","modified_gmt":"2025-11-13T10:25:38","slug":"prestation-hoteliere","status":"publish","type":"page","link":"https:\/\/parcbellevue.com\/es\/prestation-hoteliere\/","title":{"rendered":"Servicios hoteleros"},"content":{"rendered":"<section id=\"ls-section-block_4dfdc4c2ce7670ad2b871fcbc4fd6e05\" class=\"ls-section \" >\r\n        <div class=\"container \">\r\n        \n\n<h2 class=\"ls__heading wp-block-heading\">Servicios hoteleros<\/h2>\n\n\n\n<p class=\"ls-paragraph\">Opta por la comodidad de una aut\u00e9ntica experiencia hotelera, mientras disfrutas del encanto y la amabilidad del camping.<\/p>\n\n\n\n<p class=\"ls-paragraph\">Cuando llegues, las camas ya estar\u00e1n hechas y listas para ti.<\/p>\n\n\n\n<p class=\"ls-paragraph\">Se proporcionan toallas para que puedas viajar ligero.<\/p>\n\n\n\n<p class=\"ls-paragraph\">Y para que tu estancia sea lo m\u00e1s relajante posible, nos encargamos de la limpieza al final de tu estancia.<\/p>\n\n\n\n<p class=\"ls-paragraph\">Llegas, haces las maletas y empiezan las vacaciones.<\/p>\n\n\n\n<p class=\"ls-paragraph\">Consulta a continuaci\u00f3n los precios seg\u00fan el periodo y el alojamiento elegidos.<\/p>\n\n\n\n<p class=\"ls-paragraph\">Para todas las reservas en l\u00ednea, s\u00f3lo tienes que seleccionar la opci\u00f3n al hacer la reserva.<\/p>\n\n\n\n<p class=\"ls-paragraph\">Por tel\u00e9fono, simplemente especifica que deseas acogerte a la opci\u00f3n de hotel.<\/p>\n\n\r\n    <\/div>\r\n<\/section>","protected":false},"excerpt":{"rendered":"","protected":false},"author":1,"featured_media":0,"parent":0,"menu_order":0,"comment_status":"closed","ping_status":"closed","template":"","meta":{"_acf_changed":false,"footnotes":""},"sujet":[],"class_list":["post-4715","page","type-page","status-publish","hentry"],"acf":[],"yoast_head":"<!-- This site is optimized with the Yoast SEO plugin v23.4 - https:\/\/yoast.com\/wordpress\/plugins\/seo\/ -->\n<title>Servicios hoteleros - Camping Parc Bellevue<\/title>\n<meta name=\"robots\" content=\"index, follow, max-snippet:-1, max-image-preview:large, max-video-preview:-1\" \/>\n<link rel=\"canonical\" href=\"https:\/\/parcbellevue.com\/es\/prestation-hoteliere\/\" \/>\n<meta property=\"og:locale\" content=\"es_ES\" \/>\n<meta property=\"og:type\" content=\"article\" \/>\n<meta property=\"og:title\" content=\"Servicios hoteleros - Camping Parc Bellevue\" \/>\n<meta property=\"og:url\" content=\"https:\/\/parcbellevue.com\/es\/prestation-hoteliere\/\" \/>\n<meta property=\"og:site_name\" content=\"Camping Parc Bellevue\" \/>\n<meta property=\"article:modified_time\" content=\"2025-11-13T10:25:38+00:00\" \/>\n<meta name=\"twitter:card\" content=\"summary_large_image\" \/>\n<meta name=\"twitter:label1\" content=\"Tiempo de lectura\" \/>\n\t<meta name=\"twitter:data1\" content=\"1 minuto\" \/>\n<script type=\"application\/ld+json\" class=\"yoast-schema-graph\">{\"@context\":\"https:\/\/schema.org\",\"@graph\":[{\"@type\":\"WebPage\",\"@id\":\"https:\/\/parcbellevue.com\/es\/prestation-hoteliere\/\",\"url\":\"https:\/\/parcbellevue.com\/es\/prestation-hoteliere\/\",\"name\":\"Servicios hoteleros - Camping Parc Bellevue\",\"isPartOf\":{\"@id\":\"https:\/\/parcbellevue.com\/#website\"},\"datePublished\":\"2025-11-13T10:25:36+00:00\",\"dateModified\":\"2025-11-13T10:25:38+00:00\",\"breadcrumb\":{\"@id\":\"https:\/\/parcbellevue.com\/es\/prestation-hoteliere\/#breadcrumb\"},\"inLanguage\":\"es\",\"potentialAction\":[{\"@type\":\"ReadAction\",\"target\":[\"https:\/\/parcbellevue.com\/es\/prestation-hoteliere\/\"]}]},{\"@type\":\"BreadcrumbList\",\"@id\":\"https:\/\/parcbellevue.com\/es\/prestation-hoteliere\/#breadcrumb\",\"itemListElement\":[{\"@type\":\"ListItem\",\"position\":1,\"name\":\"Camping Cannes\",\"item\":\"https:\/\/parcbellevue.com\/es\/\"},{\"@type\":\"ListItem\",\"position\":2,\"name\":\"Servicios hoteleros\"}]},{\"@type\":\"WebSite\",\"@id\":\"https:\/\/parcbellevue.com\/#website\",\"url\":\"https:\/\/parcbellevue.com\/\",\"name\":\"Camping Parc Bellevue\",\"description\":\"\",\"publisher\":{\"@id\":\"https:\/\/parcbellevue.com\/#organization\"},\"potentialAction\":[{\"@type\":\"SearchAction\",\"target\":{\"@type\":\"EntryPoint\",\"urlTemplate\":\"https:\/\/parcbellevue.com\/?s={search_term_string}\"},\"query-input\":{\"@type\":\"PropertyValueSpecification\",\"valueRequired\":true,\"valueName\":\"search_term_string\"}}],\"inLanguage\":\"es\"},{\"@type\":\"Organization\",\"@id\":\"https:\/\/parcbellevue.com\/#organization\",\"name\":\"Camping Parc Bellevue\",\"url\":\"https:\/\/parcbellevue.com\/\",\"logo\":{\"@type\":\"ImageObject\",\"inLanguage\":\"es\",\"@id\":\"https:\/\/parcbellevue.com\/#\/schema\/logo\/image\/\",\"url\":\"https:\/\/parcbellevue.com\/wp-content\/uploads\/2022\/11\/cropped-logo-camping-parc-bellevue.png\",\"contentUrl\":\"https:\/\/parcbellevue.com\/wp-content\/uploads\/2022\/11\/cropped-logo-camping-parc-bellevue.png\",\"width\":902,\"height\":904,\"caption\":\"Camping Parc Bellevue\"},\"image\":{\"@id\":\"https:\/\/parcbellevue.com\/#\/schema\/logo\/image\/\"}}]}<\/script>\n<!-- \/ Yoast SEO plugin. -->","yoast_head_json":{"title":"Servicios hoteleros - Camping Parc Bellevue","robots":{"index":"index","follow":"follow","max-snippet":"max-snippet:-1","max-image-preview":"max-image-preview:large","max-video-preview":"max-video-preview:-1"},"canonical":"https:\/\/parcbellevue.com\/es\/prestation-hoteliere\/","og_locale":"es_ES","og_type":"article","og_title":"Servicios hoteleros - Camping Parc Bellevue","og_url":"https:\/\/parcbellevue.com\/es\/prestation-hoteliere\/","og_site_name":"Camping Parc Bellevue","article_modified_time":"2025-11-13T10:25:38+00:00","twitter_card":"summary_large_image","twitter_misc":{"Tiempo de lectura":"1 minuto"},"schema":{"@context":"https:\/\/schema.org","@graph":[{"@type":"WebPage","@id":"https:\/\/parcbellevue.com\/es\/prestation-hoteliere\/","url":"https:\/\/parcbellevue.com\/es\/prestation-hoteliere\/","name":"Servicios hoteleros - Camping Parc Bellevue","isPartOf":{"@id":"https:\/\/parcbellevue.com\/#website"},"datePublished":"2025-11-13T10:25:36+00:00","dateModified":"2025-11-13T10:25:38+00:00","breadcrumb":{"@id":"https:\/\/parcbellevue.com\/es\/prestation-hoteliere\/#breadcrumb"},"inLanguage":"es","potentialAction":[{"@type":"ReadAction","target":["https:\/\/parcbellevue.com\/es\/prestation-hoteliere\/"]}]},{"@type":"BreadcrumbList","@id":"https:\/\/parcbellevue.com\/es\/prestation-hoteliere\/#breadcrumb","itemListElement":[{"@type":"ListItem","position":1,"name":"Camping Cannes","item":"https:\/\/parcbellevue.com\/es\/"},{"@type":"ListItem","position":2,"name":"Servicios hoteleros"}]},{"@type":"WebSite","@id":"https:\/\/parcbellevue.com\/#website","url":"https:\/\/parcbellevue.com\/","name":"Camping Parc Bellevue","description":"","publisher":{"@id":"https:\/\/parcbellevue.com\/#organization"},"potentialAction":[{"@type":"SearchAction","target":{"@type":"EntryPoint","urlTemplate":"https:\/\/parcbellevue.com\/?s={search_term_string}"},"query-input":{"@type":"PropertyValueSpecification","valueRequired":true,"valueName":"search_term_string"}}],"inLanguage":"es"},{"@type":"Organization","@id":"https:\/\/parcbellevue.com\/#organization","name":"Camping Parc Bellevue","url":"https:\/\/parcbellevue.com\/","logo":{"@type":"ImageObject","inLanguage":"es","@id":"https:\/\/parcbellevue.com\/#\/schema\/logo\/image\/","url":"https:\/\/parcbellevue.com\/wp-content\/uploads\/2022\/11\/cropped-logo-camping-parc-bellevue.png","contentUrl":"https:\/\/parcbellevue.com\/wp-content\/uploads\/2022\/11\/cropped-logo-camping-parc-bellevue.png","width":902,"height":904,"caption":"Camping Parc Bellevue"},"image":{"@id":"https:\/\/parcbellevue.com\/#\/schema\/logo\/image\/"}}]}},"_links":{"self":[{"href":"https:\/\/parcbellevue.com\/es\/wp-json\/wp\/v2\/pages\/4715","targetHints":{"allow":["GET"]}}],"collection":[{"href":"https:\/\/parcbellevue.com\/es\/wp-json\/wp\/v2\/pages"}],"about":[{"href":"https:\/\/parcbellevue.com\/es\/wp-json\/wp\/v2\/types\/page"}],"author":[{"embeddable":true,"href":"https:\/\/parcbellevue.com\/es\/wp-json\/wp\/v2\/users\/1"}],"replies":[{"embeddable":true,"href":"https:\/\/parcbellevue.com\/es\/wp-json\/wp\/v2\/comments?post=4715"}],"version-history":[{"count":1,"href":"https:\/\/parcbellevue.com\/es\/wp-json\/wp\/v2\/pages\/4715\/revisions"}],"predecessor-version":[{"id":4716,"href":"https:\/\/parcbellevue.com\/es\/wp-json\/wp\/v2\/pages\/4715\/revisions\/4716"}],"wp:attachment":[{"href":"https:\/\/parcbellevue.com\/es\/wp-json\/wp\/v2\/media?parent=4715"}],"wp:term":[{"taxonomy":"sujet","embeddable":true,"href":"https:\/\/parcbellevue.com\/es\/wp-json\/wp\/v2\/sujet?post=4715"}],"curies":[{"name":"wp","href":"https:\/\/api.w.org\/{rel}","templated":true}]}}