{"id":3464,"date":"2023-12-12T17:22:13","date_gmt":"2023-12-12T16:22:13","guid":{"rendered":"https:\/\/parcbellevue.com\/preguntas-frecuentes\/"},"modified":"2026-01-08T10:54:11","modified_gmt":"2026-01-08T09:54:11","slug":"preguntas-frecuentes","status":"publish","type":"page","link":"https:\/\/parcbellevue.com\/es\/preguntas-frecuentes\/","title":{"rendered":"PREGUNTAS FRECUENTES"},"content":{"rendered":"<section id=\"ls-section-block_d896e29fe5e65a5702632ff966d3da9d\" class=\"ls-section  page-titre\" >\r\n        <div class=\"container container--wide\">\r\n        \n\n<h1 class=\"ls__heading wp-block-heading has-text-align-center\">Preguntas frecuentes<\/h1>\n\n\r\n    <\/div>\r\n<\/section><section id=\"ls-section-block_6ecf0d2a72b28a917abacbdc15dca8cd\" class=\"ls-section  home-second page-one\" >\r\n        <div class=\"container \">\r\n        \n<div id=\"faq\" class=\"faq-container\"><div class=\"faq-wrap\" itemscope=\"\" itemtype=\"https:\/\/schema.org\/FAQPage\"><div class=\"faq__box faq__item\"><div class=\"faq__container\"><div class=\"faq__block\" itemscope=\"\" itemprop=\"mainEntity\" itemtype=\"https:\/\/schema.org\/Question\"><details class=\"faq\"><summary class=\"faq-question\" itemprop=\"name\">\u00bfHay transporte p\u00fablico en el camping?<span class=\"faq-opener\"><\/span><\/summary><div class=\"content\" itemscope=\"\" itemprop=\"acceptedAnswer\" itemtype=\"https:\/\/schema.org\/Answer\"><div itemprop=\"text\"><p><p>S\u00ed, cerca del camping hay una parada llamada \u00abLes Aub\u00e9pines\u00bb de la l\u00ednea 2 de la red \u00abPALMBUS\u00bb.<\/p>\n<\/p><\/div><\/div><\/details><\/div><\/div><\/div><div class=\"faq__box faq__item\"><div class=\"faq__container\"><div class=\"faq__block\" itemscope=\"\" itemprop=\"mainEntity\" itemtype=\"https:\/\/schema.org\/Question\"><details class=\"faq\"><summary class=\"faq-question\" itemprop=\"name\">\u00bfHay autobuses por la noche?<span class=\"faq-opener\"><\/span><\/summary><div class=\"content\" itemscope=\"\" itemprop=\"acceptedAnswer\" itemtype=\"https:\/\/schema.org\/Answer\"><div itemprop=\"text\"><p><p>S\u00ed, con un servicio reforzado durante el Festival de Cine y en julio y agosto.<\/p>\n<\/p><\/div><\/div><\/details><\/div><\/div><\/div><div class=\"faq__box faq__item\"><div class=\"faq__container\"><div class=\"faq__block\" itemscope=\"\" itemprop=\"mainEntity\" itemtype=\"https:\/\/schema.org\/Question\"><details class=\"faq\"><summary class=\"faq-question\" itemprop=\"name\">\u00bfA cu\u00e1ntos kil\u00f3metros est\u00e1 la estaci\u00f3n de Cannes?<span class=\"faq-opener\"><\/span><\/summary><div class=\"content\" itemscope=\"\" itemprop=\"acceptedAnswer\" itemtype=\"https:\/\/schema.org\/Answer\"><div itemprop=\"text\"><p><div class=\"panel panel-default\">\n<div id=\"collapse_10\" class=\"panel-collapse collapse in\" role=\"tabpanel\" aria-labelledby=\"heading_10\">\n<div class=\"panel-body\">\n<p>A 5 km del camping, tomar la l\u00ednea 2 y bajar en \u00ables Aub\u00e9pines\u00bb o la l\u00ednea 1 o la l\u00ednea A y bajar en \u00abLa R\u00e9sistance\u00bb.<\/p>\n<\/div>\n<\/div>\n<\/div>\n<div class=\"panel panel-default\">\n<div id=\"heading_11\" class=\"panel-heading\" role=\"tab\"><\/div>\n<\/div>\n<\/p><\/div><\/div><\/details><\/div><\/div><\/div><div class=\"faq__box faq__item\"><div class=\"faq__container\"><div class=\"faq__block\" itemscope=\"\" itemprop=\"mainEntity\" itemtype=\"https:\/\/schema.org\/Question\"><details class=\"faq\"><summary class=\"faq-question\" itemprop=\"name\">Para una parcela de camping, \u00bfse llega todos los d\u00edas?<span class=\"faq-opener\"><\/span><\/summary><div class=\"content\" itemscope=\"\" itemprop=\"acceptedAnswer\" itemtype=\"https:\/\/schema.org\/Answer\"><div itemprop=\"text\"><p><div class=\"panel panel-default\">\n<div id=\"collapse_11\" class=\"panel-collapse collapse in\" role=\"tabpanel\" aria-labelledby=\"heading_11\">\n<div class=\"panel-body\">\n<p>S\u00ed, para las parcelas reservadas para tiendas, caravanas y autocaravanas, la llegada es de lunes a domingo. Para las casas m\u00f3viles, la llegada es el s\u00e1bado o el domingo, seg\u00fan el tipo de casa m\u00f3vil reservada.<\/p>\n<\/div>\n<\/div>\n<\/div>\n<div class=\"panel panel-default\">\n<div id=\"heading_12\" class=\"panel-heading\" role=\"tab\"><\/div>\n<\/div>\n<\/p><\/div><\/div><\/details><\/div><\/div><\/div><div class=\"faq__box faq__item\"><div class=\"faq__container\"><div class=\"faq__block\" itemscope=\"\" itemprop=\"mainEntity\" itemtype=\"https:\/\/schema.org\/Question\"><details class=\"faq\"><summary class=\"faq-question\" itemprop=\"name\">\u00bfTengo que pagar una fianza por el alquiler?<span class=\"faq-opener\"><\/span><\/summary><div class=\"content\" itemscope=\"\" itemprop=\"acceptedAnswer\" itemtype=\"https:\/\/schema.org\/Answer\"><div itemprop=\"text\"><p><div class=\"panel panel-default\">\n<div id=\"collapse_12\" class=\"panel-collapse collapse in\" role=\"tabpanel\" aria-labelledby=\"heading_12\">\n<div class=\"panel-body\">\n<p>S\u00ed, 150 euros por M-H y 50 euros por la limpieza. se paga en efectivo mediante cheque y se le devolver\u00e1 antes de marcharse.<\/p>\n<\/div>\n<\/div>\n<\/div>\n<div class=\"panel panel-default\">\n<div id=\"heading_13\" class=\"panel-heading\" role=\"tab\"><\/div>\n<\/div>\n<\/p><\/div><\/div><\/details><\/div><\/div><\/div><div class=\"faq__box faq__item\"><div class=\"faq__container\"><div class=\"faq__block\" itemscope=\"\" itemprop=\"mainEntity\" itemtype=\"https:\/\/schema.org\/Question\"><details class=\"faq\"><summary class=\"faq-question\" itemprop=\"name\">\u00bfPuedo aparcar mi coche cerca?<span class=\"faq-opener\"><\/span><\/summary><div class=\"content\" itemscope=\"\" itemprop=\"acceptedAnswer\" itemtype=\"https:\/\/schema.org\/Answer\"><div itemprop=\"text\"><p><div class=\"panel panel-default\">\n<div id=\"collapse_13\" class=\"panel-collapse collapse in\" role=\"tabpanel\" aria-labelledby=\"heading_13\">\n<div class=\"panel-body\">\n<p>S\u00ed, hay un espacio para el veh\u00edculo en cada parcela.<\/p>\n<\/div>\n<\/div>\n<\/div>\n<div class=\"panel panel-default\">\n<div id=\"heading_14\" class=\"panel-heading\" role=\"tab\"><\/div>\n<\/div>\n<\/p><\/div><\/div><\/details><\/div><\/div><\/div><div class=\"faq__box faq__item\"><div class=\"faq__container\"><div class=\"faq__block\" itemscope=\"\" itemprop=\"mainEntity\" itemtype=\"https:\/\/schema.org\/Question\"><details class=\"faq\"><summary class=\"faq-question\" itemprop=\"name\">\u00bfA qu\u00e9 distancia est\u00e1 el primer centro comercial?<span class=\"faq-opener\"><\/span><\/summary><div class=\"content\" itemscope=\"\" itemprop=\"acceptedAnswer\" itemtype=\"https:\/\/schema.org\/Answer\"><div itemprop=\"text\"><p><div class=\"panel panel-default\">\n<div id=\"collapse_14\" class=\"panel-collapse collapse in\" role=\"tabpanel\" aria-labelledby=\"heading_14\">\n<div class=\"panel-body\">\n<p>Aproximadamente a 1 km y el centro de Cannes La Bocca est\u00e1 a 1,5 km.<\/p>\n<\/div>\n<\/div>\n<\/div>\n<div class=\"panel panel-default\">\n<div id=\"heading_15\" class=\"panel-heading\" role=\"tab\"><\/div>\n<\/div>\n<\/p><\/div><\/div><\/details><\/div><\/div><\/div><div class=\"faq__box faq__item\"><div class=\"faq__container\"><div class=\"faq__block\" itemscope=\"\" itemprop=\"mainEntity\" itemtype=\"https:\/\/schema.org\/Question\"><details class=\"faq\"><summary class=\"faq-question\" itemprop=\"name\">\u00bfTiene un v\u00eddeo de la regi\u00f3n?<span class=\"faq-opener\"><\/span><\/summary><div class=\"content\" itemscope=\"\" itemprop=\"acceptedAnswer\" itemtype=\"https:\/\/schema.org\/Answer\"><div itemprop=\"text\"><p><p><iframe loading=\"lazy\" title=\"Reproductor de v\u00eddeo YouTube\" src=\"https:\/\/www.youtube.com\/embed\/isN8hnDwwWw?si=X5E6z145R8i_O_0M\" width=\"100%\" height=\"550\" frameborder=\"0\" allowfullscreen=\"allowfullscreen\"><\/iframe><\/p>\n<\/p><\/div><\/div><\/details><\/div><\/div><\/div><div class=\"faq__box faq__item\"><div class=\"faq__container\"><div class=\"faq__block\" itemscope=\"\" itemprop=\"mainEntity\" itemtype=\"https:\/\/schema.org\/Question\"><details class=\"faq\"><summary class=\"faq-question\" itemprop=\"name\">\u00bfCu\u00e1l es el n\u00famero de lanzamientos?<span class=\"faq-opener\"><\/span><\/summary><div class=\"content\" itemscope=\"\" itemprop=\"acceptedAnswer\" itemtype=\"https:\/\/schema.org\/Answer\"><div itemprop=\"text\"><p><div class=\"panel panel-default\">\n<div id=\"collapse_20\" class=\"panel-collapse collapse in\" role=\"tabpanel\" aria-labelledby=\"heading_20\">\n<div class=\"panel-body\">\n<p>El camping ofrece 212 parcelas para acampada tradicional (tienda, caravana, autocaravana) y alquiler de autocaravanas.<\/p>\n<\/div>\n<\/div>\n<\/div>\n<div class=\"panel panel-default\">\n<div id=\"heading_21\" class=\"panel-heading\" role=\"tab\"><\/div>\n<\/div>\n<\/p><\/div><\/div><\/details><\/div><\/div><\/div><div class=\"faq__box faq__item\"><div class=\"faq__container\"><div class=\"faq__block\" itemscope=\"\" itemprop=\"mainEntity\" itemtype=\"https:\/\/schema.org\/Question\"><details class=\"faq\"><summary class=\"faq-question\" itemprop=\"name\">\u00bfDispone el camping de una parcela PMR?<span class=\"faq-opener\"><\/span><\/summary><div class=\"content\" itemscope=\"\" itemprop=\"acceptedAnswer\" itemtype=\"https:\/\/schema.org\/Answer\"><div itemprop=\"text\"><p><div class=\"panel panel-default\">\n<div id=\"collapse_21\" class=\"panel-collapse collapse in\" role=\"tabpanel\" aria-labelledby=\"heading_21\">\n<div class=\"panel-body\">\n<p>S\u00ed, nuestro establecimiento dispone de 2 caba\u00f1as que cumplen las normas para \u00abminusv\u00e1lidos\u00bb. ducha wc lavabo as\u00ed como zona de lavado y lavander\u00eda<\/p>\n<\/div>\n<\/div>\n<\/div>\n<div class=\"panel panel-default\">\n<div id=\"heading_1\" class=\"panel-heading\" role=\"tab\"><\/div>\n<\/div>\n<\/p><\/div><\/div><\/details><\/div><\/div><\/div><div class=\"faq__box faq__item\"><div class=\"faq__container\"><div class=\"faq__block\" itemscope=\"\" itemprop=\"mainEntity\" itemtype=\"https:\/\/schema.org\/Question\"><details class=\"faq\"><summary class=\"faq-question\" itemprop=\"name\">\u00bfA qu\u00e9 distancia est\u00e1 la playa?<span class=\"faq-opener\"><\/span><\/summary><div class=\"content\" itemscope=\"\" itemprop=\"acceptedAnswer\" itemtype=\"https:\/\/schema.org\/Answer\"><div itemprop=\"text\"><p><div class=\"panel panel-default\">\n<div id=\"collapse_1\" class=\"panel-collapse collapse in\" role=\"tabpanel\" aria-labelledby=\"heading_1\">\n<div class=\"panel-body\">\n<p>La playa est\u00e1 a 2 km del camping, es de arena y el aparcamiento es gratuito.<\/p>\n<\/div>\n<\/div>\n<\/div>\n<div class=\"panel panel-default\">\n<div id=\"heading_2\" class=\"panel-heading\" role=\"tab\"><\/div>\n<\/div>\n<\/p><\/div><\/div><\/details><\/div><\/div><\/div><div class=\"faq__box faq__item\"><div class=\"faq__container\"><div class=\"faq__block\" itemscope=\"\" itemprop=\"mainEntity\" itemtype=\"https:\/\/schema.org\/Question\"><details class=\"faq\"><summary class=\"faq-question\" itemprop=\"name\">\u00bfA qu\u00e9 distancia est\u00e1 el centro de la ciudad?<span class=\"faq-opener\"><\/span><\/summary><div class=\"content\" itemscope=\"\" itemprop=\"acceptedAnswer\" itemtype=\"https:\/\/schema.org\/Answer\"><div itemprop=\"text\"><p><div class=\"col-md-9\">\n<div class=\"travelo-box\">\n<div id=\"accordion\" class=\"panel-group\" role=\"tablist\" aria-multiselectable=\"true\">\n<div class=\"panel panel-default\">\n<div id=\"collapse_2\" class=\"panel-collapse collapse in\" role=\"tabpanel\" aria-labelledby=\"heading_2\">\n<div class=\"panel-body\">\n<p>El camping est\u00e1 a 6 km del centro de Cannes y de la famosa Croisette.<\/p>\n<\/div>\n<\/div>\n<\/div>\n<\/div>\n<\/div>\n<\/div>\n<div class=\"sidebar col-md-3\">\n<article class=\"detailed-logo\">\n<form action=\"https:\/\/naxiresa.inaxel.com\/etape2-sejours.php\" method=\"get\" target=\"_blank\">\n<div class=\"row\">\n<div class=\"form-group col-sm-12 col-md-12\"><\/div>\n<\/div>\n<\/form>\n<\/article>\n<\/div>\n<\/p><\/div><\/div><\/details><\/div><\/div><\/div><\/div><\/div>\n\r\n    <\/div>\r\n<\/section>","protected":false},"excerpt":{"rendered":"","protected":false},"author":1,"featured_media":0,"parent":0,"menu_order":0,"comment_status":"closed","ping_status":"closed","template":"","meta":{"_acf_changed":false,"footnotes":""},"sujet":[],"class_list":["post-3464","page","type-page","status-publish","hentry"],"acf":[],"yoast_head":"<!-- This site is optimized with the Yoast SEO plugin v23.4 - https:\/\/yoast.com\/wordpress\/plugins\/seo\/ -->\n<title>FAQ | Preguntas frecuentes<\/title>\n<meta name=\"robots\" content=\"index, follow, max-snippet:-1, max-image-preview:large, max-video-preview:-1\" \/>\n<link rel=\"canonical\" href=\"https:\/\/parcbellevue.com\/es\/preguntas-frecuentes\/\" \/>\n<meta property=\"og:locale\" content=\"es_ES\" \/>\n<meta property=\"og:type\" content=\"article\" \/>\n<meta property=\"og:title\" content=\"FAQ | Preguntas frecuentes\" \/>\n<meta property=\"og:url\" content=\"https:\/\/parcbellevue.com\/es\/preguntas-frecuentes\/\" \/>\n<meta property=\"og:site_name\" content=\"Camping Parc Bellevue\" \/>\n<meta property=\"article:modified_time\" content=\"2026-01-08T09:54:11+00:00\" \/>\n<meta name=\"twitter:card\" content=\"summary_large_image\" \/>\n<script type=\"application\/ld+json\" class=\"yoast-schema-graph\">{\"@context\":\"https:\/\/schema.org\",\"@graph\":[{\"@type\":\"WebPage\",\"@id\":\"https:\/\/parcbellevue.com\/es\/preguntas-frecuentes\/\",\"url\":\"https:\/\/parcbellevue.com\/es\/preguntas-frecuentes\/\",\"name\":\"FAQ | Preguntas frecuentes\",\"isPartOf\":{\"@id\":\"https:\/\/parcbellevue.com\/#website\"},\"datePublished\":\"2023-12-12T16:22:13+00:00\",\"dateModified\":\"2026-01-08T09:54:11+00:00\",\"breadcrumb\":{\"@id\":\"https:\/\/parcbellevue.com\/es\/preguntas-frecuentes\/#breadcrumb\"},\"inLanguage\":\"es\",\"potentialAction\":[{\"@type\":\"ReadAction\",\"target\":[\"https:\/\/parcbellevue.com\/es\/preguntas-frecuentes\/\"]}]},{\"@type\":\"BreadcrumbList\",\"@id\":\"https:\/\/parcbellevue.com\/es\/preguntas-frecuentes\/#breadcrumb\",\"itemListElement\":[{\"@type\":\"ListItem\",\"position\":1,\"name\":\"Camping Cannes\",\"item\":\"https:\/\/parcbellevue.com\/es\/\"},{\"@type\":\"ListItem\",\"position\":2,\"name\":\"PREGUNTAS FRECUENTES\"}]},{\"@type\":\"WebSite\",\"@id\":\"https:\/\/parcbellevue.com\/#website\",\"url\":\"https:\/\/parcbellevue.com\/\",\"name\":\"Camping Parc Bellevue\",\"description\":\"\",\"publisher\":{\"@id\":\"https:\/\/parcbellevue.com\/#organization\"},\"potentialAction\":[{\"@type\":\"SearchAction\",\"target\":{\"@type\":\"EntryPoint\",\"urlTemplate\":\"https:\/\/parcbellevue.com\/?s={search_term_string}\"},\"query-input\":{\"@type\":\"PropertyValueSpecification\",\"valueRequired\":true,\"valueName\":\"search_term_string\"}}],\"inLanguage\":\"es\"},{\"@type\":\"Organization\",\"@id\":\"https:\/\/parcbellevue.com\/#organization\",\"name\":\"Camping Parc Bellevue\",\"url\":\"https:\/\/parcbellevue.com\/\",\"logo\":{\"@type\":\"ImageObject\",\"inLanguage\":\"es\",\"@id\":\"https:\/\/parcbellevue.com\/#\/schema\/logo\/image\/\",\"url\":\"https:\/\/parcbellevue.com\/wp-content\/uploads\/2022\/11\/cropped-logo-camping-parc-bellevue.png\",\"contentUrl\":\"https:\/\/parcbellevue.com\/wp-content\/uploads\/2022\/11\/cropped-logo-camping-parc-bellevue.png\",\"width\":902,\"height\":904,\"caption\":\"Camping Parc Bellevue\"},\"image\":{\"@id\":\"https:\/\/parcbellevue.com\/#\/schema\/logo\/image\/\"}}]}<\/script>\n<!-- \/ Yoast SEO plugin. -->","yoast_head_json":{"title":"FAQ | Preguntas frecuentes","robots":{"index":"index","follow":"follow","max-snippet":"max-snippet:-1","max-image-preview":"max-image-preview:large","max-video-preview":"max-video-preview:-1"},"canonical":"https:\/\/parcbellevue.com\/es\/preguntas-frecuentes\/","og_locale":"es_ES","og_type":"article","og_title":"FAQ | Preguntas frecuentes","og_url":"https:\/\/parcbellevue.com\/es\/preguntas-frecuentes\/","og_site_name":"Camping Parc Bellevue","article_modified_time":"2026-01-08T09:54:11+00:00","twitter_card":"summary_large_image","schema":{"@context":"https:\/\/schema.org","@graph":[{"@type":"WebPage","@id":"https:\/\/parcbellevue.com\/es\/preguntas-frecuentes\/","url":"https:\/\/parcbellevue.com\/es\/preguntas-frecuentes\/","name":"FAQ | Preguntas frecuentes","isPartOf":{"@id":"https:\/\/parcbellevue.com\/#website"},"datePublished":"2023-12-12T16:22:13+00:00","dateModified":"2026-01-08T09:54:11+00:00","breadcrumb":{"@id":"https:\/\/parcbellevue.com\/es\/preguntas-frecuentes\/#breadcrumb"},"inLanguage":"es","potentialAction":[{"@type":"ReadAction","target":["https:\/\/parcbellevue.com\/es\/preguntas-frecuentes\/"]}]},{"@type":"BreadcrumbList","@id":"https:\/\/parcbellevue.com\/es\/preguntas-frecuentes\/#breadcrumb","itemListElement":[{"@type":"ListItem","position":1,"name":"Camping Cannes","item":"https:\/\/parcbellevue.com\/es\/"},{"@type":"ListItem","position":2,"name":"PREGUNTAS FRECUENTES"}]},{"@type":"WebSite","@id":"https:\/\/parcbellevue.com\/#website","url":"https:\/\/parcbellevue.com\/","name":"Camping Parc Bellevue","description":"","publisher":{"@id":"https:\/\/parcbellevue.com\/#organization"},"potentialAction":[{"@type":"SearchAction","target":{"@type":"EntryPoint","urlTemplate":"https:\/\/parcbellevue.com\/?s={search_term_string}"},"query-input":{"@type":"PropertyValueSpecification","valueRequired":true,"valueName":"search_term_string"}}],"inLanguage":"es"},{"@type":"Organization","@id":"https:\/\/parcbellevue.com\/#organization","name":"Camping Parc Bellevue","url":"https:\/\/parcbellevue.com\/","logo":{"@type":"ImageObject","inLanguage":"es","@id":"https:\/\/parcbellevue.com\/#\/schema\/logo\/image\/","url":"https:\/\/parcbellevue.com\/wp-content\/uploads\/2022\/11\/cropped-logo-camping-parc-bellevue.png","contentUrl":"https:\/\/parcbellevue.com\/wp-content\/uploads\/2022\/11\/cropped-logo-camping-parc-bellevue.png","width":902,"height":904,"caption":"Camping Parc Bellevue"},"image":{"@id":"https:\/\/parcbellevue.com\/#\/schema\/logo\/image\/"}}]}},"_links":{"self":[{"href":"https:\/\/parcbellevue.com\/es\/wp-json\/wp\/v2\/pages\/3464","targetHints":{"allow":["GET"]}}],"collection":[{"href":"https:\/\/parcbellevue.com\/es\/wp-json\/wp\/v2\/pages"}],"about":[{"href":"https:\/\/parcbellevue.com\/es\/wp-json\/wp\/v2\/types\/page"}],"author":[{"embeddable":true,"href":"https:\/\/parcbellevue.com\/es\/wp-json\/wp\/v2\/users\/1"}],"replies":[{"embeddable":true,"href":"https:\/\/parcbellevue.com\/es\/wp-json\/wp\/v2\/comments?post=3464"}],"version-history":[{"count":4,"href":"https:\/\/parcbellevue.com\/es\/wp-json\/wp\/v2\/pages\/3464\/revisions"}],"predecessor-version":[{"id":5233,"href":"https:\/\/parcbellevue.com\/es\/wp-json\/wp\/v2\/pages\/3464\/revisions\/5233"}],"wp:attachment":[{"href":"https:\/\/parcbellevue.com\/es\/wp-json\/wp\/v2\/media?parent=3464"}],"wp:term":[{"taxonomy":"sujet","embeddable":true,"href":"https:\/\/parcbellevue.com\/es\/wp-json\/wp\/v2\/sujet?post=3464"}],"curies":[{"name":"wp","href":"https:\/\/api.w.org\/{rel}","templated":true}]}}