{"id":3450,"date":"2023-12-12T17:18:44","date_gmt":"2023-12-12T16:18:44","guid":{"rendered":"https:\/\/parcbellevue.com\/turismo-cote-azur\/"},"modified":"2023-12-13T15:05:16","modified_gmt":"2023-12-13T14:05:16","slug":"turismo-cote-azur","status":"publish","type":"page","link":"https:\/\/parcbellevue.com\/es\/turismo-cote-azur\/","title":{"rendered":"Lugares para visitar cerca de Cannes"},"content":{"rendered":"<section id=\"ls-section-block_86497b205bbd5d78e24455380e86ee04\" class=\"ls-section  page-titre\" >\r\n        <div class=\"container container--wide\">\r\n        \n\n<h1 class=\"ls__heading wp-block-heading has-text-align-center\">Los lugares m\u00e1s bonitos para visitar cerca de Cannes<\/h1>\n\n\r\n    <\/div>\r\n<\/section><section id=\"ls-section-block_f9e39ee2eba4b891c27bf86a31dedaf0\" class=\"ls-section  home-second page-one\" >\r\n        <div class=\"container container--full\">\r\n        \n\n<div class=\"wp-block-columns is-layout-flex wp-container-core-columns-is-layout-9d6595d7 wp-block-columns-is-layout-flex\">\n<div class=\"wp-block-column is-layout-flow wp-block-column-is-layout-flow\" style=\"flex-basis:45%\">\n<h2 class=\"ls__heading wp-block-heading\">Visite las ciudades imprescindibles de la Costa Azul<\/h2>\n\n\n\n<p class=\"ls-paragraph\">La <a href=\"https:\/\/cotedazurfrance.fr\/\" target=\"_blank\" rel=\"noreferrer noopener\">Costa Azul<\/a>, con su clima mediterr\u00e1neo, sus playas de arena fina y sus ciudades con encanto, es un destino de vacaciones ideal. Comience su viaje en <a href=\"https:\/\/www.explorenicecotedazur.com\/\" target=\"_blank\" rel=\"noreferrer noopener\">Nice<\/a>, famosa por su <strong>casco antiguo<\/strong> y el <strong>Promenade des Anglais<\/strong>. A continuaci\u00f3n, dir\u00edjase a <strong>Cannes<\/strong>, famosa por su festival de cine y sus populares playas.<\/p>\n\n\n\n<p class=\"ls-paragraph\">No se pierda <strong>Antibes<\/strong> y su soberbia pen\u00ednsula de Cap d&#8217;Antibes, ni Saint-Jean Cap Ferrat, con sus restos arqueol\u00f3gicos. Entre el mar y la monta\u00f1a, Cap d&#8217;Ail posee algunas de las <strong>playas v\u00edrgenes m\u00e1s bellas de la Costa Azul<\/strong>.<\/p>\n\n\n\n<p class=\"ls-paragraph\"><a href=\"https:\/\/www.visitmonaco.com\/fr\" target=\"_blank\" rel=\"noreferrer noopener\">M\u00f3naco<\/a>, encaramada a su roca, es una ciudad-estado con un encanto \u00fanico. Juan Les Pins es la ciudad de las fiestas y las veladas musicales, mientras que Th\u00e9oule sur Mer posee un encantador centro urbano y vistas al macizo del Esterel.<\/p>\n\n\n\n<p class=\"ls-paragraph addReadMore showlesscontent\"><a href=\"https:\/\/www.sainttropeztourisme.com\/fr\/\" target=\"_blank\" rel=\"noreferrer noopener\">Saint-Tropez<\/a> es una cita obligada para <strong>los famosos<\/strong> de todo el mundo durante el verano, y Hy\u00e8res, con sus numerosas palmeras y su largo paseo mar\u00edtimo, tiene un aire a un peque\u00f1o Los \u00c1ngeles.<br\/>Cada ciudad de la Costa Azul tiene su encanto y sus atractivos. Su camping Paradis Parc Bellevue (casa) es el lugar ideal para disfrutar de unas vacaciones variadas y emocionantes.<\/p>\n<\/div>\n\n\n\n<div class=\"wp-block-column column-parallax is-layout-flow wp-block-column-is-layout-flow\" style=\"flex-basis:55%\">\n<figure class=\"wp-block-image size-full animated fadeInRight delay-100ms slow\"><a href=\"https:\/\/parcbellevue.com\/wp-content\/uploads\/2023\/11\/nice_resultat.webp\"><img decoding=\"async\" width=\"1920\" height=\"1280\" src=\"https:\/\/parcbellevue.com\/wp-content\/uploads\/2023\/11\/nice_resultat.webp\" alt=\"buen resultado\" class=\"wp-image-2912\" srcset=\"https:\/\/parcbellevue.com\/wp-content\/uploads\/2023\/11\/nice_resultat.webp 1920w, https:\/\/parcbellevue.com\/wp-content\/uploads\/2023\/11\/nice_resultat-300x200.webp 300w, https:\/\/parcbellevue.com\/wp-content\/uploads\/2023\/11\/nice_resultat-1024x683.webp 1024w, https:\/\/parcbellevue.com\/wp-content\/uploads\/2023\/11\/nice_resultat-768x512.webp 768w, https:\/\/parcbellevue.com\/wp-content\/uploads\/2023\/11\/nice_resultat-1536x1024.webp 1536w\" sizes=\"(max-width: 1920px) 100vw, 1920px\" \/><\/a><\/figure>\n<\/div>\n<\/div>\n\n\r\n    <\/div>\r\n<\/section><section id=\"ls-section-block_9c6ba3d302af2bd8ef11eca008976a3c\" class=\"ls-section  home-third page-two\" >\r\n        <div class=\"container container--full\">\r\n        \n\n<div class=\"wp-block-columns are-vertically-aligned-top is-layout-flex wp-container-core-columns-is-layout-9d6595d7 wp-block-columns-is-layout-flex\">\n<div class=\"wp-block-column is-vertically-aligned-top column-parallax is-layout-flow wp-block-column-is-layout-flow\">\n<figure class=\"wp-block-gallery has-nested-images columns-default is-cropped wp-block-gallery-1 is-layout-flex wp-block-gallery-is-layout-flex\">\n<figure class=\"wp-block-image size-full animated fadeIn delay-100ms slow\"><a href=\"https:\/\/parcbellevue.com\/wp-content\/uploads\/2023\/11\/alex-mesmer-lzxzvj7nvnc-unsplash_resultat.webp\"><img decoding=\"async\" width=\"1920\" height=\"1280\" data-id=\"2919\" src=\"https:\/\/parcbellevue.com\/wp-content\/uploads\/2023\/11\/alex-mesmer-lzxzvj7nvnc-unsplash_resultat.webp\" alt=\"alex mesmer lzxzvj7nvnc unsplash resultat\" class=\"wp-image-2919\" srcset=\"https:\/\/parcbellevue.com\/wp-content\/uploads\/2023\/11\/alex-mesmer-lzxzvj7nvnc-unsplash_resultat.webp 1920w, https:\/\/parcbellevue.com\/wp-content\/uploads\/2023\/11\/alex-mesmer-lzxzvj7nvnc-unsplash_resultat-300x200.webp 300w, https:\/\/parcbellevue.com\/wp-content\/uploads\/2023\/11\/alex-mesmer-lzxzvj7nvnc-unsplash_resultat-1024x683.webp 1024w, https:\/\/parcbellevue.com\/wp-content\/uploads\/2023\/11\/alex-mesmer-lzxzvj7nvnc-unsplash_resultat-768x512.webp 768w, https:\/\/parcbellevue.com\/wp-content\/uploads\/2023\/11\/alex-mesmer-lzxzvj7nvnc-unsplash_resultat-1536x1024.webp 1536w\" sizes=\"(max-width: 1920px) 100vw, 1920px\" \/><\/a><\/figure>\n\n\n\n<figure class=\"wp-block-image size-full animated fadeIn delay-500ms slow\"><a href=\"https:\/\/parcbellevue.com\/wp-content\/uploads\/2023\/12\/lieux-a-visiter-autour-de-cannes.webp\"><img decoding=\"async\" width=\"900\" height=\"1352\" data-id=\"3815\" src=\"https:\/\/parcbellevue.com\/wp-content\/uploads\/2023\/12\/lieux-a-visiter-autour-de-cannes.webp\" alt=\"lugares que visitar en cannes\" class=\"wp-image-3815\" srcset=\"https:\/\/parcbellevue.com\/wp-content\/uploads\/2023\/12\/lieux-a-visiter-autour-de-cannes.webp 900w, https:\/\/parcbellevue.com\/wp-content\/uploads\/2023\/12\/lieux-a-visiter-autour-de-cannes-200x300.webp 200w, https:\/\/parcbellevue.com\/wp-content\/uploads\/2023\/12\/lieux-a-visiter-autour-de-cannes-682x1024.webp 682w, https:\/\/parcbellevue.com\/wp-content\/uploads\/2023\/12\/lieux-a-visiter-autour-de-cannes-768x1154.webp 768w\" sizes=\"(max-width: 900px) 100vw, 900px\" \/><\/a><\/figure>\n<\/figure>\n<\/div>\n\n\n\n<div class=\"wp-block-column is-vertically-aligned-top is-layout-flow wp-block-column-is-layout-flow\">\n<div class=\"wp-block-columns are-vertically-aligned-center wp-block-columns__padding-right is-layout-flex wp-container-core-columns-is-layout-9d6595d7 wp-block-columns-is-layout-flex\">\n<div class=\"wp-block-column is-vertically-aligned-center is-layout-flow wp-block-column-is-layout-flow\">\n<h2 class=\"ls__heading wp-block-heading has-color-3-color has-text-color\">Descubra los pueblos de monta\u00f1a de la Costa Azul<\/h2>\n\n\n\n<p class=\"ls-paragraph\">Entre el mar y la monta\u00f1a, la Costa Azul est\u00e1 salpicada de <strong>encantadores pueblos<\/strong> <strong>en lo alto de las colinas<\/strong> que dominan el litoral, ofreciendo impresionantes vistas panor\u00e1micas y un completo cambio de escenario para sus vacaciones o negocios.<strong> <\/strong>Qu\u00e9date. Desde patrimonio hist\u00f3rico hasta <strong>exuberantes<\/strong> <strong>paisajes<\/strong> verdes, estos pueblos le invitan a<strong> <\/strong>descubra otra faceta de la Costa Azul.<\/p>\n\n\n\n<p class=\"ls-paragraph\">De <strong>Grasse<\/strong> a <strong>Menton<\/strong>, estos remansos de paz se asoman majestuosamente al litoral mediterr\u00e1neo. Al girar por cada callejuela empedrada, las tonalidades azules del mar Mediterr\u00e1neo se mezclan con los colores c\u00e1lidos de las fachadas de las casas. Estos pueblos joya ofrecen vistas de hasta 360 grados, desde la frontera italiana hasta el golfo de Saint-Tropez.<\/p>\n\n\n\n<p class=\"ls-paragraph\">A <strong>Gourdon<\/strong>, enclavado en el interior de Grasse, se llega por carreteras sinuosas a trav\u00e9s de las gargantas del Loup, que ofrecen un paisaje impresionante. <strong>Saint-Paul de Vence <\/strong>y <strong>Tourrettes-sur-Loup<\/strong> tambi\u00e9n son f\u00e1cilmente accesibles desde Gourdon, o directamente a trav\u00e9s de Cagnes-sur-Mer. Las sinuosas carreteras de Coaraze y Sainte-Agn\u00e8s son m\u00e1s largas, pero merece la pena desviarse. Cerca de la costa, los <strong>pueblos<\/strong> de <strong>\u00c8ze<\/strong> y <strong>Roquebrune<\/strong> casi se funden con el paisaje italiano. Aqu\u00ed, las piedras antiguas se mezclan armoniosamente con los vivos colores de las fachadas de las casas e iglesias.<\/p>\n\n\n\n<p class=\"ls-paragraph addReadMore showlesscontent\">Ricos en historia, estos <strong>pueblos son testigos del pasado:<\/strong> murallas, castillos, peque\u00f1as iglesias con encanto y lavaderos. Los <strong>amantes del arte<\/strong> tambi\u00e9n encontrar\u00e1n aqu\u00ed mucho que disfrutar, ya que muchos artistas como Renoir, Chagall, Matisse, Cocteau y Le Corbusier han elegido estos pueblos para crear o ser enterrados en ellos.<br\/><\/p>\n<\/div>\n<\/div>\n<\/div>\n<\/div>\n\n\r\n    <\/div>\r\n<\/section><section id=\"ls-section-block_61f52f6fcd130f375e1d27cd588f9c58\" class=\"ls-section  page-four column-parallax-reverse\" >\r\n        <div class=\"container container--wide\">\r\n        \n\n<div id=\"ls-heading ls-titre-div-block_8123126d0e2469e70371b4b39904c2c5\" class=\"ls-titre-div aligncenter h2-like\" >\n    M\u00e1s informaci\u00f3n<\/div>\n\n\n<div id=\"ls-maillage-block_6ece52c098555953ab0b1e6525a0f5cc\" class=\"ls-maillage cta-style-normal\" data-rows=\"3\">\n    <div class=\"wp-block-columns\"><div class=\"wp-block-column\"><div class=\"ls-cta\">\n\n<a href=\"https:\/\/parcbellevue.com\/es\/camping-cerca-de-las-islas-lerins\/\" target=\"\" rel=\"noopener\" class=\"ls-cta__link\">\n\n\t<div class=\"ls-cta__image\"><img decoding=\"async\" src=\"https:\/\/parcbellevue.com\/wp-content\/uploads\/2023\/11\/Forteresse_sur_la_mer.webp\" alt=\"visita las islas de lerins\"><\/div>\n\t<div class=\"ls-cta__title\">\n\t\tIslas L\u00e9rins\t<\/div>\n\n\t\n\t<span class=\"bellevue-arrow ls-cta__arrow\"><\/span>\n\n<\/a><\/div><\/div><div class=\"wp-block-column\"><div class=\"ls-cta\">\n\n<a href=\"https:\/\/parcbellevue.com\/es\/camping-deportes-actividades-cote-azur\/\" target=\"\" rel=\"noopener\" class=\"ls-cta__link\">\n\n\t<div class=\"ls-cta__image\"><img decoding=\"async\" src=\"https:\/\/parcbellevue.com\/wp-content\/uploads\/2023\/11\/rafting-168007_1920_resultat.webp\" alt=\"rafting\"><\/div>\n\t<div class=\"ls-cta__title\">\n\t\tActividades deportivas en el camping\t<\/div>\n\n\t\n\t<span class=\"bellevue-arrow ls-cta__arrow\"><\/span>\n\n<\/a><\/div><\/div><div class=\"wp-block-column\"><div class=\"ls-cta\">\n\n<a href=\"https:\/\/parcbellevue.com\/es\/camping-cerca-del-palais-des-festivals-cannes\/\" target=\"\" rel=\"noopener\" class=\"ls-cta__link\">\n\n\t<div class=\"ls-cta__image\"><img decoding=\"async\" src=\"https:\/\/parcbellevue.com\/wp-content\/uploads\/2023\/10\/palais-des-festivals-cannes-camping-parc-bellevue.webp\" alt=\"alojamiento en el festival de cannes\"><\/div>\n\t<div class=\"ls-cta__title\">\n\t\tEl palacio de festivales\t<\/div>\n\n\t\n\t<span class=\"bellevue-arrow ls-cta__arrow\"><\/span>\n\n<\/a><\/div><\/div><\/div><\/div>\n\r\n    <\/div>\r\n<\/section>","protected":false},"excerpt":{"rendered":"","protected":false},"author":1,"featured_media":3021,"parent":0,"menu_order":0,"comment_status":"closed","ping_status":"closed","template":"","meta":{"_acf_changed":false,"footnotes":""},"sujet":[],"class_list":["post-3450","page","type-page","status-publish","has-post-thumbnail","hentry"],"acf":[],"yoast_head":"<!-- This site is optimized with the Yoast SEO plugin v23.4 - https:\/\/yoast.com\/wordpress\/plugins\/seo\/ -->\n<title>Turismo Costa Azul | Qu\u00e9 hacer en la Costa Azul<\/title>\n<meta name=\"robots\" content=\"index, follow, max-snippet:-1, max-image-preview:large, max-video-preview:-1\" \/>\n<link rel=\"canonical\" href=\"https:\/\/parcbellevue.com\/es\/turismo-cote-azur\/\" \/>\n<meta property=\"og:locale\" content=\"es_ES\" \/>\n<meta property=\"og:type\" content=\"article\" \/>\n<meta property=\"og:title\" content=\"Turismo Costa Azul | Qu\u00e9 hacer en la Costa Azul\" \/>\n<meta property=\"og:url\" content=\"https:\/\/parcbellevue.com\/es\/turismo-cote-azur\/\" \/>\n<meta property=\"og:site_name\" content=\"Camping Parc Bellevue\" \/>\n<meta property=\"article:modified_time\" content=\"2023-12-13T14:05:16+00:00\" \/>\n<meta property=\"og:image\" content=\"https:\/\/parcbellevue.com\/wp-content\/uploads\/2023\/11\/menton-7093335_1920-1.webp\" \/>\n\t<meta property=\"og:image:width\" content=\"1920\" \/>\n\t<meta property=\"og:image:height\" content=\"1272\" \/>\n\t<meta property=\"og:image:type\" content=\"image\/webp\" \/>\n<meta name=\"twitter:card\" content=\"summary_large_image\" \/>\n<meta name=\"twitter:label1\" content=\"Tiempo de lectura\" \/>\n\t<meta name=\"twitter:data1\" content=\"3 minutos\" \/>\n<script type=\"application\/ld+json\" class=\"yoast-schema-graph\">{\"@context\":\"https:\/\/schema.org\",\"@graph\":[{\"@type\":\"WebPage\",\"@id\":\"https:\/\/parcbellevue.com\/es\/turismo-cote-azur\/\",\"url\":\"https:\/\/parcbellevue.com\/es\/turismo-cote-azur\/\",\"name\":\"Turismo Costa Azul | Qu\u00e9 hacer en la Costa Azul\",\"isPartOf\":{\"@id\":\"https:\/\/parcbellevue.com\/#website\"},\"primaryImageOfPage\":{\"@id\":\"https:\/\/parcbellevue.com\/es\/turismo-cote-azur\/#primaryimage\"},\"image\":{\"@id\":\"https:\/\/parcbellevue.com\/es\/turismo-cote-azur\/#primaryimage\"},\"thumbnailUrl\":\"https:\/\/parcbellevue.com\/wp-content\/uploads\/2023\/11\/menton-7093335_1920-1.webp\",\"datePublished\":\"2023-12-12T16:18:44+00:00\",\"dateModified\":\"2023-12-13T14:05:16+00:00\",\"breadcrumb\":{\"@id\":\"https:\/\/parcbellevue.com\/es\/turismo-cote-azur\/#breadcrumb\"},\"inLanguage\":\"es\",\"potentialAction\":[{\"@type\":\"ReadAction\",\"target\":[\"https:\/\/parcbellevue.com\/es\/turismo-cote-azur\/\"]}]},{\"@type\":\"ImageObject\",\"inLanguage\":\"es\",\"@id\":\"https:\/\/parcbellevue.com\/es\/turismo-cote-azur\/#primaryimage\",\"url\":\"https:\/\/parcbellevue.com\/wp-content\/uploads\/2023\/11\/menton-7093335_1920-1.webp\",\"contentUrl\":\"https:\/\/parcbellevue.com\/wp-content\/uploads\/2023\/11\/menton-7093335_1920-1.webp\",\"width\":1920,\"height\":1272,\"caption\":\"barbilla\"},{\"@type\":\"BreadcrumbList\",\"@id\":\"https:\/\/parcbellevue.com\/es\/turismo-cote-azur\/#breadcrumb\",\"itemListElement\":[{\"@type\":\"ListItem\",\"position\":1,\"name\":\"Camping Cannes\",\"item\":\"https:\/\/parcbellevue.com\/es\/\"},{\"@type\":\"ListItem\",\"position\":2,\"name\":\"Camping cerca de actividades deportivas en la Costa Azul\"}]},{\"@type\":\"WebSite\",\"@id\":\"https:\/\/parcbellevue.com\/#website\",\"url\":\"https:\/\/parcbellevue.com\/\",\"name\":\"Camping Parc Bellevue\",\"description\":\"\",\"publisher\":{\"@id\":\"https:\/\/parcbellevue.com\/#organization\"},\"potentialAction\":[{\"@type\":\"SearchAction\",\"target\":{\"@type\":\"EntryPoint\",\"urlTemplate\":\"https:\/\/parcbellevue.com\/?s={search_term_string}\"},\"query-input\":{\"@type\":\"PropertyValueSpecification\",\"valueRequired\":true,\"valueName\":\"search_term_string\"}}],\"inLanguage\":\"es\"},{\"@type\":\"Organization\",\"@id\":\"https:\/\/parcbellevue.com\/#organization\",\"name\":\"Camping Parc Bellevue\",\"url\":\"https:\/\/parcbellevue.com\/\",\"logo\":{\"@type\":\"ImageObject\",\"inLanguage\":\"es\",\"@id\":\"https:\/\/parcbellevue.com\/#\/schema\/logo\/image\/\",\"url\":\"https:\/\/parcbellevue.com\/wp-content\/uploads\/2022\/11\/cropped-logo-camping-parc-bellevue.png\",\"contentUrl\":\"https:\/\/parcbellevue.com\/wp-content\/uploads\/2022\/11\/cropped-logo-camping-parc-bellevue.png\",\"width\":902,\"height\":904,\"caption\":\"Camping Parc Bellevue\"},\"image\":{\"@id\":\"https:\/\/parcbellevue.com\/#\/schema\/logo\/image\/\"}}]}<\/script>\n<!-- \/ Yoast SEO plugin. -->","yoast_head_json":{"title":"Turismo Costa Azul | Qu\u00e9 hacer en la Costa Azul","robots":{"index":"index","follow":"follow","max-snippet":"max-snippet:-1","max-image-preview":"max-image-preview:large","max-video-preview":"max-video-preview:-1"},"canonical":"https:\/\/parcbellevue.com\/es\/turismo-cote-azur\/","og_locale":"es_ES","og_type":"article","og_title":"Turismo Costa Azul | Qu\u00e9 hacer en la Costa Azul","og_url":"https:\/\/parcbellevue.com\/es\/turismo-cote-azur\/","og_site_name":"Camping Parc Bellevue","article_modified_time":"2023-12-13T14:05:16+00:00","og_image":[{"width":1920,"height":1272,"url":"https:\/\/parcbellevue.com\/wp-content\/uploads\/2023\/11\/menton-7093335_1920-1.webp","type":"image\/webp"}],"twitter_card":"summary_large_image","twitter_misc":{"Tiempo de lectura":"3 minutos"},"schema":{"@context":"https:\/\/schema.org","@graph":[{"@type":"WebPage","@id":"https:\/\/parcbellevue.com\/es\/turismo-cote-azur\/","url":"https:\/\/parcbellevue.com\/es\/turismo-cote-azur\/","name":"Turismo Costa Azul | Qu\u00e9 hacer en la Costa Azul","isPartOf":{"@id":"https:\/\/parcbellevue.com\/#website"},"primaryImageOfPage":{"@id":"https:\/\/parcbellevue.com\/es\/turismo-cote-azur\/#primaryimage"},"image":{"@id":"https:\/\/parcbellevue.com\/es\/turismo-cote-azur\/#primaryimage"},"thumbnailUrl":"https:\/\/parcbellevue.com\/wp-content\/uploads\/2023\/11\/menton-7093335_1920-1.webp","datePublished":"2023-12-12T16:18:44+00:00","dateModified":"2023-12-13T14:05:16+00:00","breadcrumb":{"@id":"https:\/\/parcbellevue.com\/es\/turismo-cote-azur\/#breadcrumb"},"inLanguage":"es","potentialAction":[{"@type":"ReadAction","target":["https:\/\/parcbellevue.com\/es\/turismo-cote-azur\/"]}]},{"@type":"ImageObject","inLanguage":"es","@id":"https:\/\/parcbellevue.com\/es\/turismo-cote-azur\/#primaryimage","url":"https:\/\/parcbellevue.com\/wp-content\/uploads\/2023\/11\/menton-7093335_1920-1.webp","contentUrl":"https:\/\/parcbellevue.com\/wp-content\/uploads\/2023\/11\/menton-7093335_1920-1.webp","width":1920,"height":1272,"caption":"barbilla"},{"@type":"BreadcrumbList","@id":"https:\/\/parcbellevue.com\/es\/turismo-cote-azur\/#breadcrumb","itemListElement":[{"@type":"ListItem","position":1,"name":"Camping Cannes","item":"https:\/\/parcbellevue.com\/es\/"},{"@type":"ListItem","position":2,"name":"Camping cerca de actividades deportivas en la Costa Azul"}]},{"@type":"WebSite","@id":"https:\/\/parcbellevue.com\/#website","url":"https:\/\/parcbellevue.com\/","name":"Camping Parc Bellevue","description":"","publisher":{"@id":"https:\/\/parcbellevue.com\/#organization"},"potentialAction":[{"@type":"SearchAction","target":{"@type":"EntryPoint","urlTemplate":"https:\/\/parcbellevue.com\/?s={search_term_string}"},"query-input":{"@type":"PropertyValueSpecification","valueRequired":true,"valueName":"search_term_string"}}],"inLanguage":"es"},{"@type":"Organization","@id":"https:\/\/parcbellevue.com\/#organization","name":"Camping Parc Bellevue","url":"https:\/\/parcbellevue.com\/","logo":{"@type":"ImageObject","inLanguage":"es","@id":"https:\/\/parcbellevue.com\/#\/schema\/logo\/image\/","url":"https:\/\/parcbellevue.com\/wp-content\/uploads\/2022\/11\/cropped-logo-camping-parc-bellevue.png","contentUrl":"https:\/\/parcbellevue.com\/wp-content\/uploads\/2022\/11\/cropped-logo-camping-parc-bellevue.png","width":902,"height":904,"caption":"Camping Parc Bellevue"},"image":{"@id":"https:\/\/parcbellevue.com\/#\/schema\/logo\/image\/"}}]}},"_links":{"self":[{"href":"https:\/\/parcbellevue.com\/es\/wp-json\/wp\/v2\/pages\/3450","targetHints":{"allow":["GET"]}}],"collection":[{"href":"https:\/\/parcbellevue.com\/es\/wp-json\/wp\/v2\/pages"}],"about":[{"href":"https:\/\/parcbellevue.com\/es\/wp-json\/wp\/v2\/types\/page"}],"author":[{"embeddable":true,"href":"https:\/\/parcbellevue.com\/es\/wp-json\/wp\/v2\/users\/1"}],"replies":[{"embeddable":true,"href":"https:\/\/parcbellevue.com\/es\/wp-json\/wp\/v2\/comments?post=3450"}],"version-history":[{"count":9,"href":"https:\/\/parcbellevue.com\/es\/wp-json\/wp\/v2\/pages\/3450\/revisions"}],"predecessor-version":[{"id":3832,"href":"https:\/\/parcbellevue.com\/es\/wp-json\/wp\/v2\/pages\/3450\/revisions\/3832"}],"wp:featuredmedia":[{"embeddable":true,"href":"https:\/\/parcbellevue.com\/es\/wp-json\/wp\/v2\/media\/3021"}],"wp:attachment":[{"href":"https:\/\/parcbellevue.com\/es\/wp-json\/wp\/v2\/media?parent=3450"}],"wp:term":[{"taxonomy":"sujet","embeddable":true,"href":"https:\/\/parcbellevue.com\/es\/wp-json\/wp\/v2\/sujet?post=3450"}],"curies":[{"name":"wp","href":"https:\/\/api.w.org\/{rel}","templated":true}]}}