{"id":3412,"date":"2023-12-12T17:16:04","date_gmt":"2023-12-12T16:16:04","guid":{"rendered":"https:\/\/parcbellevue.com\/camping-con-piscina-cannes\/"},"modified":"2025-11-27T17:09:08","modified_gmt":"2025-11-27T16:09:08","slug":"camping-con-piscina-cannes","status":"publish","type":"page","link":"https:\/\/parcbellevue.com\/es\/camping-con-piscina-cannes\/","title":{"rendered":"Zona acu\u00e1tica"},"content":{"rendered":"<section id=\"ls-section-block_7e975187aaa3ec723bfdba2cc254356e\" class=\"ls-section  page-titre\" >\r\n        <div class=\"container container--wide\">\r\n        \n\n<h1 class=\"ls__heading wp-block-heading has-text-align-center\">Sum\u00e9rjase en el para\u00edso del agua en el camping de Cannes<\/h1>\n\n\n\n<p class=\"ls-paragraph has-text-align-center\">Abierto del 1\u1d49\u02b3 de abril al 30 de septiembre, todos los d\u00edas de 10 a 20 h, el<strong>parque acu\u00e1tico<\/strong> de nuestro <a href=\"https:\/\/parcbellevue.com\/es\/\">camping de Cannes<\/a> es el lugar ideal para relajarse bajo el sol de la Costa Azul.<br\/>Adem\u00e1s de una gran piscina y <strong>toboganes<\/strong>, tenemos una <strong>piscina<\/strong> infantil y una zona de relajaci\u00f3n con chorros de agua masajeadores<strong>(jacuzzi<\/strong> climatizado).<\/p>\n\n\n\n<p class=\"ls-paragraph has-text-align-center\"><strong>Los pantalones cortos est\u00e1n permitidos<\/strong> en la zona de la piscina. <strong><mark style=\"background-color:rgba(0, 0, 0, 0);color:#ff0000\" class=\"has-inline-color\">Ten en cuenta que<\/mark><\/strong> Los <strong>pantalones cortos de tela<\/strong> y <strong>los burkinis<\/strong> est\u00e1n<strong>estrictamente prohibidos<\/strong>.<\/p>\n\n\r\n    <\/div>\r\n<\/section><section id=\"ls-section-block_825876e01856877bcf353eac03098758\" class=\"ls-section  home-second page-one\" >\r\n        <div class=\"container container--full\">\r\n        \n\n<div class=\"wp-block-columns is-layout-flex wp-container-core-columns-is-layout-9d6595d7 wp-block-columns-is-layout-flex\">\n<div class=\"wp-block-column is-layout-flow wp-block-column-is-layout-flow\" style=\"flex-basis:45%\">\n<h2 class=\"ls__heading wp-block-heading\">Camping con piscina en la Costa Azul<\/h2>\n\n\n\n<p class=\"ls-paragraph\">Ya sea para refrescarse, divertirse o relajarse, nuestra zona acu\u00e1tica lo tiene todo.<\/p>\n\n\n\n<p class=\"ls-paragraph\">Los m\u00e1s peque\u00f1os podr\u00e1n divertirse con total seguridad en la piscina infantil, mientras que los mayores podr\u00e1n disfrutar de nuestros <strong>toboganes <\/strong>y<strong> juegos acu\u00e1ticos<\/strong>. Despu\u00e9s de un buen ba\u00f1o, <strong>rel\u00e1jese en nuestras tumbonas<\/strong>. <\/p>\n\n\n\n<p class=\"ls-paragraph\">Por qu\u00e9 no completar el d\u00eda con una <strong>fiesta en la piscina<\/strong> y un<strong> ba\u00f1o nocturno<\/strong>, organizado una vez a la semana.<\/p>\n<\/div>\n\n\n\n<div class=\"wp-block-column column-parallax is-layout-flow wp-block-column-is-layout-flow\" style=\"flex-basis:55%\">\n<figure class=\"wp-block-image size-full animated fadeInRight delay-100ms slow\"><a href=\"https:\/\/parcbellevue.com\/wp-content\/uploads\/2023\/11\/piscine-cannes.webp\"><img decoding=\"async\" width=\"1920\" height=\"1281\" src=\"https:\/\/parcbellevue.com\/wp-content\/uploads\/2023\/11\/piscine-cannes.webp\" alt=\"piscina de camping familiar\" class=\"wp-image-1594\" srcset=\"https:\/\/parcbellevue.com\/wp-content\/uploads\/2023\/11\/piscine-cannes.webp 1920w, https:\/\/parcbellevue.com\/wp-content\/uploads\/2023\/11\/piscine-cannes-300x200.webp 300w, https:\/\/parcbellevue.com\/wp-content\/uploads\/2023\/11\/piscine-cannes-1024x683.webp 1024w, https:\/\/parcbellevue.com\/wp-content\/uploads\/2023\/11\/piscine-cannes-768x512.webp 768w, https:\/\/parcbellevue.com\/wp-content\/uploads\/2023\/11\/piscine-cannes-1536x1025.webp 1536w\" sizes=\"(max-width: 1920px) 100vw, 1920px\" \/><\/a><\/figure>\n<\/div>\n<\/div>\n\n\r\n    <\/div>\r\n<\/section><section id=\"ls-section-block_d9742468cc6756e7573a34f01d68e167\" class=\"ls-section  home-third page-two\" >\r\n        <div class=\"container container--full\">\r\n        \n\n<div class=\"wp-block-columns are-vertically-aligned-top is-layout-flex wp-container-core-columns-is-layout-9d6595d7 wp-block-columns-is-layout-flex\">\n<div class=\"wp-block-column is-vertically-aligned-top column-parallax is-layout-flow wp-block-column-is-layout-flow\">\n<figure class=\"wp-block-gallery has-nested-images columns-default is-cropped wp-block-gallery-1 is-layout-flex wp-block-gallery-is-layout-flex\">\n<figure class=\"wp-block-image size-full animated fadeIn delay-100ms slow\"><a href=\"https:\/\/parcbellevue.com\/wp-content\/uploads\/2023\/11\/espace-aquatique-cannes-camping.webp\"><img decoding=\"async\" width=\"1920\" height=\"1281\" data-id=\"1304\" src=\"https:\/\/parcbellevue.com\/wp-content\/uploads\/2023\/11\/espace-aquatique-cannes-camping.webp\" alt=\"tobog&#xE1;n de piscina\" class=\"wp-image-1304\" srcset=\"https:\/\/parcbellevue.com\/wp-content\/uploads\/2023\/11\/espace-aquatique-cannes-camping.webp 1920w, https:\/\/parcbellevue.com\/wp-content\/uploads\/2023\/11\/espace-aquatique-cannes-camping-300x200.webp 300w, https:\/\/parcbellevue.com\/wp-content\/uploads\/2023\/11\/espace-aquatique-cannes-camping-1024x683.webp 1024w, https:\/\/parcbellevue.com\/wp-content\/uploads\/2023\/11\/espace-aquatique-cannes-camping-768x512.webp 768w, https:\/\/parcbellevue.com\/wp-content\/uploads\/2023\/11\/espace-aquatique-cannes-camping-1536x1025.webp 1536w\" sizes=\"(max-width: 1920px) 100vw, 1920px\" \/><\/a><\/figure>\n\n\n\n<figure class=\"wp-block-image size-full animated fadeIn delay-500ms slow\"><a href=\"https:\/\/parcbellevue.com\/wp-content\/uploads\/2023\/11\/piscine-parc-bellevue-cannes.webp\"><img decoding=\"async\" width=\"1920\" height=\"1281\" data-id=\"1630\" src=\"https:\/\/parcbellevue.com\/wp-content\/uploads\/2023\/11\/piscine-parc-bellevue-cannes.webp\" alt=\"tobog&#xE1;n de piscina\" class=\"wp-image-1630\" srcset=\"https:\/\/parcbellevue.com\/wp-content\/uploads\/2023\/11\/piscine-parc-bellevue-cannes.webp 1920w, https:\/\/parcbellevue.com\/wp-content\/uploads\/2023\/11\/piscine-parc-bellevue-cannes-300x200.webp 300w, https:\/\/parcbellevue.com\/wp-content\/uploads\/2023\/11\/piscine-parc-bellevue-cannes-1024x683.webp 1024w, https:\/\/parcbellevue.com\/wp-content\/uploads\/2023\/11\/piscine-parc-bellevue-cannes-768x512.webp 768w, https:\/\/parcbellevue.com\/wp-content\/uploads\/2023\/11\/piscine-parc-bellevue-cannes-1536x1025.webp 1536w\" sizes=\"(max-width: 1920px) 100vw, 1920px\" \/><\/a><\/figure>\n<\/figure>\n<\/div>\n\n\n\n<div class=\"wp-block-column is-vertically-aligned-top is-layout-flow wp-block-column-is-layout-flow\">\n<div class=\"wp-block-columns are-vertically-aligned-center wp-block-columns__padding-right is-layout-flex wp-container-core-columns-is-layout-9d6595d7 wp-block-columns-is-layout-flex\">\n<div class=\"wp-block-column is-vertically-aligned-center is-layout-flow wp-block-column-is-layout-flow\">\n<h2 class=\"ls__heading wp-block-heading has-color-3-color has-text-color\">Toboganes acu\u00e1ticos en el camping<\/h2>\n\n\n\n<p class=\"ls-paragraph\">Prep\u00e1rate para re\u00edrte con nuestros<strong> toboganes acu\u00e1ticos<\/strong>.  <\/p>\n\n\n\n<p class=\"ls-paragraph\">Tras un d\u00eda de turismo, date un chapuz\u00f3n en la piscina y disfruta de los toboganes acu\u00e1ticos.  <\/p>\n\n\n\n<p class=\"ls-paragraph\">El lugar ideal para divertirse con la familia, los amigos y los compa\u00f1eros de acampada.<\/p>\n<\/div>\n<\/div>\n<\/div>\n<\/div>\n\n\r\n    <\/div>\r\n<\/section><section id=\"ls-section-block_01de042963968645aa526ed01f10ca59\" class=\"ls-section  home-fourth page-three has-background-image has-parallax\" >\r\n    <div class=\"ls-section__background-image opacity-100\"><img decoding=\"async\" src=\"https:\/\/parcbellevue.com\/wp-content\/uploads\/2025\/11\/IMG_7911-scaled.jpg\" alt=\"\"><\/div>    <div class=\"container container--full\">\r\n        \n\n<h2 class=\"ls__heading wp-block-heading has-text-align-center\">Una piscina infantil con toboganes para que los ni\u00f1os se diviertan<\/h2>\n\n\n\n<p class=\"ls-paragraph has-text-align-center\">Nuestro camping no estar\u00eda completo sin una<strong> piscina infantil con toboganes<\/strong> para los m\u00e1s peque\u00f1os.  <\/p>\n\n\n\n<p class=\"ls-paragraph has-text-align-center\">Podr\u00e1n jugar con total seguridad mientras usted disfruta de su momento de relax.<\/p>\n\n\r\n    <\/div>\r\n<\/section><section id=\"ls-section-block_825876e01856877bcf353eac03098758\" class=\"ls-section  home-second page-one\" >\r\n        <div class=\"container container--full\">\r\n        \n\n<div class=\"wp-block-columns are-vertically-aligned-center is-layout-flex wp-container-core-columns-is-layout-9d6595d7 wp-block-columns-is-layout-flex\">\n<div class=\"wp-block-column is-vertically-aligned-center is-layout-flow wp-block-column-is-layout-flow\" style=\"flex-basis:45%\">\n<h2 class=\"ls__heading wp-block-heading\">Rel\u00e1jese con los chorros de masaje<\/h2>\n\n\n\n<p class=\"ls-paragraph\">T\u00f3mese un descanso y disfrute de nuestra <strong>zona de jacuzzi<\/strong>.  <\/p>\n\n\n\n<p class=\"ls-paragraph\">Los <strong>chorros de masaje<\/strong> de nuestro <strong>jacuzzi <\/strong>en Cannes son ideales para liberar tensiones y relajarse tras un ajetreado d\u00eda en Cannes.<\/p>\n<\/div>\n\n\n\n<div class=\"wp-block-column is-vertically-aligned-center column-parallax is-layout-flow wp-block-column-is-layout-flow\" style=\"flex-basis:55%\">\n<figure class=\"wp-block-image size-full animated fadeInRight delay-100ms slow\"><a href=\"https:\/\/parcbellevue.com\/wp-content\/uploads\/2023\/11\/piscine-camping-parc-bellevue-cannes.webp\"><img decoding=\"async\" width=\"1920\" height=\"1281\" src=\"https:\/\/parcbellevue.com\/wp-content\/uploads\/2023\/11\/piscine-camping-parc-bellevue-cannes.webp\" alt=\"camping espace aquatique\" class=\"wp-image-1588\" srcset=\"https:\/\/parcbellevue.com\/wp-content\/uploads\/2023\/11\/piscine-camping-parc-bellevue-cannes.webp 1920w, https:\/\/parcbellevue.com\/wp-content\/uploads\/2023\/11\/piscine-camping-parc-bellevue-cannes-300x200.webp 300w, https:\/\/parcbellevue.com\/wp-content\/uploads\/2023\/11\/piscine-camping-parc-bellevue-cannes-1024x683.webp 1024w, https:\/\/parcbellevue.com\/wp-content\/uploads\/2023\/11\/piscine-camping-parc-bellevue-cannes-768x512.webp 768w, https:\/\/parcbellevue.com\/wp-content\/uploads\/2023\/11\/piscine-camping-parc-bellevue-cannes-1536x1025.webp 1536w\" sizes=\"(max-width: 1920px) 100vw, 1920px\" \/><\/a><\/figure>\n<\/div>\n<\/div>\n\n\r\n    <\/div>\r\n<\/section><section id=\"ls-section-block_d9742468cc6756e7573a34f01d68e167\" class=\"ls-section  home-third page-two\" >\r\n        <div class=\"container container--full\">\r\n        \n\n<div class=\"wp-block-columns are-vertically-aligned-top is-layout-flex wp-container-core-columns-is-layout-9d6595d7 wp-block-columns-is-layout-flex\">\n<div class=\"wp-block-column is-vertically-aligned-top column-parallax is-layout-flow wp-block-column-is-layout-flow\">\n<figure class=\"wp-block-gallery has-nested-images columns-default is-cropped wp-block-gallery-2 is-layout-flex wp-block-gallery-is-layout-flex\">\n<figure class=\"wp-block-image size-full animated fadeIn delay-100ms slow\"><a href=\"https:\/\/parcbellevue.com\/wp-content\/uploads\/2023\/11\/piscine-camping-parc-bellevue.webp\"><img decoding=\"async\" width=\"1920\" height=\"1281\" data-id=\"1582\" src=\"https:\/\/parcbellevue.com\/wp-content\/uploads\/2023\/11\/piscine-camping-parc-bellevue.webp\" alt=\"vista a la piscina\" class=\"wp-image-1582\" srcset=\"https:\/\/parcbellevue.com\/wp-content\/uploads\/2023\/11\/piscine-camping-parc-bellevue.webp 1920w, https:\/\/parcbellevue.com\/wp-content\/uploads\/2023\/11\/piscine-camping-parc-bellevue-300x200.webp 300w, https:\/\/parcbellevue.com\/wp-content\/uploads\/2023\/11\/piscine-camping-parc-bellevue-1024x683.webp 1024w, https:\/\/parcbellevue.com\/wp-content\/uploads\/2023\/11\/piscine-camping-parc-bellevue-768x512.webp 768w, https:\/\/parcbellevue.com\/wp-content\/uploads\/2023\/11\/piscine-camping-parc-bellevue-1536x1025.webp 1536w\" sizes=\"(max-width: 1920px) 100vw, 1920px\" \/><\/a><\/figure>\n\n\n\n<figure class=\"wp-block-image size-full animated fadeIn delay-500ms slow\"><a href=\"https:\/\/parcbellevue.com\/wp-content\/uploads\/2023\/11\/espace-aquatique-parc-bellevue-cannes.webp\"><img decoding=\"async\" width=\"1920\" height=\"1281\" data-id=\"1310\" src=\"https:\/\/parcbellevue.com\/wp-content\/uploads\/2023\/11\/espace-aquatique-parc-bellevue-cannes.webp\" alt=\"visi&#xF3;n general de la piscina\" class=\"wp-image-1310\" srcset=\"https:\/\/parcbellevue.com\/wp-content\/uploads\/2023\/11\/espace-aquatique-parc-bellevue-cannes.webp 1920w, https:\/\/parcbellevue.com\/wp-content\/uploads\/2023\/11\/espace-aquatique-parc-bellevue-cannes-300x200.webp 300w, https:\/\/parcbellevue.com\/wp-content\/uploads\/2023\/11\/espace-aquatique-parc-bellevue-cannes-1024x683.webp 1024w, https:\/\/parcbellevue.com\/wp-content\/uploads\/2023\/11\/espace-aquatique-parc-bellevue-cannes-768x512.webp 768w, https:\/\/parcbellevue.com\/wp-content\/uploads\/2023\/11\/espace-aquatique-parc-bellevue-cannes-1536x1025.webp 1536w\" sizes=\"(max-width: 1920px) 100vw, 1920px\" \/><\/a><\/figure>\n<\/figure>\n<\/div>\n\n\n\n<div class=\"wp-block-column is-vertically-aligned-top is-layout-flow wp-block-column-is-layout-flow\">\n<div class=\"wp-block-columns are-vertically-aligned-center wp-block-columns__padding-right is-layout-flex wp-container-core-columns-is-layout-9d6595d7 wp-block-columns-is-layout-flex\">\n<div class=\"wp-block-column is-vertically-aligned-center is-layout-flow wp-block-column-is-layout-flow\">\n<h2 class=\"ls__heading wp-block-heading has-color-3-color has-text-color\">Tumbonas junto a la piscina<\/h2>\n\n\n\n<p class=\"ls-paragraph\">T\u00f3mese su tiempo para relajarse en nuestras<strong> tumbonas junto a la piscina<\/strong>.  <\/p>\n\n\n\n<p class=\"ls-paragraph\">Saboree un momento de tranquilidad, deje que el sol de la Costa Azul acaricie su piel e incluso eche una cabezadita. Al fin y al cabo, est\u00e1s de vacaciones.<\/p>\n<\/div>\n<\/div>\n<\/div>\n<\/div>\n\n\r\n    <\/div>\r\n<\/section><section id=\"ls-section-block_9830163ebada14994426d752026e4728\" class=\"ls-section  page-four column-parallax-reverse\" >\r\n        <div class=\"container container--wide\">\r\n        \n\n<div id=\"ls-heading ls-titre-div-block_26dc904d0a3abeb85bed24e3e88334eb\" class=\"ls-titre-div aligncenter h2-like\" >\n    M\u00e1s informaci\u00f3n sobre nuestros servicios, restaurante, actividades y eventos<\/div>\n\n\n<div id=\"ls-maillage-block_0b8c9180cd2032dfa345a89ae4007ad7\" class=\"ls-maillage cta-style-normal\" data-rows=\"3\">\n    <div class=\"wp-block-columns\"><div class=\"wp-block-column\"><div class=\"ls-cta\">\n\n<a href=\"https:\/\/parcbellevue.com\/es\/camping-familiar-cannes\/\" target=\"\" rel=\"noopener\" class=\"ls-cta__link\">\n\n\t<div class=\"ls-cta__image\"><img decoding=\"async\" src=\"https:\/\/parcbellevue.com\/wp-content\/uploads\/2023\/11\/reception-camping-1-e1700229997995-edited.webp\" alt=\"recepci\u00f3n del camping\"><\/div>\n\t<div class=\"ls-cta__title\">\n\t\tLos servicios\t<\/div>\n\n\t\n\t<span class=\"bellevue-arrow ls-cta__arrow\"><\/span>\n\n<\/a><\/div><\/div><div class=\"wp-block-column\"><div class=\"ls-cta\">\n\n<a href=\"https:\/\/parcbellevue.com\/es\/el-restaurante-cannes\/\" target=\"\" rel=\"noopener\" class=\"ls-cta__link\">\n\n\t<div class=\"ls-cta__image\"><img decoding=\"async\" src=\"https:\/\/parcbellevue.com\/wp-content\/uploads\/2023\/11\/parc-bellevue-restaurant-e1699523946824.webp\" alt=\"parc-bellevue-restaurant\"><\/div>\n\t<div class=\"ls-cta__title\">\n\t\tEl restaurante\t<\/div>\n\n\t\n\t<span class=\"bellevue-arrow ls-cta__arrow\"><\/span>\n\n<\/a><\/div><\/div><div class=\"wp-block-column\"><div class=\"ls-cta\">\n\n<a href=\"https:\/\/parcbellevue.com\/es\/camping-actividades-cannes\/\" target=\"\" rel=\"noopener\" class=\"ls-cta__link\">\n\n\t<div class=\"ls-cta__image\"><img decoding=\"async\" src=\"https:\/\/parcbellevue.com\/wp-content\/uploads\/2023\/11\/animation-parc-bellevue-camping-cannes.webp\" alt=\"animaci\u00f3n-parc-bellevue-camping-cannes\"><\/div>\n\t<div class=\"ls-cta__title\">\n\t\tActividades y entretenimiento\t<\/div>\n\n\t\n\t<span class=\"bellevue-arrow ls-cta__arrow\"><\/span>\n\n<\/a><\/div><\/div><\/div><\/div>\n\r\n    <\/div>\r\n<\/section>","protected":false},"excerpt":{"rendered":"","protected":false},"author":1,"featured_media":3859,"parent":0,"menu_order":0,"comment_status":"closed","ping_status":"closed","template":"","meta":{"_acf_changed":false,"footnotes":""},"sujet":[],"class_list":["post-3412","page","type-page","status-publish","has-post-thumbnail","hentry"],"acf":[],"yoast_head":"<!-- This site is optimized with the Yoast SEO plugin v23.4 - https:\/\/yoast.com\/wordpress\/plugins\/seo\/ -->\n<title>Camping parque acu\u00e1tico Cannes | Espace aquatique C\u00f4te d&#039;Azur<\/title>\n<meta name=\"description\" content=\"Recargue las pilas en el parque acu\u00e1tico de su camping en Cannes, con toboganes, piscina, jacuzzi y animados partidos de waterpolo...\" \/>\n<meta name=\"robots\" content=\"index, follow, max-snippet:-1, max-image-preview:large, max-video-preview:-1\" \/>\n<link rel=\"canonical\" href=\"https:\/\/parcbellevue.com\/es\/camping-con-piscina-cannes\/\" \/>\n<meta property=\"og:locale\" content=\"es_ES\" \/>\n<meta property=\"og:type\" content=\"article\" \/>\n<meta property=\"og:title\" content=\"Camping parque acu\u00e1tico Cannes | Espace aquatique C\u00f4te d&#039;Azur\" \/>\n<meta property=\"og:description\" content=\"Recargue las pilas en el parque acu\u00e1tico de su camping en Cannes, con toboganes, piscina, jacuzzi y animados partidos de waterpolo...\" \/>\n<meta property=\"og:url\" content=\"https:\/\/parcbellevue.com\/es\/camping-con-piscina-cannes\/\" \/>\n<meta property=\"og:site_name\" content=\"Camping Parc Bellevue\" \/>\n<meta property=\"article:modified_time\" content=\"2025-11-27T16:09:08+00:00\" \/>\n<meta property=\"og:image\" content=\"https:\/\/parcbellevue.com\/wp-content\/uploads\/2023\/12\/camping-cannes-1.webp\" \/>\n\t<meta property=\"og:image:width\" content=\"2000\" \/>\n\t<meta property=\"og:image:height\" content=\"1500\" \/>\n\t<meta property=\"og:image:type\" content=\"image\/webp\" \/>\n<meta name=\"twitter:card\" content=\"summary_large_image\" \/>\n<meta name=\"twitter:label1\" content=\"Tiempo de lectura\" \/>\n\t<meta name=\"twitter:data1\" content=\"2 minutos\" \/>\n<script type=\"application\/ld+json\" class=\"yoast-schema-graph\">{\"@context\":\"https:\/\/schema.org\",\"@graph\":[{\"@type\":\"WebPage\",\"@id\":\"https:\/\/parcbellevue.com\/es\/camping-con-piscina-cannes\/\",\"url\":\"https:\/\/parcbellevue.com\/es\/camping-con-piscina-cannes\/\",\"name\":\"Camping parque acu\u00e1tico Cannes | Espace aquatique C\u00f4te d'Azur\",\"isPartOf\":{\"@id\":\"https:\/\/parcbellevue.com\/#website\"},\"primaryImageOfPage\":{\"@id\":\"https:\/\/parcbellevue.com\/es\/camping-con-piscina-cannes\/#primaryimage\"},\"image\":{\"@id\":\"https:\/\/parcbellevue.com\/es\/camping-con-piscina-cannes\/#primaryimage\"},\"thumbnailUrl\":\"https:\/\/parcbellevue.com\/wp-content\/uploads\/2023\/12\/camping-cannes-1.webp\",\"datePublished\":\"2023-12-12T16:16:04+00:00\",\"dateModified\":\"2025-11-27T16:09:08+00:00\",\"description\":\"Recargue las pilas en el parque acu\u00e1tico de su camping en Cannes, con toboganes, piscina, jacuzzi y animados partidos de waterpolo...\",\"breadcrumb\":{\"@id\":\"https:\/\/parcbellevue.com\/es\/camping-con-piscina-cannes\/#breadcrumb\"},\"inLanguage\":\"es\",\"potentialAction\":[{\"@type\":\"ReadAction\",\"target\":[\"https:\/\/parcbellevue.com\/es\/camping-con-piscina-cannes\/\"]}]},{\"@type\":\"ImageObject\",\"inLanguage\":\"es\",\"@id\":\"https:\/\/parcbellevue.com\/es\/camping-con-piscina-cannes\/#primaryimage\",\"url\":\"https:\/\/parcbellevue.com\/wp-content\/uploads\/2023\/12\/camping-cannes-1.webp\",\"contentUrl\":\"https:\/\/parcbellevue.com\/wp-content\/uploads\/2023\/12\/camping-cannes-1.webp\",\"width\":2000,\"height\":1500,\"caption\":\"camping cannes\"},{\"@type\":\"BreadcrumbList\",\"@id\":\"https:\/\/parcbellevue.com\/es\/camping-con-piscina-cannes\/#breadcrumb\",\"itemListElement\":[{\"@type\":\"ListItem\",\"position\":1,\"name\":\"Camping Cannes\",\"item\":\"https:\/\/parcbellevue.com\/es\/\"},{\"@type\":\"ListItem\",\"position\":2,\"name\":\"Zona acu\u00e1tica de la Costa Azul\"}]},{\"@type\":\"WebSite\",\"@id\":\"https:\/\/parcbellevue.com\/#website\",\"url\":\"https:\/\/parcbellevue.com\/\",\"name\":\"Camping Parc Bellevue\",\"description\":\"\",\"publisher\":{\"@id\":\"https:\/\/parcbellevue.com\/#organization\"},\"potentialAction\":[{\"@type\":\"SearchAction\",\"target\":{\"@type\":\"EntryPoint\",\"urlTemplate\":\"https:\/\/parcbellevue.com\/?s={search_term_string}\"},\"query-input\":{\"@type\":\"PropertyValueSpecification\",\"valueRequired\":true,\"valueName\":\"search_term_string\"}}],\"inLanguage\":\"es\"},{\"@type\":\"Organization\",\"@id\":\"https:\/\/parcbellevue.com\/#organization\",\"name\":\"Camping Parc Bellevue\",\"url\":\"https:\/\/parcbellevue.com\/\",\"logo\":{\"@type\":\"ImageObject\",\"inLanguage\":\"es\",\"@id\":\"https:\/\/parcbellevue.com\/#\/schema\/logo\/image\/\",\"url\":\"https:\/\/parcbellevue.com\/wp-content\/uploads\/2022\/11\/cropped-logo-camping-parc-bellevue.png\",\"contentUrl\":\"https:\/\/parcbellevue.com\/wp-content\/uploads\/2022\/11\/cropped-logo-camping-parc-bellevue.png\",\"width\":902,\"height\":904,\"caption\":\"Camping Parc Bellevue\"},\"image\":{\"@id\":\"https:\/\/parcbellevue.com\/#\/schema\/logo\/image\/\"}}]}<\/script>\n<!-- \/ Yoast SEO plugin. -->","yoast_head_json":{"title":"Camping parque acu\u00e1tico Cannes | Espace aquatique C\u00f4te d'Azur","description":"Recargue las pilas en el parque acu\u00e1tico de su camping en Cannes, con toboganes, piscina, jacuzzi y animados partidos de waterpolo...","robots":{"index":"index","follow":"follow","max-snippet":"max-snippet:-1","max-image-preview":"max-image-preview:large","max-video-preview":"max-video-preview:-1"},"canonical":"https:\/\/parcbellevue.com\/es\/camping-con-piscina-cannes\/","og_locale":"es_ES","og_type":"article","og_title":"Camping parque acu\u00e1tico Cannes | Espace aquatique C\u00f4te d'Azur","og_description":"Recargue las pilas en el parque acu\u00e1tico de su camping en Cannes, con toboganes, piscina, jacuzzi y animados partidos de waterpolo...","og_url":"https:\/\/parcbellevue.com\/es\/camping-con-piscina-cannes\/","og_site_name":"Camping Parc Bellevue","article_modified_time":"2025-11-27T16:09:08+00:00","og_image":[{"width":2000,"height":1500,"url":"https:\/\/parcbellevue.com\/wp-content\/uploads\/2023\/12\/camping-cannes-1.webp","type":"image\/webp"}],"twitter_card":"summary_large_image","twitter_misc":{"Tiempo de lectura":"2 minutos"},"schema":{"@context":"https:\/\/schema.org","@graph":[{"@type":"WebPage","@id":"https:\/\/parcbellevue.com\/es\/camping-con-piscina-cannes\/","url":"https:\/\/parcbellevue.com\/es\/camping-con-piscina-cannes\/","name":"Camping parque acu\u00e1tico Cannes | Espace aquatique C\u00f4te d'Azur","isPartOf":{"@id":"https:\/\/parcbellevue.com\/#website"},"primaryImageOfPage":{"@id":"https:\/\/parcbellevue.com\/es\/camping-con-piscina-cannes\/#primaryimage"},"image":{"@id":"https:\/\/parcbellevue.com\/es\/camping-con-piscina-cannes\/#primaryimage"},"thumbnailUrl":"https:\/\/parcbellevue.com\/wp-content\/uploads\/2023\/12\/camping-cannes-1.webp","datePublished":"2023-12-12T16:16:04+00:00","dateModified":"2025-11-27T16:09:08+00:00","description":"Recargue las pilas en el parque acu\u00e1tico de su camping en Cannes, con toboganes, piscina, jacuzzi y animados partidos de waterpolo...","breadcrumb":{"@id":"https:\/\/parcbellevue.com\/es\/camping-con-piscina-cannes\/#breadcrumb"},"inLanguage":"es","potentialAction":[{"@type":"ReadAction","target":["https:\/\/parcbellevue.com\/es\/camping-con-piscina-cannes\/"]}]},{"@type":"ImageObject","inLanguage":"es","@id":"https:\/\/parcbellevue.com\/es\/camping-con-piscina-cannes\/#primaryimage","url":"https:\/\/parcbellevue.com\/wp-content\/uploads\/2023\/12\/camping-cannes-1.webp","contentUrl":"https:\/\/parcbellevue.com\/wp-content\/uploads\/2023\/12\/camping-cannes-1.webp","width":2000,"height":1500,"caption":"camping cannes"},{"@type":"BreadcrumbList","@id":"https:\/\/parcbellevue.com\/es\/camping-con-piscina-cannes\/#breadcrumb","itemListElement":[{"@type":"ListItem","position":1,"name":"Camping Cannes","item":"https:\/\/parcbellevue.com\/es\/"},{"@type":"ListItem","position":2,"name":"Zona acu\u00e1tica de la Costa Azul"}]},{"@type":"WebSite","@id":"https:\/\/parcbellevue.com\/#website","url":"https:\/\/parcbellevue.com\/","name":"Camping Parc Bellevue","description":"","publisher":{"@id":"https:\/\/parcbellevue.com\/#organization"},"potentialAction":[{"@type":"SearchAction","target":{"@type":"EntryPoint","urlTemplate":"https:\/\/parcbellevue.com\/?s={search_term_string}"},"query-input":{"@type":"PropertyValueSpecification","valueRequired":true,"valueName":"search_term_string"}}],"inLanguage":"es"},{"@type":"Organization","@id":"https:\/\/parcbellevue.com\/#organization","name":"Camping Parc Bellevue","url":"https:\/\/parcbellevue.com\/","logo":{"@type":"ImageObject","inLanguage":"es","@id":"https:\/\/parcbellevue.com\/#\/schema\/logo\/image\/","url":"https:\/\/parcbellevue.com\/wp-content\/uploads\/2022\/11\/cropped-logo-camping-parc-bellevue.png","contentUrl":"https:\/\/parcbellevue.com\/wp-content\/uploads\/2022\/11\/cropped-logo-camping-parc-bellevue.png","width":902,"height":904,"caption":"Camping Parc Bellevue"},"image":{"@id":"https:\/\/parcbellevue.com\/#\/schema\/logo\/image\/"}}]}},"_links":{"self":[{"href":"https:\/\/parcbellevue.com\/es\/wp-json\/wp\/v2\/pages\/3412","targetHints":{"allow":["GET"]}}],"collection":[{"href":"https:\/\/parcbellevue.com\/es\/wp-json\/wp\/v2\/pages"}],"about":[{"href":"https:\/\/parcbellevue.com\/es\/wp-json\/wp\/v2\/types\/page"}],"author":[{"embeddable":true,"href":"https:\/\/parcbellevue.com\/es\/wp-json\/wp\/v2\/users\/1"}],"replies":[{"embeddable":true,"href":"https:\/\/parcbellevue.com\/es\/wp-json\/wp\/v2\/comments?post=3412"}],"version-history":[{"count":7,"href":"https:\/\/parcbellevue.com\/es\/wp-json\/wp\/v2\/pages\/3412\/revisions"}],"predecessor-version":[{"id":4635,"href":"https:\/\/parcbellevue.com\/es\/wp-json\/wp\/v2\/pages\/3412\/revisions\/4635"}],"wp:featuredmedia":[{"embeddable":true,"href":"https:\/\/parcbellevue.com\/es\/wp-json\/wp\/v2\/media\/3859"}],"wp:attachment":[{"href":"https:\/\/parcbellevue.com\/es\/wp-json\/wp\/v2\/media?parent=3412"}],"wp:term":[{"taxonomy":"sujet","embeddable":true,"href":"https:\/\/parcbellevue.com\/es\/wp-json\/wp\/v2\/sujet?post=3412"}],"curies":[{"name":"wp","href":"https:\/\/api.w.org\/{rel}","templated":true}]}}