{"id":3400,"date":"2023-12-12T17:15:12","date_gmt":"2023-12-12T16:15:12","guid":{"rendered":"https:\/\/parcbellevue.com\/camping-cerca-del-palais-des-festivals-cannes\/"},"modified":"2026-01-06T09:50:16","modified_gmt":"2026-01-06T08:50:16","slug":"camping-cerca-del-palais-des-festivals-cannes","status":"publish","type":"page","link":"https:\/\/parcbellevue.com\/es\/camping-cerca-del-palais-des-festivals-cannes\/","title":{"rendered":"El palacio de festivales"},"content":{"rendered":"<section id=\"ls-section-block_da57b610cb629fbb8b3f7f7e7791f89f\" class=\"ls-section  page-titre\" >\r\n        <div class=\"container container--wide\">\r\n        \n\n<h1 class=\"ls__heading wp-block-heading has-text-align-center\">Su vivienda de alquiler cerca del Palacio de Festivales<\/h1>\n\n\n\n<p class=\"ls-paragraph has-text-align-center\">Situado en el coraz\u00f3n de Cannes, en la luminosa Costa Azul, se alza el ilustre Palacio de Festivales. Al alojarse en el <a href=\"https:\/\/parcbellevue.com\/es\/\">camping Parc Bellevue<\/a>, cerca del Palacio de Festivales de Cannes, podr\u00e1 disfrutar de una experiencia \u00fanica que combina comodidad y proximidad a este lugar emblem\u00e1tico.<\/p>\n\n\r\n    <\/div>\r\n<\/section><section id=\"ls-section-block_7726ffffa2cbeaa490d0af3fda3c91a8\" class=\"ls-section  home-second page-one\" >\r\n        <div class=\"container container--full\">\r\n        \n\n<div class=\"wp-block-columns is-layout-flex wp-container-core-columns-is-layout-9d6595d7 wp-block-columns-is-layout-flex\">\n<div class=\"wp-block-column is-layout-flow wp-block-column-is-layout-flow\" style=\"flex-basis:45%\">\n<h2 class=\"ls__heading wp-block-heading\">Descubra el Palacio de Festivales<\/h2>\n\n\n\n<p class=\"ls-paragraph\">El <a href=\"https:\/\/www.palaisdesfestivals.com\/\" target=\"_blank\" rel=\"noreferrer noopener\">Palacio de Festivales<\/a> y Congresos de Cannes es un centro de cultura y prestigio que proyecta <strong>la reputaci\u00f3n de Cannes <\/strong>mucho m\u00e1s all\u00e1 de nuestras fronteras.<\/p>\n\n\n\n<p class=\"ls-paragraph\">Adem\u00e1s de acoger el famoso Festival de Cine de Cannes, el Palais es tambi\u00e9n escenario de <strong>multitud de eventos<\/strong>: teatro, danza, m\u00fasica de todo tipo, exposiciones internacionales, etc.  <\/p>\n\n\n\n<p class=\"ls-paragraph\">Durante su estancia, aproveche para visitar este tesoro de la Costa Azul, magn\u00edficamente <strong>situado frente al mar<\/strong>, en el n\u00famero 1 del bulevar de la Croisette.<\/p>\n<\/div>\n\n\n\n<div class=\"wp-block-column column-parallax is-layout-flow wp-block-column-is-layout-flow\" style=\"flex-basis:55%\">\n<figure class=\"wp-block-image size-full animated fadeInRight delay-100ms slow\"><a href=\"https:\/\/parcbellevue.com\/wp-content\/uploads\/2023\/11\/palais-festival-de-cannes.webp\"><img decoding=\"async\" width=\"2000\" height=\"1333\" src=\"https:\/\/parcbellevue.com\/wp-content\/uploads\/2023\/11\/palais-festival-de-cannes.webp\" alt=\"palacio del festival de cannes\" class=\"wp-image-2737\" srcset=\"https:\/\/parcbellevue.com\/wp-content\/uploads\/2023\/11\/palais-festival-de-cannes.webp 2000w, https:\/\/parcbellevue.com\/wp-content\/uploads\/2023\/11\/palais-festival-de-cannes-300x200.webp 300w, https:\/\/parcbellevue.com\/wp-content\/uploads\/2023\/11\/palais-festival-de-cannes-1024x682.webp 1024w, https:\/\/parcbellevue.com\/wp-content\/uploads\/2023\/11\/palais-festival-de-cannes-768x512.webp 768w, https:\/\/parcbellevue.com\/wp-content\/uploads\/2023\/11\/palais-festival-de-cannes-1536x1024.webp 1536w\" sizes=\"(max-width: 2000px) 100vw, 2000px\" \/><\/a><\/figure>\n<\/div>\n<\/div>\n\n\r\n    <\/div>\r\n<\/section><section id=\"ls-section-block_e4a6e94f9ffd5081d8b60623ff753c85\" class=\"ls-section  home-third page-two\" >\r\n        <div class=\"container container--full\">\r\n        \n\n<div class=\"wp-block-columns are-vertically-aligned-top is-layout-flex wp-container-core-columns-is-layout-9d6595d7 wp-block-columns-is-layout-flex\">\n<div class=\"wp-block-column is-vertically-aligned-top column-parallax is-layout-flow wp-block-column-is-layout-flow\">\n<figure class=\"wp-block-gallery has-nested-images columns-default is-cropped wp-block-gallery-1 is-layout-flex wp-block-gallery-is-layout-flex\">\n<figure class=\"wp-block-image size-full animated fadeIn delay-100ms slow\"><a href=\"https:\/\/parcbellevue.com\/wp-content\/uploads\/2023\/11\/festival-cannes.webp\"><img decoding=\"async\" width=\"2000\" height=\"1276\" data-id=\"1981\" src=\"https:\/\/parcbellevue.com\/wp-content\/uploads\/2023\/11\/festival-cannes.webp\" alt=\"festival de cannes\" class=\"wp-image-1981\" srcset=\"https:\/\/parcbellevue.com\/wp-content\/uploads\/2023\/11\/festival-cannes.webp 2000w, https:\/\/parcbellevue.com\/wp-content\/uploads\/2023\/11\/festival-cannes-300x191.webp 300w, https:\/\/parcbellevue.com\/wp-content\/uploads\/2023\/11\/festival-cannes-1024x653.webp 1024w, https:\/\/parcbellevue.com\/wp-content\/uploads\/2023\/11\/festival-cannes-768x490.webp 768w, https:\/\/parcbellevue.com\/wp-content\/uploads\/2023\/11\/festival-cannes-1536x980.webp 1536w\" sizes=\"(max-width: 2000px) 100vw, 2000px\" \/><\/a><\/figure>\n\n\n\n<figure class=\"wp-block-image size-full animated fadeIn delay-500ms slow\"><a href=\"https:\/\/parcbellevue.com\/wp-content\/uploads\/2023\/11\/concert-cannes.webp\"><img decoding=\"async\" width=\"1920\" height=\"1280\" data-id=\"1996\" src=\"https:\/\/parcbellevue.com\/wp-content\/uploads\/2023\/11\/concert-cannes.webp\" alt=\"noche de cannes\" class=\"wp-image-1996\" srcset=\"https:\/\/parcbellevue.com\/wp-content\/uploads\/2023\/11\/concert-cannes.webp 1920w, https:\/\/parcbellevue.com\/wp-content\/uploads\/2023\/11\/concert-cannes-300x200.webp 300w, https:\/\/parcbellevue.com\/wp-content\/uploads\/2023\/11\/concert-cannes-1024x683.webp 1024w, https:\/\/parcbellevue.com\/wp-content\/uploads\/2023\/11\/concert-cannes-768x512.webp 768w, https:\/\/parcbellevue.com\/wp-content\/uploads\/2023\/11\/concert-cannes-1536x1024.webp 1536w\" sizes=\"(max-width: 1920px) 100vw, 1920px\" \/><\/a><\/figure>\n<\/figure>\n<\/div>\n\n\n\n<div class=\"wp-block-column is-vertically-aligned-top is-layout-flow wp-block-column-is-layout-flow\">\n<div class=\"wp-block-columns are-vertically-aligned-center wp-block-columns__padding-right is-layout-flex wp-container-core-columns-is-layout-9d6595d7 wp-block-columns-is-layout-flex\">\n<div class=\"wp-block-column is-vertically-aligned-center is-layout-flow wp-block-column-is-layout-flow\">\n<h2 class=\"ls__heading wp-block-heading has-color-3-color has-text-color\">Actos en el Palacio de Festivales<\/h2>\n\n\n\n<p class=\"ls-paragraph\">El Palacio de Festivales es una encrucijada cultural. Acoge diversos <strong>actos a lo largo del a\u00f1o<\/strong>, que contribuyen a la vitalidad de la vida local. <\/p>\n\n\n\n<p class=\"ls-paragraph\">Desde conciertos a producciones teatrales, pasando por actos empresariales o festivales de m\u00fasica, hay algo para todos los gustos. Puede participar en el festival de cine y en otras conferencias organizadas a lo largo del a\u00f1o. <\/p>\n<\/div>\n<\/div>\n<\/div>\n<\/div>\n\n\r\n    <\/div>\r\n<\/section><section id=\"ls-section-block_2a56e66ac0a010c4afe0614c76368339\" class=\"ls-section  home-fourth page-three has-background-image\" >\r\n    <div class=\"ls-section__background-image opacity-100\"><img decoding=\"async\" src=\"https:\/\/parcbellevue.com\/wp-content\/uploads\/2023\/11\/hebergement-festival-de-cannes-1.webp\" alt=\"alojamiento en el festival de cannes\"><\/div>    <div class=\"container container--wide\">\r\n        \n\n<h2 class=\"ls__heading wp-block-heading has-text-align-center\">Camping cerca del Palacio de Festivales<\/h2>\n\n\n\n<p class=\"ls-paragraph has-text-align-center\">\u00bfPor qu\u00e9 no disfrutar de un camping cerca del Palacio de Festivales y de la emoci\u00f3n de los acontecimientos de Cannes?  <\/p>\n\n\n\n<p class=\"ls-paragraph has-text-align-center\">Disfruta de nuestras<strong> c\u00f3modas<\/strong><strong> parcelas de<\/strong><strong> alquiler<\/strong> y<strong> caravaning<\/strong>, mientras te alojas cerca de las principales atracciones de Cannes. <\/p>\n\n\n\n<p class=\"ls-paragraph has-text-align-center\">Disfrute de una estancia \u00fanica en nuestro<strong> camping cerca del Palais des Festivals<\/strong>.<\/p>\n\n\r\n    <\/div>\r\n<\/section><section id=\"ls-section-block_f09e5badfc0cd9554c512c24e246a971\" class=\"ls-section  home-second page-one has-p-t p-t-0\" >\r\n        <div class=\"container container--full\">\r\n        \n\n<div class=\"wp-block-columns are-vertically-aligned-center is-layout-flex wp-container-core-columns-is-layout-9d6595d7 wp-block-columns-is-layout-flex\">\n<div class=\"wp-block-column is-vertically-aligned-center is-layout-flow wp-block-column-is-layout-flow\" style=\"flex-basis:45%\">\n<h2 class=\"ls__heading wp-block-heading\">Su alojamiento cerca del Palacio de Festivales<\/h2>\n\n\n\n<p class=\"ls-paragraph\">En nuestro camping de Cannes, le ofrecemos una gran variedad de alojamientos para satisfacer todas sus necesidades y deseos. Tanto si prefiere la comodidad de una <a href=\"https:\/\/parcbellevue.com\/es\/alquiler-casas-moviles-cannes\/\">casa m\u00f3vil de alquiler<\/a> como el encanto de un <a href=\"https:\/\/parcbellevue.com\/es\/parcela-cannes\/\">camping para caravanas<\/a> al aire libre, disfrutar\u00e1 de la proximidad del Palacio de Festivales.<\/p>\n\n\n\n<p class=\"ls-paragraph\">Haz de tu estancia en Cannes una <strong>experiencia inolvidable<\/strong> aloj\u00e1ndote en nuestro camping, cerca del coraz\u00f3n palpitante de la Costa Azul.<\/p>\n\n\n\n<p class=\"ls-paragraph\">Situado a unos 5 km del Palacio de Festivales, el camping Parc Bellevue de Cannes es una soluci\u00f3n de alojamiento ideal para las grandes conferencias y ferias que se celebran a lo largo del a\u00f1o.  <\/p>\n\n\n\n<p class=\"ls-paragraph\">Acogemos a expositores, visitantes y equipos t\u00e9cnicos que buscan un alojamiento pr\u00e1ctico, c\u00f3modo y accesible durante los grandes acontecimientos de Cannes.<\/p>\n\n\n\n<p class=\"ls-paragraph\">Conferencias :  <\/p>\n\n\n\n<ul class=\"ls-list ls-list-undefined wp-block-list\">\n<li>MIPIM &#8211; Mercado internacional para profesionales inmobiliarios<\/li>\n\n\n\n<li>MIPTV &#8211; Exposici\u00f3n internacional de contenidos audiovisuales<\/li>\n\n\n\n<li>MIPCOM &#8211; Mercado Internacional de Contenidos Audiovisuales<\/li>\n\n\n\n<li>Festival de Cannes &#8211; Festival Internacional de Cine<\/li>\n\n\n\n<li>Cannes Lions &#8211; Festival Internacional de la Creatividad<\/li>\n\n\n\n<li>MAPIC &#8211; Sal\u00f3n Inmobiliario Comercial Internacional<\/li>\n\n\n\n<li>ILTM Cannes &#8211; Feria internacional del turismo de lujo<\/li>\n\n\n\n<li>Exposici\u00f3n Mundial Libre de Impuestos (TFWA)<\/li>\n\n\n\n<li>NRJ Music Awards<\/li>\n\n\n\n<li>Festival N\u00e1utico de Cannes<\/li>\n<\/ul>\n<\/div>\n\n\n\n<div class=\"wp-block-column is-vertically-aligned-center column-parallax is-layout-flow wp-block-column-is-layout-flow\" style=\"flex-basis:55%\">\n<figure class=\"wp-block-image size-full animated fadeInRight delay-100ms slow\"><a href=\"https:\/\/parcbellevue.com\/wp-content\/uploads\/2023\/11\/location-mobil-home-rio-vista.webp\"><img decoding=\"async\" width=\"1500\" height=\"1000\" src=\"https:\/\/parcbellevue.com\/wp-content\/uploads\/2023\/11\/location-mobil-home-rio-vista.webp\" alt=\"alquiler de mobil home rio vista\" class=\"wp-image-2464\" srcset=\"https:\/\/parcbellevue.com\/wp-content\/uploads\/2023\/11\/location-mobil-home-rio-vista.webp 1500w, https:\/\/parcbellevue.com\/wp-content\/uploads\/2023\/11\/location-mobil-home-rio-vista-300x200.webp 300w, https:\/\/parcbellevue.com\/wp-content\/uploads\/2023\/11\/location-mobil-home-rio-vista-1024x683.webp 1024w, https:\/\/parcbellevue.com\/wp-content\/uploads\/2023\/11\/location-mobil-home-rio-vista-768x512.webp 768w\" sizes=\"(max-width: 1500px) 100vw, 1500px\" \/><\/a><\/figure>\n<\/div>\n<\/div>\n\n\r\n    <\/div>\r\n<\/section><section id=\"ls-section-block_4c2029d723b319d3c4b4934e56484787\" class=\"ls-section  page-four column-parallax-reverse\" >\r\n        <div class=\"container container--wide\">\r\n        \n\n<div id=\"ls-heading ls-titre-div-block_e23bda3745934c871adab286be00b43a\" class=\"ls-titre-div aligncenter h2-like\" >\n    Descubre tambi\u00e9n<\/div>\n\n\n<div id=\"ls-maillage-block_731a9400d4ce6350736668f9c76b8983\" class=\"ls-maillage cta-style-normal\" data-rows=\"3\">\n    <div class=\"wp-block-columns\"><div class=\"wp-block-column\"><div class=\"ls-cta\">\n\n<a href=\"https:\/\/parcbellevue.com\/es\/camping-cerca-de-las-islas-lerins\/\" target=\"\" rel=\"noopener\" class=\"ls-cta__link\">\n\n\t<div class=\"ls-cta__image\"><img decoding=\"async\" src=\"https:\/\/parcbellevue.com\/wp-content\/uploads\/2023\/11\/Forteresse_sur_la_mer.webp\" alt=\"visita las islas de lerins\"><\/div>\n\t<div class=\"ls-cta__title\">\n\t\tIslas L\u00e9rins\t<\/div>\n\n\t\n\t<span class=\"bellevue-arrow ls-cta__arrow\"><\/span>\n\n<\/a><\/div><\/div><div class=\"wp-block-column\"><div class=\"ls-cta\">\n\n<a href=\"https:\/\/parcbellevue.com\/es\/camping-deportes-actividades-cote-azur\/\" target=\"\" rel=\"noopener\" class=\"ls-cta__link\">\n\n\t<div class=\"ls-cta__image\"><img decoding=\"async\" src=\"https:\/\/parcbellevue.com\/wp-content\/uploads\/2023\/11\/rafting-168007_1920_resultat.webp\" alt=\"rafting\"><\/div>\n\t<div class=\"ls-cta__title\">\n\t\tActividades deportivas en el camping\t<\/div>\n\n\t\n\t<span class=\"bellevue-arrow ls-cta__arrow\"><\/span>\n\n<\/a><\/div><\/div><div class=\"wp-block-column\"><div class=\"ls-cta\">\n\n<a href=\"https:\/\/parcbellevue.com\/es\/turismo-cote-azur\/\" target=\"\" rel=\"noopener\" class=\"ls-cta__link\">\n\n\t<div class=\"ls-cta__image\"><img decoding=\"async\" src=\"https:\/\/parcbellevue.com\/wp-content\/uploads\/2023\/11\/menton-7093335_1920-1.webp\" alt=\"barbilla\"><\/div>\n\t<div class=\"ls-cta__title\">\n\t\tLugares para visitar cerca de Cannes\t<\/div>\n\n\t\n\t<span class=\"bellevue-arrow ls-cta__arrow\"><\/span>\n\n<\/a><\/div><\/div><\/div><\/div>\n\r\n    <\/div>\r\n<\/section>","protected":false},"excerpt":{"rendered":"","protected":false},"author":1,"featured_media":3853,"parent":0,"menu_order":0,"comment_status":"closed","ping_status":"closed","template":"","meta":{"_acf_changed":false,"footnotes":""},"sujet":[],"class_list":["post-3400","page","type-page","status-publish","has-post-thumbnail","hentry"],"acf":[],"yoast_head":"<!-- This site is optimized with the Yoast SEO plugin v23.4 - https:\/\/yoast.com\/wordpress\/plugins\/seo\/ -->\n<title>Camping cerca del Palais des Festivals Cannes | Alojamiento cerca del Festival<\/title>\n<meta name=\"description\" content=\"Su camping le acoge en el coraz\u00f3n de Cannes, a dos pasos del famoso y glamuroso Palacio de Festivales. Alquile su alojamiento para disfrutar de los acontecimientos.\" \/>\n<meta name=\"robots\" content=\"index, follow, max-snippet:-1, max-image-preview:large, max-video-preview:-1\" \/>\n<link rel=\"canonical\" href=\"https:\/\/parcbellevue.com\/es\/camping-cerca-del-palais-des-festivals-cannes\/\" \/>\n<meta property=\"og:locale\" content=\"es_ES\" \/>\n<meta property=\"og:type\" content=\"article\" \/>\n<meta property=\"og:title\" content=\"Camping cerca del Palais des Festivals Cannes | Alojamiento cerca del Festival\" \/>\n<meta property=\"og:description\" content=\"Su camping le acoge en el coraz\u00f3n de Cannes, a dos pasos del famoso y glamuroso Palacio de Festivales. Alquile su alojamiento para disfrutar de los acontecimientos.\" \/>\n<meta property=\"og:url\" content=\"https:\/\/parcbellevue.com\/es\/camping-cerca-del-palais-des-festivals-cannes\/\" \/>\n<meta property=\"og:site_name\" content=\"Camping Parc Bellevue\" \/>\n<meta property=\"article:modified_time\" content=\"2026-01-06T08:50:16+00:00\" \/>\n<meta property=\"og:image\" content=\"https:\/\/parcbellevue.com\/wp-content\/uploads\/2023\/12\/camping-cannes.webp\" \/>\n\t<meta property=\"og:image:width\" content=\"2000\" \/>\n\t<meta property=\"og:image:height\" content=\"1500\" \/>\n\t<meta property=\"og:image:type\" content=\"image\/webp\" \/>\n<meta name=\"twitter:card\" content=\"summary_large_image\" \/>\n<meta name=\"twitter:label1\" content=\"Tiempo de lectura\" \/>\n\t<meta name=\"twitter:data1\" content=\"2 minutos\" \/>\n<script type=\"application\/ld+json\" class=\"yoast-schema-graph\">{\"@context\":\"https:\/\/schema.org\",\"@graph\":[{\"@type\":\"WebPage\",\"@id\":\"https:\/\/parcbellevue.com\/es\/camping-cerca-del-palais-des-festivals-cannes\/\",\"url\":\"https:\/\/parcbellevue.com\/es\/camping-cerca-del-palais-des-festivals-cannes\/\",\"name\":\"Camping cerca del Palais des Festivals Cannes | Alojamiento cerca del Festival\",\"isPartOf\":{\"@id\":\"https:\/\/parcbellevue.com\/#website\"},\"primaryImageOfPage\":{\"@id\":\"https:\/\/parcbellevue.com\/es\/camping-cerca-del-palais-des-festivals-cannes\/#primaryimage\"},\"image\":{\"@id\":\"https:\/\/parcbellevue.com\/es\/camping-cerca-del-palais-des-festivals-cannes\/#primaryimage\"},\"thumbnailUrl\":\"https:\/\/parcbellevue.com\/wp-content\/uploads\/2023\/12\/camping-cannes.webp\",\"datePublished\":\"2023-12-12T16:15:12+00:00\",\"dateModified\":\"2026-01-06T08:50:16+00:00\",\"description\":\"Su camping le acoge en el coraz\u00f3n de Cannes, a dos pasos del famoso y glamuroso Palacio de Festivales. Alquile su alojamiento para disfrutar de los acontecimientos.\",\"breadcrumb\":{\"@id\":\"https:\/\/parcbellevue.com\/es\/camping-cerca-del-palais-des-festivals-cannes\/#breadcrumb\"},\"inLanguage\":\"es\",\"potentialAction\":[{\"@type\":\"ReadAction\",\"target\":[\"https:\/\/parcbellevue.com\/es\/camping-cerca-del-palais-des-festivals-cannes\/\"]}]},{\"@type\":\"ImageObject\",\"inLanguage\":\"es\",\"@id\":\"https:\/\/parcbellevue.com\/es\/camping-cerca-del-palais-des-festivals-cannes\/#primaryimage\",\"url\":\"https:\/\/parcbellevue.com\/wp-content\/uploads\/2023\/12\/camping-cannes.webp\",\"contentUrl\":\"https:\/\/parcbellevue.com\/wp-content\/uploads\/2023\/12\/camping-cannes.webp\",\"width\":2000,\"height\":1500,\"caption\":\"camping cannes\"},{\"@type\":\"BreadcrumbList\",\"@id\":\"https:\/\/parcbellevue.com\/es\/camping-cerca-del-palais-des-festivals-cannes\/#breadcrumb\",\"itemListElement\":[{\"@type\":\"ListItem\",\"position\":1,\"name\":\"Camping Cannes\",\"item\":\"https:\/\/parcbellevue.com\/es\/\"},{\"@type\":\"ListItem\",\"position\":2,\"name\":\"Camping cerca del Palacio de Festivales\"}]},{\"@type\":\"WebSite\",\"@id\":\"https:\/\/parcbellevue.com\/#website\",\"url\":\"https:\/\/parcbellevue.com\/\",\"name\":\"Camping Parc Bellevue\",\"description\":\"\",\"publisher\":{\"@id\":\"https:\/\/parcbellevue.com\/#organization\"},\"potentialAction\":[{\"@type\":\"SearchAction\",\"target\":{\"@type\":\"EntryPoint\",\"urlTemplate\":\"https:\/\/parcbellevue.com\/?s={search_term_string}\"},\"query-input\":{\"@type\":\"PropertyValueSpecification\",\"valueRequired\":true,\"valueName\":\"search_term_string\"}}],\"inLanguage\":\"es\"},{\"@type\":\"Organization\",\"@id\":\"https:\/\/parcbellevue.com\/#organization\",\"name\":\"Camping Parc Bellevue\",\"url\":\"https:\/\/parcbellevue.com\/\",\"logo\":{\"@type\":\"ImageObject\",\"inLanguage\":\"es\",\"@id\":\"https:\/\/parcbellevue.com\/#\/schema\/logo\/image\/\",\"url\":\"https:\/\/parcbellevue.com\/wp-content\/uploads\/2022\/11\/cropped-logo-camping-parc-bellevue.png\",\"contentUrl\":\"https:\/\/parcbellevue.com\/wp-content\/uploads\/2022\/11\/cropped-logo-camping-parc-bellevue.png\",\"width\":902,\"height\":904,\"caption\":\"Camping Parc Bellevue\"},\"image\":{\"@id\":\"https:\/\/parcbellevue.com\/#\/schema\/logo\/image\/\"}}]}<\/script>\n<!-- \/ Yoast SEO plugin. -->","yoast_head_json":{"title":"Camping cerca del Palais des Festivals Cannes | Alojamiento cerca del Festival","description":"Su camping le acoge en el coraz\u00f3n de Cannes, a dos pasos del famoso y glamuroso Palacio de Festivales. Alquile su alojamiento para disfrutar de los acontecimientos.","robots":{"index":"index","follow":"follow","max-snippet":"max-snippet:-1","max-image-preview":"max-image-preview:large","max-video-preview":"max-video-preview:-1"},"canonical":"https:\/\/parcbellevue.com\/es\/camping-cerca-del-palais-des-festivals-cannes\/","og_locale":"es_ES","og_type":"article","og_title":"Camping cerca del Palais des Festivals Cannes | Alojamiento cerca del Festival","og_description":"Su camping le acoge en el coraz\u00f3n de Cannes, a dos pasos del famoso y glamuroso Palacio de Festivales. Alquile su alojamiento para disfrutar de los acontecimientos.","og_url":"https:\/\/parcbellevue.com\/es\/camping-cerca-del-palais-des-festivals-cannes\/","og_site_name":"Camping Parc Bellevue","article_modified_time":"2026-01-06T08:50:16+00:00","og_image":[{"width":2000,"height":1500,"url":"https:\/\/parcbellevue.com\/wp-content\/uploads\/2023\/12\/camping-cannes.webp","type":"image\/webp"}],"twitter_card":"summary_large_image","twitter_misc":{"Tiempo de lectura":"2 minutos"},"schema":{"@context":"https:\/\/schema.org","@graph":[{"@type":"WebPage","@id":"https:\/\/parcbellevue.com\/es\/camping-cerca-del-palais-des-festivals-cannes\/","url":"https:\/\/parcbellevue.com\/es\/camping-cerca-del-palais-des-festivals-cannes\/","name":"Camping cerca del Palais des Festivals Cannes | Alojamiento cerca del Festival","isPartOf":{"@id":"https:\/\/parcbellevue.com\/#website"},"primaryImageOfPage":{"@id":"https:\/\/parcbellevue.com\/es\/camping-cerca-del-palais-des-festivals-cannes\/#primaryimage"},"image":{"@id":"https:\/\/parcbellevue.com\/es\/camping-cerca-del-palais-des-festivals-cannes\/#primaryimage"},"thumbnailUrl":"https:\/\/parcbellevue.com\/wp-content\/uploads\/2023\/12\/camping-cannes.webp","datePublished":"2023-12-12T16:15:12+00:00","dateModified":"2026-01-06T08:50:16+00:00","description":"Su camping le acoge en el coraz\u00f3n de Cannes, a dos pasos del famoso y glamuroso Palacio de Festivales. Alquile su alojamiento para disfrutar de los acontecimientos.","breadcrumb":{"@id":"https:\/\/parcbellevue.com\/es\/camping-cerca-del-palais-des-festivals-cannes\/#breadcrumb"},"inLanguage":"es","potentialAction":[{"@type":"ReadAction","target":["https:\/\/parcbellevue.com\/es\/camping-cerca-del-palais-des-festivals-cannes\/"]}]},{"@type":"ImageObject","inLanguage":"es","@id":"https:\/\/parcbellevue.com\/es\/camping-cerca-del-palais-des-festivals-cannes\/#primaryimage","url":"https:\/\/parcbellevue.com\/wp-content\/uploads\/2023\/12\/camping-cannes.webp","contentUrl":"https:\/\/parcbellevue.com\/wp-content\/uploads\/2023\/12\/camping-cannes.webp","width":2000,"height":1500,"caption":"camping cannes"},{"@type":"BreadcrumbList","@id":"https:\/\/parcbellevue.com\/es\/camping-cerca-del-palais-des-festivals-cannes\/#breadcrumb","itemListElement":[{"@type":"ListItem","position":1,"name":"Camping Cannes","item":"https:\/\/parcbellevue.com\/es\/"},{"@type":"ListItem","position":2,"name":"Camping cerca del Palacio de Festivales"}]},{"@type":"WebSite","@id":"https:\/\/parcbellevue.com\/#website","url":"https:\/\/parcbellevue.com\/","name":"Camping Parc Bellevue","description":"","publisher":{"@id":"https:\/\/parcbellevue.com\/#organization"},"potentialAction":[{"@type":"SearchAction","target":{"@type":"EntryPoint","urlTemplate":"https:\/\/parcbellevue.com\/?s={search_term_string}"},"query-input":{"@type":"PropertyValueSpecification","valueRequired":true,"valueName":"search_term_string"}}],"inLanguage":"es"},{"@type":"Organization","@id":"https:\/\/parcbellevue.com\/#organization","name":"Camping Parc Bellevue","url":"https:\/\/parcbellevue.com\/","logo":{"@type":"ImageObject","inLanguage":"es","@id":"https:\/\/parcbellevue.com\/#\/schema\/logo\/image\/","url":"https:\/\/parcbellevue.com\/wp-content\/uploads\/2022\/11\/cropped-logo-camping-parc-bellevue.png","contentUrl":"https:\/\/parcbellevue.com\/wp-content\/uploads\/2022\/11\/cropped-logo-camping-parc-bellevue.png","width":902,"height":904,"caption":"Camping Parc Bellevue"},"image":{"@id":"https:\/\/parcbellevue.com\/#\/schema\/logo\/image\/"}}]}},"_links":{"self":[{"href":"https:\/\/parcbellevue.com\/es\/wp-json\/wp\/v2\/pages\/3400","targetHints":{"allow":["GET"]}}],"collection":[{"href":"https:\/\/parcbellevue.com\/es\/wp-json\/wp\/v2\/pages"}],"about":[{"href":"https:\/\/parcbellevue.com\/es\/wp-json\/wp\/v2\/types\/page"}],"author":[{"embeddable":true,"href":"https:\/\/parcbellevue.com\/es\/wp-json\/wp\/v2\/users\/1"}],"replies":[{"embeddable":true,"href":"https:\/\/parcbellevue.com\/es\/wp-json\/wp\/v2\/comments?post=3400"}],"version-history":[{"count":5,"href":"https:\/\/parcbellevue.com\/es\/wp-json\/wp\/v2\/pages\/3400\/revisions"}],"predecessor-version":[{"id":5227,"href":"https:\/\/parcbellevue.com\/es\/wp-json\/wp\/v2\/pages\/3400\/revisions\/5227"}],"wp:featuredmedia":[{"embeddable":true,"href":"https:\/\/parcbellevue.com\/es\/wp-json\/wp\/v2\/media\/3853"}],"wp:attachment":[{"href":"https:\/\/parcbellevue.com\/es\/wp-json\/wp\/v2\/media?parent=3400"}],"wp:term":[{"taxonomy":"sujet","embeddable":true,"href":"https:\/\/parcbellevue.com\/es\/wp-json\/wp\/v2\/sujet?post=3400"}],"curies":[{"name":"wp","href":"https:\/\/api.w.org\/{rel}","templated":true}]}}