{"id":3370,"date":"2023-12-12T17:10:40","date_gmt":"2023-12-12T16:10:40","guid":{"rendered":"https:\/\/parcbellevue.com\/camping-deportes-actividades-cote-azur\/"},"modified":"2025-01-15T11:40:19","modified_gmt":"2025-01-15T10:40:19","slug":"camping-deportes-actividades-cote-azur","status":"publish","type":"page","link":"https:\/\/parcbellevue.com\/es\/camping-deportes-actividades-cote-azur\/","title":{"rendered":"Actividades deportivas en el camping"},"content":{"rendered":"<section id=\"ls-section-block_8729247f5bbb125e9644e54b282fef83\" class=\"ls-section  page-titre\" >\r\n        <div class=\"container container--wide\">\r\n        \n\n<h1 class=\"ls__heading wp-block-heading has-text-align-center\">Todas las actividades deportivas de la Costa Azul<\/h1>\n\n\n\n<p class=\"ls-paragraph has-text-align-center\">Emprenda una aventura en la magn\u00edfica Costa Azul, para\u00edso de vacaciones llenas de acci\u00f3n y recuerdos inolvidables. Tanto si su estancia es corta como larga, le esperan numerosas actividades deportivas para explorar la regi\u00f3n bajo una nueva luz.<\/p>\n\n\r\n    <\/div>\r\n<\/section><section id=\"ls-section-block_953ff00b51501e2bb22dfab08101f671\" class=\"ls-section  home-second page-one\" >\r\n        <div class=\"container container--full\">\r\n        \n\n<div class=\"wp-block-columns is-layout-flex wp-container-core-columns-is-layout-9d6595d7 wp-block-columns-is-layout-flex\">\n<div class=\"wp-block-column is-layout-flow wp-block-column-is-layout-flow\" style=\"flex-basis:45%\">\n<h2 class=\"ls__heading wp-block-heading\">Los paseos m\u00e1s bonitos cerca de Cannes<\/h2>\n\n\n\n<p class=\"ls-paragraph\">Adem\u00e1s de su famoso festival de cine, Cannes es tambi\u00e9n un punto de partida ideal para magn\u00edficas visitas y paseos por la naturaleza. Marav\u00edllese con el paisaje a lo largo del <strong>Sentier<\/strong> <strong>du<\/strong> <strong>Littoral<\/strong>. Este recorrido de 5 km ofrece <strong>unas vistas impresionantes del mar y de las islas L\u00e9rins<\/strong>. Accesible a todos los senderistas, es una excursi\u00f3n que no debe perderse en sus vacaciones en Cannes.<\/p>\n\n\n\n<p class=\"ls-paragraph\">Prolongue su aventura con la <strong>Croix des Gardes<\/strong>, un <strong>espacio natural de 80 hect\u00e1reas <\/strong>que ofrece excepcionales vistas panor\u00e1micas sobre la bah\u00eda de Cannes y las islas L\u00e9rins. Hay varias rutas de senderismo por el bosque.<\/p>\n\n\n\n<p class=\"ls-paragraph\">No olvide el <a href=\"https:\/\/provence-alpes-cotedazur.com\/decouvrir\/espaces-naturels\/parc-de-la-valmasque\/\" target=\"_blank\" rel=\"noreferrer noopener\">Parque Natural de Valmasque<\/a>, en Mougins, <strong>de 430 hect\u00e1reas<\/strong>. Perfecto para paseos familiares y picnics, ofrece una serie de <strong>senderos se\u00f1alizados<\/strong> que le ayudar\u00e1n a descubrir las maravillas de la flora y fauna locales.<\/p>\n\n\n\n<p class=\"ls-paragraph addReadMore showlesscontent\"><strong>El Chemin des Douaniers y la Pointe de l&#8217;Aiguille<\/strong>, con sus vistas panor\u00e1micas sobre el mar y las islas L\u00e9rins, tambi\u00e9n son opciones imperdibles durante su estancia en Cannes.<\/p>\n<\/div>\n\n\n\n<div class=\"wp-block-column column-parallax is-layout-flow wp-block-column-is-layout-flow\" style=\"flex-basis:55%\">\n<figure class=\"wp-block-image size-full animated fadeInRight delay-100ms slow\"><a href=\"https:\/\/parcbellevue.com\/wp-content\/uploads\/2023\/11\/lac-des-merveilles2_resultat.webp\"><img decoding=\"async\" width=\"1920\" height=\"1440\" src=\"https:\/\/parcbellevue.com\/wp-content\/uploads\/2023\/11\/lac-des-merveilles2_resultat.webp\" alt=\"lago de las maravillas2 resultado\" class=\"wp-image-2875\" srcset=\"https:\/\/parcbellevue.com\/wp-content\/uploads\/2023\/11\/lac-des-merveilles2_resultat.webp 1920w, https:\/\/parcbellevue.com\/wp-content\/uploads\/2023\/11\/lac-des-merveilles2_resultat-300x225.webp 300w, https:\/\/parcbellevue.com\/wp-content\/uploads\/2023\/11\/lac-des-merveilles2_resultat-1024x768.webp 1024w, https:\/\/parcbellevue.com\/wp-content\/uploads\/2023\/11\/lac-des-merveilles2_resultat-768x576.webp 768w, https:\/\/parcbellevue.com\/wp-content\/uploads\/2023\/11\/lac-des-merveilles2_resultat-1536x1152.webp 1536w\" sizes=\"(max-width: 1920px) 100vw, 1920px\" \/><\/a><\/figure>\n<\/div>\n<\/div>\n\n\r\n    <\/div>\r\n<\/section><section id=\"ls-section-block_0b106ff1820f08085d2a3db00e86a295\" class=\"ls-section  home-third page-two\" >\r\n        <div class=\"container container--full\">\r\n        \n\n<div class=\"wp-block-columns are-vertically-aligned-top is-layout-flex wp-container-core-columns-is-layout-9d6595d7 wp-block-columns-is-layout-flex\">\n<div class=\"wp-block-column is-vertically-aligned-top column-parallax is-layout-flow wp-block-column-is-layout-flow\">\n<figure class=\"wp-block-gallery has-nested-images columns-default is-cropped wp-block-gallery-1 is-layout-flex wp-block-gallery-is-layout-flex\">\n<figure class=\"wp-block-image size-full animated fadeIn delay-100ms slow\"><a href=\"https:\/\/parcbellevue.com\/wp-content\/uploads\/2023\/11\/visiter-iles-de-lerin.webp\"><img decoding=\"async\" width=\"2000\" height=\"1500\" data-id=\"2844\" src=\"https:\/\/parcbellevue.com\/wp-content\/uploads\/2023\/11\/visiter-iles-de-lerin.webp\" alt=\"visita las islas de ler&#xED;n\" class=\"wp-image-2844\" srcset=\"https:\/\/parcbellevue.com\/wp-content\/uploads\/2023\/11\/visiter-iles-de-lerin.webp 2000w, https:\/\/parcbellevue.com\/wp-content\/uploads\/2023\/11\/visiter-iles-de-lerin-300x225.webp 300w, https:\/\/parcbellevue.com\/wp-content\/uploads\/2023\/11\/visiter-iles-de-lerin-1024x768.webp 1024w, https:\/\/parcbellevue.com\/wp-content\/uploads\/2023\/11\/visiter-iles-de-lerin-768x576.webp 768w, https:\/\/parcbellevue.com\/wp-content\/uploads\/2023\/11\/visiter-iles-de-lerin-1536x1152.webp 1536w\" sizes=\"(max-width: 2000px) 100vw, 2000px\" \/><\/a><\/figure>\n\n\n\n<figure class=\"wp-block-image size-full animated fadeIn delay-500ms slow\"><a href=\"https:\/\/parcbellevue.com\/wp-content\/uploads\/2023\/11\/tourisme-iles-de-lerin-1-e1700231743606.webp\"><img decoding=\"async\" width=\"2000\" height=\"1396\" data-id=\"2808\" src=\"https:\/\/parcbellevue.com\/wp-content\/uploads\/2023\/11\/tourisme-iles-de-lerin-1-e1700231743606.webp\" alt=\"turismo islas de ler&#xED;n\" class=\"wp-image-2808\" srcset=\"https:\/\/parcbellevue.com\/wp-content\/uploads\/2023\/11\/tourisme-iles-de-lerin-1-e1700231743606.webp 2000w, https:\/\/parcbellevue.com\/wp-content\/uploads\/2023\/11\/tourisme-iles-de-lerin-1-e1700231743606-300x209.webp 300w, https:\/\/parcbellevue.com\/wp-content\/uploads\/2023\/11\/tourisme-iles-de-lerin-1-e1700231743606-1024x715.webp 1024w, https:\/\/parcbellevue.com\/wp-content\/uploads\/2023\/11\/tourisme-iles-de-lerin-1-e1700231743606-768x536.webp 768w, https:\/\/parcbellevue.com\/wp-content\/uploads\/2023\/11\/tourisme-iles-de-lerin-1-e1700231743606-1536x1072.webp 1536w\" sizes=\"(max-width: 2000px) 100vw, 2000px\" \/><\/a><\/figure>\n<\/figure>\n<\/div>\n\n\n\n<div class=\"wp-block-column is-vertically-aligned-top is-layout-flow wp-block-column-is-layout-flow\">\n<div class=\"wp-block-columns are-vertically-aligned-center wp-block-columns__padding-right is-layout-flex wp-container-core-columns-is-layout-9d6595d7 wp-block-columns-is-layout-flex\">\n<div class=\"wp-block-column is-vertically-aligned-center is-layout-flow wp-block-column-is-layout-flow\">\n<h2 class=\"ls__heading wp-block-heading has-color-3-color has-text-color\">Actividades n\u00e1uticas en Cannes<\/h2>\n\n\n\n<p class=\"ls-paragraph\">La Costa Azul es tambi\u00e9n un destino predilecto para los amantes de<strong>los deportes n\u00e1uticos<\/strong>. Cannes es un fant\u00e1stico patio de recreo para los amantes de<strong>las actividades acu\u00e1ticas<\/strong>. <\/p>\n\n\n\n<p class=\"ls-paragraph\">Sea cual sea su nivel, Cannes le garantiza una experiencia \u00fanica, combinando el placer del agua con la adrenalina de la aventura. As\u00ed que no dude en sumergirse en el ambiente de Cannes durante sus pr\u00f3ximas vacaciones.<\/p>\n\n\n\n<p class=\"ls-paragraph\">Prep\u00e1rese para unas vacaciones llenas de aventuras y descubrimientos memorables en la Costa Azul. Reserve ya su pr\u00f3xima escapada al <a href=\"https:\/\/parcbellevue.com\/es\/\">camping Parc Bellevue de Cannes<\/a> para disfrutar de todas estas <strong>actividades familiares y<\/strong> deportivas.<\/p>\n<\/div>\n<\/div>\n<\/div>\n<\/div>\n\n\r\n    <\/div>\r\n<\/section><section id=\"ls-section-block_9b18e005a2757acbe4e551752fa7961e\" class=\"ls-section  page-four column-parallax-reverse\" >\r\n        <div class=\"container container--wide\">\r\n        \n\n<div id=\"ls-heading ls-titre-div-block_505416ff384ead1a691e37bfca9e8416\" class=\"ls-titre-div aligncenter h2-like\" >\n    Descubre tambi\u00e9n<\/div>\n\n\n<div id=\"ls-maillage-block_52fc84e5091c57b329f008df4edaac0e\" class=\"ls-maillage cta-style-normal\" data-rows=\"3\">\n    <div class=\"wp-block-columns\"><div class=\"wp-block-column\"><div class=\"ls-cta\">\n\n<a href=\"https:\/\/parcbellevue.com\/es\/camping-cerca-de-las-islas-lerins\/\" target=\"\" rel=\"noopener\" class=\"ls-cta__link\">\n\n\t<div class=\"ls-cta__image\"><img decoding=\"async\" src=\"https:\/\/parcbellevue.com\/wp-content\/uploads\/2023\/11\/Forteresse_sur_la_mer.webp\" alt=\"visita las islas de lerins\"><\/div>\n\t<div class=\"ls-cta__title\">\n\t\tIslas L\u00e9rins\t<\/div>\n\n\t\n\t<span class=\"bellevue-arrow ls-cta__arrow\"><\/span>\n\n<\/a><\/div><\/div><div class=\"wp-block-column\"><div class=\"ls-cta\">\n\n<a href=\"https:\/\/parcbellevue.com\/es\/camping-cerca-del-palais-des-festivals-cannes\/\" target=\"\" rel=\"noopener\" class=\"ls-cta__link\">\n\n\t<div class=\"ls-cta__image\"><img decoding=\"async\" src=\"https:\/\/parcbellevue.com\/wp-content\/uploads\/2023\/10\/palais-des-festivals-cannes-camping-parc-bellevue.webp\" alt=\"alojamiento en el festival de cannes\"><\/div>\n\t<div class=\"ls-cta__title\">\n\t\tEl palacio de festivales\t<\/div>\n\n\t\n\t<span class=\"bellevue-arrow ls-cta__arrow\"><\/span>\n\n<\/a><\/div><\/div><div class=\"wp-block-column\"><div class=\"ls-cta\">\n\n<a href=\"https:\/\/parcbellevue.com\/es\/turismo-cote-azur\/\" target=\"\" rel=\"noopener\" class=\"ls-cta__link\">\n\n\t<div class=\"ls-cta__image\"><img decoding=\"async\" src=\"https:\/\/parcbellevue.com\/wp-content\/uploads\/2023\/11\/menton-7093335_1920-1.webp\" alt=\"barbilla\"><\/div>\n\t<div class=\"ls-cta__title\">\n\t\tLugares para visitar cerca de Cannes\t<\/div>\n\n\t\n\t<span class=\"bellevue-arrow ls-cta__arrow\"><\/span>\n\n<\/a><\/div><\/div><\/div><\/div>\n\r\n    <\/div>\r\n<\/section>","protected":false},"excerpt":{"rendered":"","protected":false},"author":1,"featured_media":2907,"parent":0,"menu_order":0,"comment_status":"closed","ping_status":"closed","template":"","meta":{"_acf_changed":false,"footnotes":""},"sujet":[],"class_list":["post-3370","page","type-page","status-publish","has-post-thumbnail","hentry"],"acf":[],"yoast_head":"<!-- This site is optimized with the Yoast SEO plugin v23.4 - https:\/\/yoast.com\/wordpress\/plugins\/seo\/ -->\n<title>Actividades n\u00e1uticas en la Costa Azul | Actividades deportivas en la Costa Azul<\/title>\n<meta name=\"robots\" content=\"index, follow, max-snippet:-1, max-image-preview:large, max-video-preview:-1\" \/>\n<link rel=\"canonical\" href=\"https:\/\/parcbellevue.com\/es\/camping-deportes-actividades-cote-azur\/\" \/>\n<meta property=\"og:locale\" content=\"es_ES\" \/>\n<meta property=\"og:type\" content=\"article\" \/>\n<meta property=\"og:title\" content=\"Actividades n\u00e1uticas en la Costa Azul | Actividades deportivas en la Costa Azul\" \/>\n<meta property=\"og:url\" content=\"https:\/\/parcbellevue.com\/es\/camping-deportes-actividades-cote-azur\/\" \/>\n<meta property=\"og:site_name\" content=\"Camping Parc Bellevue\" \/>\n<meta property=\"article:modified_time\" content=\"2025-01-15T10:40:19+00:00\" \/>\n<meta property=\"og:image\" content=\"https:\/\/parcbellevue.com\/wp-content\/uploads\/2023\/11\/ivan-ragozin-bncjsl7jbve-unsplash_resultat.webp\" \/>\n\t<meta property=\"og:image:width\" content=\"1920\" \/>\n\t<meta property=\"og:image:height\" content=\"1279\" \/>\n\t<meta property=\"og:image:type\" content=\"image\/webp\" \/>\n<meta name=\"twitter:card\" content=\"summary_large_image\" \/>\n<meta name=\"twitter:label1\" content=\"Tiempo de lectura\" \/>\n\t<meta name=\"twitter:data1\" content=\"2 minutos\" \/>\n<script type=\"application\/ld+json\" class=\"yoast-schema-graph\">{\"@context\":\"https:\/\/schema.org\",\"@graph\":[{\"@type\":\"WebPage\",\"@id\":\"https:\/\/parcbellevue.com\/es\/camping-deportes-actividades-cote-azur\/\",\"url\":\"https:\/\/parcbellevue.com\/es\/camping-deportes-actividades-cote-azur\/\",\"name\":\"Actividades n\u00e1uticas en la Costa Azul | Actividades deportivas en la Costa Azul\",\"isPartOf\":{\"@id\":\"https:\/\/parcbellevue.com\/#website\"},\"primaryImageOfPage\":{\"@id\":\"https:\/\/parcbellevue.com\/es\/camping-deportes-actividades-cote-azur\/#primaryimage\"},\"image\":{\"@id\":\"https:\/\/parcbellevue.com\/es\/camping-deportes-actividades-cote-azur\/#primaryimage\"},\"thumbnailUrl\":\"https:\/\/parcbellevue.com\/wp-content\/uploads\/2023\/11\/ivan-ragozin-bncjsl7jbve-unsplash_resultat.webp\",\"datePublished\":\"2023-12-12T16:10:40+00:00\",\"dateModified\":\"2025-01-15T10:40:19+00:00\",\"breadcrumb\":{\"@id\":\"https:\/\/parcbellevue.com\/es\/camping-deportes-actividades-cote-azur\/#breadcrumb\"},\"inLanguage\":\"es\",\"potentialAction\":[{\"@type\":\"ReadAction\",\"target\":[\"https:\/\/parcbellevue.com\/es\/camping-deportes-actividades-cote-azur\/\"]}]},{\"@type\":\"ImageObject\",\"inLanguage\":\"es\",\"@id\":\"https:\/\/parcbellevue.com\/es\/camping-deportes-actividades-cote-azur\/#primaryimage\",\"url\":\"https:\/\/parcbellevue.com\/wp-content\/uploads\/2023\/11\/ivan-ragozin-bncjsl7jbve-unsplash_resultat.webp\",\"contentUrl\":\"https:\/\/parcbellevue.com\/wp-content\/uploads\/2023\/11\/ivan-ragozin-bncjsl7jbve-unsplash_resultat.webp\",\"width\":1920,\"height\":1279,\"caption\":\"vue-l\u00e9rins\"},{\"@type\":\"BreadcrumbList\",\"@id\":\"https:\/\/parcbellevue.com\/es\/camping-deportes-actividades-cote-azur\/#breadcrumb\",\"itemListElement\":[{\"@type\":\"ListItem\",\"position\":1,\"name\":\"Camping Cannes\",\"item\":\"https:\/\/parcbellevue.com\/es\/\"},{\"@type\":\"ListItem\",\"position\":2,\"name\":\"Camping cerca de actividades deportivas en la Costa Azul\"}]},{\"@type\":\"WebSite\",\"@id\":\"https:\/\/parcbellevue.com\/#website\",\"url\":\"https:\/\/parcbellevue.com\/\",\"name\":\"Camping Parc Bellevue\",\"description\":\"\",\"publisher\":{\"@id\":\"https:\/\/parcbellevue.com\/#organization\"},\"potentialAction\":[{\"@type\":\"SearchAction\",\"target\":{\"@type\":\"EntryPoint\",\"urlTemplate\":\"https:\/\/parcbellevue.com\/?s={search_term_string}\"},\"query-input\":{\"@type\":\"PropertyValueSpecification\",\"valueRequired\":true,\"valueName\":\"search_term_string\"}}],\"inLanguage\":\"es\"},{\"@type\":\"Organization\",\"@id\":\"https:\/\/parcbellevue.com\/#organization\",\"name\":\"Camping Parc Bellevue\",\"url\":\"https:\/\/parcbellevue.com\/\",\"logo\":{\"@type\":\"ImageObject\",\"inLanguage\":\"es\",\"@id\":\"https:\/\/parcbellevue.com\/#\/schema\/logo\/image\/\",\"url\":\"https:\/\/parcbellevue.com\/wp-content\/uploads\/2022\/11\/cropped-logo-camping-parc-bellevue.png\",\"contentUrl\":\"https:\/\/parcbellevue.com\/wp-content\/uploads\/2022\/11\/cropped-logo-camping-parc-bellevue.png\",\"width\":902,\"height\":904,\"caption\":\"Camping Parc Bellevue\"},\"image\":{\"@id\":\"https:\/\/parcbellevue.com\/#\/schema\/logo\/image\/\"}}]}<\/script>\n<!-- \/ Yoast SEO plugin. -->","yoast_head_json":{"title":"Actividades n\u00e1uticas en la Costa Azul | Actividades deportivas en la Costa Azul","robots":{"index":"index","follow":"follow","max-snippet":"max-snippet:-1","max-image-preview":"max-image-preview:large","max-video-preview":"max-video-preview:-1"},"canonical":"https:\/\/parcbellevue.com\/es\/camping-deportes-actividades-cote-azur\/","og_locale":"es_ES","og_type":"article","og_title":"Actividades n\u00e1uticas en la Costa Azul | Actividades deportivas en la Costa Azul","og_url":"https:\/\/parcbellevue.com\/es\/camping-deportes-actividades-cote-azur\/","og_site_name":"Camping Parc Bellevue","article_modified_time":"2025-01-15T10:40:19+00:00","og_image":[{"width":1920,"height":1279,"url":"https:\/\/parcbellevue.com\/wp-content\/uploads\/2023\/11\/ivan-ragozin-bncjsl7jbve-unsplash_resultat.webp","type":"image\/webp"}],"twitter_card":"summary_large_image","twitter_misc":{"Tiempo de lectura":"2 minutos"},"schema":{"@context":"https:\/\/schema.org","@graph":[{"@type":"WebPage","@id":"https:\/\/parcbellevue.com\/es\/camping-deportes-actividades-cote-azur\/","url":"https:\/\/parcbellevue.com\/es\/camping-deportes-actividades-cote-azur\/","name":"Actividades n\u00e1uticas en la Costa Azul | Actividades deportivas en la Costa Azul","isPartOf":{"@id":"https:\/\/parcbellevue.com\/#website"},"primaryImageOfPage":{"@id":"https:\/\/parcbellevue.com\/es\/camping-deportes-actividades-cote-azur\/#primaryimage"},"image":{"@id":"https:\/\/parcbellevue.com\/es\/camping-deportes-actividades-cote-azur\/#primaryimage"},"thumbnailUrl":"https:\/\/parcbellevue.com\/wp-content\/uploads\/2023\/11\/ivan-ragozin-bncjsl7jbve-unsplash_resultat.webp","datePublished":"2023-12-12T16:10:40+00:00","dateModified":"2025-01-15T10:40:19+00:00","breadcrumb":{"@id":"https:\/\/parcbellevue.com\/es\/camping-deportes-actividades-cote-azur\/#breadcrumb"},"inLanguage":"es","potentialAction":[{"@type":"ReadAction","target":["https:\/\/parcbellevue.com\/es\/camping-deportes-actividades-cote-azur\/"]}]},{"@type":"ImageObject","inLanguage":"es","@id":"https:\/\/parcbellevue.com\/es\/camping-deportes-actividades-cote-azur\/#primaryimage","url":"https:\/\/parcbellevue.com\/wp-content\/uploads\/2023\/11\/ivan-ragozin-bncjsl7jbve-unsplash_resultat.webp","contentUrl":"https:\/\/parcbellevue.com\/wp-content\/uploads\/2023\/11\/ivan-ragozin-bncjsl7jbve-unsplash_resultat.webp","width":1920,"height":1279,"caption":"vue-l\u00e9rins"},{"@type":"BreadcrumbList","@id":"https:\/\/parcbellevue.com\/es\/camping-deportes-actividades-cote-azur\/#breadcrumb","itemListElement":[{"@type":"ListItem","position":1,"name":"Camping Cannes","item":"https:\/\/parcbellevue.com\/es\/"},{"@type":"ListItem","position":2,"name":"Camping cerca de actividades deportivas en la Costa Azul"}]},{"@type":"WebSite","@id":"https:\/\/parcbellevue.com\/#website","url":"https:\/\/parcbellevue.com\/","name":"Camping Parc Bellevue","description":"","publisher":{"@id":"https:\/\/parcbellevue.com\/#organization"},"potentialAction":[{"@type":"SearchAction","target":{"@type":"EntryPoint","urlTemplate":"https:\/\/parcbellevue.com\/?s={search_term_string}"},"query-input":{"@type":"PropertyValueSpecification","valueRequired":true,"valueName":"search_term_string"}}],"inLanguage":"es"},{"@type":"Organization","@id":"https:\/\/parcbellevue.com\/#organization","name":"Camping Parc Bellevue","url":"https:\/\/parcbellevue.com\/","logo":{"@type":"ImageObject","inLanguage":"es","@id":"https:\/\/parcbellevue.com\/#\/schema\/logo\/image\/","url":"https:\/\/parcbellevue.com\/wp-content\/uploads\/2022\/11\/cropped-logo-camping-parc-bellevue.png","contentUrl":"https:\/\/parcbellevue.com\/wp-content\/uploads\/2022\/11\/cropped-logo-camping-parc-bellevue.png","width":902,"height":904,"caption":"Camping Parc Bellevue"},"image":{"@id":"https:\/\/parcbellevue.com\/#\/schema\/logo\/image\/"}}]}},"_links":{"self":[{"href":"https:\/\/parcbellevue.com\/es\/wp-json\/wp\/v2\/pages\/3370","targetHints":{"allow":["GET"]}}],"collection":[{"href":"https:\/\/parcbellevue.com\/es\/wp-json\/wp\/v2\/pages"}],"about":[{"href":"https:\/\/parcbellevue.com\/es\/wp-json\/wp\/v2\/types\/page"}],"author":[{"embeddable":true,"href":"https:\/\/parcbellevue.com\/es\/wp-json\/wp\/v2\/users\/1"}],"replies":[{"embeddable":true,"href":"https:\/\/parcbellevue.com\/es\/wp-json\/wp\/v2\/comments?post=3370"}],"version-history":[{"count":3,"href":"https:\/\/parcbellevue.com\/es\/wp-json\/wp\/v2\/pages\/3370\/revisions"}],"predecessor-version":[{"id":4036,"href":"https:\/\/parcbellevue.com\/es\/wp-json\/wp\/v2\/pages\/3370\/revisions\/4036"}],"wp:featuredmedia":[{"embeddable":true,"href":"https:\/\/parcbellevue.com\/es\/wp-json\/wp\/v2\/media\/2907"}],"wp:attachment":[{"href":"https:\/\/parcbellevue.com\/es\/wp-json\/wp\/v2\/media?parent=3370"}],"wp:term":[{"taxonomy":"sujet","embeddable":true,"href":"https:\/\/parcbellevue.com\/es\/wp-json\/wp\/v2\/sujet?post=3370"}],"curies":[{"name":"wp","href":"https:\/\/api.w.org\/{rel}","templated":true}]}}