{"id":3360,"date":"2023-12-12T17:09:52","date_gmt":"2023-12-12T16:09:52","guid":{"rendered":"https:\/\/parcbellevue.com\/camping-cerca-de-las-islas-lerins\/"},"modified":"2024-03-18T14:29:21","modified_gmt":"2024-03-18T13:29:21","slug":"camping-cerca-de-las-islas-lerins","status":"publish","type":"page","link":"https:\/\/parcbellevue.com\/es\/camping-cerca-de-las-islas-lerins\/","title":{"rendered":"Islas L\u00e9rins"},"content":{"rendered":"<section id=\"ls-section-block_a4c520f7d8140b008d9f07153a9763c3\" class=\"ls-section  page-titre\" >\r\n        <div class=\"container container--wide\">\r\n        \n\n<h1 class=\"ls__heading wp-block-heading has-text-align-center\">Camping cerca de las islas L\u00e9rins<\/h1>\n\n\r\n    <\/div>\r\n<\/section><section id=\"ls-section-block_de54535095eb1c24128ddf0a5f33a220\" class=\"ls-section  home-second page-one\" >\r\n        <div class=\"container container--full\">\r\n        \n\n<div class=\"wp-block-columns is-layout-flex wp-container-core-columns-is-layout-9d6595d7 wp-block-columns-is-layout-flex\">\n<div class=\"wp-block-column is-layout-flow wp-block-column-is-layout-flow\" style=\"flex-basis:45%\">\n<h2 class=\"ls__heading wp-block-heading\">Cambio de aires en las islas L\u00e9rins<\/h2>\n\n\n\n<p class=\"ls-paragraph\">\u00bfSue\u00f1a con una escapada \u00fanica e inolvidable? Explore las cercanas <a href=\"https:\/\/www.cannes.com\/fr\/cadre-de-vie\/plages-mer-nautisme\/iles-de-lerins.html\" target=\"_blank\" rel=\"noreferrer noopener\">islas de L\u00e9rins<\/a>  <\/p>\n\n\n\n<p class=\"ls-paragraph\">Frente a la bah\u00eda de Cannes y el macizo del Est\u00e9rel, las islas de L\u00e9rins, formadas por <strong>Sainte-Marguerite y Saint-Honorat<\/strong>, son un remanso de paz para los amantes de la naturaleza y la historia.<\/p>\n\n\n\n<p class=\"ls-paragraph\">Estas islas son <strong>espacios protegidos y v\u00edrgenes<\/strong>, hogar de <strong>una flora y fauna excepcionales<\/strong>, as\u00ed como de una historia fascinante que mezcla los <strong>misterios de la M\u00e1scara de Hierro <\/strong>con la serenidad de los <strong>monjes cistercienses<\/strong>.<br\/>Para unas vacaciones de ensue\u00f1o, no deje de visitar estas islas. Son f\u00e1cilmente accesibles <strong>mediante lanzaderas regulares<\/strong> desde Cannes. Planifique sus vacaciones y venga a descubrir este tesoro de la Costa Azul.<\/p>\n<\/div>\n\n\n\n<div class=\"wp-block-column column-parallax is-layout-flow wp-block-column-is-layout-flow\" style=\"flex-basis:55%\">\n<figure class=\"wp-block-image size-full animated fadeInRight delay-100ms slow\"><a href=\"https:\/\/parcbellevue.com\/wp-content\/uploads\/2023\/11\/Forteresse_sur_la_mer.webp\"><img decoding=\"async\" width=\"2048\" height=\"1439\" src=\"https:\/\/parcbellevue.com\/wp-content\/uploads\/2023\/11\/Forteresse_sur_la_mer.webp\" alt=\"ver iles l&#xE9;rins\" class=\"wp-image-2012\" srcset=\"https:\/\/parcbellevue.com\/wp-content\/uploads\/2023\/11\/Forteresse_sur_la_mer.webp 2048w, https:\/\/parcbellevue.com\/wp-content\/uploads\/2023\/11\/Forteresse_sur_la_mer-300x211.webp 300w, https:\/\/parcbellevue.com\/wp-content\/uploads\/2023\/11\/Forteresse_sur_la_mer-1024x720.webp 1024w, https:\/\/parcbellevue.com\/wp-content\/uploads\/2023\/11\/Forteresse_sur_la_mer-768x540.webp 768w, https:\/\/parcbellevue.com\/wp-content\/uploads\/2023\/11\/Forteresse_sur_la_mer-1536x1079.webp 1536w\" sizes=\"(max-width: 2048px) 100vw, 2048px\" \/><\/a><\/figure>\n<\/div>\n<\/div>\n\n\r\n    <\/div>\r\n<\/section><section id=\"ls-section-block_2221be19143742b103247f535a1aa763\" class=\"ls-section  home-third page-two\" >\r\n        <div class=\"container container--full\">\r\n        \n\n<div class=\"wp-block-columns are-vertically-aligned-top is-layout-flex wp-container-core-columns-is-layout-9d6595d7 wp-block-columns-is-layout-flex\">\n<div class=\"wp-block-column is-vertically-aligned-top column-parallax is-layout-flow wp-block-column-is-layout-flow\">\n<figure class=\"wp-block-gallery has-nested-images columns-default is-cropped wp-block-gallery-1 is-layout-flex wp-block-gallery-is-layout-flex\">\n<figure class=\"wp-block-image size-full animated fadeIn delay-100ms slow\"><a href=\"https:\/\/parcbellevue.com\/wp-content\/uploads\/2023\/12\/ile-sainte-marguerite.webp\"><img decoding=\"async\" width=\"1200\" height=\"900\" data-id=\"3822\" src=\"https:\/\/parcbellevue.com\/wp-content\/uploads\/2023\/12\/ile-sainte-marguerite.webp\" alt=\"vista sainte marguerite\" class=\"wp-image-3822\" srcset=\"https:\/\/parcbellevue.com\/wp-content\/uploads\/2023\/12\/ile-sainte-marguerite.webp 1200w, https:\/\/parcbellevue.com\/wp-content\/uploads\/2023\/12\/ile-sainte-marguerite-300x225.webp 300w, https:\/\/parcbellevue.com\/wp-content\/uploads\/2023\/12\/ile-sainte-marguerite-1024x768.webp 1024w, https:\/\/parcbellevue.com\/wp-content\/uploads\/2023\/12\/ile-sainte-marguerite-768x576.webp 768w\" sizes=\"(max-width: 1200px) 100vw, 1200px\" \/><\/a><\/figure>\n\n\n\n<figure class=\"wp-block-image size-full animated fadeIn delay-500ms slow\"><a href=\"https:\/\/parcbellevue.com\/wp-content\/uploads\/2023\/11\/Sainte-Marguerite.webp\"><img decoding=\"async\" width=\"2048\" height=\"1536\" data-id=\"2025\" src=\"https:\/\/parcbellevue.com\/wp-content\/uploads\/2023\/11\/Sainte-Marguerite.webp\" alt=\"port ile sainte marguerite\" class=\"wp-image-2025\" srcset=\"https:\/\/parcbellevue.com\/wp-content\/uploads\/2023\/11\/Sainte-Marguerite.webp 2048w, https:\/\/parcbellevue.com\/wp-content\/uploads\/2023\/11\/Sainte-Marguerite-300x225.webp 300w, https:\/\/parcbellevue.com\/wp-content\/uploads\/2023\/11\/Sainte-Marguerite-1024x768.webp 1024w, https:\/\/parcbellevue.com\/wp-content\/uploads\/2023\/11\/Sainte-Marguerite-768x576.webp 768w, https:\/\/parcbellevue.com\/wp-content\/uploads\/2023\/11\/Sainte-Marguerite-1536x1152.webp 1536w\" sizes=\"(max-width: 2048px) 100vw, 2048px\" \/><\/a><\/figure>\n<\/figure>\n<\/div>\n\n\n\n<div class=\"wp-block-column is-vertically-aligned-top is-layout-flow wp-block-column-is-layout-flow\">\n<div class=\"wp-block-columns are-vertically-aligned-center wp-block-columns__padding-right is-layout-flex wp-container-core-columns-is-layout-9d6595d7 wp-block-columns-is-layout-flex\">\n<div class=\"wp-block-column is-vertically-aligned-center is-layout-flow wp-block-column-is-layout-flow\">\n<h2 class=\"ls__heading wp-block-heading has-color-3-color has-text-color\">Isla Sainte Marguerite: un rinc\u00f3n del para\u00edso<\/h2>\n\n\n\n<p class=\"ls-paragraph\"><a href=\"https:\/\/www.ville-saintemarguerite.fr\/fr\/informations-generales.html\" target=\"_blank\" rel=\"noreferrer noopener\">Sainte-Marguerite<\/a>, la <strong>mayor de las islas L\u00e9rins<\/strong>, es un aut\u00e9ntico ed\u00e9n.<\/p>\n\n\n\n<p class=\"ls-paragraph\">Situado entre calas secretas y un bosque nacional de pinos y eucaliptos, ofrece un entorno encantador. Con sus 22 km de senderos, se extiende a lo largo de 3 km desde la reserva ornitol\u00f3gica del Etang du Bat\u00e9guier hasta la Pointe de la Convention. La isla tambi\u00e9n alberga<strong> restos arqueol\u00f3gicos <\/strong>y Fort Royal, que alberga el Museo de la M\u00e1scara de Hierro y Fort Royal.<\/p>\n\n\n\n<p class=\"ls-paragraph\">Desde 2021,<strong> unas estatuas monumentales del artista brit\u00e1nico Jason de Caires<\/strong> Taylor, moldeadas a partir de los rostros de seis habitantes de Cannes, est\u00e1n sumergidas cerca de la orilla de la isla Sainte-Marguerite, creando el<strong> primer ecomuseo submarino de Francia<\/strong> y del Mediterr\u00e1neo. Un lugar ideal para actividades deportivas y familiares<br\/><\/p>\n<\/div>\n<\/div>\n<\/div>\n<\/div>\n\n\r\n    <\/div>\r\n<\/section><section id=\"ls-section-block_0bab902e3b9fa53ba59860ef5f74945e\" class=\"ls-section  home-fourth page-three has-background-image has-parallax\" >\r\n    <div class=\"ls-section__background-image opacity-100\"><img decoding=\"async\" src=\"https:\/\/parcbellevue.com\/wp-content\/uploads\/2023\/11\/visiter-ile-saint-honorat.webp\" alt=\"visita ile saint honorat\"><\/div>    <div class=\"container container--full\">\r\n        \n\n<h2 class=\"ls__heading wp-block-heading has-text-align-center\">Descubra la isla de Saint-Honorat<\/h2>\n\n\n\n<p class=\"ls-paragraph has-text-align-center\"><a href=\"https:\/\/www.cannes-ilesdelerins.com\/fr\/\" target=\"_blank\" rel=\"noreferrer noopener\">Saint-Honorat<\/a>, la m\u00e1s peque\u00f1a de las dos islas de L\u00e9rins, es un <strong>lugar cargado de historia<\/strong>. Fue aqu\u00ed donde Saint-Honorat fund\u00f3 en el siglo V un <strong>centro<\/strong> espiritual que contribuy\u00f3 en gran medida a la difusi\u00f3n de la doctrina cristiana por todo el mundo occidental.<\/p>\n\n\n\n<p class=\"ls-paragraph has-text-align-center\">La isla alberga un <strong>monasterio fortificado <\/strong>abierto al p\u00fablico. En la actualidad, el monasterio actual, cuya construcci\u00f3n comenz\u00f3 en 1863, alberga una <strong>comunidad de monjes cistercienses<\/strong>. Una visita obligada durante su estancia.<\/p>\n\n\r\n    <\/div>\r\n<\/section><section id=\"ls-section-block_01567d486053b0a025326904eaa8f448\" class=\"ls-section  home-second page-one has-p-t p-t-0\" >\r\n        <div class=\"container container--full\">\r\n        \n\n<div class=\"wp-block-columns are-vertically-aligned-center is-layout-flex wp-container-core-columns-is-layout-9d6595d7 wp-block-columns-is-layout-flex\">\n<div class=\"wp-block-column is-vertically-aligned-center is-layout-flow wp-block-column-is-layout-flow\" style=\"flex-basis:45%\">\n<h2 class=\"ls__heading wp-block-heading\">Camping cerca de las islas L\u00e9rins<\/h2>\n\n\n\n<p class=\"ls-paragraph\">El <a href=\"https:\/\/parcbellevue.com\/es\/\">camping Parc Bellevue<\/a>, cerca de las islas L\u00e9rins, es el lugar perfecto para disfrutar de la belleza de estas islas. A s\u00f3lo 15 minutos de Cannes, son <strong>accesibles todo el d\u00eda en barco<\/strong>.<\/p>\n\n\n\n<p class=\"ls-paragraph\">El embarcadero se encuentra al final del aparcamiento del Quai Laubeuf. Varias compa\u00f1\u00edas ofrecen <strong>servicios regulares de barco<\/strong> desde Cannes a las islas L\u00e9rins. As\u00ed que prep\u00e1rese para sus vacaciones y venga a explorar este m\u00e1gico lugar.<\/p>\n<\/div>\n\n\n\n<div class=\"wp-block-column is-vertically-aligned-center column-parallax is-layout-flow wp-block-column-is-layout-flow\" style=\"flex-basis:55%\">\n<figure class=\"wp-block-image size-full animated fadeInRight delay-100ms slow\"><a href=\"https:\/\/parcbellevue.com\/wp-content\/uploads\/2024\/03\/camping-cannes-1.webp\"><img decoding=\"async\" width=\"1000\" height=\"750\" src=\"https:\/\/parcbellevue.com\/wp-content\/uploads\/2024\/03\/camping-cannes-1.webp\" alt=\"camping cannes\" class=\"wp-image-3950\" srcset=\"https:\/\/parcbellevue.com\/wp-content\/uploads\/2024\/03\/camping-cannes-1.webp 1000w, https:\/\/parcbellevue.com\/wp-content\/uploads\/2024\/03\/camping-cannes-1-300x225.webp 300w, https:\/\/parcbellevue.com\/wp-content\/uploads\/2024\/03\/camping-cannes-1-768x576.webp 768w\" sizes=\"(max-width: 1000px) 100vw, 1000px\" \/><\/a><\/figure>\n<\/div>\n<\/div>\n\n\r\n    <\/div>\r\n<\/section><section id=\"ls-section-block_eb10356d9b4d3c38430fcca49883865a\" class=\"ls-section  page-four column-parallax-reverse\" >\r\n        <div class=\"container container--wide\">\r\n        \n\n<div id=\"ls-heading ls-titre-div-block_dee06548e1bc36be2e0152031f3ad28d\" class=\"ls-titre-div aligncenter h2-like\" >\n    M\u00e1s informaci\u00f3n<\/div>\n\n\n<div id=\"ls-maillage-block_8a97737add9eaa7c0f8ce87ebdbd3036\" class=\"ls-maillage cta-style-normal\" data-rows=\"3\">\n    <div class=\"wp-block-columns\"><div class=\"wp-block-column\"><div class=\"ls-cta\">\n\n<a href=\"https:\/\/parcbellevue.com\/es\/camping-deportes-actividades-cote-azur\/\" target=\"\" rel=\"noopener\" class=\"ls-cta__link\">\n\n\t<div class=\"ls-cta__image\"><img decoding=\"async\" src=\"https:\/\/parcbellevue.com\/wp-content\/uploads\/2023\/11\/rafting-168007_1920_resultat.webp\" alt=\"rafting\"><\/div>\n\t<div class=\"ls-cta__title\">\n\t\tActividades deportivas en el camping\t<\/div>\n\n\t\n\t<span class=\"bellevue-arrow ls-cta__arrow\"><\/span>\n\n<\/a><\/div><\/div><div class=\"wp-block-column\"><div class=\"ls-cta\">\n\n<a href=\"https:\/\/parcbellevue.com\/es\/camping-cerca-del-palais-des-festivals-cannes\/\" target=\"\" rel=\"noopener\" class=\"ls-cta__link\">\n\n\t<div class=\"ls-cta__image\"><img decoding=\"async\" src=\"https:\/\/parcbellevue.com\/wp-content\/uploads\/2023\/10\/palais-des-festivals-cannes-camping-parc-bellevue.webp\" alt=\"alojamiento en el festival de cannes\"><\/div>\n\t<div class=\"ls-cta__title\">\n\t\tEl palacio de festivales\t<\/div>\n\n\t\n\t<span class=\"bellevue-arrow ls-cta__arrow\"><\/span>\n\n<\/a><\/div><\/div><div class=\"wp-block-column\"><div class=\"ls-cta\">\n\n<a href=\"https:\/\/parcbellevue.com\/es\/turismo-cote-azur\/\" target=\"\" rel=\"noopener\" class=\"ls-cta__link\">\n\n\t<div class=\"ls-cta__image\"><img decoding=\"async\" src=\"https:\/\/parcbellevue.com\/wp-content\/uploads\/2023\/11\/menton-7093335_1920-1.webp\" alt=\"barbilla\"><\/div>\n\t<div class=\"ls-cta__title\">\n\t\tLugares para visitar cerca de Cannes\t<\/div>\n\n\t\n\t<span class=\"bellevue-arrow ls-cta__arrow\"><\/span>\n\n<\/a><\/div><\/div><\/div><\/div>\n\r\n    <\/div>\r\n<\/section>","protected":false},"excerpt":{"rendered":"","protected":false},"author":1,"featured_media":2849,"parent":0,"menu_order":0,"comment_status":"closed","ping_status":"closed","template":"","meta":{"_acf_changed":false,"footnotes":""},"sujet":[],"class_list":["post-3360","page","type-page","status-publish","has-post-thumbnail","hentry"],"acf":[],"yoast_head":"<!-- This site is optimized with the Yoast SEO plugin v23.4 - https:\/\/yoast.com\/wordpress\/plugins\/seo\/ -->\n<title>Camping cerca del Palais des \u00eeles de L\u00e9rins | Camping \u00eeles de L\u00e9rins<\/title>\n<meta name=\"robots\" content=\"index, follow, max-snippet:-1, max-image-preview:large, max-video-preview:-1\" \/>\n<link rel=\"canonical\" href=\"https:\/\/parcbellevue.com\/es\/camping-cerca-de-las-islas-lerins\/\" \/>\n<meta property=\"og:locale\" content=\"es_ES\" \/>\n<meta property=\"og:type\" content=\"article\" \/>\n<meta property=\"og:title\" content=\"Camping cerca del Palais des \u00eeles de L\u00e9rins | Camping \u00eeles de L\u00e9rins\" \/>\n<meta property=\"og:url\" content=\"https:\/\/parcbellevue.com\/es\/camping-cerca-de-las-islas-lerins\/\" \/>\n<meta property=\"og:site_name\" content=\"Camping Parc Bellevue\" \/>\n<meta property=\"article:modified_time\" content=\"2024-03-18T13:29:21+00:00\" \/>\n<meta property=\"og:image\" content=\"https:\/\/parcbellevue.com\/wp-content\/uploads\/2023\/11\/visiter-iles-de-lerin.webp\" \/>\n\t<meta property=\"og:image:width\" content=\"2000\" \/>\n\t<meta property=\"og:image:height\" content=\"1500\" \/>\n\t<meta property=\"og:image:type\" content=\"image\/webp\" \/>\n<meta name=\"twitter:card\" content=\"summary_large_image\" \/>\n<meta name=\"twitter:label1\" content=\"Tiempo de lectura\" \/>\n\t<meta name=\"twitter:data1\" content=\"2 minutos\" \/>\n<script type=\"application\/ld+json\" class=\"yoast-schema-graph\">{\"@context\":\"https:\/\/schema.org\",\"@graph\":[{\"@type\":\"WebPage\",\"@id\":\"https:\/\/parcbellevue.com\/es\/camping-cerca-de-las-islas-lerins\/\",\"url\":\"https:\/\/parcbellevue.com\/es\/camping-cerca-de-las-islas-lerins\/\",\"name\":\"Camping cerca del Palais des \u00eeles de L\u00e9rins | Camping \u00eeles de L\u00e9rins\",\"isPartOf\":{\"@id\":\"https:\/\/parcbellevue.com\/#website\"},\"primaryImageOfPage\":{\"@id\":\"https:\/\/parcbellevue.com\/es\/camping-cerca-de-las-islas-lerins\/#primaryimage\"},\"image\":{\"@id\":\"https:\/\/parcbellevue.com\/es\/camping-cerca-de-las-islas-lerins\/#primaryimage\"},\"thumbnailUrl\":\"https:\/\/parcbellevue.com\/wp-content\/uploads\/2023\/11\/visiter-iles-de-lerin.webp\",\"datePublished\":\"2023-12-12T16:09:52+00:00\",\"dateModified\":\"2024-03-18T13:29:21+00:00\",\"breadcrumb\":{\"@id\":\"https:\/\/parcbellevue.com\/es\/camping-cerca-de-las-islas-lerins\/#breadcrumb\"},\"inLanguage\":\"es\",\"potentialAction\":[{\"@type\":\"ReadAction\",\"target\":[\"https:\/\/parcbellevue.com\/es\/camping-cerca-de-las-islas-lerins\/\"]}]},{\"@type\":\"ImageObject\",\"inLanguage\":\"es\",\"@id\":\"https:\/\/parcbellevue.com\/es\/camping-cerca-de-las-islas-lerins\/#primaryimage\",\"url\":\"https:\/\/parcbellevue.com\/wp-content\/uploads\/2023\/11\/visiter-iles-de-lerin.webp\",\"contentUrl\":\"https:\/\/parcbellevue.com\/wp-content\/uploads\/2023\/11\/visiter-iles-de-lerin.webp\",\"width\":2000,\"height\":1500,\"caption\":\"visita las islas de ler\u00edn\"},{\"@type\":\"BreadcrumbList\",\"@id\":\"https:\/\/parcbellevue.com\/es\/camping-cerca-de-las-islas-lerins\/#breadcrumb\",\"itemListElement\":[{\"@type\":\"ListItem\",\"position\":1,\"name\":\"Camping Cannes\",\"item\":\"https:\/\/parcbellevue.com\/es\/\"},{\"@type\":\"ListItem\",\"position\":2,\"name\":\"Camping cerca de las islas L\u00e9rins\"}]},{\"@type\":\"WebSite\",\"@id\":\"https:\/\/parcbellevue.com\/#website\",\"url\":\"https:\/\/parcbellevue.com\/\",\"name\":\"Camping Parc Bellevue\",\"description\":\"\",\"publisher\":{\"@id\":\"https:\/\/parcbellevue.com\/#organization\"},\"potentialAction\":[{\"@type\":\"SearchAction\",\"target\":{\"@type\":\"EntryPoint\",\"urlTemplate\":\"https:\/\/parcbellevue.com\/?s={search_term_string}\"},\"query-input\":{\"@type\":\"PropertyValueSpecification\",\"valueRequired\":true,\"valueName\":\"search_term_string\"}}],\"inLanguage\":\"es\"},{\"@type\":\"Organization\",\"@id\":\"https:\/\/parcbellevue.com\/#organization\",\"name\":\"Camping Parc Bellevue\",\"url\":\"https:\/\/parcbellevue.com\/\",\"logo\":{\"@type\":\"ImageObject\",\"inLanguage\":\"es\",\"@id\":\"https:\/\/parcbellevue.com\/#\/schema\/logo\/image\/\",\"url\":\"https:\/\/parcbellevue.com\/wp-content\/uploads\/2022\/11\/cropped-logo-camping-parc-bellevue.png\",\"contentUrl\":\"https:\/\/parcbellevue.com\/wp-content\/uploads\/2022\/11\/cropped-logo-camping-parc-bellevue.png\",\"width\":902,\"height\":904,\"caption\":\"Camping Parc Bellevue\"},\"image\":{\"@id\":\"https:\/\/parcbellevue.com\/#\/schema\/logo\/image\/\"}}]}<\/script>\n<!-- \/ Yoast SEO plugin. -->","yoast_head_json":{"title":"Camping cerca del Palais des \u00eeles de L\u00e9rins | Camping \u00eeles de L\u00e9rins","robots":{"index":"index","follow":"follow","max-snippet":"max-snippet:-1","max-image-preview":"max-image-preview:large","max-video-preview":"max-video-preview:-1"},"canonical":"https:\/\/parcbellevue.com\/es\/camping-cerca-de-las-islas-lerins\/","og_locale":"es_ES","og_type":"article","og_title":"Camping cerca del Palais des \u00eeles de L\u00e9rins | Camping \u00eeles de L\u00e9rins","og_url":"https:\/\/parcbellevue.com\/es\/camping-cerca-de-las-islas-lerins\/","og_site_name":"Camping Parc Bellevue","article_modified_time":"2024-03-18T13:29:21+00:00","og_image":[{"width":2000,"height":1500,"url":"https:\/\/parcbellevue.com\/wp-content\/uploads\/2023\/11\/visiter-iles-de-lerin.webp","type":"image\/webp"}],"twitter_card":"summary_large_image","twitter_misc":{"Tiempo de lectura":"2 minutos"},"schema":{"@context":"https:\/\/schema.org","@graph":[{"@type":"WebPage","@id":"https:\/\/parcbellevue.com\/es\/camping-cerca-de-las-islas-lerins\/","url":"https:\/\/parcbellevue.com\/es\/camping-cerca-de-las-islas-lerins\/","name":"Camping cerca del Palais des \u00eeles de L\u00e9rins | Camping \u00eeles de L\u00e9rins","isPartOf":{"@id":"https:\/\/parcbellevue.com\/#website"},"primaryImageOfPage":{"@id":"https:\/\/parcbellevue.com\/es\/camping-cerca-de-las-islas-lerins\/#primaryimage"},"image":{"@id":"https:\/\/parcbellevue.com\/es\/camping-cerca-de-las-islas-lerins\/#primaryimage"},"thumbnailUrl":"https:\/\/parcbellevue.com\/wp-content\/uploads\/2023\/11\/visiter-iles-de-lerin.webp","datePublished":"2023-12-12T16:09:52+00:00","dateModified":"2024-03-18T13:29:21+00:00","breadcrumb":{"@id":"https:\/\/parcbellevue.com\/es\/camping-cerca-de-las-islas-lerins\/#breadcrumb"},"inLanguage":"es","potentialAction":[{"@type":"ReadAction","target":["https:\/\/parcbellevue.com\/es\/camping-cerca-de-las-islas-lerins\/"]}]},{"@type":"ImageObject","inLanguage":"es","@id":"https:\/\/parcbellevue.com\/es\/camping-cerca-de-las-islas-lerins\/#primaryimage","url":"https:\/\/parcbellevue.com\/wp-content\/uploads\/2023\/11\/visiter-iles-de-lerin.webp","contentUrl":"https:\/\/parcbellevue.com\/wp-content\/uploads\/2023\/11\/visiter-iles-de-lerin.webp","width":2000,"height":1500,"caption":"visita las islas de ler\u00edn"},{"@type":"BreadcrumbList","@id":"https:\/\/parcbellevue.com\/es\/camping-cerca-de-las-islas-lerins\/#breadcrumb","itemListElement":[{"@type":"ListItem","position":1,"name":"Camping Cannes","item":"https:\/\/parcbellevue.com\/es\/"},{"@type":"ListItem","position":2,"name":"Camping cerca de las islas L\u00e9rins"}]},{"@type":"WebSite","@id":"https:\/\/parcbellevue.com\/#website","url":"https:\/\/parcbellevue.com\/","name":"Camping Parc Bellevue","description":"","publisher":{"@id":"https:\/\/parcbellevue.com\/#organization"},"potentialAction":[{"@type":"SearchAction","target":{"@type":"EntryPoint","urlTemplate":"https:\/\/parcbellevue.com\/?s={search_term_string}"},"query-input":{"@type":"PropertyValueSpecification","valueRequired":true,"valueName":"search_term_string"}}],"inLanguage":"es"},{"@type":"Organization","@id":"https:\/\/parcbellevue.com\/#organization","name":"Camping Parc Bellevue","url":"https:\/\/parcbellevue.com\/","logo":{"@type":"ImageObject","inLanguage":"es","@id":"https:\/\/parcbellevue.com\/#\/schema\/logo\/image\/","url":"https:\/\/parcbellevue.com\/wp-content\/uploads\/2022\/11\/cropped-logo-camping-parc-bellevue.png","contentUrl":"https:\/\/parcbellevue.com\/wp-content\/uploads\/2022\/11\/cropped-logo-camping-parc-bellevue.png","width":902,"height":904,"caption":"Camping Parc Bellevue"},"image":{"@id":"https:\/\/parcbellevue.com\/#\/schema\/logo\/image\/"}}]}},"_links":{"self":[{"href":"https:\/\/parcbellevue.com\/es\/wp-json\/wp\/v2\/pages\/3360","targetHints":{"allow":["GET"]}}],"collection":[{"href":"https:\/\/parcbellevue.com\/es\/wp-json\/wp\/v2\/pages"}],"about":[{"href":"https:\/\/parcbellevue.com\/es\/wp-json\/wp\/v2\/types\/page"}],"author":[{"embeddable":true,"href":"https:\/\/parcbellevue.com\/es\/wp-json\/wp\/v2\/users\/1"}],"replies":[{"embeddable":true,"href":"https:\/\/parcbellevue.com\/es\/wp-json\/wp\/v2\/comments?post=3360"}],"version-history":[{"count":3,"href":"https:\/\/parcbellevue.com\/es\/wp-json\/wp\/v2\/pages\/3360\/revisions"}],"predecessor-version":[{"id":3961,"href":"https:\/\/parcbellevue.com\/es\/wp-json\/wp\/v2\/pages\/3360\/revisions\/3961"}],"wp:featuredmedia":[{"embeddable":true,"href":"https:\/\/parcbellevue.com\/es\/wp-json\/wp\/v2\/media\/2849"}],"wp:attachment":[{"href":"https:\/\/parcbellevue.com\/es\/wp-json\/wp\/v2\/media?parent=3360"}],"wp:term":[{"taxonomy":"sujet","embeddable":true,"href":"https:\/\/parcbellevue.com\/es\/wp-json\/wp\/v2\/sujet?post=3360"}],"curies":[{"name":"wp","href":"https:\/\/api.w.org\/{rel}","templated":true}]}}