{"id":3278,"date":"2023-12-12T16:54:03","date_gmt":"2023-12-12T15:54:03","guid":{"rendered":"https:\/\/parcbellevue.com\/parcela-cannes\/"},"modified":"2023-12-13T14:21:18","modified_gmt":"2023-12-13T13:21:18","slug":"parcela-cannes","status":"publish","type":"page","link":"https:\/\/parcbellevue.com\/es\/parcela-cannes\/","title":{"rendered":"Parcela"},"content":{"rendered":"<section id=\"ls-section-block_2b220b6f76fd394af0a3814a4bb8d4cc\" class=\"ls-section  page-titre has-p-b p-b-0\" >\r\n        <div class=\"container container--wide\">\r\n        \n\n<h1 class=\"ls__heading wp-block-heading has-text-align-center\">Alquilar una parcela en Cannes<\/h1>\n\n\r\n    <\/div>\r\n<\/section><section id=\"ls-section-block_f9fedd03a0640c3d1389015effca7555\" class=\"ls-section  home-second page-one has-p-t p-t-0 has-p-b p-b-0\" >\r\n        <div class=\"container container--wide\">\r\n        \n\n<div class=\"wp-block-columns is-layout-flex wp-container-core-columns-is-layout-9d6595d7 wp-block-columns-is-layout-flex\">\n<div class=\"wp-block-column is-vertically-aligned-center is-layout-flow wp-block-column-is-layout-flow\" style=\"flex-basis:60%\">\n<h2 class=\"ls__heading wp-block-heading\">Escapadas en caravana por la Costa Azul<\/h2>\n\n\n\n<p class=\"ls-paragraph\">D\u00e9jese seducir por unas <strong>vacaciones \u00fanicas en caravana<\/strong> en el coraz\u00f3n de la hermosa Costa Azul. Venga a descubrir Cannes y sus alrededores en un ambiente <strong>agradable y natural<\/strong>, con nuestra oferta de<strong> alquiler de parcelas de calidad<\/strong>.<\/p>\n\n\n\n<p class=\"ls-paragraph\">Viva la aut\u00e9ntica experiencia del caravaning en Cannes. Le ofrecemos <strong>parcelas de 80 a 100 m\u00b2<\/strong>, idealmente situadas para aprovechar al m\u00e1ximo su estancia cerca de los lugares m\u00e1s bellos de Cannes. A la sombra de los altos \u00e1rboles o bajo el sol de Cannes. Cada parcela tiene su propio suministro <strong>el\u00e9ctrico<\/strong>. Tanto si desea <a href=\"https:\/\/parcbellevue.com\/es\/alquiler-casas-moviles-cannes\/\">alquilar una casa m\u00f3vil<\/a> como una parcela para su tienda, caravana o autocaravana, tenemos justo lo que necesita para una estancia inolvidable en la Costa Azul.<\/p>\n\n\n\n<p class=\"ls-paragraph addReadMore showlesscontent\">Nuestros terrenos est\u00e1n en gran parte sombreados por altos \u00e1rboles. Hay un punto \u00ab<strong>wifi gratuito<\/strong>\u00bb y cobertura wifi en todo el camping. Las tarifas son para 2 personas + 1 veh\u00edculo + 1 conexi\u00f3n el\u00e9ctrica de 6 amperios + 1 caravana o autocaravana o 1 tienda. Las llegadas son diarias y la estancia m\u00ednima es de una noche.<\/p>\n\n\n\n<p class=\"ls-paragraph\">El suplemento es de 4 euros por persona. <\/p>\n<\/div>\n\n\n\n<div class=\"wp-block-column is-vertically-aligned-center is-layout-flow wp-block-column-is-layout-flow\">\n<div id=\"ls-hebergements-block_b6b37736dff21a6868b79bb6e2612f2f\" class=\"ls-hebergements\">\n\n    <div class=\"ls-hebergements__results\" data-row=\"1\" data-campings=\"false\" data-types=\"[26]\"><div class=\"ls-hebergement\" data-postid='3239' data-id-reservation='138569' data-id-site='' data-id1='' data-nombre_de_personnes='' data-nombre_de_chambres='' data-last-update='' data-type='emplacement'>\n\t<div class=\"ls-hebergement__thumb\">\n\t\t\t\t<img decoding=\"async\" src=\"https:\/\/parcbellevue.com\/wp-content\/uploads\/2025\/11\/camping-car-bellevue.webp\" alt=\"Parcela\" \/>\n\t\t<div class=\"ls-hebergement__icons\">\n\t\t\t\n\t\t\t\t\t\t\t\t<\/div>\n\t\t\t<\/div>\n\n\n\t<div class=\"ls-hebergement__content\">\n\n\t\t<div class=\"ls-hebergement__title\">\n\t\t\tParcela\t\t<\/div>\n\n\t\t<div class=\"ls-hebergement__infos\">\n\n\t\t\t\t\t\t\t\t\t\t\t\t\t<span class=\"ls-hebergement__detail\">\n\t\t\t\t\t+80m\u00b2\n\t\t\t\t<\/span>\n\t\t\t\t\t<\/div>\n\t\t<span class=\"bellevue-arrow ls-hebergement__button\"><\/span>\n\t<\/div>\n\t<div class=\"ls-single-hebergement\" data-postid='3239' data-id-reservation='138569' data-id-site='' data-id1='' data-nombre_de_personnes='' data-nombre_de_chambres='' data-last-update='' data-type='emplacement'>\n\t<div class=\"container\">\n\n\t\t\t\t\t<div class=\"ls-single-hebergement__close\">\n\t\t\t\t<i class=\"fas fa-times\"><\/i> Cerrar\t\t\t<\/div>\n\t\t\t\t<div class=\"ls-single-hebergement__thumbnail\">\n\t\t\t<img decoding=\"async\" width=\"1000\" height=\"1333\" src=\"https:\/\/parcbellevue.com\/wp-content\/uploads\/2025\/11\/camping-car-bellevue.webp\" class=\"attachment-full size-full wp-post-image\" alt=\"camping car bellevue\" srcset=\"https:\/\/parcbellevue.com\/wp-content\/uploads\/2025\/11\/camping-car-bellevue.webp 1000w, https:\/\/parcbellevue.com\/wp-content\/uploads\/2025\/11\/camping-car-bellevue-225x300.webp 225w, https:\/\/parcbellevue.com\/wp-content\/uploads\/2025\/11\/camping-car-bellevue-768x1024.webp 768w\" sizes=\"(max-width: 1000px) 100vw, 1000px\" \/>\t\t\t<div class=\"ls-single-hebergement__icons\">\n\n\t\t\t\t\n\t\t\t\t\n\t\t\t\t\n\n\t\t\t\t\t\t\t\t\t<span class=\"ls-single-hebergement__icon\">\n\t\t\t\t\t\t<span>+80m\u00b2<\/span>\n\t\t\t\t\t<\/span>\n\t\t\t\t\n\t\t\t\t\n\t\t\t<\/div> <!-- End icons -->\n\t\t\t\t\t<\/div>\n\t\t<div class=\"wp-block-columns\">\n\t\t\t<div class=\"wp-block-column\" style=\"flex-basis:66.66%\">\n\n\t\t\t\t<h1>Parcela<\/h1>\n\n\t\t\t\t<div class=\"ls-single-hebergement__description\">\n\t\t\t\t\t<p><strong>UN PARQUE DE 5 HECT\u00c1REAS CON GRANDES \u00c1RBOLES<\/strong><\/p>\n<ul>\n<li>Las parcelas var\u00edan entre 80 y 100 m\u00b2 y todas tienen conexi\u00f3n el\u00e9ctrica. Muchas parcelas tambi\u00e9n tienen tomas de agua individuales. Bloques sanitarios renovados con cub\u00edculos para beb\u00e9s y una zona reservada para minusv\u00e1lidos.<\/li>\n<li>Nuestros terrenos est\u00e1n en gran parte sombreados por altos \u00e1rboles. Hay un punto \u00abwifi gratuito\u00bb y cobertura wifi en todo el camping. Las tarifas son para 2 personas + 1 veh\u00edculo + 1 conexi\u00f3n el\u00e9ctrica de 6 amperios + 1 caravana o autocaravana o 1 tienda. Las llegadas son diarias y la estancia m\u00ednima es de una noche.<\/li>\n<\/ul>\n\t\t\t\t<\/div>\n\n\t\t\t\t\t\t\t<\/div>\n\t\t\t<div class=\"wp-block-column\" style=\"flex-basis:33.333%\">\n\t\t\t\t<div class=\"ls-single-hebergement__sidebar\">\n\n\t\t\t\t\t<a target=\"_blank\" class=\"ls-button\" href=\"https:\/\/reservation.secureholiday.net\/es\/529\/search\/product-view\/138569\/\">R\u00e9server votre s\u00e9jour<\/a>\t\t\t\t<\/div>\n\t\t\t<\/div>\n\t\t<\/div>\n\t\t\t\t\t<div class=\"ls-single-hebergement__galerie\">\n\t\t\t\t\t\t\t\t\t<div class=\"ls-single-hebergement__galerie__image\">\n\t\t\t\t\t\t<a href=\"https:\/\/parcbellevue.com\/wp-content\/uploads\/2025\/11\/caravane-bellevue.webp\" data-fancybox=\"hebergement\">\n\t\t\t\t\t\t\t<img decoding=\"async\" src=\"https:\/\/parcbellevue.com\/wp-content\/uploads\/2025\/11\/caravane-bellevue-1024x768.webp\" alt=\"\" \/>\n\t\t\t\t\t\t<\/a>\n\t\t\t\t\t<\/div>\n\t\t\t\t\t\t\t\t\t<div class=\"ls-single-hebergement__galerie__image\">\n\t\t\t\t\t\t<a href=\"https:\/\/parcbellevue.com\/wp-content\/uploads\/2023\/11\/emplacement-camping-parc-bellevue.webp\" data-fancybox=\"hebergement\">\n\t\t\t\t\t\t\t<img decoding=\"async\" src=\"https:\/\/parcbellevue.com\/wp-content\/uploads\/2023\/11\/emplacement-camping-parc-bellevue.webp\" alt=\"ubicaci\u00f3n camping car cannes\" \/>\n\t\t\t\t\t\t<\/a>\n\t\t\t\t\t<\/div>\n\t\t\t\t\t\t\t\t\t<div class=\"ls-single-hebergement__galerie__image\">\n\t\t\t\t\t\t<a href=\"https:\/\/parcbellevue.com\/wp-content\/uploads\/2025\/11\/sanitaire-bellevue.webp\" data-fancybox=\"hebergement\">\n\t\t\t\t\t\t\t<img decoding=\"async\" src=\"https:\/\/parcbellevue.com\/wp-content\/uploads\/2025\/11\/sanitaire-bellevue-768x1024.webp\" alt=\"\" \/>\n\t\t\t\t\t\t<\/a>\n\t\t\t\t\t<\/div>\n\t\t\t\t\t\t\t<\/div>\n\t\t\t\t<ctv-availability data-product-id=\"138569\" data-background-color=\"#FFFFFFFF\" data-text-color=\"#000000FF\"><\/ctv-availability>\n\t<\/div>\n<\/div><\/div><\/div><\/div><\/div>\n<\/div>\n\n\r\n    <\/div>\r\n<\/section><section id=\"ls-section-block_5f98a7b9135e1096a63e520fefc815e9\" class=\"ls-section  page-five has-p-t p-t-0 has-p-b p-b-4\" >\r\n        <div class=\"container container--wide\">\r\n        \n\n<div class=\"wp-block-columns are-vertically-aligned-top is-layout-flex wp-container-core-columns-is-layout-9d6595d7 wp-block-columns-is-layout-flex\">\n<div class=\"wp-block-column is-vertically-aligned-top is-layout-flow wp-block-column-is-layout-flow\">\n<div class=\"wp-block-columns are-vertically-aligned-center wp-block-columns__padding-right is-layout-flex wp-container-core-columns-is-layout-9d6595d7 wp-block-columns-is-layout-flex\">\n<div class=\"wp-block-column is-vertically-aligned-center is-layout-flow wp-block-column-is-layout-flow\">\n<h2 class=\"ls__heading wp-block-heading has-text-align-center has-color-3-color has-text-color\">Nuestros aseos de calidad<\/h2>\n\n\n\n<p class=\"ls-paragraph has-text-align-center\">Porque creemos que la comodidad no debe verse comprometida cuando se acampa, hemos puesto gran cuidado en proporcionar a nuestros campistas <strong>instalaciones sanitarias de calidad<\/strong>. Disponemos de <strong>dos bloques sanitarios<\/strong>, cada uno con una<strong> cabina para beb\u00e9s <\/strong>y una <strong>zona reservada para minusv\u00e1lidos<\/strong>.<\/p>\n\n\n\n<p class=\"ls-paragraph has-text-align-center\">Nuestro <a href=\"https:\/\/parcbellevue.com\/es\/\">camping Parc Bellevue<\/a> est\u00e1 abierto del 1\u1d49\u02b3 de abril al 31 de octubre, y durante este periodo siempre permanece abierto al menos uno de nuestros bloques de aseos.<\/p>\n\n\n\n<p class=\"ls-paragraph has-text-align-center\">Elija alquilar un alojamiento en nuestro camping en primavera u oto\u00f1o <a href=\"https:\/\/parcbellevue.com\/es\/camping-barato-cannes\/\">y benef\u00edciese de los mejores precios<\/a> para su estancia.<\/p>\n<\/div>\n<\/div>\n<\/div>\n<\/div>\n\n\r\n    <\/div>\r\n<\/section><section id=\"ls-section-block_e693e8a2b31840bcbbced513e19b63ff\" class=\"ls-section  page-four column-parallax-reverse has-m-t m-t-0 has-p-t p-t-0\" >\r\n        <div class=\"container container--wide\">\r\n        \n\n<div id=\"ls-heading ls-titre-div-block_d2d8bc8973931634eb91816f40e954b7\" class=\"ls-titre-div aligncenter h2-like\" >\n    M\u00e1s informaci\u00f3n sobre nuestros alojamientos, servicios y precios  <\/div>\n\n\n<div id=\"ls-maillage-block_090324a2bd98ee4cead3b6f0285f3147\" class=\"ls-maillage cta-style-normal\" data-rows=\"3\">\n    <div class=\"wp-block-columns\"><div class=\"wp-block-column\"><div class=\"ls-cta\">\n\n<a href=\"https:\/\/parcbellevue.com\/es\/camping-barato-cannes\/\" target=\"\" rel=\"noopener\" class=\"ls-cta__link\">\n\n\t<div class=\"ls-cta__image\"><img decoding=\"async\" src=\"https:\/\/parcbellevue.com\/wp-content\/uploads\/2023\/10\/emplacements-camping-parc-bellevue-e1699959330230.webp\" alt=\"Parcelas Camping Parc Bellevue\"><\/div>\n\t<div class=\"ls-cta__title\">\n\t\tTarifas\t<\/div>\n\n\t\n\t<span class=\"bellevue-arrow ls-cta__arrow\"><\/span>\n\n<\/a><\/div><\/div><div class=\"wp-block-column\"><div class=\"ls-cta\">\n\n<a href=\"https:\/\/parcbellevue.com\/es\/alquiler-casas-moviles-cannes\/\" target=\"\" rel=\"noopener\" class=\"ls-cta__link\">\n\n\t<div class=\"ls-cta__image\"><img decoding=\"async\" src=\"https:\/\/parcbellevue.com\/wp-content\/uploads\/2023\/11\/camping-mobil-home.webp\" alt=\"mobil home 4 personas cannes\"><\/div>\n\t<div class=\"ls-cta__title\">\n\t\tCasas m\u00f3viles\t<\/div>\n\n\t\n\t<span class=\"bellevue-arrow ls-cta__arrow\"><\/span>\n\n<\/a><\/div><\/div><div class=\"wp-block-column\"><div class=\"ls-cta\">\n\n<a href=\"https:\/\/parcbellevue.com\/es\/camping-familiar-cannes\/\" target=\"\" rel=\"noopener\" class=\"ls-cta__link\">\n\n\t<div class=\"ls-cta__image\"><img decoding=\"async\" src=\"https:\/\/parcbellevue.com\/wp-content\/uploads\/2023\/11\/reception-camping-1-e1700229997995-edited.webp\" alt=\"recepci\u00f3n del camping\"><\/div>\n\t<div class=\"ls-cta__title\">\n\t\tLos servicios\t<\/div>\n\n\t\n\t<span class=\"bellevue-arrow ls-cta__arrow\"><\/span>\n\n<\/a><\/div><\/div><\/div><\/div>\n\r\n    <\/div>\r\n<\/section>","protected":false},"excerpt":{"rendered":"","protected":false},"author":1,"featured_media":5071,"parent":0,"menu_order":0,"comment_status":"closed","ping_status":"closed","template":"","meta":{"_acf_changed":false,"footnotes":""},"sujet":[],"class_list":["post-3278","page","type-page","status-publish","has-post-thumbnail","hentry"],"acf":[],"yoast_head":"<!-- This site is optimized with the Yoast SEO plugin v23.4 - https:\/\/yoast.com\/wordpress\/plugins\/seo\/ -->\n<title>Parcela Cannes | Parcelas caravaning C\u00f4te d&#039;Azur<\/title>\n<meta name=\"robots\" content=\"index, follow, max-snippet:-1, max-image-preview:large, max-video-preview:-1\" \/>\n<link rel=\"canonical\" href=\"https:\/\/parcbellevue.com\/es\/parcela-cannes\/\" \/>\n<meta property=\"og:locale\" content=\"es_ES\" \/>\n<meta property=\"og:type\" content=\"article\" \/>\n<meta property=\"og:title\" content=\"Parcela Cannes | Parcelas caravaning C\u00f4te d&#039;Azur\" \/>\n<meta property=\"og:url\" content=\"https:\/\/parcbellevue.com\/es\/parcela-cannes\/\" \/>\n<meta property=\"og:site_name\" content=\"Camping Parc Bellevue\" \/>\n<meta property=\"article:modified_time\" content=\"2023-12-13T13:21:18+00:00\" \/>\n<meta property=\"og:image\" content=\"https:\/\/parcbellevue.com\/wp-content\/uploads\/2023\/11\/emplacement-camping-cannes-e1701351022420.webp\" \/>\n\t<meta property=\"og:image:width\" content=\"2000\" \/>\n\t<meta property=\"og:image:height\" content=\"1332\" \/>\n\t<meta property=\"og:image:type\" content=\"image\/webp\" \/>\n<meta name=\"twitter:card\" content=\"summary_large_image\" \/>\n<meta name=\"twitter:label1\" content=\"Tiempo de lectura\" \/>\n\t<meta name=\"twitter:data1\" content=\"1 minuto\" \/>\n<script type=\"application\/ld+json\" class=\"yoast-schema-graph\">{\"@context\":\"https:\/\/schema.org\",\"@graph\":[{\"@type\":\"WebPage\",\"@id\":\"https:\/\/parcbellevue.com\/es\/parcela-cannes\/\",\"url\":\"https:\/\/parcbellevue.com\/es\/parcela-cannes\/\",\"name\":\"Parcela Cannes | Parcelas caravaning C\u00f4te d'Azur\",\"isPartOf\":{\"@id\":\"https:\/\/parcbellevue.com\/#website\"},\"primaryImageOfPage\":{\"@id\":\"https:\/\/parcbellevue.com\/es\/parcela-cannes\/#primaryimage\"},\"image\":{\"@id\":\"https:\/\/parcbellevue.com\/es\/parcela-cannes\/#primaryimage\"},\"thumbnailUrl\":\"https:\/\/parcbellevue.com\/wp-content\/uploads\/2025\/11\/caravane-bellevue.webp\",\"datePublished\":\"2023-12-12T15:54:03+00:00\",\"dateModified\":\"2023-12-13T13:21:18+00:00\",\"breadcrumb\":{\"@id\":\"https:\/\/parcbellevue.com\/es\/parcela-cannes\/#breadcrumb\"},\"inLanguage\":\"es\",\"potentialAction\":[{\"@type\":\"ReadAction\",\"target\":[\"https:\/\/parcbellevue.com\/es\/parcela-cannes\/\"]}]},{\"@type\":\"ImageObject\",\"inLanguage\":\"es\",\"@id\":\"https:\/\/parcbellevue.com\/es\/parcela-cannes\/#primaryimage\",\"url\":\"https:\/\/parcbellevue.com\/wp-content\/uploads\/2025\/11\/caravane-bellevue.webp\",\"contentUrl\":\"https:\/\/parcbellevue.com\/wp-content\/uploads\/2025\/11\/caravane-bellevue.webp\",\"width\":1920,\"height\":1440},{\"@type\":\"BreadcrumbList\",\"@id\":\"https:\/\/parcbellevue.com\/es\/parcela-cannes\/#breadcrumb\",\"itemListElement\":[{\"@type\":\"ListItem\",\"position\":1,\"name\":\"Camping Cannes\",\"item\":\"https:\/\/parcbellevue.com\/es\/\"},{\"@type\":\"ListItem\",\"position\":2,\"name\":\"Parcelas Costa Azul\"}]},{\"@type\":\"WebSite\",\"@id\":\"https:\/\/parcbellevue.com\/#website\",\"url\":\"https:\/\/parcbellevue.com\/\",\"name\":\"Camping Parc Bellevue\",\"description\":\"\",\"publisher\":{\"@id\":\"https:\/\/parcbellevue.com\/#organization\"},\"potentialAction\":[{\"@type\":\"SearchAction\",\"target\":{\"@type\":\"EntryPoint\",\"urlTemplate\":\"https:\/\/parcbellevue.com\/?s={search_term_string}\"},\"query-input\":{\"@type\":\"PropertyValueSpecification\",\"valueRequired\":true,\"valueName\":\"search_term_string\"}}],\"inLanguage\":\"es\"},{\"@type\":\"Organization\",\"@id\":\"https:\/\/parcbellevue.com\/#organization\",\"name\":\"Camping Parc Bellevue\",\"url\":\"https:\/\/parcbellevue.com\/\",\"logo\":{\"@type\":\"ImageObject\",\"inLanguage\":\"es\",\"@id\":\"https:\/\/parcbellevue.com\/#\/schema\/logo\/image\/\",\"url\":\"https:\/\/parcbellevue.com\/wp-content\/uploads\/2022\/11\/cropped-logo-camping-parc-bellevue.png\",\"contentUrl\":\"https:\/\/parcbellevue.com\/wp-content\/uploads\/2022\/11\/cropped-logo-camping-parc-bellevue.png\",\"width\":902,\"height\":904,\"caption\":\"Camping Parc Bellevue\"},\"image\":{\"@id\":\"https:\/\/parcbellevue.com\/#\/schema\/logo\/image\/\"}}]}<\/script>\n<!-- \/ Yoast SEO plugin. -->","yoast_head_json":{"title":"Parcela Cannes | Parcelas caravaning C\u00f4te d'Azur","robots":{"index":"index","follow":"follow","max-snippet":"max-snippet:-1","max-image-preview":"max-image-preview:large","max-video-preview":"max-video-preview:-1"},"canonical":"https:\/\/parcbellevue.com\/es\/parcela-cannes\/","og_locale":"es_ES","og_type":"article","og_title":"Parcela Cannes | Parcelas caravaning C\u00f4te d'Azur","og_url":"https:\/\/parcbellevue.com\/es\/parcela-cannes\/","og_site_name":"Camping Parc Bellevue","article_modified_time":"2023-12-13T13:21:18+00:00","og_image":[{"width":2000,"height":1332,"url":"https:\/\/parcbellevue.com\/wp-content\/uploads\/2023\/11\/emplacement-camping-cannes-e1701351022420.webp","type":"image\/webp"}],"twitter_card":"summary_large_image","twitter_misc":{"Tiempo de lectura":"1 minuto"},"schema":{"@context":"https:\/\/schema.org","@graph":[{"@type":"WebPage","@id":"https:\/\/parcbellevue.com\/es\/parcela-cannes\/","url":"https:\/\/parcbellevue.com\/es\/parcela-cannes\/","name":"Parcela Cannes | Parcelas caravaning C\u00f4te d'Azur","isPartOf":{"@id":"https:\/\/parcbellevue.com\/#website"},"primaryImageOfPage":{"@id":"https:\/\/parcbellevue.com\/es\/parcela-cannes\/#primaryimage"},"image":{"@id":"https:\/\/parcbellevue.com\/es\/parcela-cannes\/#primaryimage"},"thumbnailUrl":"https:\/\/parcbellevue.com\/wp-content\/uploads\/2025\/11\/caravane-bellevue.webp","datePublished":"2023-12-12T15:54:03+00:00","dateModified":"2023-12-13T13:21:18+00:00","breadcrumb":{"@id":"https:\/\/parcbellevue.com\/es\/parcela-cannes\/#breadcrumb"},"inLanguage":"es","potentialAction":[{"@type":"ReadAction","target":["https:\/\/parcbellevue.com\/es\/parcela-cannes\/"]}]},{"@type":"ImageObject","inLanguage":"es","@id":"https:\/\/parcbellevue.com\/es\/parcela-cannes\/#primaryimage","url":"https:\/\/parcbellevue.com\/wp-content\/uploads\/2025\/11\/caravane-bellevue.webp","contentUrl":"https:\/\/parcbellevue.com\/wp-content\/uploads\/2025\/11\/caravane-bellevue.webp","width":1920,"height":1440},{"@type":"BreadcrumbList","@id":"https:\/\/parcbellevue.com\/es\/parcela-cannes\/#breadcrumb","itemListElement":[{"@type":"ListItem","position":1,"name":"Camping Cannes","item":"https:\/\/parcbellevue.com\/es\/"},{"@type":"ListItem","position":2,"name":"Parcelas Costa Azul"}]},{"@type":"WebSite","@id":"https:\/\/parcbellevue.com\/#website","url":"https:\/\/parcbellevue.com\/","name":"Camping Parc Bellevue","description":"","publisher":{"@id":"https:\/\/parcbellevue.com\/#organization"},"potentialAction":[{"@type":"SearchAction","target":{"@type":"EntryPoint","urlTemplate":"https:\/\/parcbellevue.com\/?s={search_term_string}"},"query-input":{"@type":"PropertyValueSpecification","valueRequired":true,"valueName":"search_term_string"}}],"inLanguage":"es"},{"@type":"Organization","@id":"https:\/\/parcbellevue.com\/#organization","name":"Camping Parc Bellevue","url":"https:\/\/parcbellevue.com\/","logo":{"@type":"ImageObject","inLanguage":"es","@id":"https:\/\/parcbellevue.com\/#\/schema\/logo\/image\/","url":"https:\/\/parcbellevue.com\/wp-content\/uploads\/2022\/11\/cropped-logo-camping-parc-bellevue.png","contentUrl":"https:\/\/parcbellevue.com\/wp-content\/uploads\/2022\/11\/cropped-logo-camping-parc-bellevue.png","width":902,"height":904,"caption":"Camping Parc Bellevue"},"image":{"@id":"https:\/\/parcbellevue.com\/#\/schema\/logo\/image\/"}}]}},"_links":{"self":[{"href":"https:\/\/parcbellevue.com\/es\/wp-json\/wp\/v2\/pages\/3278","targetHints":{"allow":["GET"]}}],"collection":[{"href":"https:\/\/parcbellevue.com\/es\/wp-json\/wp\/v2\/pages"}],"about":[{"href":"https:\/\/parcbellevue.com\/es\/wp-json\/wp\/v2\/types\/page"}],"author":[{"embeddable":true,"href":"https:\/\/parcbellevue.com\/es\/wp-json\/wp\/v2\/users\/1"}],"replies":[{"embeddable":true,"href":"https:\/\/parcbellevue.com\/es\/wp-json\/wp\/v2\/comments?post=3278"}],"version-history":[{"count":6,"href":"https:\/\/parcbellevue.com\/es\/wp-json\/wp\/v2\/pages\/3278\/revisions"}],"predecessor-version":[{"id":3747,"href":"https:\/\/parcbellevue.com\/es\/wp-json\/wp\/v2\/pages\/3278\/revisions\/3747"}],"wp:featuredmedia":[{"embeddable":true,"href":"https:\/\/parcbellevue.com\/es\/wp-json\/wp\/v2\/media\/5071"}],"wp:attachment":[{"href":"https:\/\/parcbellevue.com\/es\/wp-json\/wp\/v2\/media?parent=3278"}],"wp:term":[{"taxonomy":"sujet","embeddable":true,"href":"https:\/\/parcbellevue.com\/es\/wp-json\/wp\/v2\/sujet?post=3278"}],"curies":[{"name":"wp","href":"https:\/\/api.w.org\/{rel}","templated":true}]}}