{"id":3264,"date":"2023-12-12T16:50:13","date_gmt":"2023-12-12T15:50:13","guid":{"rendered":"https:\/\/parcbellevue.com\/camping-barato-cannes\/"},"modified":"2026-03-04T16:26:32","modified_gmt":"2026-03-04T15:26:32","slug":"camping-barato-cannes","status":"publish","type":"page","link":"https:\/\/parcbellevue.com\/es\/camping-barato-cannes\/","title":{"rendered":"Tarifas"},"content":{"rendered":"<section id=\"ls-section-block_dff1d6bcb7ac96e05270b94466ec6876\" class=\"ls-section  page-titre has-p-b p-b-0\" >\r\n        <div class=\"container container--wide\">\r\n        \n\n<h1 class=\"ls__heading wp-block-heading has-text-align-center\">Su alojamiento de alquiler barato en un camping de Cannes<\/h1>\n\n\n\n<p class=\"ls-paragraph has-text-align-center\">\u00bfSue\u00f1a con unas vacaciones inolvidables que <strong>adem\u00e1s sean asequibles <\/strong>? Nuestro camping en Cannes ofrece una selecci\u00f3n de <a href=\"https:\/\/parcbellevue.com\/es\/alquiler-casas-moviles-cannes\/\">alojamientos de alquiler<\/a> <strong>de calidad a precios asequibles<\/strong>.<\/p>\n\n\n\n<p class=\"ls-paragraph has-text-align-center\">Tanto si desea disfrutar de <strong>la comodidad de nuestras casas m\u00f3viles <\/strong>como abrazar la naturaleza m\u00e1s \u00edntimamente en nuestras <a href=\"https:\/\/parcbellevue.com\/es\/parcela-cannes\/\">parcelas para caravanas en la Costa<\/a> Azul, le invitamos a descubrir el esplendor de la Costa Azul con un presupuesto ajustado. Disfrute de una estancia excepcional a<strong> bajo precio<\/strong>.<br\/><\/p>\n\n\r\n    <\/div>\r\n<\/section><section id=\"ls-section-block_b008285a648b16a3929b54ab45a2030f\" class=\"ls-section \" >\r\n        <div class=\"container \">\r\n        \n\n<ctv-availability data-background-color=\"#FFFFFFFF\"><\/ctv-availability>\n\n\r\n    <\/div>\r\n<\/section><section id=\"ls-section-block_cd22059267ac4b01eb9c26df6bfc61a6\" class=\"ls-section  home-second page-one\" >\r\n        <div class=\"container container--full\">\r\n        \n\n<div class=\"wp-block-columns is-layout-flex wp-container-core-columns-is-layout-9d6595d7 wp-block-columns-is-layout-flex\">\n<div class=\"wp-block-column is-layout-flow wp-block-column-is-layout-flow\" style=\"flex-basis:45%\">\n<h2 class=\"ls__heading wp-block-heading\">Nuestro alojamiento al mejor precio en la Costa Azul<\/h2>\n\n\n\n<p class=\"ls-paragraph\">En el coraz\u00f3n de Cannes y de la hermosa Costa Azul, ofrecemos una gran variedad de alojamientos de alquiler <strong>que se adaptan a todos los presupuestos<\/strong>.  <\/p>\n\n\n\n<p class=\"ls-paragraph\">Tanto si busca una parcela de camping tradicional como un alojamiento m\u00e1s lujoso, nos esforzamos por ofrecerle la <strong>mejor relaci\u00f3n calidad-precio<\/strong>.<\/p>\n\n\n\n<p class=\"ls-paragraph\">Ofrecemos regularmente ofertas especiales para que su estancia sea a\u00fan m\u00e1s asequible. \u00bfBusca un<strong> camping Paradis barato en Cannes <\/strong>sin renunciar a la calidad? Ha venido al lugar adecuado.<\/p>\n<\/div>\n\n\n\n<div class=\"wp-block-column column-parallax is-layout-flow wp-block-column-is-layout-flow\" style=\"flex-basis:55%\">\n<figure class=\"wp-block-image size-full animated fadeInRight delay-100ms slow\"><a href=\"https:\/\/parcbellevue.com\/wp-content\/uploads\/2023\/11\/cannes-camping-mobil-home.webp\"><img decoding=\"async\" width=\"1920\" height=\"1280\" src=\"https:\/\/parcbellevue.com\/wp-content\/uploads\/2023\/11\/cannes-camping-mobil-home.webp\" alt=\"casa m&#xF3;vil exterior\" class=\"wp-image-1184\" srcset=\"https:\/\/parcbellevue.com\/wp-content\/uploads\/2023\/11\/cannes-camping-mobil-home.webp 1920w, https:\/\/parcbellevue.com\/wp-content\/uploads\/2023\/11\/cannes-camping-mobil-home-300x200.webp 300w, https:\/\/parcbellevue.com\/wp-content\/uploads\/2023\/11\/cannes-camping-mobil-home-1024x683.webp 1024w, https:\/\/parcbellevue.com\/wp-content\/uploads\/2023\/11\/cannes-camping-mobil-home-768x512.webp 768w, https:\/\/parcbellevue.com\/wp-content\/uploads\/2023\/11\/cannes-camping-mobil-home-1536x1024.webp 1536w\" sizes=\"(max-width: 1920px) 100vw, 1920px\" \/><\/a><\/figure>\n<\/div>\n<\/div>\n\n\r\n    <\/div>\r\n<\/section><section id=\"ls-section-block_b046d44998fec1b50ef8e8cf16b22d03\" class=\"ls-section  home-third page-two\" >\r\n        <div class=\"container container--full\">\r\n        \n\n<div class=\"wp-block-columns are-vertically-aligned-top is-layout-flex wp-container-core-columns-is-layout-9d6595d7 wp-block-columns-is-layout-flex\">\n<div class=\"wp-block-column is-vertically-aligned-top column-parallax is-layout-flow wp-block-column-is-layout-flow\">\n<figure class=\"wp-block-gallery has-nested-images columns-default is-cropped wp-block-gallery-1 is-layout-flex wp-block-gallery-is-layout-flex\">\n<figure class=\"wp-block-image size-full animated fadeIn delay-100ms slow\"><a href=\"https:\/\/parcbellevue.com\/wp-content\/uploads\/2023\/11\/conseil.webp\"><img decoding=\"async\" width=\"2070\" height=\"1380\" data-id=\"1931\" src=\"https:\/\/parcbellevue.com\/wp-content\/uploads\/2023\/11\/conseil.webp\" alt=\"consejos de camping\" class=\"wp-image-1931\" srcset=\"https:\/\/parcbellevue.com\/wp-content\/uploads\/2023\/11\/conseil.webp 2070w, https:\/\/parcbellevue.com\/wp-content\/uploads\/2023\/11\/conseil-300x200.webp 300w, https:\/\/parcbellevue.com\/wp-content\/uploads\/2023\/11\/conseil-1024x683.webp 1024w, https:\/\/parcbellevue.com\/wp-content\/uploads\/2023\/11\/conseil-768x512.webp 768w, https:\/\/parcbellevue.com\/wp-content\/uploads\/2023\/11\/conseil-1536x1024.webp 1536w, https:\/\/parcbellevue.com\/wp-content\/uploads\/2023\/11\/conseil-2048x1365.webp 2048w\" sizes=\"(max-width: 2070px) 100vw, 2070px\" \/><\/a><\/figure>\n\n\n\n<figure class=\"wp-block-image size-full animated fadeIn delay-500ms slow\"><a href=\"https:\/\/parcbellevue.com\/wp-content\/uploads\/2023\/11\/wi-fi-camping-parc-bellevue-scaled.webp\"><img decoding=\"async\" width=\"2560\" height=\"1707\" data-id=\"710\" src=\"https:\/\/parcbellevue.com\/wp-content\/uploads\/2023\/11\/wi-fi-camping-parc-bellevue-scaled.webp\" alt=\"tel&#xE9;fono de camping\" class=\"wp-image-710\" srcset=\"https:\/\/parcbellevue.com\/wp-content\/uploads\/2023\/11\/wi-fi-camping-parc-bellevue-scaled.webp 2560w, https:\/\/parcbellevue.com\/wp-content\/uploads\/2023\/11\/wi-fi-camping-parc-bellevue-300x200.webp 300w, https:\/\/parcbellevue.com\/wp-content\/uploads\/2023\/11\/wi-fi-camping-parc-bellevue-1024x683.webp 1024w, https:\/\/parcbellevue.com\/wp-content\/uploads\/2023\/11\/wi-fi-camping-parc-bellevue-768x512.webp 768w, https:\/\/parcbellevue.com\/wp-content\/uploads\/2023\/11\/wi-fi-camping-parc-bellevue-1536x1024.webp 1536w, https:\/\/parcbellevue.com\/wp-content\/uploads\/2023\/11\/wi-fi-camping-parc-bellevue-2048x1365.webp 2048w\" sizes=\"(max-width: 2560px) 100vw, 2560px\" \/><\/a><\/figure>\n<\/figure>\n<\/div>\n\n\n\n<div class=\"wp-block-column is-vertically-aligned-top is-layout-flow wp-block-column-is-layout-flow\">\n<div class=\"wp-block-columns are-vertically-aligned-center wp-block-columns__padding-right is-layout-flex wp-container-core-columns-is-layout-9d6595d7 wp-block-columns-is-layout-flex\">\n<div class=\"wp-block-column is-vertically-aligned-center is-layout-flow wp-block-column-is-layout-flow\">\n<h2 class=\"ls__heading wp-block-heading has-color-3-color has-text-color\">Aproveche nuestras promociones<\/h2>\n\n\n\n<p class=\"ls-paragraph\">Queremos mimar a nuestros <strong>clientes habituales<\/strong> con<strong> ofertas promocionales<\/strong> especiales.  <\/p>\n\n\n\n<p class=\"ls-paragraph\">Tambi\u00e9n ofrecemos un paquete para mayores fuera de temporada. Entre nuestras ofertas regulares, se beneficiar\u00e1 regularmente de un<strong> 5% de descuento <\/strong>para estancias de m\u00e1s de una semana en temporada baja.<\/p>\n<\/div>\n<\/div>\n<\/div>\n<\/div>\n\n\r\n    <\/div>\r\n<\/section><section id=\"ls-section-block_06461d5a2583b4c77ed5b078449cafde\" class=\"ls-section  home-fourth page-three has-background-image has-p-b p-b-0\" >\r\n    <div class=\"ls-section__background-image opacity-100\"><img decoding=\"async\" src=\"https:\/\/parcbellevue.com\/wp-content\/uploads\/2023\/11\/wifi-camping-parc-bellevue.webp\" alt=\"wifi-camping-parc-bellevue\"><\/div>    <div class=\"container container--wide\">\r\n        \n\n<h2 class=\"ls__heading wp-block-heading has-text-align-center\">Reserve directamente en nuestro sitio web<\/h2>\n\n\n\n<p class=\"ls-paragraph has-text-align-center\">Para obtener el mejor precio posible, le recomendamos que<strong> reserve directamente en nuestro sitio web<\/strong>. Al reservar directamente con nosotros, evitar\u00e1 los recargos que suelen a\u00f1adir las plataformas de reserva de terceros.<\/p>\n\n\n\n<p class=\"ls-paragraph has-text-align-center\">Adem\u00e1s, tendr\u00e1 acceso directo a nuestras \u00faltimas promociones, para que pueda elegir el alojamiento que mejor se adapte a sus necesidades y presupuesto. \u00bfPor qu\u00e9 esperar? Reserve ya su pr\u00f3xima estancia en Cannes en nuestro<strong> camping con la mejor relaci\u00f3n calidad-precio.<\/strong><\/p>\n\n\r\n    <\/div>\r\n<\/section><section id=\"ls-section-block_29ed079aaa902c9f88526eecddf52805\" class=\"ls-section  page-four column-parallax-reverse\" >\r\n        <div class=\"container container--wide\">\r\n        \n\n<div id=\"ls-heading ls-titre-div-block_2be344ade493c93f51274d9f30d79fb1\" class=\"ls-titre-div aligncenter h2-like\" >\n    Vea nuestros alojamientos, parcelas y parque acu\u00e1tico<\/div>\n\n\n<div id=\"ls-maillage-block_9ba33b243d77b0aa3c23209c0cc5e93a\" class=\"ls-maillage cta-style-normal\" data-rows=\"3\">\n    <div class=\"wp-block-columns\"><div class=\"wp-block-column\"><div class=\"ls-cta\">\n\n<a href=\"https:\/\/parcbellevue.com\/es\/parcela-cannes\/\" target=\"\" rel=\"noopener\" class=\"ls-cta__link\">\n\n\t<div class=\"ls-cta__image\"><img decoding=\"async\" src=\"https:\/\/parcbellevue.com\/wp-content\/uploads\/2023\/11\/emplacement-camping-parc-bellevue.webp\" alt=\"ubicaci\u00f3n camping car cannes\"><\/div>\n\t<div class=\"ls-cta__title\">\n\t\tParcela\t<\/div>\n\n\t\n\t<span class=\"bellevue-arrow ls-cta__arrow\"><\/span>\n\n<\/a><\/div><\/div><div class=\"wp-block-column\"><div class=\"ls-cta\">\n\n<a href=\"https:\/\/parcbellevue.com\/es\/alquiler-casas-moviles-cannes\/\" target=\"\" rel=\"noopener\" class=\"ls-cta__link\">\n\n\t<div class=\"ls-cta__image\"><img decoding=\"async\" src=\"https:\/\/parcbellevue.com\/wp-content\/uploads\/2023\/11\/camping-mobil-home.webp\" alt=\"mobil home 4 personas cannes\"><\/div>\n\t<div class=\"ls-cta__title\">\n\t\tCasas m\u00f3viles\t<\/div>\n\n\t\n\t<span class=\"bellevue-arrow ls-cta__arrow\"><\/span>\n\n<\/a><\/div><\/div><div class=\"wp-block-column\"><div class=\"ls-cta\">\n\n<a href=\"https:\/\/parcbellevue.com\/es\/camping-con-piscina-cannes\/\" target=\"\" rel=\"noopener\" class=\"ls-cta__link\">\n\n\t<div class=\"ls-cta__image\"><img decoding=\"async\" src=\"https:\/\/parcbellevue.com\/wp-content\/uploads\/2023\/11\/piscine-camping-cannes-parc-bellevue.webp\" alt=\"camping piscine cannes\"><\/div>\n\t<div class=\"ls-cta__title\">\n\t\tZona acu\u00e1tica\t<\/div>\n\n\t\n\t<span class=\"bellevue-arrow ls-cta__arrow\"><\/span>\n\n<\/a><\/div><\/div><\/div><\/div>\n\r\n    <\/div>\r\n<\/section>","protected":false},"excerpt":{"rendered":"","protected":false},"author":1,"featured_media":5089,"parent":0,"menu_order":0,"comment_status":"closed","ping_status":"closed","template":"","meta":{"_acf_changed":false,"footnotes":""},"sujet":[],"class_list":["post-3264","page","type-page","status-publish","has-post-thumbnail","hentry"],"acf":[],"yoast_head":"<!-- This site is optimized with the Yoast SEO plugin v23.4 - https:\/\/yoast.com\/wordpress\/plugins\/seo\/ -->\n<title>Camping barato Cannes | Camping econ\u00f3mico Costa Azul<\/title>\n<meta name=\"robots\" content=\"index, follow, max-snippet:-1, max-image-preview:large, max-video-preview:-1\" \/>\n<link rel=\"canonical\" href=\"https:\/\/parcbellevue.com\/es\/camping-barato-cannes\/\" \/>\n<meta property=\"og:locale\" content=\"es_ES\" \/>\n<meta property=\"og:type\" content=\"article\" \/>\n<meta property=\"og:title\" content=\"Camping barato Cannes | Camping econ\u00f3mico Costa Azul\" \/>\n<meta property=\"og:url\" content=\"https:\/\/parcbellevue.com\/es\/camping-barato-cannes\/\" \/>\n<meta property=\"og:site_name\" content=\"Camping Parc Bellevue\" \/>\n<meta property=\"article:modified_time\" content=\"2026-03-04T15:26:32+00:00\" \/>\n<meta property=\"og:image\" content=\"https:\/\/parcbellevue.com\/wp-content\/uploads\/2025\/11\/tarifs-bellevue-1024x546.webp\" \/>\n\t<meta property=\"og:image:width\" content=\"1024\" \/>\n\t<meta property=\"og:image:height\" content=\"546\" \/>\n\t<meta property=\"og:image:type\" content=\"image\/webp\" \/>\n<meta name=\"twitter:card\" content=\"summary_large_image\" \/>\n<meta name=\"twitter:label1\" content=\"Tiempo de lectura\" \/>\n\t<meta name=\"twitter:data1\" content=\"2 minutos\" \/>\n<script type=\"application\/ld+json\" class=\"yoast-schema-graph\">{\"@context\":\"https:\/\/schema.org\",\"@graph\":[{\"@type\":\"WebPage\",\"@id\":\"https:\/\/parcbellevue.com\/es\/camping-barato-cannes\/\",\"url\":\"https:\/\/parcbellevue.com\/es\/camping-barato-cannes\/\",\"name\":\"Camping barato Cannes | Camping econ\u00f3mico Costa Azul\",\"isPartOf\":{\"@id\":\"https:\/\/parcbellevue.com\/#website\"},\"primaryImageOfPage\":{\"@id\":\"https:\/\/parcbellevue.com\/es\/camping-barato-cannes\/#primaryimage\"},\"image\":{\"@id\":\"https:\/\/parcbellevue.com\/es\/camping-barato-cannes\/#primaryimage\"},\"thumbnailUrl\":\"https:\/\/parcbellevue.com\/wp-content\/uploads\/2025\/11\/tarifs-bellevue.webp\",\"datePublished\":\"2023-12-12T15:50:13+00:00\",\"dateModified\":\"2026-03-04T15:26:32+00:00\",\"breadcrumb\":{\"@id\":\"https:\/\/parcbellevue.com\/es\/camping-barato-cannes\/#breadcrumb\"},\"inLanguage\":\"es\",\"potentialAction\":[{\"@type\":\"ReadAction\",\"target\":[\"https:\/\/parcbellevue.com\/es\/camping-barato-cannes\/\"]}]},{\"@type\":\"ImageObject\",\"inLanguage\":\"es\",\"@id\":\"https:\/\/parcbellevue.com\/es\/camping-barato-cannes\/#primaryimage\",\"url\":\"https:\/\/parcbellevue.com\/wp-content\/uploads\/2025\/11\/tarifs-bellevue.webp\",\"contentUrl\":\"https:\/\/parcbellevue.com\/wp-content\/uploads\/2025\/11\/tarifs-bellevue.webp\",\"width\":1920,\"height\":1024,\"caption\":\"tarifs bellevue\"},{\"@type\":\"BreadcrumbList\",\"@id\":\"https:\/\/parcbellevue.com\/es\/camping-barato-cannes\/#breadcrumb\",\"itemListElement\":[{\"@type\":\"ListItem\",\"position\":1,\"name\":\"Camping Cannes\",\"item\":\"https:\/\/parcbellevue.com\/es\/\"},{\"@type\":\"ListItem\",\"position\":2,\"name\":\"Camping barato en la Costa Azul\"}]},{\"@type\":\"WebSite\",\"@id\":\"https:\/\/parcbellevue.com\/#website\",\"url\":\"https:\/\/parcbellevue.com\/\",\"name\":\"Camping Parc Bellevue\",\"description\":\"\",\"publisher\":{\"@id\":\"https:\/\/parcbellevue.com\/#organization\"},\"potentialAction\":[{\"@type\":\"SearchAction\",\"target\":{\"@type\":\"EntryPoint\",\"urlTemplate\":\"https:\/\/parcbellevue.com\/?s={search_term_string}\"},\"query-input\":{\"@type\":\"PropertyValueSpecification\",\"valueRequired\":true,\"valueName\":\"search_term_string\"}}],\"inLanguage\":\"es\"},{\"@type\":\"Organization\",\"@id\":\"https:\/\/parcbellevue.com\/#organization\",\"name\":\"Camping Parc Bellevue\",\"url\":\"https:\/\/parcbellevue.com\/\",\"logo\":{\"@type\":\"ImageObject\",\"inLanguage\":\"es\",\"@id\":\"https:\/\/parcbellevue.com\/#\/schema\/logo\/image\/\",\"url\":\"https:\/\/parcbellevue.com\/wp-content\/uploads\/2022\/11\/cropped-logo-camping-parc-bellevue.png\",\"contentUrl\":\"https:\/\/parcbellevue.com\/wp-content\/uploads\/2022\/11\/cropped-logo-camping-parc-bellevue.png\",\"width\":902,\"height\":904,\"caption\":\"Camping Parc Bellevue\"},\"image\":{\"@id\":\"https:\/\/parcbellevue.com\/#\/schema\/logo\/image\/\"}}]}<\/script>\n<!-- \/ Yoast SEO plugin. -->","yoast_head_json":{"title":"Camping barato Cannes | Camping econ\u00f3mico Costa Azul","robots":{"index":"index","follow":"follow","max-snippet":"max-snippet:-1","max-image-preview":"max-image-preview:large","max-video-preview":"max-video-preview:-1"},"canonical":"https:\/\/parcbellevue.com\/es\/camping-barato-cannes\/","og_locale":"es_ES","og_type":"article","og_title":"Camping barato Cannes | Camping econ\u00f3mico Costa Azul","og_url":"https:\/\/parcbellevue.com\/es\/camping-barato-cannes\/","og_site_name":"Camping Parc Bellevue","article_modified_time":"2026-03-04T15:26:32+00:00","og_image":[{"width":1024,"height":546,"url":"https:\/\/parcbellevue.com\/wp-content\/uploads\/2025\/11\/tarifs-bellevue-1024x546.webp","type":"image\/webp"}],"twitter_card":"summary_large_image","twitter_misc":{"Tiempo de lectura":"2 minutos"},"schema":{"@context":"https:\/\/schema.org","@graph":[{"@type":"WebPage","@id":"https:\/\/parcbellevue.com\/es\/camping-barato-cannes\/","url":"https:\/\/parcbellevue.com\/es\/camping-barato-cannes\/","name":"Camping barato Cannes | Camping econ\u00f3mico Costa Azul","isPartOf":{"@id":"https:\/\/parcbellevue.com\/#website"},"primaryImageOfPage":{"@id":"https:\/\/parcbellevue.com\/es\/camping-barato-cannes\/#primaryimage"},"image":{"@id":"https:\/\/parcbellevue.com\/es\/camping-barato-cannes\/#primaryimage"},"thumbnailUrl":"https:\/\/parcbellevue.com\/wp-content\/uploads\/2025\/11\/tarifs-bellevue.webp","datePublished":"2023-12-12T15:50:13+00:00","dateModified":"2026-03-04T15:26:32+00:00","breadcrumb":{"@id":"https:\/\/parcbellevue.com\/es\/camping-barato-cannes\/#breadcrumb"},"inLanguage":"es","potentialAction":[{"@type":"ReadAction","target":["https:\/\/parcbellevue.com\/es\/camping-barato-cannes\/"]}]},{"@type":"ImageObject","inLanguage":"es","@id":"https:\/\/parcbellevue.com\/es\/camping-barato-cannes\/#primaryimage","url":"https:\/\/parcbellevue.com\/wp-content\/uploads\/2025\/11\/tarifs-bellevue.webp","contentUrl":"https:\/\/parcbellevue.com\/wp-content\/uploads\/2025\/11\/tarifs-bellevue.webp","width":1920,"height":1024,"caption":"tarifs bellevue"},{"@type":"BreadcrumbList","@id":"https:\/\/parcbellevue.com\/es\/camping-barato-cannes\/#breadcrumb","itemListElement":[{"@type":"ListItem","position":1,"name":"Camping Cannes","item":"https:\/\/parcbellevue.com\/es\/"},{"@type":"ListItem","position":2,"name":"Camping barato en la Costa Azul"}]},{"@type":"WebSite","@id":"https:\/\/parcbellevue.com\/#website","url":"https:\/\/parcbellevue.com\/","name":"Camping Parc Bellevue","description":"","publisher":{"@id":"https:\/\/parcbellevue.com\/#organization"},"potentialAction":[{"@type":"SearchAction","target":{"@type":"EntryPoint","urlTemplate":"https:\/\/parcbellevue.com\/?s={search_term_string}"},"query-input":{"@type":"PropertyValueSpecification","valueRequired":true,"valueName":"search_term_string"}}],"inLanguage":"es"},{"@type":"Organization","@id":"https:\/\/parcbellevue.com\/#organization","name":"Camping Parc Bellevue","url":"https:\/\/parcbellevue.com\/","logo":{"@type":"ImageObject","inLanguage":"es","@id":"https:\/\/parcbellevue.com\/#\/schema\/logo\/image\/","url":"https:\/\/parcbellevue.com\/wp-content\/uploads\/2022\/11\/cropped-logo-camping-parc-bellevue.png","contentUrl":"https:\/\/parcbellevue.com\/wp-content\/uploads\/2022\/11\/cropped-logo-camping-parc-bellevue.png","width":902,"height":904,"caption":"Camping Parc Bellevue"},"image":{"@id":"https:\/\/parcbellevue.com\/#\/schema\/logo\/image\/"}}]}},"_links":{"self":[{"href":"https:\/\/parcbellevue.com\/es\/wp-json\/wp\/v2\/pages\/3264","targetHints":{"allow":["GET"]}}],"collection":[{"href":"https:\/\/parcbellevue.com\/es\/wp-json\/wp\/v2\/pages"}],"about":[{"href":"https:\/\/parcbellevue.com\/es\/wp-json\/wp\/v2\/types\/page"}],"author":[{"embeddable":true,"href":"https:\/\/parcbellevue.com\/es\/wp-json\/wp\/v2\/users\/1"}],"replies":[{"embeddable":true,"href":"https:\/\/parcbellevue.com\/es\/wp-json\/wp\/v2\/comments?post=3264"}],"version-history":[{"count":4,"href":"https:\/\/parcbellevue.com\/es\/wp-json\/wp\/v2\/pages\/3264\/revisions"}],"predecessor-version":[{"id":5281,"href":"https:\/\/parcbellevue.com\/es\/wp-json\/wp\/v2\/pages\/3264\/revisions\/5281"}],"wp:featuredmedia":[{"embeddable":true,"href":"https:\/\/parcbellevue.com\/es\/wp-json\/wp\/v2\/media\/5089"}],"wp:attachment":[{"href":"https:\/\/parcbellevue.com\/es\/wp-json\/wp\/v2\/media?parent=3264"}],"wp:term":[{"taxonomy":"sujet","embeddable":true,"href":"https:\/\/parcbellevue.com\/es\/wp-json\/wp\/v2\/sujet?post=3264"}],"curies":[{"name":"wp","href":"https:\/\/api.w.org\/{rel}","templated":true}]}}