{"id":4723,"date":"2025-11-13T11:25:38","date_gmt":"2025-11-13T10:25:38","guid":{"rendered":"https:\/\/parcbellevue.com\/les-seniors\/"},"modified":"2025-11-27T12:23:54","modified_gmt":"2025-11-27T11:23:54","slug":"les-seniors","status":"publish","type":"page","link":"https:\/\/parcbellevue.com\/de\/les-seniors\/","title":{"rendered":"Die Senioren"},"content":{"rendered":"<section id=\"ls-section-block_cdc970347edbe36ce57d2d7ffee6cc2b\" class=\"ls-section \" >\r\n        <div class=\"container \">\r\n        \n\n<h1 class=\"ls__heading wp-block-heading has-text-align-center\"><strong>Senioren &#8211; Langzeitaufenthalte auf dem Campingplatz Parc Bellevue Cannes<\/strong><\/h1>\n\n\n\n<p class=\"ls-paragraph has-text-align-center\">Zwischen Unterk\u00fcnften und dem Palais des Festivals wurde eine Seite &#8222;Seniorenpauschalen&#8220; eingerichtet.<\/p>\n\n\n\n<p class=\"ls-paragraph has-text-align-center\">Sind Sie \u00fcber 60 Jahre alt? Entdecken Sie unser Angebot f\u00fcr Senioren! <\/p>\n\n\n\n<p class=\"ls-paragraph has-text-align-center\">Ein 28-t\u00e4giger Aufenthalt f\u00fcr 2 Personen, ideal, um das s\u00fc\u00dfe Leben von M\u00e4rz bis Juni und von September bis Dezember zu genie\u00dfen.<\/p>\n\n\r\n    <\/div>\r\n<\/section><section id=\"ls-section-block_51c27c1ae365726894e3ed97cc278bff\" class=\"ls-section  page-two home-third has-m-t m-t-0 has-m-b m-b-0 has-m-l m-l-0 has-m-r m-r-0\" >\r\n        <div class=\"container container--wide\">\r\n        \n\n<div class=\"wp-block-columns are-vertically-aligned-center has-color-6-background-color has-background is-layout-flex wp-container-core-columns-is-layout-9d6595d7 wp-block-columns-is-layout-flex\">\n<div class=\"wp-block-column is-vertically-aligned-center is-layout-flow wp-block-column-is-layout-flow\">\n<figure class=\"wp-block-image size-large\"><img decoding=\"async\" width=\"768\" height=\"1024\" src=\"https:\/\/parcbellevue.com\/wp-content\/uploads\/2025\/11\/evenement-senior-768x1024.jpg\" alt=\"Seniorenveranstaltung\" class=\"wp-image-4612\" srcset=\"https:\/\/parcbellevue.com\/wp-content\/uploads\/2025\/11\/evenement-senior-768x1024.jpg 768w, https:\/\/parcbellevue.com\/wp-content\/uploads\/2025\/11\/evenement-senior-225x300.jpg 225w, https:\/\/parcbellevue.com\/wp-content\/uploads\/2025\/11\/evenement-senior-1152x1536.jpg 1152w, https:\/\/parcbellevue.com\/wp-content\/uploads\/2025\/11\/evenement-senior-1536x2048.jpg 1536w, https:\/\/parcbellevue.com\/wp-content\/uploads\/2025\/11\/evenement-senior-scaled.jpg 1920w\" sizes=\"(max-width: 768px) 100vw, 768px\" \/><\/figure>\n<\/div>\n\n\n\n<div class=\"wp-block-column is-vertically-aligned-center is-layout-flow wp-block-column-is-layout-flow\">\n<h2 class=\"ls__heading wp-block-heading has-large-font-size\"><strong>Langfristige Aufenthalte<\/strong><\/h2>\n\n\n\n<p class=\"ls-paragraph has-color-white-color has-text-color has-link-color wp-elements-5d306a074674efd8937b503c713229da\">Nehmen Sie sich die Zeit, um sich zu erholen, die Region zu entdecken und die C\u00f4te d&#8217;Azur in einer ruhigen und gr\u00fcnen Umgebung zu genie\u00dfen.<\/p>\n\n\n\n<h2 class=\"ls__heading wp-block-heading has-large-font-size\"><strong>Verf\u00fcgbare Zeitr\u00e4ume<\/strong><\/h2>\n\n\n\n<ul class=\"ls-list ls-list-undefined wp-block-list\">\n<li class=\"has-color-white-color has-text-color has-link-color wp-elements-0d3d4b642351888687eb5281a38605c7\">Von M\u00e4rz bis Juni<\/li>\n\n\n\n<li class=\"has-color-white-color has-text-color has-link-color wp-elements-576f5ce1e6f0f1b9f6b170cf8af75650\">September bis Dezember<\/li>\n<\/ul>\n\n\n\n<h2 class=\"ls__heading wp-block-heading has-large-font-size\"><strong>Die Vorteile der Pauschalreise<\/strong><\/h2>\n\n\n\n<ul class=\"ls-list ls-list-undefined wp-block-list\">\n<li class=\"has-color-white-color has-text-color has-link-color wp-elements-a1e76a2240d36780fade9f61f32a8dec\">Ein Vorzugstarif f\u00fcr Langzeitaufenthalte<\/li>\n\n\n\n<li class=\"has-color-white-color has-text-color has-link-color wp-elements-009306274f8d8755bef1720d9043b031\">Eine erholsame Umgebung, perfekt zum Entspannen<\/li>\n\n\n\n<li class=\"has-color-white-color has-text-color has-link-color wp-elements-da5973036d7ed3f1b48ab7d246dbe1bf\">Zugang zu allen Einrichtungen des Campingplatzes (Schwimmbad, Restaurant, Animationen je nach Saison&#8230;)<\/li>\n\n\n\n<li class=\"has-color-white-color has-text-color has-link-color wp-elements-1af6496d126cc8e6ef8b3431948051c3\">Die N\u00e4he zu Cannes, dem Mittelmeer und den typischen D\u00f6rfern der Provence<\/li>\n<\/ul>\n<\/div>\n<\/div>\n\n\r\n    <\/div>\r\n<\/section><section id=\"ls-section-block_32a3769bf45269eb4a647b90b39947c4\" class=\"ls-section  has-m-t m-t-0\" >\r\n        <div class=\"container \">\r\n        \n\n<p class=\"ls-paragraph has-text-align-center has-color-1-color has-text-color\">\ud83d\udc49 G\u00f6nnen Sie sich einen Monat Urlaub in aller Ruhe, in einer freundlichen und warmen Atmosph\u00e4re, die speziell auf Senioren zugeschnitten ist.<\/p>\n\n\n\n<p class=\"ls-paragraph has-text-align-center has-color-1-color has-text-color\">Kontaktieren Sie uns direkt unter 04 93 47 28 97, um unsere Verf\u00fcgbarkeit und unsere Angebote zu erfahren.<\/p>\n\n\r\n    <\/div>\r\n<\/section>","protected":false},"excerpt":{"rendered":"","protected":false},"author":1,"featured_media":0,"parent":0,"menu_order":0,"comment_status":"closed","ping_status":"closed","template":"","meta":{"_acf_changed":false,"footnotes":""},"sujet":[],"class_list":["post-4723","page","type-page","status-publish","hentry"],"acf":[],"yoast_head":"<!-- This site is optimized with the Yoast SEO plugin v23.4 - https:\/\/yoast.com\/wordpress\/plugins\/seo\/ -->\n<title>Die Senioren - Camping Parc Bellevue<\/title>\n<meta name=\"robots\" content=\"index, follow, max-snippet:-1, max-image-preview:large, max-video-preview:-1\" \/>\n<link rel=\"canonical\" href=\"https:\/\/parcbellevue.com\/de\/les-seniors\/\" \/>\n<meta property=\"og:locale\" content=\"de_DE\" \/>\n<meta property=\"og:type\" content=\"article\" \/>\n<meta property=\"og:title\" content=\"Die Senioren - Camping Parc Bellevue\" \/>\n<meta property=\"og:url\" content=\"https:\/\/parcbellevue.com\/de\/les-seniors\/\" \/>\n<meta property=\"og:site_name\" content=\"Camping Parc Bellevue\" \/>\n<meta property=\"article:modified_time\" content=\"2025-11-27T11:23:54+00:00\" \/>\n<meta property=\"og:image\" content=\"https:\/\/parcbellevue.com\/wp-content\/uploads\/2025\/11\/evenement-senior-768x1024.jpg\" \/>\n<meta name=\"twitter:card\" content=\"summary_large_image\" \/>\n<meta name=\"twitter:label1\" content=\"Gesch\u00e4tzte Lesezeit\" \/>\n\t<meta name=\"twitter:data1\" content=\"1\u00a0Minute\" \/>\n<script type=\"application\/ld+json\" class=\"yoast-schema-graph\">{\"@context\":\"https:\/\/schema.org\",\"@graph\":[{\"@type\":\"WebPage\",\"@id\":\"https:\/\/parcbellevue.com\/de\/les-seniors\/\",\"url\":\"https:\/\/parcbellevue.com\/de\/les-seniors\/\",\"name\":\"Die Senioren - Camping Parc Bellevue\",\"isPartOf\":{\"@id\":\"https:\/\/parcbellevue.com\/#website\"},\"primaryImageOfPage\":{\"@id\":\"https:\/\/parcbellevue.com\/de\/les-seniors\/#primaryimage\"},\"image\":{\"@id\":\"https:\/\/parcbellevue.com\/de\/les-seniors\/#primaryimage\"},\"thumbnailUrl\":\"https:\/\/parcbellevue.com\/wp-content\/uploads\/2025\/11\/evenement-senior-768x1024.jpg\",\"datePublished\":\"2025-11-13T10:25:38+00:00\",\"dateModified\":\"2025-11-27T11:23:54+00:00\",\"breadcrumb\":{\"@id\":\"https:\/\/parcbellevue.com\/de\/les-seniors\/#breadcrumb\"},\"inLanguage\":\"de\",\"potentialAction\":[{\"@type\":\"ReadAction\",\"target\":[\"https:\/\/parcbellevue.com\/de\/les-seniors\/\"]}]},{\"@type\":\"ImageObject\",\"inLanguage\":\"de\",\"@id\":\"https:\/\/parcbellevue.com\/de\/les-seniors\/#primaryimage\",\"url\":\"https:\/\/parcbellevue.com\/wp-content\/uploads\/2025\/11\/evenement-senior-768x1024.jpg\",\"contentUrl\":\"https:\/\/parcbellevue.com\/wp-content\/uploads\/2025\/11\/evenement-senior-768x1024.jpg\"},{\"@type\":\"BreadcrumbList\",\"@id\":\"https:\/\/parcbellevue.com\/de\/les-seniors\/#breadcrumb\",\"itemListElement\":[{\"@type\":\"ListItem\",\"position\":1,\"name\":\"Camping Cannes\",\"item\":\"https:\/\/parcbellevue.com\/de\/\"},{\"@type\":\"ListItem\",\"position\":2,\"name\":\"Die Senioren\"}]},{\"@type\":\"WebSite\",\"@id\":\"https:\/\/parcbellevue.com\/#website\",\"url\":\"https:\/\/parcbellevue.com\/\",\"name\":\"Camping Parc Bellevue\",\"description\":\"\",\"publisher\":{\"@id\":\"https:\/\/parcbellevue.com\/#organization\"},\"potentialAction\":[{\"@type\":\"SearchAction\",\"target\":{\"@type\":\"EntryPoint\",\"urlTemplate\":\"https:\/\/parcbellevue.com\/?s={search_term_string}\"},\"query-input\":{\"@type\":\"PropertyValueSpecification\",\"valueRequired\":true,\"valueName\":\"search_term_string\"}}],\"inLanguage\":\"de\"},{\"@type\":\"Organization\",\"@id\":\"https:\/\/parcbellevue.com\/#organization\",\"name\":\"Camping Parc Bellevue\",\"url\":\"https:\/\/parcbellevue.com\/\",\"logo\":{\"@type\":\"ImageObject\",\"inLanguage\":\"de\",\"@id\":\"https:\/\/parcbellevue.com\/#\/schema\/logo\/image\/\",\"url\":\"https:\/\/parcbellevue.com\/wp-content\/uploads\/2022\/11\/cropped-logo-camping-parc-bellevue.png\",\"contentUrl\":\"https:\/\/parcbellevue.com\/wp-content\/uploads\/2022\/11\/cropped-logo-camping-parc-bellevue.png\",\"width\":902,\"height\":904,\"caption\":\"Camping Parc Bellevue\"},\"image\":{\"@id\":\"https:\/\/parcbellevue.com\/#\/schema\/logo\/image\/\"}}]}<\/script>\n<!-- \/ Yoast SEO plugin. -->","yoast_head_json":{"title":"Die Senioren - Camping Parc Bellevue","robots":{"index":"index","follow":"follow","max-snippet":"max-snippet:-1","max-image-preview":"max-image-preview:large","max-video-preview":"max-video-preview:-1"},"canonical":"https:\/\/parcbellevue.com\/de\/les-seniors\/","og_locale":"de_DE","og_type":"article","og_title":"Die Senioren - Camping Parc Bellevue","og_url":"https:\/\/parcbellevue.com\/de\/les-seniors\/","og_site_name":"Camping Parc Bellevue","article_modified_time":"2025-11-27T11:23:54+00:00","og_image":[{"url":"https:\/\/parcbellevue.com\/wp-content\/uploads\/2025\/11\/evenement-senior-768x1024.jpg"}],"twitter_card":"summary_large_image","twitter_misc":{"Gesch\u00e4tzte Lesezeit":"1\u00a0Minute"},"schema":{"@context":"https:\/\/schema.org","@graph":[{"@type":"WebPage","@id":"https:\/\/parcbellevue.com\/de\/les-seniors\/","url":"https:\/\/parcbellevue.com\/de\/les-seniors\/","name":"Die Senioren - Camping Parc Bellevue","isPartOf":{"@id":"https:\/\/parcbellevue.com\/#website"},"primaryImageOfPage":{"@id":"https:\/\/parcbellevue.com\/de\/les-seniors\/#primaryimage"},"image":{"@id":"https:\/\/parcbellevue.com\/de\/les-seniors\/#primaryimage"},"thumbnailUrl":"https:\/\/parcbellevue.com\/wp-content\/uploads\/2025\/11\/evenement-senior-768x1024.jpg","datePublished":"2025-11-13T10:25:38+00:00","dateModified":"2025-11-27T11:23:54+00:00","breadcrumb":{"@id":"https:\/\/parcbellevue.com\/de\/les-seniors\/#breadcrumb"},"inLanguage":"de","potentialAction":[{"@type":"ReadAction","target":["https:\/\/parcbellevue.com\/de\/les-seniors\/"]}]},{"@type":"ImageObject","inLanguage":"de","@id":"https:\/\/parcbellevue.com\/de\/les-seniors\/#primaryimage","url":"https:\/\/parcbellevue.com\/wp-content\/uploads\/2025\/11\/evenement-senior-768x1024.jpg","contentUrl":"https:\/\/parcbellevue.com\/wp-content\/uploads\/2025\/11\/evenement-senior-768x1024.jpg"},{"@type":"BreadcrumbList","@id":"https:\/\/parcbellevue.com\/de\/les-seniors\/#breadcrumb","itemListElement":[{"@type":"ListItem","position":1,"name":"Camping Cannes","item":"https:\/\/parcbellevue.com\/de\/"},{"@type":"ListItem","position":2,"name":"Die Senioren"}]},{"@type":"WebSite","@id":"https:\/\/parcbellevue.com\/#website","url":"https:\/\/parcbellevue.com\/","name":"Camping Parc Bellevue","description":"","publisher":{"@id":"https:\/\/parcbellevue.com\/#organization"},"potentialAction":[{"@type":"SearchAction","target":{"@type":"EntryPoint","urlTemplate":"https:\/\/parcbellevue.com\/?s={search_term_string}"},"query-input":{"@type":"PropertyValueSpecification","valueRequired":true,"valueName":"search_term_string"}}],"inLanguage":"de"},{"@type":"Organization","@id":"https:\/\/parcbellevue.com\/#organization","name":"Camping Parc Bellevue","url":"https:\/\/parcbellevue.com\/","logo":{"@type":"ImageObject","inLanguage":"de","@id":"https:\/\/parcbellevue.com\/#\/schema\/logo\/image\/","url":"https:\/\/parcbellevue.com\/wp-content\/uploads\/2022\/11\/cropped-logo-camping-parc-bellevue.png","contentUrl":"https:\/\/parcbellevue.com\/wp-content\/uploads\/2022\/11\/cropped-logo-camping-parc-bellevue.png","width":902,"height":904,"caption":"Camping Parc Bellevue"},"image":{"@id":"https:\/\/parcbellevue.com\/#\/schema\/logo\/image\/"}}]}},"_links":{"self":[{"href":"https:\/\/parcbellevue.com\/de\/wp-json\/wp\/v2\/pages\/4723","targetHints":{"allow":["GET"]}}],"collection":[{"href":"https:\/\/parcbellevue.com\/de\/wp-json\/wp\/v2\/pages"}],"about":[{"href":"https:\/\/parcbellevue.com\/de\/wp-json\/wp\/v2\/types\/page"}],"author":[{"embeddable":true,"href":"https:\/\/parcbellevue.com\/de\/wp-json\/wp\/v2\/users\/1"}],"replies":[{"embeddable":true,"href":"https:\/\/parcbellevue.com\/de\/wp-json\/wp\/v2\/comments?post=4723"}],"version-history":[{"count":3,"href":"https:\/\/parcbellevue.com\/de\/wp-json\/wp\/v2\/pages\/4723\/revisions"}],"predecessor-version":[{"id":4911,"href":"https:\/\/parcbellevue.com\/de\/wp-json\/wp\/v2\/pages\/4723\/revisions\/4911"}],"wp:attachment":[{"href":"https:\/\/parcbellevue.com\/de\/wp-json\/wp\/v2\/media?parent=4723"}],"wp:term":[{"taxonomy":"sujet","embeddable":true,"href":"https:\/\/parcbellevue.com\/de\/wp-json\/wp\/v2\/sujet?post=4723"}],"curies":[{"name":"wp","href":"https:\/\/api.w.org\/{rel}","templated":true}]}}