{"id":4722,"date":"2025-11-13T11:25:38","date_gmt":"2025-11-13T10:25:38","guid":{"rendered":"https:\/\/parcbellevue.com\/prestation-hoteliere\/"},"modified":"2025-11-13T11:25:38","modified_gmt":"2025-11-13T10:25:38","slug":"prestation-hoteliere","status":"publish","type":"page","link":"https:\/\/parcbellevue.com\/de\/prestation-hoteliere\/","title":{"rendered":"Hotelleistung"},"content":{"rendered":"<section id=\"ls-section-block_07f942437ab54e848436645860cc20ad\" class=\"ls-section \" >\r\n        <div class=\"container \">\r\n        \n\n<h2 class=\"ls__heading wp-block-heading\">Hotelleistung<\/h2>\n\n\n\n<p class=\"ls-paragraph\">Entscheiden Sie sich f\u00fcr den Komfort einer echten Hotelerfahrung und genie\u00dfen Sie gleichzeitig den Charme und die Geselligkeit des Campingplatzes.<\/p>\n\n\n\n<p class=\"ls-paragraph\">Bei Ihrer Ankunft sind die Betten bereits gemacht und bereit, Sie zu empfangen.<\/p>\n\n\n\n<p class=\"ls-paragraph\">Handt\u00fccher werden zur Verf\u00fcgung gestellt, damit Sie mit leichtem Gep\u00e4ck reisen k\u00f6nnen.<\/p>\n\n\n\n<p class=\"ls-paragraph\">Und damit Ihr Aufenthalt bis zum Ende ein entspannender Moment bleibt, wird die Endreinigung \u00fcbernommen.<\/p>\n\n\n\n<p class=\"ls-paragraph\">Sie kommen an, stellen Ihre Koffer ab und der Urlaub beginnt.<\/p>\n\n\n\n<p class=\"ls-paragraph\">Hier finden Sie die Preise je nach Zeitraum und gew\u00e4hlter Unterkunft.<\/p>\n\n\n\n<p class=\"ls-paragraph\">Bei Online-Buchungen w\u00e4hlen Sie einfach die Option bei der Buchung.<\/p>\n\n\n\n<p class=\"ls-paragraph\">Geben Sie telefonisch einfach an, dass Sie die Hoteloption in Anspruch nehmen m\u00f6chten.<\/p>\n\n\r\n    <\/div>\r\n<\/section>","protected":false},"excerpt":{"rendered":"","protected":false},"author":1,"featured_media":0,"parent":0,"menu_order":0,"comment_status":"closed","ping_status":"closed","template":"","meta":{"_acf_changed":false,"footnotes":""},"sujet":[],"class_list":["post-4722","page","type-page","status-publish","hentry"],"acf":[],"yoast_head":"<!-- This site is optimized with the Yoast SEO plugin v23.4 - https:\/\/yoast.com\/wordpress\/plugins\/seo\/ -->\n<title>Hotelleistung - Camping Parc Bellevue<\/title>\n<meta name=\"robots\" content=\"index, follow, max-snippet:-1, max-image-preview:large, max-video-preview:-1\" \/>\n<link rel=\"canonical\" href=\"https:\/\/parcbellevue.com\/de\/prestation-hoteliere\/\" \/>\n<meta property=\"og:locale\" content=\"de_DE\" \/>\n<meta property=\"og:type\" content=\"article\" \/>\n<meta property=\"og:title\" content=\"Hotelleistung - Camping Parc Bellevue\" \/>\n<meta property=\"og:url\" content=\"https:\/\/parcbellevue.com\/de\/prestation-hoteliere\/\" \/>\n<meta property=\"og:site_name\" content=\"Camping Parc Bellevue\" \/>\n<meta name=\"twitter:card\" content=\"summary_large_image\" \/>\n<meta name=\"twitter:label1\" content=\"Gesch\u00e4tzte Lesezeit\" \/>\n\t<meta name=\"twitter:data1\" content=\"1\u00a0Minute\" \/>\n<script type=\"application\/ld+json\" class=\"yoast-schema-graph\">{\"@context\":\"https:\/\/schema.org\",\"@graph\":[{\"@type\":\"WebPage\",\"@id\":\"https:\/\/parcbellevue.com\/de\/prestation-hoteliere\/\",\"url\":\"https:\/\/parcbellevue.com\/de\/prestation-hoteliere\/\",\"name\":\"Hotelleistung - Camping Parc Bellevue\",\"isPartOf\":{\"@id\":\"https:\/\/parcbellevue.com\/#website\"},\"datePublished\":\"2025-11-13T10:25:38+00:00\",\"dateModified\":\"2025-11-13T10:25:38+00:00\",\"breadcrumb\":{\"@id\":\"https:\/\/parcbellevue.com\/de\/prestation-hoteliere\/#breadcrumb\"},\"inLanguage\":\"de\",\"potentialAction\":[{\"@type\":\"ReadAction\",\"target\":[\"https:\/\/parcbellevue.com\/de\/prestation-hoteliere\/\"]}]},{\"@type\":\"BreadcrumbList\",\"@id\":\"https:\/\/parcbellevue.com\/de\/prestation-hoteliere\/#breadcrumb\",\"itemListElement\":[{\"@type\":\"ListItem\",\"position\":1,\"name\":\"Camping Cannes\",\"item\":\"https:\/\/parcbellevue.com\/de\/\"},{\"@type\":\"ListItem\",\"position\":2,\"name\":\"Hotelleistung\"}]},{\"@type\":\"WebSite\",\"@id\":\"https:\/\/parcbellevue.com\/#website\",\"url\":\"https:\/\/parcbellevue.com\/\",\"name\":\"Camping Parc Bellevue\",\"description\":\"\",\"publisher\":{\"@id\":\"https:\/\/parcbellevue.com\/#organization\"},\"potentialAction\":[{\"@type\":\"SearchAction\",\"target\":{\"@type\":\"EntryPoint\",\"urlTemplate\":\"https:\/\/parcbellevue.com\/?s={search_term_string}\"},\"query-input\":{\"@type\":\"PropertyValueSpecification\",\"valueRequired\":true,\"valueName\":\"search_term_string\"}}],\"inLanguage\":\"de\"},{\"@type\":\"Organization\",\"@id\":\"https:\/\/parcbellevue.com\/#organization\",\"name\":\"Camping Parc Bellevue\",\"url\":\"https:\/\/parcbellevue.com\/\",\"logo\":{\"@type\":\"ImageObject\",\"inLanguage\":\"de\",\"@id\":\"https:\/\/parcbellevue.com\/#\/schema\/logo\/image\/\",\"url\":\"https:\/\/parcbellevue.com\/wp-content\/uploads\/2022\/11\/cropped-logo-camping-parc-bellevue.png\",\"contentUrl\":\"https:\/\/parcbellevue.com\/wp-content\/uploads\/2022\/11\/cropped-logo-camping-parc-bellevue.png\",\"width\":902,\"height\":904,\"caption\":\"Camping Parc Bellevue\"},\"image\":{\"@id\":\"https:\/\/parcbellevue.com\/#\/schema\/logo\/image\/\"}}]}<\/script>\n<!-- \/ Yoast SEO plugin. -->","yoast_head_json":{"title":"Hotelleistung - Camping Parc Bellevue","robots":{"index":"index","follow":"follow","max-snippet":"max-snippet:-1","max-image-preview":"max-image-preview:large","max-video-preview":"max-video-preview:-1"},"canonical":"https:\/\/parcbellevue.com\/de\/prestation-hoteliere\/","og_locale":"de_DE","og_type":"article","og_title":"Hotelleistung - Camping Parc Bellevue","og_url":"https:\/\/parcbellevue.com\/de\/prestation-hoteliere\/","og_site_name":"Camping Parc Bellevue","twitter_card":"summary_large_image","twitter_misc":{"Gesch\u00e4tzte Lesezeit":"1\u00a0Minute"},"schema":{"@context":"https:\/\/schema.org","@graph":[{"@type":"WebPage","@id":"https:\/\/parcbellevue.com\/de\/prestation-hoteliere\/","url":"https:\/\/parcbellevue.com\/de\/prestation-hoteliere\/","name":"Hotelleistung - Camping Parc Bellevue","isPartOf":{"@id":"https:\/\/parcbellevue.com\/#website"},"datePublished":"2025-11-13T10:25:38+00:00","dateModified":"2025-11-13T10:25:38+00:00","breadcrumb":{"@id":"https:\/\/parcbellevue.com\/de\/prestation-hoteliere\/#breadcrumb"},"inLanguage":"de","potentialAction":[{"@type":"ReadAction","target":["https:\/\/parcbellevue.com\/de\/prestation-hoteliere\/"]}]},{"@type":"BreadcrumbList","@id":"https:\/\/parcbellevue.com\/de\/prestation-hoteliere\/#breadcrumb","itemListElement":[{"@type":"ListItem","position":1,"name":"Camping Cannes","item":"https:\/\/parcbellevue.com\/de\/"},{"@type":"ListItem","position":2,"name":"Hotelleistung"}]},{"@type":"WebSite","@id":"https:\/\/parcbellevue.com\/#website","url":"https:\/\/parcbellevue.com\/","name":"Camping Parc Bellevue","description":"","publisher":{"@id":"https:\/\/parcbellevue.com\/#organization"},"potentialAction":[{"@type":"SearchAction","target":{"@type":"EntryPoint","urlTemplate":"https:\/\/parcbellevue.com\/?s={search_term_string}"},"query-input":{"@type":"PropertyValueSpecification","valueRequired":true,"valueName":"search_term_string"}}],"inLanguage":"de"},{"@type":"Organization","@id":"https:\/\/parcbellevue.com\/#organization","name":"Camping Parc Bellevue","url":"https:\/\/parcbellevue.com\/","logo":{"@type":"ImageObject","inLanguage":"de","@id":"https:\/\/parcbellevue.com\/#\/schema\/logo\/image\/","url":"https:\/\/parcbellevue.com\/wp-content\/uploads\/2022\/11\/cropped-logo-camping-parc-bellevue.png","contentUrl":"https:\/\/parcbellevue.com\/wp-content\/uploads\/2022\/11\/cropped-logo-camping-parc-bellevue.png","width":902,"height":904,"caption":"Camping Parc Bellevue"},"image":{"@id":"https:\/\/parcbellevue.com\/#\/schema\/logo\/image\/"}}]}},"_links":{"self":[{"href":"https:\/\/parcbellevue.com\/de\/wp-json\/wp\/v2\/pages\/4722","targetHints":{"allow":["GET"]}}],"collection":[{"href":"https:\/\/parcbellevue.com\/de\/wp-json\/wp\/v2\/pages"}],"about":[{"href":"https:\/\/parcbellevue.com\/de\/wp-json\/wp\/v2\/types\/page"}],"author":[{"embeddable":true,"href":"https:\/\/parcbellevue.com\/de\/wp-json\/wp\/v2\/users\/1"}],"replies":[{"embeddable":true,"href":"https:\/\/parcbellevue.com\/de\/wp-json\/wp\/v2\/comments?post=4722"}],"version-history":[{"count":1,"href":"https:\/\/parcbellevue.com\/de\/wp-json\/wp\/v2\/pages\/4722\/revisions"}],"predecessor-version":[{"id":4724,"href":"https:\/\/parcbellevue.com\/de\/wp-json\/wp\/v2\/pages\/4722\/revisions\/4724"}],"wp:attachment":[{"href":"https:\/\/parcbellevue.com\/de\/wp-json\/wp\/v2\/media?parent=4722"}],"wp:term":[{"taxonomy":"sujet","embeddable":true,"href":"https:\/\/parcbellevue.com\/de\/wp-json\/wp\/v2\/sujet?post=4722"}],"curies":[{"name":"wp","href":"https:\/\/api.w.org\/{rel}","templated":true}]}}