{"id":3460,"date":"2023-12-12T17:21:48","date_gmt":"2023-12-12T16:21:48","guid":{"rendered":"https:\/\/parcbellevue.com\/haeufig-gestellte-fragen\/"},"modified":"2026-01-08T10:52:48","modified_gmt":"2026-01-08T09:52:48","slug":"haeufig-gestellte-fragen","status":"publish","type":"page","link":"https:\/\/parcbellevue.com\/de\/haeufig-gestellte-fragen\/","title":{"rendered":"FAQ"},"content":{"rendered":"<section id=\"ls-section-block_9662fecd11e081e538d0585adc9f67a5\" class=\"ls-section  page-titre\" >\r\n        <div class=\"container container--wide\">\r\n        \n\n<h1 class=\"ls__heading wp-block-heading has-text-align-center\">H\u00e4ufig gestellte Fragen<\/h1>\n\n\r\n    <\/div>\r\n<\/section><section id=\"ls-section-block_9c13dcf2813e3a87fd312eefc2de48d7\" class=\"ls-section  home-second page-one\" >\r\n        <div class=\"container \">\r\n        \n<div id=\"faq\" class=\"faq-container\"><div class=\"faq-wrap\" itemscope=\"\" itemtype=\"https:\/\/schema.org\/FAQPage\"><div class=\"faq__box faq__item\"><div class=\"faq__container\"><div class=\"faq__block\" itemscope=\"\" itemprop=\"mainEntity\" itemtype=\"https:\/\/schema.org\/Question\"><details class=\"faq\"><summary class=\"faq-question\" itemprop=\"name\">Ist der Campingplatz an eine \u00f6ffentliche Verkehrslinie angebunden?<span class=\"faq-opener\"><\/span><\/summary><div class=\"content\" itemscope=\"\" itemprop=\"acceptedAnswer\" itemtype=\"https:\/\/schema.org\/Answer\"><div itemprop=\"text\"><p><p>Ja, in der N\u00e4he des Campingplatzes gibt es eine Haltestelle &#8222;Les Aub\u00e9pines&#8220; der Linie Nr. 2 des Netzes &#8222;PALMBUS&#8220;.<\/p>\n<\/p><\/div><\/div><\/details><\/div><\/div><\/div><div class=\"faq__box faq__item\"><div class=\"faq__container\"><div class=\"faq__block\" itemscope=\"\" itemprop=\"mainEntity\" itemtype=\"https:\/\/schema.org\/Question\"><details class=\"faq\"><summary class=\"faq-question\" itemprop=\"name\">Gibt es Busse in der Nacht?<span class=\"faq-opener\"><\/span><\/summary><div class=\"content\" itemscope=\"\" itemprop=\"acceptedAnswer\" itemtype=\"https:\/\/schema.org\/Answer\"><div itemprop=\"text\"><p><p>ja, mit einem verst\u00e4rkten Service w\u00e4hrend des Filmfestivals und in den Monaten Juli und August.<\/p>\n<\/p><\/div><\/div><\/details><\/div><\/div><\/div><div class=\"faq__box faq__item\"><div class=\"faq__container\"><div class=\"faq__block\" itemscope=\"\" itemprop=\"mainEntity\" itemtype=\"https:\/\/schema.org\/Question\"><details class=\"faq\"><summary class=\"faq-question\" itemprop=\"name\">Wie viele Kilometer ist der Bahnhof von Cannes entfernt?<span class=\"faq-opener\"><\/span><\/summary><div class=\"content\" itemscope=\"\" itemprop=\"acceptedAnswer\" itemtype=\"https:\/\/schema.org\/Answer\"><div itemprop=\"text\"><p><div class=\"panel panel-default\">\n<div id=\"collapse_10\" class=\"panel-collapse collapse in\" role=\"tabpanel\" aria-labelledby=\"heading_10\">\n<div class=\"panel-body\">\n<p>5 km vom Campingplatz entfernt m\u00fcssen Sie die Linie 2 benutzen und an der Haltestelle &#8222;Les Aub\u00e9pines&#8220; aussteigen oder die Linie 1 oder die Linie A und an der Haltestelle &#8222;La R\u00e9sistance&#8220; aussteigen.<\/p>\n<\/div>\n<\/div>\n<\/div>\n<div class=\"panel panel-default\">\n<div id=\"heading_11\" class=\"panel-heading\" role=\"tab\"><\/div>\n<\/div>\n<\/p><\/div><\/div><\/details><\/div><\/div><\/div><div class=\"faq__box faq__item\"><div class=\"faq__container\"><div class=\"faq__block\" itemscope=\"\" itemprop=\"mainEntity\" itemtype=\"https:\/\/schema.org\/Question\"><details class=\"faq\"><summary class=\"faq-question\" itemprop=\"name\">Ist die Ankunft auf einem Campingplatz jeden Tag?<span class=\"faq-opener\"><\/span><\/summary><div class=\"content\" itemscope=\"\" itemprop=\"acceptedAnswer\" itemtype=\"https:\/\/schema.org\/Answer\"><div itemprop=\"text\"><p><div class=\"panel panel-default\">\n<div id=\"collapse_11\" class=\"panel-collapse collapse in\" role=\"tabpanel\" aria-labelledby=\"heading_11\">\n<div class=\"panel-body\">\n<p>Ja, f\u00fcr Stellpl\u00e4tze, die f\u00fcr Zelte, Wohnwagen und Wohnmobile reserviert sind, ist die Anreise von Montag bis Sonntag m\u00f6glich.<\/p>\n<\/div>\n<\/div>\n<\/div>\n<div class=\"panel panel-default\">\n<div id=\"heading_12\" class=\"panel-heading\" role=\"tab\"><\/div>\n<\/div>\n<\/p><\/div><\/div><\/details><\/div><\/div><\/div><div class=\"faq__box faq__item\"><div class=\"faq__container\"><div class=\"faq__block\" itemscope=\"\" itemprop=\"mainEntity\" itemtype=\"https:\/\/schema.org\/Question\"><details class=\"faq\"><summary class=\"faq-question\" itemprop=\"name\">Muss man f\u00fcr ein Mietobjekt eine Kaution hinterlegen?<span class=\"faq-opener\"><\/span><\/summary><div class=\"content\" itemscope=\"\" itemprop=\"acceptedAnswer\" itemtype=\"https:\/\/schema.org\/Answer\"><div itemprop=\"text\"><p><div class=\"panel panel-default\">\n<div id=\"collapse_12\" class=\"panel-collapse collapse in\" role=\"tabpanel\" aria-labelledby=\"heading_12\">\n<div class=\"panel-body\">\n<p>Ja, von 150 \u20ac f\u00fcr M-H und von 50 \u20ac f\u00fcr den Haushalt. Sie wird in bar oder per Scheck eingezahlt und Sie erhalten sie vor Ihrer Abreise zur\u00fcck.<\/p>\n<\/div>\n<\/div>\n<\/div>\n<div class=\"panel panel-default\">\n<div id=\"heading_13\" class=\"panel-heading\" role=\"tab\"><\/div>\n<\/div>\n<\/p><\/div><\/div><\/details><\/div><\/div><\/div><div class=\"faq__box faq__item\"><div class=\"faq__container\"><div class=\"faq__block\" itemscope=\"\" itemprop=\"mainEntity\" itemtype=\"https:\/\/schema.org\/Question\"><details class=\"faq\"><summary class=\"faq-question\" itemprop=\"name\">Kann man das Fahrzeug in der N\u00e4he parken?<span class=\"faq-opener\"><\/span><\/summary><div class=\"content\" itemscope=\"\" itemprop=\"acceptedAnswer\" itemtype=\"https:\/\/schema.org\/Answer\"><div itemprop=\"text\"><p><div class=\"panel panel-default\">\n<div id=\"collapse_13\" class=\"panel-collapse collapse in\" role=\"tabpanel\" aria-labelledby=\"heading_13\">\n<div class=\"panel-body\">\n<p>Ja, f\u00fcr jeden Stellplatz ist ein Platz f\u00fcr das Fahrzeug vorgesehen.<\/p>\n<\/div>\n<\/div>\n<\/div>\n<div class=\"panel panel-default\">\n<div id=\"heading_14\" class=\"panel-heading\" role=\"tab\"><\/div>\n<\/div>\n<\/p><\/div><\/div><\/details><\/div><\/div><\/div><div class=\"faq__box faq__item\"><div class=\"faq__container\"><div class=\"faq__block\" itemscope=\"\" itemprop=\"mainEntity\" itemtype=\"https:\/\/schema.org\/Question\"><details class=\"faq\"><summary class=\"faq-question\" itemprop=\"name\">Wie weit ist das erste Einkaufszentrum entfernt?<span class=\"faq-opener\"><\/span><\/summary><div class=\"content\" itemscope=\"\" itemprop=\"acceptedAnswer\" itemtype=\"https:\/\/schema.org\/Answer\"><div itemprop=\"text\"><p><div class=\"panel panel-default\">\n<div id=\"collapse_14\" class=\"panel-collapse collapse in\" role=\"tabpanel\" aria-labelledby=\"heading_14\">\n<div class=\"panel-body\">\n<p>Ca. 1 km entfernt und das Stadtzentrum von Cannes La Bocca ist 1,5 km entfernt.<\/p>\n<\/div>\n<\/div>\n<\/div>\n<div class=\"panel panel-default\">\n<div id=\"heading_15\" class=\"panel-heading\" role=\"tab\"><\/div>\n<\/div>\n<\/p><\/div><\/div><\/details><\/div><\/div><\/div><div class=\"faq__box faq__item\"><div class=\"faq__container\"><div class=\"faq__block\" itemscope=\"\" itemprop=\"mainEntity\" itemtype=\"https:\/\/schema.org\/Question\"><details class=\"faq\"><summary class=\"faq-question\" itemprop=\"name\">Haben Sie ein Video \u00fcber die Region?<span class=\"faq-opener\"><\/span><\/summary><div class=\"content\" itemscope=\"\" itemprop=\"acceptedAnswer\" itemtype=\"https:\/\/schema.org\/Answer\"><div itemprop=\"text\"><p><p><iframe loading=\"lazy\" title=\"YouTube-Videoplayer\" src=\"https:\/\/www.youtube.com\/embed\/isN8hnDwwWw?si=X5E6z145R8i_O_0M\" width=\"100%\" height=\"550\" frameborder=\"0\" allowfullscreen=\"allowfullscreen\"><\/iframe><\/p>\n<\/p><\/div><\/div><\/details><\/div><\/div><\/div><div class=\"faq__box faq__item\"><div class=\"faq__container\"><div class=\"faq__block\" itemscope=\"\" itemprop=\"mainEntity\" itemtype=\"https:\/\/schema.org\/Question\"><details class=\"faq\"><summary class=\"faq-question\" itemprop=\"name\">Wie viele Pl\u00e4tze gibt es?<span class=\"faq-opener\"><\/span><\/summary><div class=\"content\" itemscope=\"\" itemprop=\"acceptedAnswer\" itemtype=\"https:\/\/schema.org\/Answer\"><div itemprop=\"text\"><p><div class=\"panel panel-default\">\n<div id=\"collapse_20\" class=\"panel-collapse collapse in\" role=\"tabpanel\" aria-labelledby=\"heading_20\">\n<div class=\"panel-body\">\n<p>Der Campingplatz bietet 212 Stellpl\u00e4tze f\u00fcr traditionelles Camping (Zelt, Wohnwagen, Wohnmobil) und die Vermietung von Mobilheimen.<\/p>\n<\/div>\n<\/div>\n<\/div>\n<div class=\"panel panel-default\">\n<div id=\"heading_21\" class=\"panel-heading\" role=\"tab\"><\/div>\n<\/div>\n<\/p><\/div><\/div><\/details><\/div><\/div><\/div><div class=\"faq__box faq__item\"><div class=\"faq__container\"><div class=\"faq__block\" itemscope=\"\" itemprop=\"mainEntity\" itemtype=\"https:\/\/schema.org\/Question\"><details class=\"faq\"><summary class=\"faq-question\" itemprop=\"name\">Gibt es auf dem Campingplatz einen Stellplatz f\u00fcr Behinderte (PMR)?<span class=\"faq-opener\"><\/span><\/summary><div class=\"content\" itemscope=\"\" itemprop=\"acceptedAnswer\" itemtype=\"https:\/\/schema.org\/Answer\"><div itemprop=\"text\"><p><div class=\"panel panel-default\">\n<div id=\"collapse_21\" class=\"panel-collapse collapse in\" role=\"tabpanel\" aria-labelledby=\"heading_21\">\n<div class=\"panel-body\">\n<p>Ja, in unserer Einrichtung gibt es 2 Kabinen, die den Normen f\u00fcr Behinderte entsprechen. Dusche wc Waschbecken aber auch ein Geschirr- und W\u00e4schebecken<\/p>\n<\/div>\n<\/div>\n<\/div>\n<div class=\"panel panel-default\">\n<div id=\"heading_1\" class=\"panel-heading\" role=\"tab\"><\/div>\n<\/div>\n<\/p><\/div><\/div><\/details><\/div><\/div><\/div><div class=\"faq__box faq__item\"><div class=\"faq__container\"><div class=\"faq__block\" itemscope=\"\" itemprop=\"mainEntity\" itemtype=\"https:\/\/schema.org\/Question\"><details class=\"faq\"><summary class=\"faq-question\" itemprop=\"name\">Wie weit ist der Strand entfernt?<span class=\"faq-opener\"><\/span><\/summary><div class=\"content\" itemscope=\"\" itemprop=\"acceptedAnswer\" itemtype=\"https:\/\/schema.org\/Answer\"><div itemprop=\"text\"><p><div class=\"panel panel-default\">\n<div id=\"collapse_1\" class=\"panel-collapse collapse in\" role=\"tabpanel\" aria-labelledby=\"heading_1\">\n<div class=\"panel-body\">\n<p>Der Strand ist 2 km vom Campingplatz entfernt, es ist ein Sandstrand und das Parken ist kostenlos.<\/p>\n<\/div>\n<\/div>\n<\/div>\n<div class=\"panel panel-default\">\n<div id=\"heading_2\" class=\"panel-heading\" role=\"tab\"><\/div>\n<\/div>\n<\/p><\/div><\/div><\/details><\/div><\/div><\/div><div class=\"faq__box faq__item\"><div class=\"faq__container\"><div class=\"faq__block\" itemscope=\"\" itemprop=\"mainEntity\" itemtype=\"https:\/\/schema.org\/Question\"><details class=\"faq\"><summary class=\"faq-question\" itemprop=\"name\">Wie weit ist das Stadtzentrum entfernt?<span class=\"faq-opener\"><\/span><\/summary><div class=\"content\" itemscope=\"\" itemprop=\"acceptedAnswer\" itemtype=\"https:\/\/schema.org\/Answer\"><div itemprop=\"text\"><p><div class=\"col-md-9\">\n<div class=\"travelo-box\">\n<div id=\"accordion\" class=\"panel-group\" role=\"tablist\" aria-multiselectable=\"true\">\n<div class=\"panel panel-default\">\n<div id=\"collapse_2\" class=\"panel-collapse collapse in\" role=\"tabpanel\" aria-labelledby=\"heading_2\">\n<div class=\"panel-body\">\n<p>Der Campingplatz liegt 6 km vom Stadtzentrum von Cannes und der ber\u00fchmten Croisette entfernt.<\/p>\n<\/div>\n<\/div>\n<\/div>\n<\/div>\n<\/div>\n<\/div>\n<div class=\"sidebar col-md-3\">\n<article class=\"detailed-logo\">\n<form action=\"https:\/\/naxiresa.inaxel.com\/etape2-sejours.php\" method=\"get\" target=\"_blank\">\n<div class=\"row\">\n<div class=\"form-group col-sm-12 col-md-12\"><\/div>\n<\/div>\n<\/form>\n<\/article>\n<\/div>\n<\/p><\/div><\/div><\/details><\/div><\/div><\/div><\/div><\/div>\n\r\n    <\/div>\r\n<\/section>","protected":false},"excerpt":{"rendered":"","protected":false},"author":1,"featured_media":0,"parent":0,"menu_order":0,"comment_status":"closed","ping_status":"closed","template":"","meta":{"_acf_changed":false,"footnotes":""},"sujet":[],"class_list":["post-3460","page","type-page","status-publish","hentry"],"acf":[],"yoast_head":"<!-- This site is optimized with the Yoast SEO plugin v23.4 - https:\/\/yoast.com\/wordpress\/plugins\/seo\/ -->\n<title>FAQ | H\u00e4ufig gestellte Fragen<\/title>\n<meta name=\"robots\" content=\"index, follow, max-snippet:-1, max-image-preview:large, max-video-preview:-1\" \/>\n<link rel=\"canonical\" href=\"https:\/\/parcbellevue.com\/de\/haeufig-gestellte-fragen\/\" \/>\n<meta property=\"og:locale\" content=\"de_DE\" \/>\n<meta property=\"og:type\" content=\"article\" \/>\n<meta property=\"og:title\" content=\"FAQ | H\u00e4ufig gestellte Fragen\" \/>\n<meta property=\"og:url\" content=\"https:\/\/parcbellevue.com\/de\/haeufig-gestellte-fragen\/\" \/>\n<meta property=\"og:site_name\" content=\"Camping Parc Bellevue\" \/>\n<meta property=\"article:modified_time\" content=\"2026-01-08T09:52:48+00:00\" \/>\n<meta name=\"twitter:card\" content=\"summary_large_image\" \/>\n<script type=\"application\/ld+json\" class=\"yoast-schema-graph\">{\"@context\":\"https:\/\/schema.org\",\"@graph\":[{\"@type\":\"WebPage\",\"@id\":\"https:\/\/parcbellevue.com\/de\/haeufig-gestellte-fragen\/\",\"url\":\"https:\/\/parcbellevue.com\/de\/haeufig-gestellte-fragen\/\",\"name\":\"FAQ | H\u00e4ufig gestellte Fragen\",\"isPartOf\":{\"@id\":\"https:\/\/parcbellevue.com\/#website\"},\"datePublished\":\"2023-12-12T16:21:48+00:00\",\"dateModified\":\"2026-01-08T09:52:48+00:00\",\"breadcrumb\":{\"@id\":\"https:\/\/parcbellevue.com\/de\/haeufig-gestellte-fragen\/#breadcrumb\"},\"inLanguage\":\"de\",\"potentialAction\":[{\"@type\":\"ReadAction\",\"target\":[\"https:\/\/parcbellevue.com\/de\/haeufig-gestellte-fragen\/\"]}]},{\"@type\":\"BreadcrumbList\",\"@id\":\"https:\/\/parcbellevue.com\/de\/haeufig-gestellte-fragen\/#breadcrumb\",\"itemListElement\":[{\"@type\":\"ListItem\",\"position\":1,\"name\":\"Camping Cannes\",\"item\":\"https:\/\/parcbellevue.com\/de\/\"},{\"@type\":\"ListItem\",\"position\":2,\"name\":\"FAQ\"}]},{\"@type\":\"WebSite\",\"@id\":\"https:\/\/parcbellevue.com\/#website\",\"url\":\"https:\/\/parcbellevue.com\/\",\"name\":\"Camping Parc Bellevue\",\"description\":\"\",\"publisher\":{\"@id\":\"https:\/\/parcbellevue.com\/#organization\"},\"potentialAction\":[{\"@type\":\"SearchAction\",\"target\":{\"@type\":\"EntryPoint\",\"urlTemplate\":\"https:\/\/parcbellevue.com\/?s={search_term_string}\"},\"query-input\":{\"@type\":\"PropertyValueSpecification\",\"valueRequired\":true,\"valueName\":\"search_term_string\"}}],\"inLanguage\":\"de\"},{\"@type\":\"Organization\",\"@id\":\"https:\/\/parcbellevue.com\/#organization\",\"name\":\"Camping Parc Bellevue\",\"url\":\"https:\/\/parcbellevue.com\/\",\"logo\":{\"@type\":\"ImageObject\",\"inLanguage\":\"de\",\"@id\":\"https:\/\/parcbellevue.com\/#\/schema\/logo\/image\/\",\"url\":\"https:\/\/parcbellevue.com\/wp-content\/uploads\/2022\/11\/cropped-logo-camping-parc-bellevue.png\",\"contentUrl\":\"https:\/\/parcbellevue.com\/wp-content\/uploads\/2022\/11\/cropped-logo-camping-parc-bellevue.png\",\"width\":902,\"height\":904,\"caption\":\"Camping Parc Bellevue\"},\"image\":{\"@id\":\"https:\/\/parcbellevue.com\/#\/schema\/logo\/image\/\"}}]}<\/script>\n<!-- \/ Yoast SEO plugin. -->","yoast_head_json":{"title":"FAQ | H\u00e4ufig gestellte Fragen","robots":{"index":"index","follow":"follow","max-snippet":"max-snippet:-1","max-image-preview":"max-image-preview:large","max-video-preview":"max-video-preview:-1"},"canonical":"https:\/\/parcbellevue.com\/de\/haeufig-gestellte-fragen\/","og_locale":"de_DE","og_type":"article","og_title":"FAQ | H\u00e4ufig gestellte Fragen","og_url":"https:\/\/parcbellevue.com\/de\/haeufig-gestellte-fragen\/","og_site_name":"Camping Parc Bellevue","article_modified_time":"2026-01-08T09:52:48+00:00","twitter_card":"summary_large_image","schema":{"@context":"https:\/\/schema.org","@graph":[{"@type":"WebPage","@id":"https:\/\/parcbellevue.com\/de\/haeufig-gestellte-fragen\/","url":"https:\/\/parcbellevue.com\/de\/haeufig-gestellte-fragen\/","name":"FAQ | H\u00e4ufig gestellte Fragen","isPartOf":{"@id":"https:\/\/parcbellevue.com\/#website"},"datePublished":"2023-12-12T16:21:48+00:00","dateModified":"2026-01-08T09:52:48+00:00","breadcrumb":{"@id":"https:\/\/parcbellevue.com\/de\/haeufig-gestellte-fragen\/#breadcrumb"},"inLanguage":"de","potentialAction":[{"@type":"ReadAction","target":["https:\/\/parcbellevue.com\/de\/haeufig-gestellte-fragen\/"]}]},{"@type":"BreadcrumbList","@id":"https:\/\/parcbellevue.com\/de\/haeufig-gestellte-fragen\/#breadcrumb","itemListElement":[{"@type":"ListItem","position":1,"name":"Camping Cannes","item":"https:\/\/parcbellevue.com\/de\/"},{"@type":"ListItem","position":2,"name":"FAQ"}]},{"@type":"WebSite","@id":"https:\/\/parcbellevue.com\/#website","url":"https:\/\/parcbellevue.com\/","name":"Camping Parc Bellevue","description":"","publisher":{"@id":"https:\/\/parcbellevue.com\/#organization"},"potentialAction":[{"@type":"SearchAction","target":{"@type":"EntryPoint","urlTemplate":"https:\/\/parcbellevue.com\/?s={search_term_string}"},"query-input":{"@type":"PropertyValueSpecification","valueRequired":true,"valueName":"search_term_string"}}],"inLanguage":"de"},{"@type":"Organization","@id":"https:\/\/parcbellevue.com\/#organization","name":"Camping Parc Bellevue","url":"https:\/\/parcbellevue.com\/","logo":{"@type":"ImageObject","inLanguage":"de","@id":"https:\/\/parcbellevue.com\/#\/schema\/logo\/image\/","url":"https:\/\/parcbellevue.com\/wp-content\/uploads\/2022\/11\/cropped-logo-camping-parc-bellevue.png","contentUrl":"https:\/\/parcbellevue.com\/wp-content\/uploads\/2022\/11\/cropped-logo-camping-parc-bellevue.png","width":902,"height":904,"caption":"Camping Parc Bellevue"},"image":{"@id":"https:\/\/parcbellevue.com\/#\/schema\/logo\/image\/"}}]}},"_links":{"self":[{"href":"https:\/\/parcbellevue.com\/de\/wp-json\/wp\/v2\/pages\/3460","targetHints":{"allow":["GET"]}}],"collection":[{"href":"https:\/\/parcbellevue.com\/de\/wp-json\/wp\/v2\/pages"}],"about":[{"href":"https:\/\/parcbellevue.com\/de\/wp-json\/wp\/v2\/types\/page"}],"author":[{"embeddable":true,"href":"https:\/\/parcbellevue.com\/de\/wp-json\/wp\/v2\/users\/1"}],"replies":[{"embeddable":true,"href":"https:\/\/parcbellevue.com\/de\/wp-json\/wp\/v2\/comments?post=3460"}],"version-history":[{"count":2,"href":"https:\/\/parcbellevue.com\/de\/wp-json\/wp\/v2\/pages\/3460\/revisions"}],"predecessor-version":[{"id":5231,"href":"https:\/\/parcbellevue.com\/de\/wp-json\/wp\/v2\/pages\/3460\/revisions\/5231"}],"wp:attachment":[{"href":"https:\/\/parcbellevue.com\/de\/wp-json\/wp\/v2\/media?parent=3460"}],"wp:term":[{"taxonomy":"sujet","embeddable":true,"href":"https:\/\/parcbellevue.com\/de\/wp-json\/wp\/v2\/sujet?post=3460"}],"curies":[{"name":"wp","href":"https:\/\/api.w.org\/{rel}","templated":true}]}}