{"id":3442,"date":"2023-12-12T17:18:36","date_gmt":"2023-12-12T16:18:36","guid":{"rendered":"https:\/\/parcbellevue.com\/tourismus-kote-azur\/"},"modified":"2023-12-13T15:04:59","modified_gmt":"2023-12-13T14:04:59","slug":"tourismus-kote-azur","status":"publish","type":"page","link":"https:\/\/parcbellevue.com\/de\/tourismus-kote-azur\/","title":{"rendered":"Sehensw\u00fcrdigkeiten in der N\u00e4he von Cannes"},"content":{"rendered":"<section id=\"ls-section-block_e748c7f09d29c8441983448d37d7fe4b\" class=\"ls-section  page-titre\" >\r\n        <div class=\"container container--wide\">\r\n        \n\n<h1 class=\"ls__heading wp-block-heading has-text-align-center\">Die sch\u00f6nsten Sehensw\u00fcrdigkeiten in der N\u00e4he von Cannes<\/h1>\n\n\r\n    <\/div>\r\n<\/section><section id=\"ls-section-block_ebd86a274fef8a9f16a0894deffe12c3\" class=\"ls-section  home-second page-one\" >\r\n        <div class=\"container container--full\">\r\n        \n\n<div class=\"wp-block-columns is-layout-flex wp-container-core-columns-is-layout-9d6595d7 wp-block-columns-is-layout-flex\">\n<div class=\"wp-block-column is-layout-flow wp-block-column-is-layout-flow\" style=\"flex-basis:45%\">\n<h2 class=\"ls__heading wp-block-heading\">Besuchen Sie die unumg\u00e4nglichen St\u00e4dte an der C\u00f4te d&#8217;Azur<\/h2>\n\n\n\n<p class=\"ls-paragraph\">Die <a href=\"https:\/\/cotedazurfrance.fr\/\" target=\"_blank\" rel=\"noreferrer noopener\">C\u00f4te d&#8217;Azur<\/a> ist mit ihrem mediterranen Klima, den Sandstr\u00e4nden und den charmanten St\u00e4dten ein ideales Urlaubsziel. Beginnen Sie Ihre Reise in <a href=\"https:\/\/www.explorenicecotedazur.com\/\" target=\"_blank\" rel=\"noreferrer noopener\">Nice<\/a>, das f\u00fcr <strong>seine Altstadt<\/strong> und die <strong>Promenade des Anglais<\/strong> ber\u00fchmt ist. Fahren Sie dann weiter nach <strong>Cannes<\/strong>, das f\u00fcr sein Filmfestival und seine beliebten Str\u00e4nde bekannt ist.<\/p>\n\n\n\n<p class=\"ls-paragraph\">Verpassen Sie nicht <strong>Antibes<\/strong> mit seiner wundersch\u00f6nen Halbinsel Cap d&#8217;Antibes und Saint-Jean Cap Ferrat mit seinen arch\u00e4ologischen \u00dcberresten. Cap d&#8217;Ail liegt zwischen Meer und Bergen und bietet einige der <strong>sch\u00f6nsten unber\u00fchrten Str\u00e4nde der C\u00f4te d&#8217;Azur<\/strong>.<\/p>\n\n\n\n<p class=\"ls-paragraph\"><a href=\"https:\/\/www.visitmonaco.com\/fr\" target=\"_blank\" rel=\"noreferrer noopener\">Monaco<\/a>, das auf seinem Felsen thront, ist ein Stadtstaat mit einzigartigem Charme. Juan Les Pins ist die Stadt der Feste und Musikabende, w\u00e4hrend Th\u00e9oule sur Mer mit seinem Stadtzentrum und dem Blick auf das Esterel-Massiv besticht.<\/p>\n\n\n\n<p class=\"ls-paragraph addReadMore showlesscontent\"><a href=\"https:\/\/www.sainttropeztourisme.com\/fr\/\" target=\"_blank\" rel=\"noreferrer noopener\">Saint-Tropez<\/a> ist <strong>im Sommer<\/strong> ein Muss f\u00fcr <strong>Stars aus aller Welt<\/strong>, und Hy\u00e8res mit seinen vielen Palmen und der langen Strandpromenade hat etwas von einem kleinen Los Angeles.<br\/>Jede Stadt an der C\u00f4te d&#8217;Azur hat ihren eigenen Charme und ihre eigenen Attraktionen. Ihr Campingplatz Paradis Parc Bellevue (Gastfreundschaft) ist der ideale Ort, um einen abwechslungsreichen und aufregenden Urlaub zu erleben.<\/p>\n<\/div>\n\n\n\n<div class=\"wp-block-column column-parallax is-layout-flow wp-block-column-is-layout-flow\" style=\"flex-basis:55%\">\n<figure class=\"wp-block-image size-full animated fadeInRight delay-100ms slow\"><a href=\"https:\/\/parcbellevue.com\/wp-content\/uploads\/2023\/11\/nice_resultat.webp\"><img decoding=\"async\" width=\"1920\" height=\"1280\" src=\"https:\/\/parcbellevue.com\/wp-content\/uploads\/2023\/11\/nice_resultat.webp\" alt=\"nice ergebnis\" class=\"wp-image-2912\" srcset=\"https:\/\/parcbellevue.com\/wp-content\/uploads\/2023\/11\/nice_resultat.webp 1920w, https:\/\/parcbellevue.com\/wp-content\/uploads\/2023\/11\/nice_resultat-300x200.webp 300w, https:\/\/parcbellevue.com\/wp-content\/uploads\/2023\/11\/nice_resultat-1024x683.webp 1024w, https:\/\/parcbellevue.com\/wp-content\/uploads\/2023\/11\/nice_resultat-768x512.webp 768w, https:\/\/parcbellevue.com\/wp-content\/uploads\/2023\/11\/nice_resultat-1536x1024.webp 1536w\" sizes=\"(max-width: 1920px) 100vw, 1920px\" \/><\/a><\/figure>\n<\/div>\n<\/div>\n\n\r\n    <\/div>\r\n<\/section><section id=\"ls-section-block_6d6aee36cec521ae6afce23fa7221347\" class=\"ls-section  home-third page-two\" >\r\n        <div class=\"container container--full\">\r\n        \n\n<div class=\"wp-block-columns are-vertically-aligned-top is-layout-flex wp-container-core-columns-is-layout-9d6595d7 wp-block-columns-is-layout-flex\">\n<div class=\"wp-block-column is-vertically-aligned-top column-parallax is-layout-flow wp-block-column-is-layout-flow\">\n<figure class=\"wp-block-gallery has-nested-images columns-default is-cropped wp-block-gallery-1 is-layout-flex wp-block-gallery-is-layout-flex\">\n<figure class=\"wp-block-image size-full animated fadeIn delay-100ms slow\"><a href=\"https:\/\/parcbellevue.com\/wp-content\/uploads\/2023\/11\/alex-mesmer-lzxzvj7nvnc-unsplash_resultat.webp\"><img decoding=\"async\" width=\"1920\" height=\"1280\" data-id=\"2919\" src=\"https:\/\/parcbellevue.com\/wp-content\/uploads\/2023\/11\/alex-mesmer-lzxzvj7nvnc-unsplash_resultat.webp\" alt=\"alex mesmer lzxzvj7nvnc unsplash ergebnis\" class=\"wp-image-2919\" srcset=\"https:\/\/parcbellevue.com\/wp-content\/uploads\/2023\/11\/alex-mesmer-lzxzvj7nvnc-unsplash_resultat.webp 1920w, https:\/\/parcbellevue.com\/wp-content\/uploads\/2023\/11\/alex-mesmer-lzxzvj7nvnc-unsplash_resultat-300x200.webp 300w, https:\/\/parcbellevue.com\/wp-content\/uploads\/2023\/11\/alex-mesmer-lzxzvj7nvnc-unsplash_resultat-1024x683.webp 1024w, https:\/\/parcbellevue.com\/wp-content\/uploads\/2023\/11\/alex-mesmer-lzxzvj7nvnc-unsplash_resultat-768x512.webp 768w, https:\/\/parcbellevue.com\/wp-content\/uploads\/2023\/11\/alex-mesmer-lzxzvj7nvnc-unsplash_resultat-1536x1024.webp 1536w\" sizes=\"(max-width: 1920px) 100vw, 1920px\" \/><\/a><\/figure>\n\n\n\n<figure class=\"wp-block-image size-full animated fadeIn delay-500ms slow\"><a href=\"https:\/\/parcbellevue.com\/wp-content\/uploads\/2023\/12\/lieux-a-visiter-autour-de-cannes.webp\"><img decoding=\"async\" width=\"900\" height=\"1352\" data-id=\"3815\" src=\"https:\/\/parcbellevue.com\/wp-content\/uploads\/2023\/12\/lieux-a-visiter-autour-de-cannes.webp\" alt=\"besuchenswerte Orte in der Umgebung von Cannes\" class=\"wp-image-3815\" srcset=\"https:\/\/parcbellevue.com\/wp-content\/uploads\/2023\/12\/lieux-a-visiter-autour-de-cannes.webp 900w, https:\/\/parcbellevue.com\/wp-content\/uploads\/2023\/12\/lieux-a-visiter-autour-de-cannes-200x300.webp 200w, https:\/\/parcbellevue.com\/wp-content\/uploads\/2023\/12\/lieux-a-visiter-autour-de-cannes-682x1024.webp 682w, https:\/\/parcbellevue.com\/wp-content\/uploads\/2023\/12\/lieux-a-visiter-autour-de-cannes-768x1154.webp 768w\" sizes=\"(max-width: 900px) 100vw, 900px\" \/><\/a><\/figure>\n<\/figure>\n<\/div>\n\n\n\n<div class=\"wp-block-column is-vertically-aligned-top is-layout-flow wp-block-column-is-layout-flow\">\n<div class=\"wp-block-columns are-vertically-aligned-center wp-block-columns__padding-right is-layout-flex wp-container-core-columns-is-layout-9d6595d7 wp-block-columns-is-layout-flex\">\n<div class=\"wp-block-column is-vertically-aligned-center is-layout-flow wp-block-column-is-layout-flow\">\n<h2 class=\"ls__heading wp-block-heading has-color-3-color has-text-color\">Entdeckung der hochgelegenen D\u00f6rfer an der C\u00f4te d&#8217;Azur<\/h2>\n\n\n\n<p class=\"ls-paragraph\">Die C\u00f4te d&#8217;Azur liegt zwischen Meer und Bergen und ist \u00fcbers\u00e4t mit <strong>charmanten,<\/strong> <strong>hochgelegenen<\/strong> <strong>D\u00f6rfern<\/strong>, die die K\u00fcste dominieren und atemberaubende Panoramablicke und einen totalen Tapetenwechsel f\u00fcr Ihren Urlaub oder Ihre Reise bieten.<strong> <\/strong>Aufenthalt. Vom historischen Erbe bis zur <strong>gr\u00fcnen<\/strong> <strong>Natur<\/strong> laden diese D\u00f6rfer zu<strong> <\/strong>eine andere Facette der C\u00f4te d&#8217;Azur entdecken.<\/p>\n\n\n\n<p class=\"ls-paragraph\">Von <strong>Grasse<\/strong> bis <strong>Menton<\/strong> \u00fcberragen diese Oasen des Friedens majest\u00e4tisch die Mittelmeerk\u00fcste. Hinter jeder gepflasterten Gasse vermischen sich die Blaut\u00f6ne des Mittelmeers mit den warmen Farben der H\u00e4userfassaden. Diese D\u00f6rfer sind wahre Juwelen und bieten manchmal einen Ausblick von bis zu 360 Grad, von der italienischen Grenze bis zum Golf von Saint-Tropez.<\/p>\n\n\n\n<p class=\"ls-paragraph\">Um nach <strong>Gourdon<\/strong> zu gelangen, das im Hinterland von Grasse liegt, f\u00e4hrt man \u00fcber kurvenreiche Stra\u00dfen durch die Schluchten des Loup, die atemberaubende Landschaften bieten. <strong>Saint-Paul de Vence <\/strong>und <strong>Tourrettes-sur-Loup<\/strong> sind ebenfalls leicht von Gourdon aus oder direkt \u00fcber Cagnes-sur-Mer zu erreichen. Die gewundenen Stra\u00dfen, die nach Coaraze oder Sainte-Agn\u00e8s f\u00fchren, sind l\u00e4nger, aber auf jeden Fall einen Umweg wert. In K\u00fcstenn\u00e4he verschmelzen die <strong>D\u00f6rfer<\/strong> <strong>\u00c8ze<\/strong> und <strong>Roquebrune<\/strong> fast mit der italienischen Landschaft. Hier verbinden sich die alten Steine harmonisch mit den kr\u00e4ftigen Farben der Fassaden von H\u00e4usern und Kirchen.<\/p>\n\n\n\n<p class=\"ls-paragraph addReadMore showlesscontent\">Diese geschichtstr\u00e4chtigen <strong>D\u00f6rfer<\/strong> sind reich <strong>an Zeugnissen der Vergangenheit:<\/strong> Stadtmauern, Schl\u00f6sser, charmante kleine Kirchen und Waschpl\u00e4tze. Auch <strong>Kunstliebhaber<\/strong> kommen hier auf ihre Kosten, denn viele K\u00fcnstler wie Renoir, Chagall, Matisse, Cocteau und Le Corbusier w\u00e4hlten diese D\u00f6rfer, um dort zu schaffen oder beerdigt zu werden.<br\/><\/p>\n<\/div>\n<\/div>\n<\/div>\n<\/div>\n\n\r\n    <\/div>\r\n<\/section><section id=\"ls-section-block_57103b9b1be52dcba07e548655ae7e53\" class=\"ls-section  page-four column-parallax-reverse\" >\r\n        <div class=\"container container--wide\">\r\n        \n\n<div id=\"ls-heading ls-titre-div-block_d11ba5e6ca6160696e7472f081cd1691\" class=\"ls-titre-div aligncenter h2-like\" >\n    Entdecke auch<\/div>\n\n\n<div id=\"ls-maillage-block_f59be5c297b3772f3e80b6bbe543a5b6\" class=\"ls-maillage cta-style-normal\" data-rows=\"3\">\n    <div class=\"wp-block-columns\"><div class=\"wp-block-column\"><div class=\"ls-cta\">\n\n<a href=\"https:\/\/parcbellevue.com\/de\/camping-in-der-naehe-von-lerins-inseln\/\" target=\"\" rel=\"noopener\" class=\"ls-cta__link\">\n\n\t<div class=\"ls-cta__image\"><img decoding=\"async\" src=\"https:\/\/parcbellevue.com\/wp-content\/uploads\/2023\/11\/Forteresse_sur_la_mer.webp\" alt=\"die lerinsinseln besuchen\"><\/div>\n\t<div class=\"ls-cta__title\">\n\t\tDie L\u00e9rins-Inseln\t<\/div>\n\n\t\n\t<span class=\"bellevue-arrow ls-cta__arrow\"><\/span>\n\n<\/a><\/div><\/div><div class=\"wp-block-column\"><div class=\"ls-cta\">\n\n<a href=\"https:\/\/parcbellevue.com\/de\/camping-sportliche-aktivitaeten-kueste-azur\/\" target=\"\" rel=\"noopener\" class=\"ls-cta__link\">\n\n\t<div class=\"ls-cta__image\"><img decoding=\"async\" src=\"https:\/\/parcbellevue.com\/wp-content\/uploads\/2023\/11\/rafting-168007_1920_resultat.webp\" alt=\"Rafting\"><\/div>\n\t<div class=\"ls-cta__title\">\n\t\tSportliche Aktivit\u00e4ten rund um den Campingplatz\t<\/div>\n\n\t\n\t<span class=\"bellevue-arrow ls-cta__arrow\"><\/span>\n\n<\/a><\/div><\/div><div class=\"wp-block-column\"><div class=\"ls-cta\">\n\n<a href=\"https:\/\/parcbellevue.com\/de\/camping-palast-festivals-cannes\/\" target=\"\" rel=\"noopener\" class=\"ls-cta__link\">\n\n\t<div class=\"ls-cta__image\"><img decoding=\"async\" src=\"https:\/\/parcbellevue.com\/wp-content\/uploads\/2023\/10\/palais-des-festivals-cannes-camping-parc-bellevue.webp\" alt=\"unterkunft festival de cannes\"><\/div>\n\t<div class=\"ls-cta__title\">\n\t\tDer Festivalpalast\t<\/div>\n\n\t\n\t<span class=\"bellevue-arrow ls-cta__arrow\"><\/span>\n\n<\/a><\/div><\/div><\/div><\/div>\n\r\n    <\/div>\r\n<\/section>","protected":false},"excerpt":{"rendered":"","protected":false},"author":1,"featured_media":3019,"parent":0,"menu_order":0,"comment_status":"closed","ping_status":"closed","template":"","meta":{"_acf_changed":false,"footnotes":""},"sujet":[],"class_list":["post-3442","page","type-page","status-publish","has-post-thumbnail","hentry"],"acf":[],"yoast_head":"<!-- This site is optimized with the Yoast SEO plugin v23.4 - https:\/\/yoast.com\/wordpress\/plugins\/seo\/ -->\n<title>Tourismus C\u00f4te d&#039;Azur | Sehensw\u00fcrdigkeiten an der C\u00f4te d&#039;Azur<\/title>\n<meta name=\"robots\" content=\"index, follow, max-snippet:-1, max-image-preview:large, max-video-preview:-1\" \/>\n<link rel=\"canonical\" href=\"https:\/\/parcbellevue.com\/de\/tourismus-kote-azur\/\" \/>\n<meta property=\"og:locale\" content=\"de_DE\" \/>\n<meta property=\"og:type\" content=\"article\" \/>\n<meta property=\"og:title\" content=\"Tourismus C\u00f4te d&#039;Azur | Sehensw\u00fcrdigkeiten an der C\u00f4te d&#039;Azur\" \/>\n<meta property=\"og:url\" content=\"https:\/\/parcbellevue.com\/de\/tourismus-kote-azur\/\" \/>\n<meta property=\"og:site_name\" content=\"Camping Parc Bellevue\" \/>\n<meta property=\"article:modified_time\" content=\"2023-12-13T14:04:59+00:00\" \/>\n<meta property=\"og:image\" content=\"https:\/\/parcbellevue.com\/wp-content\/uploads\/2023\/11\/menton-7093335_1920-1.webp\" \/>\n\t<meta property=\"og:image:width\" content=\"1920\" \/>\n\t<meta property=\"og:image:height\" content=\"1272\" \/>\n\t<meta property=\"og:image:type\" content=\"image\/webp\" \/>\n<meta name=\"twitter:card\" content=\"summary_large_image\" \/>\n<meta name=\"twitter:label1\" content=\"Gesch\u00e4tzte Lesezeit\" \/>\n\t<meta name=\"twitter:data1\" content=\"3\u00a0Minuten\" \/>\n<script type=\"application\/ld+json\" class=\"yoast-schema-graph\">{\"@context\":\"https:\/\/schema.org\",\"@graph\":[{\"@type\":\"WebPage\",\"@id\":\"https:\/\/parcbellevue.com\/de\/tourismus-kote-azur\/\",\"url\":\"https:\/\/parcbellevue.com\/de\/tourismus-kote-azur\/\",\"name\":\"Tourismus C\u00f4te d'Azur | Sehensw\u00fcrdigkeiten an der C\u00f4te d'Azur\",\"isPartOf\":{\"@id\":\"https:\/\/parcbellevue.com\/#website\"},\"primaryImageOfPage\":{\"@id\":\"https:\/\/parcbellevue.com\/de\/tourismus-kote-azur\/#primaryimage\"},\"image\":{\"@id\":\"https:\/\/parcbellevue.com\/de\/tourismus-kote-azur\/#primaryimage\"},\"thumbnailUrl\":\"https:\/\/parcbellevue.com\/wp-content\/uploads\/2023\/11\/menton-7093335_1920-1.webp\",\"datePublished\":\"2023-12-12T16:18:36+00:00\",\"dateModified\":\"2023-12-13T14:04:59+00:00\",\"breadcrumb\":{\"@id\":\"https:\/\/parcbellevue.com\/de\/tourismus-kote-azur\/#breadcrumb\"},\"inLanguage\":\"de\",\"potentialAction\":[{\"@type\":\"ReadAction\",\"target\":[\"https:\/\/parcbellevue.com\/de\/tourismus-kote-azur\/\"]}]},{\"@type\":\"ImageObject\",\"inLanguage\":\"de\",\"@id\":\"https:\/\/parcbellevue.com\/de\/tourismus-kote-azur\/#primaryimage\",\"url\":\"https:\/\/parcbellevue.com\/wp-content\/uploads\/2023\/11\/menton-7093335_1920-1.webp\",\"contentUrl\":\"https:\/\/parcbellevue.com\/wp-content\/uploads\/2023\/11\/menton-7093335_1920-1.webp\",\"width\":1920,\"height\":1272,\"caption\":\"Kinn\"},{\"@type\":\"BreadcrumbList\",\"@id\":\"https:\/\/parcbellevue.com\/de\/tourismus-kote-azur\/#breadcrumb\",\"itemListElement\":[{\"@type\":\"ListItem\",\"position\":1,\"name\":\"Camping Cannes\",\"item\":\"https:\/\/parcbellevue.com\/de\/\"},{\"@type\":\"ListItem\",\"position\":2,\"name\":\"Campingplatz in der N\u00e4he von Sportaktivit\u00e4ten an der C\u00f4te d'Azur\"}]},{\"@type\":\"WebSite\",\"@id\":\"https:\/\/parcbellevue.com\/#website\",\"url\":\"https:\/\/parcbellevue.com\/\",\"name\":\"Camping Parc Bellevue\",\"description\":\"\",\"publisher\":{\"@id\":\"https:\/\/parcbellevue.com\/#organization\"},\"potentialAction\":[{\"@type\":\"SearchAction\",\"target\":{\"@type\":\"EntryPoint\",\"urlTemplate\":\"https:\/\/parcbellevue.com\/?s={search_term_string}\"},\"query-input\":{\"@type\":\"PropertyValueSpecification\",\"valueRequired\":true,\"valueName\":\"search_term_string\"}}],\"inLanguage\":\"de\"},{\"@type\":\"Organization\",\"@id\":\"https:\/\/parcbellevue.com\/#organization\",\"name\":\"Camping Parc Bellevue\",\"url\":\"https:\/\/parcbellevue.com\/\",\"logo\":{\"@type\":\"ImageObject\",\"inLanguage\":\"de\",\"@id\":\"https:\/\/parcbellevue.com\/#\/schema\/logo\/image\/\",\"url\":\"https:\/\/parcbellevue.com\/wp-content\/uploads\/2022\/11\/cropped-logo-camping-parc-bellevue.png\",\"contentUrl\":\"https:\/\/parcbellevue.com\/wp-content\/uploads\/2022\/11\/cropped-logo-camping-parc-bellevue.png\",\"width\":902,\"height\":904,\"caption\":\"Camping Parc Bellevue\"},\"image\":{\"@id\":\"https:\/\/parcbellevue.com\/#\/schema\/logo\/image\/\"}}]}<\/script>\n<!-- \/ Yoast SEO plugin. -->","yoast_head_json":{"title":"Tourismus C\u00f4te d'Azur | Sehensw\u00fcrdigkeiten an der C\u00f4te d'Azur","robots":{"index":"index","follow":"follow","max-snippet":"max-snippet:-1","max-image-preview":"max-image-preview:large","max-video-preview":"max-video-preview:-1"},"canonical":"https:\/\/parcbellevue.com\/de\/tourismus-kote-azur\/","og_locale":"de_DE","og_type":"article","og_title":"Tourismus C\u00f4te d'Azur | Sehensw\u00fcrdigkeiten an der C\u00f4te d'Azur","og_url":"https:\/\/parcbellevue.com\/de\/tourismus-kote-azur\/","og_site_name":"Camping Parc Bellevue","article_modified_time":"2023-12-13T14:04:59+00:00","og_image":[{"width":1920,"height":1272,"url":"https:\/\/parcbellevue.com\/wp-content\/uploads\/2023\/11\/menton-7093335_1920-1.webp","type":"image\/webp"}],"twitter_card":"summary_large_image","twitter_misc":{"Gesch\u00e4tzte Lesezeit":"3\u00a0Minuten"},"schema":{"@context":"https:\/\/schema.org","@graph":[{"@type":"WebPage","@id":"https:\/\/parcbellevue.com\/de\/tourismus-kote-azur\/","url":"https:\/\/parcbellevue.com\/de\/tourismus-kote-azur\/","name":"Tourismus C\u00f4te d'Azur | Sehensw\u00fcrdigkeiten an der C\u00f4te d'Azur","isPartOf":{"@id":"https:\/\/parcbellevue.com\/#website"},"primaryImageOfPage":{"@id":"https:\/\/parcbellevue.com\/de\/tourismus-kote-azur\/#primaryimage"},"image":{"@id":"https:\/\/parcbellevue.com\/de\/tourismus-kote-azur\/#primaryimage"},"thumbnailUrl":"https:\/\/parcbellevue.com\/wp-content\/uploads\/2023\/11\/menton-7093335_1920-1.webp","datePublished":"2023-12-12T16:18:36+00:00","dateModified":"2023-12-13T14:04:59+00:00","breadcrumb":{"@id":"https:\/\/parcbellevue.com\/de\/tourismus-kote-azur\/#breadcrumb"},"inLanguage":"de","potentialAction":[{"@type":"ReadAction","target":["https:\/\/parcbellevue.com\/de\/tourismus-kote-azur\/"]}]},{"@type":"ImageObject","inLanguage":"de","@id":"https:\/\/parcbellevue.com\/de\/tourismus-kote-azur\/#primaryimage","url":"https:\/\/parcbellevue.com\/wp-content\/uploads\/2023\/11\/menton-7093335_1920-1.webp","contentUrl":"https:\/\/parcbellevue.com\/wp-content\/uploads\/2023\/11\/menton-7093335_1920-1.webp","width":1920,"height":1272,"caption":"Kinn"},{"@type":"BreadcrumbList","@id":"https:\/\/parcbellevue.com\/de\/tourismus-kote-azur\/#breadcrumb","itemListElement":[{"@type":"ListItem","position":1,"name":"Camping Cannes","item":"https:\/\/parcbellevue.com\/de\/"},{"@type":"ListItem","position":2,"name":"Campingplatz in der N\u00e4he von Sportaktivit\u00e4ten an der C\u00f4te d'Azur"}]},{"@type":"WebSite","@id":"https:\/\/parcbellevue.com\/#website","url":"https:\/\/parcbellevue.com\/","name":"Camping Parc Bellevue","description":"","publisher":{"@id":"https:\/\/parcbellevue.com\/#organization"},"potentialAction":[{"@type":"SearchAction","target":{"@type":"EntryPoint","urlTemplate":"https:\/\/parcbellevue.com\/?s={search_term_string}"},"query-input":{"@type":"PropertyValueSpecification","valueRequired":true,"valueName":"search_term_string"}}],"inLanguage":"de"},{"@type":"Organization","@id":"https:\/\/parcbellevue.com\/#organization","name":"Camping Parc Bellevue","url":"https:\/\/parcbellevue.com\/","logo":{"@type":"ImageObject","inLanguage":"de","@id":"https:\/\/parcbellevue.com\/#\/schema\/logo\/image\/","url":"https:\/\/parcbellevue.com\/wp-content\/uploads\/2022\/11\/cropped-logo-camping-parc-bellevue.png","contentUrl":"https:\/\/parcbellevue.com\/wp-content\/uploads\/2022\/11\/cropped-logo-camping-parc-bellevue.png","width":902,"height":904,"caption":"Camping Parc Bellevue"},"image":{"@id":"https:\/\/parcbellevue.com\/#\/schema\/logo\/image\/"}}]}},"_links":{"self":[{"href":"https:\/\/parcbellevue.com\/de\/wp-json\/wp\/v2\/pages\/3442","targetHints":{"allow":["GET"]}}],"collection":[{"href":"https:\/\/parcbellevue.com\/de\/wp-json\/wp\/v2\/pages"}],"about":[{"href":"https:\/\/parcbellevue.com\/de\/wp-json\/wp\/v2\/types\/page"}],"author":[{"embeddable":true,"href":"https:\/\/parcbellevue.com\/de\/wp-json\/wp\/v2\/users\/1"}],"replies":[{"embeddable":true,"href":"https:\/\/parcbellevue.com\/de\/wp-json\/wp\/v2\/comments?post=3442"}],"version-history":[{"count":5,"href":"https:\/\/parcbellevue.com\/de\/wp-json\/wp\/v2\/pages\/3442\/revisions"}],"predecessor-version":[{"id":3831,"href":"https:\/\/parcbellevue.com\/de\/wp-json\/wp\/v2\/pages\/3442\/revisions\/3831"}],"wp:featuredmedia":[{"embeddable":true,"href":"https:\/\/parcbellevue.com\/de\/wp-json\/wp\/v2\/media\/3019"}],"wp:attachment":[{"href":"https:\/\/parcbellevue.com\/de\/wp-json\/wp\/v2\/media?parent=3442"}],"wp:term":[{"taxonomy":"sujet","embeddable":true,"href":"https:\/\/parcbellevue.com\/de\/wp-json\/wp\/v2\/sujet?post=3442"}],"curies":[{"name":"wp","href":"https:\/\/api.w.org\/{rel}","templated":true}]}}