{"id":3408,"date":"2023-12-12T17:15:43","date_gmt":"2023-12-12T16:15:43","guid":{"rendered":"https:\/\/parcbellevue.com\/camping-schwimmbad-cannes\/"},"modified":"2025-11-27T17:09:08","modified_gmt":"2025-11-27T16:09:08","slug":"camping-schwimmbad-cannes","status":"publish","type":"page","link":"https:\/\/parcbellevue.com\/de\/camping-schwimmbad-cannes\/","title":{"rendered":"Wasserraum"},"content":{"rendered":"<section id=\"ls-section-block_1b4c2a9fcb82cc208871adb5a2cc7f70\" class=\"ls-section  page-titre\" >\r\n        <div class=\"container container--wide\">\r\n        \n\n<h1 class=\"ls__heading wp-block-heading has-text-align-center\">Tauchen Sie ein in den paradiesischen Wasserbereich des Campingplatzes in Cannes<\/h1>\n\n\n\n<p class=\"ls-paragraph has-text-align-center\">Ge\u00f6ffnet vom 1\u1d49\u02b3 April bis 30. September, t\u00e4glich von 10 bis 20 Uhr, ist der<strong>Wasserbereich<\/strong> unseres <a href=\"https:\/\/parcbellevue.com\/de\/\">Campingplatzes in Cannes<\/a> der ideale Ort, um sich unter der Sonne der C\u00f4te d&#8217;Azur zu entspannen.<br\/>Neben einem gro\u00dfen Pool und <strong>Wasserrutschen<\/strong> haben wir ein <strong>Planschbecken<\/strong> f\u00fcr Kinder und einen Entspannungsbereich mit Massaged\u00fcsen<strong>(<\/strong> beheizter<strong>Jacuzzi<\/strong> ).<\/p>\n\n\n\n<p class=\"ls-paragraph has-text-align-center\"><strong>Kurze Badeanz\u00fcge sind<\/strong> im Poolbereich <strong>erlaubt<\/strong>. <strong><mark style=\"background-color:rgba(0, 0, 0, 0);color:#ff0000\" class=\"has-inline-color\">Bitte beachten Sie:<\/mark> Stoffshorts<\/strong> und <strong>Burkinis<\/strong> sind<strong>strengstens verboten<\/strong>.<\/p>\n\n\r\n    <\/div>\r\n<\/section><section id=\"ls-section-block_2e11afd2e4c11b9669c1841b09402a28\" class=\"ls-section  home-second page-one\" >\r\n        <div class=\"container container--full\">\r\n        \n\n<div class=\"wp-block-columns is-layout-flex wp-container-core-columns-is-layout-9d6595d7 wp-block-columns-is-layout-flex\">\n<div class=\"wp-block-column is-layout-flow wp-block-column-is-layout-flow\" style=\"flex-basis:45%\">\n<h2 class=\"ls__heading wp-block-heading\">Campingplatz mit Schwimmbad an der C\u00f4te d&#8217;Azur<\/h2>\n\n\n\n<p class=\"ls-paragraph\">Ob Sie sich nun erfrischen, am\u00fcsieren oder entspannen wollen, unser Wasserpark hat alles, was Sie brauchen.<\/p>\n\n\n\n<p class=\"ls-paragraph\">Die Kleinsten k\u00f6nnen sich sicher im Planschbecken vergn\u00fcgen, w\u00e4hrend die Gr\u00f6\u00dferen unsere <strong>Wasserrutschen <\/strong>und<strong> Wasserspiele<\/strong> nutzen k\u00f6nnen. Nach einem erfrischenden Bad k\u00f6nnen Sie <strong>sich auf unseren Sonnenliegen entspannen.<\/strong> <\/p>\n\n\n\n<p class=\"ls-paragraph\">Warum beenden Sie den Tag nicht mit einer <strong>Poolparty<\/strong> und einem<strong> Nachtschwimmen<\/strong>, die einmal pro Woche veranstaltet werden.<\/p>\n<\/div>\n\n\n\n<div class=\"wp-block-column column-parallax is-layout-flow wp-block-column-is-layout-flow\" style=\"flex-basis:55%\">\n<figure class=\"wp-block-image size-full animated fadeInRight delay-100ms slow\"><a href=\"https:\/\/parcbellevue.com\/wp-content\/uploads\/2023\/11\/piscine-cannes.webp\"><img decoding=\"async\" width=\"1920\" height=\"1281\" src=\"https:\/\/parcbellevue.com\/wp-content\/uploads\/2023\/11\/piscine-cannes.webp\" alt=\"Familie Campingplatz Schwimmbad\" class=\"wp-image-1594\" srcset=\"https:\/\/parcbellevue.com\/wp-content\/uploads\/2023\/11\/piscine-cannes.webp 1920w, https:\/\/parcbellevue.com\/wp-content\/uploads\/2023\/11\/piscine-cannes-300x200.webp 300w, https:\/\/parcbellevue.com\/wp-content\/uploads\/2023\/11\/piscine-cannes-1024x683.webp 1024w, https:\/\/parcbellevue.com\/wp-content\/uploads\/2023\/11\/piscine-cannes-768x512.webp 768w, https:\/\/parcbellevue.com\/wp-content\/uploads\/2023\/11\/piscine-cannes-1536x1025.webp 1536w\" sizes=\"(max-width: 1920px) 100vw, 1920px\" \/><\/a><\/figure>\n<\/div>\n<\/div>\n\n\r\n    <\/div>\r\n<\/section><section id=\"ls-section-block_ed22ca02c66a81f9d74800386dc0faa3\" class=\"ls-section  home-third page-two\" >\r\n        <div class=\"container container--full\">\r\n        \n\n<div class=\"wp-block-columns are-vertically-aligned-top is-layout-flex wp-container-core-columns-is-layout-9d6595d7 wp-block-columns-is-layout-flex\">\n<div class=\"wp-block-column is-vertically-aligned-top column-parallax is-layout-flow wp-block-column-is-layout-flow\">\n<figure class=\"wp-block-gallery has-nested-images columns-default is-cropped wp-block-gallery-1 is-layout-flex wp-block-gallery-is-layout-flex\">\n<figure class=\"wp-block-image size-full animated fadeIn delay-100ms slow\"><a href=\"https:\/\/parcbellevue.com\/wp-content\/uploads\/2023\/11\/espace-aquatique-cannes-camping.webp\"><img decoding=\"async\" width=\"1920\" height=\"1281\" data-id=\"1304\" src=\"https:\/\/parcbellevue.com\/wp-content\/uploads\/2023\/11\/espace-aquatique-cannes-camping.webp\" alt=\"Pool Rutsche\" class=\"wp-image-1304\" srcset=\"https:\/\/parcbellevue.com\/wp-content\/uploads\/2023\/11\/espace-aquatique-cannes-camping.webp 1920w, https:\/\/parcbellevue.com\/wp-content\/uploads\/2023\/11\/espace-aquatique-cannes-camping-300x200.webp 300w, https:\/\/parcbellevue.com\/wp-content\/uploads\/2023\/11\/espace-aquatique-cannes-camping-1024x683.webp 1024w, https:\/\/parcbellevue.com\/wp-content\/uploads\/2023\/11\/espace-aquatique-cannes-camping-768x512.webp 768w, https:\/\/parcbellevue.com\/wp-content\/uploads\/2023\/11\/espace-aquatique-cannes-camping-1536x1025.webp 1536w\" sizes=\"(max-width: 1920px) 100vw, 1920px\" \/><\/a><\/figure>\n\n\n\n<figure class=\"wp-block-image size-full animated fadeIn delay-500ms slow\"><a href=\"https:\/\/parcbellevue.com\/wp-content\/uploads\/2023\/11\/piscine-parc-bellevue-cannes.webp\"><img decoding=\"async\" width=\"1920\" height=\"1281\" data-id=\"1630\" src=\"https:\/\/parcbellevue.com\/wp-content\/uploads\/2023\/11\/piscine-parc-bellevue-cannes.webp\" alt=\"Rutsche Schwimmbad\" class=\"wp-image-1630\" srcset=\"https:\/\/parcbellevue.com\/wp-content\/uploads\/2023\/11\/piscine-parc-bellevue-cannes.webp 1920w, https:\/\/parcbellevue.com\/wp-content\/uploads\/2023\/11\/piscine-parc-bellevue-cannes-300x200.webp 300w, https:\/\/parcbellevue.com\/wp-content\/uploads\/2023\/11\/piscine-parc-bellevue-cannes-1024x683.webp 1024w, https:\/\/parcbellevue.com\/wp-content\/uploads\/2023\/11\/piscine-parc-bellevue-cannes-768x512.webp 768w, https:\/\/parcbellevue.com\/wp-content\/uploads\/2023\/11\/piscine-parc-bellevue-cannes-1536x1025.webp 1536w\" sizes=\"(max-width: 1920px) 100vw, 1920px\" \/><\/a><\/figure>\n<\/figure>\n<\/div>\n\n\n\n<div class=\"wp-block-column is-vertically-aligned-top is-layout-flow wp-block-column-is-layout-flow\">\n<div class=\"wp-block-columns are-vertically-aligned-center wp-block-columns__padding-right is-layout-flex wp-container-core-columns-is-layout-9d6595d7 wp-block-columns-is-layout-flex\">\n<div class=\"wp-block-column is-vertically-aligned-center is-layout-flow wp-block-column-is-layout-flow\">\n<h2 class=\"ls__heading wp-block-heading has-color-3-color has-text-color\">Wasserrutschen auf dem Campingplatz<\/h2>\n\n\n\n<p class=\"ls-paragraph\">Bereiten Sie sich auf lustige Momente mit unseren<strong> Wasserrutschen<\/strong> vor.  <\/p>\n\n\n\n<p class=\"ls-paragraph\">Wenn du von einem Tag voller Besichtigungen zur\u00fcckkommst, spring in den Pool und vergn\u00fcge dich auf den Wasserrutschen.  <\/p>\n\n\n\n<p class=\"ls-paragraph\">Der ideale Ort, um mit der Familie, Freunden und anderen Campern Spa\u00df zu haben.<\/p>\n<\/div>\n<\/div>\n<\/div>\n<\/div>\n\n\r\n    <\/div>\r\n<\/section><section id=\"ls-section-block_b17a907e705ff934fdb0fe5c27954be1\" class=\"ls-section  home-fourth page-three has-background-image has-parallax\" >\r\n    <div class=\"ls-section__background-image opacity-100\"><img decoding=\"async\" src=\"https:\/\/parcbellevue.com\/wp-content\/uploads\/2025\/11\/IMG_7911-scaled.jpg\" alt=\"\"><\/div>    <div class=\"container container--full\">\r\n        \n\n<h2 class=\"ls__heading wp-block-heading has-text-align-center\">Das Planschbecken mit Rutschen zur Freude Ihrer Kinder<\/h2>\n\n\n\n<p class=\"ls-paragraph has-text-align-center\">Unser Campingplatz w\u00e4re nicht komplett ohne ein<strong> Planschbecken mit Wasserrutschen<\/strong> f\u00fcr die Kleinsten.  <\/p>\n\n\n\n<p class=\"ls-paragraph has-text-align-center\">So k\u00f6nnen sie sich sicher vergn\u00fcgen, w\u00e4hrend Sie Ihre Freizeit genie\u00dfen.<\/p>\n\n\r\n    <\/div>\r\n<\/section><section id=\"ls-section-block_2e11afd2e4c11b9669c1841b09402a28\" class=\"ls-section  home-second page-one\" >\r\n        <div class=\"container container--full\">\r\n        \n\n<div class=\"wp-block-columns are-vertically-aligned-center is-layout-flex wp-container-core-columns-is-layout-9d6595d7 wp-block-columns-is-layout-flex\">\n<div class=\"wp-block-column is-vertically-aligned-center is-layout-flow wp-block-column-is-layout-flow\" style=\"flex-basis:45%\">\n<h2 class=\"ls__heading wp-block-heading\">Entspannen Sie sich mit den Massaged\u00fcsen<\/h2>\n\n\n\n<p class=\"ls-paragraph\">G\u00f6nnen Sie sich eine Pause und genie\u00dfen Sie unseren <strong>Whirlpool-Bereich<\/strong>.  <\/p>\n\n\n\n<p class=\"ls-paragraph\">Die <strong>Massaged\u00fcsen<\/strong> in unserem <strong>Jacuzzi <\/strong>in Cannes sind ideal, um nach einem anstrengenden Tag in Cannes die Anspannung zu l\u00f6sen und sich zu entspannen.<\/p>\n<\/div>\n\n\n\n<div class=\"wp-block-column is-vertically-aligned-center column-parallax is-layout-flow wp-block-column-is-layout-flow\" style=\"flex-basis:55%\">\n<figure class=\"wp-block-image size-full animated fadeInRight delay-100ms slow\"><a href=\"https:\/\/parcbellevue.com\/wp-content\/uploads\/2023\/11\/piscine-camping-parc-bellevue-cannes.webp\"><img decoding=\"async\" width=\"1920\" height=\"1281\" src=\"https:\/\/parcbellevue.com\/wp-content\/uploads\/2023\/11\/piscine-camping-parc-bellevue-cannes.webp\" alt=\"Campingplatz Wasserbereich\" class=\"wp-image-1588\" srcset=\"https:\/\/parcbellevue.com\/wp-content\/uploads\/2023\/11\/piscine-camping-parc-bellevue-cannes.webp 1920w, https:\/\/parcbellevue.com\/wp-content\/uploads\/2023\/11\/piscine-camping-parc-bellevue-cannes-300x200.webp 300w, https:\/\/parcbellevue.com\/wp-content\/uploads\/2023\/11\/piscine-camping-parc-bellevue-cannes-1024x683.webp 1024w, https:\/\/parcbellevue.com\/wp-content\/uploads\/2023\/11\/piscine-camping-parc-bellevue-cannes-768x512.webp 768w, https:\/\/parcbellevue.com\/wp-content\/uploads\/2023\/11\/piscine-camping-parc-bellevue-cannes-1536x1025.webp 1536w\" sizes=\"(max-width: 1920px) 100vw, 1920px\" \/><\/a><\/figure>\n<\/div>\n<\/div>\n\n\r\n    <\/div>\r\n<\/section><section id=\"ls-section-block_ed22ca02c66a81f9d74800386dc0faa3\" class=\"ls-section  home-third page-two\" >\r\n        <div class=\"container container--full\">\r\n        \n\n<div class=\"wp-block-columns are-vertically-aligned-top is-layout-flex wp-container-core-columns-is-layout-9d6595d7 wp-block-columns-is-layout-flex\">\n<div class=\"wp-block-column is-vertically-aligned-top column-parallax is-layout-flow wp-block-column-is-layout-flow\">\n<figure class=\"wp-block-gallery has-nested-images columns-default is-cropped wp-block-gallery-2 is-layout-flex wp-block-gallery-is-layout-flex\">\n<figure class=\"wp-block-image size-full animated fadeIn delay-100ms slow\"><a href=\"https:\/\/parcbellevue.com\/wp-content\/uploads\/2023\/11\/piscine-camping-parc-bellevue.webp\"><img decoding=\"async\" width=\"1920\" height=\"1281\" data-id=\"1582\" src=\"https:\/\/parcbellevue.com\/wp-content\/uploads\/2023\/11\/piscine-camping-parc-bellevue.webp\" alt=\"Poolblick\" class=\"wp-image-1582\" srcset=\"https:\/\/parcbellevue.com\/wp-content\/uploads\/2023\/11\/piscine-camping-parc-bellevue.webp 1920w, https:\/\/parcbellevue.com\/wp-content\/uploads\/2023\/11\/piscine-camping-parc-bellevue-300x200.webp 300w, https:\/\/parcbellevue.com\/wp-content\/uploads\/2023\/11\/piscine-camping-parc-bellevue-1024x683.webp 1024w, https:\/\/parcbellevue.com\/wp-content\/uploads\/2023\/11\/piscine-camping-parc-bellevue-768x512.webp 768w, https:\/\/parcbellevue.com\/wp-content\/uploads\/2023\/11\/piscine-camping-parc-bellevue-1536x1025.webp 1536w\" sizes=\"(max-width: 1920px) 100vw, 1920px\" \/><\/a><\/figure>\n\n\n\n<figure class=\"wp-block-image size-full animated fadeIn delay-500ms slow\"><a href=\"https:\/\/parcbellevue.com\/wp-content\/uploads\/2023\/11\/espace-aquatique-parc-bellevue-cannes.webp\"><img decoding=\"async\" width=\"1920\" height=\"1281\" data-id=\"1310\" src=\"https:\/\/parcbellevue.com\/wp-content\/uploads\/2023\/11\/espace-aquatique-parc-bellevue-cannes.webp\" alt=\"Blick auf den gesamten Pool\" class=\"wp-image-1310\" srcset=\"https:\/\/parcbellevue.com\/wp-content\/uploads\/2023\/11\/espace-aquatique-parc-bellevue-cannes.webp 1920w, https:\/\/parcbellevue.com\/wp-content\/uploads\/2023\/11\/espace-aquatique-parc-bellevue-cannes-300x200.webp 300w, https:\/\/parcbellevue.com\/wp-content\/uploads\/2023\/11\/espace-aquatique-parc-bellevue-cannes-1024x683.webp 1024w, https:\/\/parcbellevue.com\/wp-content\/uploads\/2023\/11\/espace-aquatique-parc-bellevue-cannes-768x512.webp 768w, https:\/\/parcbellevue.com\/wp-content\/uploads\/2023\/11\/espace-aquatique-parc-bellevue-cannes-1536x1025.webp 1536w\" sizes=\"(max-width: 1920px) 100vw, 1920px\" \/><\/a><\/figure>\n<\/figure>\n<\/div>\n\n\n\n<div class=\"wp-block-column is-vertically-aligned-top is-layout-flow wp-block-column-is-layout-flow\">\n<div class=\"wp-block-columns are-vertically-aligned-center wp-block-columns__padding-right is-layout-flex wp-container-core-columns-is-layout-9d6595d7 wp-block-columns-is-layout-flex\">\n<div class=\"wp-block-column is-vertically-aligned-center is-layout-flow wp-block-column-is-layout-flow\">\n<h2 class=\"ls__heading wp-block-heading has-color-3-color has-text-color\">Liegest\u00fchle am Pool<\/h2>\n\n\n\n<p class=\"ls-paragraph\">Nehmen Sie sich die Zeit, um auf unseren<strong> Liegest\u00fchlen am Pool<\/strong> zu entspannen.  <\/p>\n\n\n\n<p class=\"ls-paragraph\">Genie\u00dfen Sie einen Moment der Ruhe, lassen Sie die Sonne der C\u00f4te d&#8217;Azur Ihre Haut streicheln und machen Sie vielleicht sogar ein kleines Nickerchen. Schlie\u00dflich sind Sie im Urlaub!<\/p>\n<\/div>\n<\/div>\n<\/div>\n<\/div>\n\n\r\n    <\/div>\r\n<\/section><section id=\"ls-section-block_1ed02a894093a51ec1b2d61fd8aac537\" class=\"ls-section  page-four column-parallax-reverse\" >\r\n        <div class=\"container container--wide\">\r\n        \n\n<div id=\"ls-heading ls-titre-div-block_4ff6b114a861a7620296ffbb67b6404c\" class=\"ls-titre-div aligncenter h2-like\" >\n    Entdecken Sie auch unsere Dienstleistungen, das Restaurant und unsere Aktivit\u00e4ten und Animationen<\/div>\n\n\n<div id=\"ls-maillage-block_75236483e03dec712173c35ec849dd25\" class=\"ls-maillage cta-style-normal\" data-rows=\"3\">\n    <div class=\"wp-block-columns\"><div class=\"wp-block-column\"><div class=\"ls-cta\">\n\n<a href=\"https:\/\/parcbellevue.com\/de\/familiencampingplatz-cannes\/\" target=\"\" rel=\"noopener\" class=\"ls-cta__link\">\n\n\t<div class=\"ls-cta__image\"><img decoding=\"async\" src=\"https:\/\/parcbellevue.com\/wp-content\/uploads\/2023\/11\/reception-camping-1-e1700229997995-edited.webp\" alt=\"rezeption camping\"><\/div>\n\t<div class=\"ls-cta__title\">\n\t\tDie Dienste\t<\/div>\n\n\t\n\t<span class=\"bellevue-arrow ls-cta__arrow\"><\/span>\n\n<\/a><\/div><\/div><div class=\"wp-block-column\"><div class=\"ls-cta\">\n\n<a href=\"https:\/\/parcbellevue.com\/de\/stockrestaurant\/\" target=\"\" rel=\"noopener\" class=\"ls-cta__link\">\n\n\t<div class=\"ls-cta__image\"><img decoding=\"async\" src=\"https:\/\/parcbellevue.com\/wp-content\/uploads\/2023\/11\/parc-bellevue-restaurant-e1699523946824.webp\" alt=\"parc-bellevue-restaurant\"><\/div>\n\t<div class=\"ls-cta__title\">\n\t\tDas Restaurant\t<\/div>\n\n\t\n\t<span class=\"bellevue-arrow ls-cta__arrow\"><\/span>\n\n<\/a><\/div><\/div><div class=\"wp-block-column\"><div class=\"ls-cta\">\n\n<a href=\"https:\/\/parcbellevue.com\/de\/camping-aktivitaeten-cannes\/\" target=\"\" rel=\"noopener\" class=\"ls-cta__link\">\n\n\t<div class=\"ls-cta__image\"><img decoding=\"async\" src=\"https:\/\/parcbellevue.com\/wp-content\/uploads\/2023\/11\/animation-parc-bellevue-camping-cannes.webp\" alt=\"animation-parc-bellevue-camping-cannes\"><\/div>\n\t<div class=\"ls-cta__title\">\n\t\tAktivit\u00e4ten und Animationen\t<\/div>\n\n\t\n\t<span class=\"bellevue-arrow ls-cta__arrow\"><\/span>\n\n<\/a><\/div><\/div><\/div><\/div>\n\r\n    <\/div>\r\n<\/section>","protected":false},"excerpt":{"rendered":"","protected":false},"author":1,"featured_media":3858,"parent":0,"menu_order":0,"comment_status":"closed","ping_status":"closed","template":"","meta":{"_acf_changed":false,"footnotes":""},"sujet":[],"class_list":["post-3408","page","type-page","status-publish","has-post-thumbnail","hentry"],"acf":[],"yoast_head":"<!-- This site is optimized with the Yoast SEO plugin v23.4 - https:\/\/yoast.com\/wordpress\/plugins\/seo\/ -->\n<title>Camping Wasserpark Cannes | Wasserpark C\u00f4te d&#039;Azur<\/title>\n<meta name=\"description\" content=\"Tanken Sie neue Energie im Wasserpark Ihres Campingplatzes in Cannes, seinen Rutschen, seinem Schwimmbad, seinem Jacuzzi, seinen wilden Wasserpolospielen...\" \/>\n<meta name=\"robots\" content=\"index, follow, max-snippet:-1, max-image-preview:large, max-video-preview:-1\" \/>\n<link rel=\"canonical\" href=\"https:\/\/parcbellevue.com\/de\/camping-schwimmbad-cannes\/\" \/>\n<meta property=\"og:locale\" content=\"de_DE\" \/>\n<meta property=\"og:type\" content=\"article\" \/>\n<meta property=\"og:title\" content=\"Camping Wasserpark Cannes | Wasserpark C\u00f4te d&#039;Azur\" \/>\n<meta property=\"og:description\" content=\"Tanken Sie neue Energie im Wasserpark Ihres Campingplatzes in Cannes, seinen Rutschen, seinem Schwimmbad, seinem Jacuzzi, seinen wilden Wasserpolospielen...\" \/>\n<meta property=\"og:url\" content=\"https:\/\/parcbellevue.com\/de\/camping-schwimmbad-cannes\/\" \/>\n<meta property=\"og:site_name\" content=\"Camping Parc Bellevue\" \/>\n<meta property=\"article:modified_time\" content=\"2025-11-27T16:09:08+00:00\" \/>\n<meta property=\"og:image\" content=\"https:\/\/parcbellevue.com\/wp-content\/uploads\/2023\/12\/camping-cannes-1.webp\" \/>\n\t<meta property=\"og:image:width\" content=\"2000\" \/>\n\t<meta property=\"og:image:height\" content=\"1500\" \/>\n\t<meta property=\"og:image:type\" content=\"image\/webp\" \/>\n<meta name=\"twitter:card\" content=\"summary_large_image\" \/>\n<meta name=\"twitter:label1\" content=\"Gesch\u00e4tzte Lesezeit\" \/>\n\t<meta name=\"twitter:data1\" content=\"2\u00a0Minuten\" \/>\n<script type=\"application\/ld+json\" class=\"yoast-schema-graph\">{\"@context\":\"https:\/\/schema.org\",\"@graph\":[{\"@type\":\"WebPage\",\"@id\":\"https:\/\/parcbellevue.com\/de\/camping-schwimmbad-cannes\/\",\"url\":\"https:\/\/parcbellevue.com\/de\/camping-schwimmbad-cannes\/\",\"name\":\"Camping Wasserpark Cannes | Wasserpark C\u00f4te d'Azur\",\"isPartOf\":{\"@id\":\"https:\/\/parcbellevue.com\/#website\"},\"primaryImageOfPage\":{\"@id\":\"https:\/\/parcbellevue.com\/de\/camping-schwimmbad-cannes\/#primaryimage\"},\"image\":{\"@id\":\"https:\/\/parcbellevue.com\/de\/camping-schwimmbad-cannes\/#primaryimage\"},\"thumbnailUrl\":\"https:\/\/parcbellevue.com\/wp-content\/uploads\/2023\/12\/camping-cannes-1.webp\",\"datePublished\":\"2023-12-12T16:15:43+00:00\",\"dateModified\":\"2025-11-27T16:09:08+00:00\",\"description\":\"Tanken Sie neue Energie im Wasserpark Ihres Campingplatzes in Cannes, seinen Rutschen, seinem Schwimmbad, seinem Jacuzzi, seinen wilden Wasserpolospielen...\",\"breadcrumb\":{\"@id\":\"https:\/\/parcbellevue.com\/de\/camping-schwimmbad-cannes\/#breadcrumb\"},\"inLanguage\":\"de\",\"potentialAction\":[{\"@type\":\"ReadAction\",\"target\":[\"https:\/\/parcbellevue.com\/de\/camping-schwimmbad-cannes\/\"]}]},{\"@type\":\"ImageObject\",\"inLanguage\":\"de\",\"@id\":\"https:\/\/parcbellevue.com\/de\/camping-schwimmbad-cannes\/#primaryimage\",\"url\":\"https:\/\/parcbellevue.com\/wp-content\/uploads\/2023\/12\/camping-cannes-1.webp\",\"contentUrl\":\"https:\/\/parcbellevue.com\/wp-content\/uploads\/2023\/12\/camping-cannes-1.webp\",\"width\":2000,\"height\":1500,\"caption\":\"camping cannes\"},{\"@type\":\"BreadcrumbList\",\"@id\":\"https:\/\/parcbellevue.com\/de\/camping-schwimmbad-cannes\/#breadcrumb\",\"itemListElement\":[{\"@type\":\"ListItem\",\"position\":1,\"name\":\"Camping Cannes\",\"item\":\"https:\/\/parcbellevue.com\/de\/\"},{\"@type\":\"ListItem\",\"position\":2,\"name\":\"Wasserpark C\u00f4te d'Azur\"}]},{\"@type\":\"WebSite\",\"@id\":\"https:\/\/parcbellevue.com\/#website\",\"url\":\"https:\/\/parcbellevue.com\/\",\"name\":\"Camping Parc Bellevue\",\"description\":\"\",\"publisher\":{\"@id\":\"https:\/\/parcbellevue.com\/#organization\"},\"potentialAction\":[{\"@type\":\"SearchAction\",\"target\":{\"@type\":\"EntryPoint\",\"urlTemplate\":\"https:\/\/parcbellevue.com\/?s={search_term_string}\"},\"query-input\":{\"@type\":\"PropertyValueSpecification\",\"valueRequired\":true,\"valueName\":\"search_term_string\"}}],\"inLanguage\":\"de\"},{\"@type\":\"Organization\",\"@id\":\"https:\/\/parcbellevue.com\/#organization\",\"name\":\"Camping Parc Bellevue\",\"url\":\"https:\/\/parcbellevue.com\/\",\"logo\":{\"@type\":\"ImageObject\",\"inLanguage\":\"de\",\"@id\":\"https:\/\/parcbellevue.com\/#\/schema\/logo\/image\/\",\"url\":\"https:\/\/parcbellevue.com\/wp-content\/uploads\/2022\/11\/cropped-logo-camping-parc-bellevue.png\",\"contentUrl\":\"https:\/\/parcbellevue.com\/wp-content\/uploads\/2022\/11\/cropped-logo-camping-parc-bellevue.png\",\"width\":902,\"height\":904,\"caption\":\"Camping Parc Bellevue\"},\"image\":{\"@id\":\"https:\/\/parcbellevue.com\/#\/schema\/logo\/image\/\"}}]}<\/script>\n<!-- \/ Yoast SEO plugin. -->","yoast_head_json":{"title":"Camping Wasserpark Cannes | Wasserpark C\u00f4te d'Azur","description":"Tanken Sie neue Energie im Wasserpark Ihres Campingplatzes in Cannes, seinen Rutschen, seinem Schwimmbad, seinem Jacuzzi, seinen wilden Wasserpolospielen...","robots":{"index":"index","follow":"follow","max-snippet":"max-snippet:-1","max-image-preview":"max-image-preview:large","max-video-preview":"max-video-preview:-1"},"canonical":"https:\/\/parcbellevue.com\/de\/camping-schwimmbad-cannes\/","og_locale":"de_DE","og_type":"article","og_title":"Camping Wasserpark Cannes | Wasserpark C\u00f4te d'Azur","og_description":"Tanken Sie neue Energie im Wasserpark Ihres Campingplatzes in Cannes, seinen Rutschen, seinem Schwimmbad, seinem Jacuzzi, seinen wilden Wasserpolospielen...","og_url":"https:\/\/parcbellevue.com\/de\/camping-schwimmbad-cannes\/","og_site_name":"Camping Parc Bellevue","article_modified_time":"2025-11-27T16:09:08+00:00","og_image":[{"width":2000,"height":1500,"url":"https:\/\/parcbellevue.com\/wp-content\/uploads\/2023\/12\/camping-cannes-1.webp","type":"image\/webp"}],"twitter_card":"summary_large_image","twitter_misc":{"Gesch\u00e4tzte Lesezeit":"2\u00a0Minuten"},"schema":{"@context":"https:\/\/schema.org","@graph":[{"@type":"WebPage","@id":"https:\/\/parcbellevue.com\/de\/camping-schwimmbad-cannes\/","url":"https:\/\/parcbellevue.com\/de\/camping-schwimmbad-cannes\/","name":"Camping Wasserpark Cannes | Wasserpark C\u00f4te d'Azur","isPartOf":{"@id":"https:\/\/parcbellevue.com\/#website"},"primaryImageOfPage":{"@id":"https:\/\/parcbellevue.com\/de\/camping-schwimmbad-cannes\/#primaryimage"},"image":{"@id":"https:\/\/parcbellevue.com\/de\/camping-schwimmbad-cannes\/#primaryimage"},"thumbnailUrl":"https:\/\/parcbellevue.com\/wp-content\/uploads\/2023\/12\/camping-cannes-1.webp","datePublished":"2023-12-12T16:15:43+00:00","dateModified":"2025-11-27T16:09:08+00:00","description":"Tanken Sie neue Energie im Wasserpark Ihres Campingplatzes in Cannes, seinen Rutschen, seinem Schwimmbad, seinem Jacuzzi, seinen wilden Wasserpolospielen...","breadcrumb":{"@id":"https:\/\/parcbellevue.com\/de\/camping-schwimmbad-cannes\/#breadcrumb"},"inLanguage":"de","potentialAction":[{"@type":"ReadAction","target":["https:\/\/parcbellevue.com\/de\/camping-schwimmbad-cannes\/"]}]},{"@type":"ImageObject","inLanguage":"de","@id":"https:\/\/parcbellevue.com\/de\/camping-schwimmbad-cannes\/#primaryimage","url":"https:\/\/parcbellevue.com\/wp-content\/uploads\/2023\/12\/camping-cannes-1.webp","contentUrl":"https:\/\/parcbellevue.com\/wp-content\/uploads\/2023\/12\/camping-cannes-1.webp","width":2000,"height":1500,"caption":"camping cannes"},{"@type":"BreadcrumbList","@id":"https:\/\/parcbellevue.com\/de\/camping-schwimmbad-cannes\/#breadcrumb","itemListElement":[{"@type":"ListItem","position":1,"name":"Camping Cannes","item":"https:\/\/parcbellevue.com\/de\/"},{"@type":"ListItem","position":2,"name":"Wasserpark C\u00f4te d'Azur"}]},{"@type":"WebSite","@id":"https:\/\/parcbellevue.com\/#website","url":"https:\/\/parcbellevue.com\/","name":"Camping Parc Bellevue","description":"","publisher":{"@id":"https:\/\/parcbellevue.com\/#organization"},"potentialAction":[{"@type":"SearchAction","target":{"@type":"EntryPoint","urlTemplate":"https:\/\/parcbellevue.com\/?s={search_term_string}"},"query-input":{"@type":"PropertyValueSpecification","valueRequired":true,"valueName":"search_term_string"}}],"inLanguage":"de"},{"@type":"Organization","@id":"https:\/\/parcbellevue.com\/#organization","name":"Camping Parc Bellevue","url":"https:\/\/parcbellevue.com\/","logo":{"@type":"ImageObject","inLanguage":"de","@id":"https:\/\/parcbellevue.com\/#\/schema\/logo\/image\/","url":"https:\/\/parcbellevue.com\/wp-content\/uploads\/2022\/11\/cropped-logo-camping-parc-bellevue.png","contentUrl":"https:\/\/parcbellevue.com\/wp-content\/uploads\/2022\/11\/cropped-logo-camping-parc-bellevue.png","width":902,"height":904,"caption":"Camping Parc Bellevue"},"image":{"@id":"https:\/\/parcbellevue.com\/#\/schema\/logo\/image\/"}}]}},"_links":{"self":[{"href":"https:\/\/parcbellevue.com\/de\/wp-json\/wp\/v2\/pages\/3408","targetHints":{"allow":["GET"]}}],"collection":[{"href":"https:\/\/parcbellevue.com\/de\/wp-json\/wp\/v2\/pages"}],"about":[{"href":"https:\/\/parcbellevue.com\/de\/wp-json\/wp\/v2\/types\/page"}],"author":[{"embeddable":true,"href":"https:\/\/parcbellevue.com\/de\/wp-json\/wp\/v2\/users\/1"}],"replies":[{"embeddable":true,"href":"https:\/\/parcbellevue.com\/de\/wp-json\/wp\/v2\/comments?post=3408"}],"version-history":[{"count":3,"href":"https:\/\/parcbellevue.com\/de\/wp-json\/wp\/v2\/pages\/3408\/revisions"}],"predecessor-version":[{"id":4633,"href":"https:\/\/parcbellevue.com\/de\/wp-json\/wp\/v2\/pages\/3408\/revisions\/4633"}],"wp:featuredmedia":[{"embeddable":true,"href":"https:\/\/parcbellevue.com\/de\/wp-json\/wp\/v2\/media\/3858"}],"wp:attachment":[{"href":"https:\/\/parcbellevue.com\/de\/wp-json\/wp\/v2\/media?parent=3408"}],"wp:term":[{"taxonomy":"sujet","embeddable":true,"href":"https:\/\/parcbellevue.com\/de\/wp-json\/wp\/v2\/sujet?post=3408"}],"curies":[{"name":"wp","href":"https:\/\/api.w.org\/{rel}","templated":true}]}}