{"id":3396,"date":"2023-12-12T17:14:54","date_gmt":"2023-12-12T16:14:54","guid":{"rendered":"https:\/\/parcbellevue.com\/camping-palast-festivals-cannes\/"},"modified":"2026-01-06T09:49:13","modified_gmt":"2026-01-06T08:49:13","slug":"camping-palast-festivals-cannes","status":"publish","type":"page","link":"https:\/\/parcbellevue.com\/de\/camping-palast-festivals-cannes\/","title":{"rendered":"Der Festivalpalast"},"content":{"rendered":"<section id=\"ls-section-block_21b71e75004e4e05c20d1e553de69232\" class=\"ls-section  page-titre\" >\r\n        <div class=\"container container--wide\">\r\n        \n\n<h1 class=\"ls__heading wp-block-heading has-text-align-center\">Ihre Mietwohnung in der N\u00e4he des Palais des Festivals<\/h1>\n\n\n\n<p class=\"ls-paragraph has-text-align-center\">Im Herzen von Cannes, an der leuchtenden C\u00f4te d&#8217;Azur, befindet sich der ber\u00fchmte Palais des Festivals. Ein Aufenthalt auf dem <a href=\"https:\/\/parcbellevue.com\/de\/\">Campingplatz Parc Bellevue<\/a> ganz in der N\u00e4he des Palais des Festivals in Cannes ist eine einzigartige Erfahrung, die Komfort und N\u00e4he zu diesem Vorzeigeobjekt verbindet.<\/p>\n\n\r\n    <\/div>\r\n<\/section><section id=\"ls-section-block_8a0043dc950a81583a096fcff6411608\" class=\"ls-section  home-second page-one\" >\r\n        <div class=\"container container--full\">\r\n        \n\n<div class=\"wp-block-columns is-layout-flex wp-container-core-columns-is-layout-9d6595d7 wp-block-columns-is-layout-flex\">\n<div class=\"wp-block-column is-layout-flow wp-block-column-is-layout-flow\" style=\"flex-basis:45%\">\n<h2 class=\"ls__heading wp-block-heading\">Entdecken Sie den Palais des Festivals<\/h2>\n\n\n\n<p class=\"ls-paragraph\">Der <a href=\"https:\/\/www.palaisdesfestivals.com\/\" target=\"_blank\" rel=\"noreferrer noopener\">Palais des Festivals<\/a> et des Congr\u00e8s de Cannes ist ein Zentrum der Kultur und des Prestiges, das den <strong>Ruf von Cannes <\/strong>weit \u00fcber unsere Grenzen hinaustr\u00e4gt.<\/p>\n\n\n\n<p class=\"ls-paragraph\">Der Palast ist nicht nur Gastgeber des ber\u00fchmten Filmfestivals von Cannes, sondern auch Austragungsort einer <strong>Vielzahl von Veranstaltungen<\/strong>: Theater, Tanz, Musik aller Art, internationale Ausstellungen und vieles mehr. <\/p>\n\n\n\n<p class=\"ls-paragraph\">Nutzen Sie w\u00e4hrend Ihres Aufenthalts die Gelegenheit, diesen Schatz der C\u00f4te d&#8217;Azur <strong>zu<\/strong> besichtigen.<\/p>\n<\/div>\n\n\n\n<div class=\"wp-block-column column-parallax is-layout-flow wp-block-column-is-layout-flow\" style=\"flex-basis:55%\">\n<figure class=\"wp-block-image size-full animated fadeInRight delay-100ms slow\"><a href=\"https:\/\/parcbellevue.com\/wp-content\/uploads\/2023\/11\/palais-festival-de-cannes.webp\"><img decoding=\"async\" width=\"2000\" height=\"1333\" src=\"https:\/\/parcbellevue.com\/wp-content\/uploads\/2023\/11\/palais-festival-de-cannes.webp\" alt=\"palast festival de cannes\" class=\"wp-image-2737\" srcset=\"https:\/\/parcbellevue.com\/wp-content\/uploads\/2023\/11\/palais-festival-de-cannes.webp 2000w, https:\/\/parcbellevue.com\/wp-content\/uploads\/2023\/11\/palais-festival-de-cannes-300x200.webp 300w, https:\/\/parcbellevue.com\/wp-content\/uploads\/2023\/11\/palais-festival-de-cannes-1024x682.webp 1024w, https:\/\/parcbellevue.com\/wp-content\/uploads\/2023\/11\/palais-festival-de-cannes-768x512.webp 768w, https:\/\/parcbellevue.com\/wp-content\/uploads\/2023\/11\/palais-festival-de-cannes-1536x1024.webp 1536w\" sizes=\"(max-width: 2000px) 100vw, 2000px\" \/><\/a><\/figure>\n<\/div>\n<\/div>\n\n\r\n    <\/div>\r\n<\/section><section id=\"ls-section-block_240f21429de7a2b5415b44521a085a09\" class=\"ls-section  home-third page-two\" >\r\n        <div class=\"container container--full\">\r\n        \n\n<div class=\"wp-block-columns are-vertically-aligned-top is-layout-flex wp-container-core-columns-is-layout-9d6595d7 wp-block-columns-is-layout-flex\">\n<div class=\"wp-block-column is-vertically-aligned-top column-parallax is-layout-flow wp-block-column-is-layout-flow\">\n<figure class=\"wp-block-gallery has-nested-images columns-default is-cropped wp-block-gallery-1 is-layout-flex wp-block-gallery-is-layout-flex\">\n<figure class=\"wp-block-image size-full animated fadeIn delay-100ms slow\"><a href=\"https:\/\/parcbellevue.com\/wp-content\/uploads\/2023\/11\/festival-cannes.webp\"><img decoding=\"async\" width=\"2000\" height=\"1276\" data-id=\"1981\" src=\"https:\/\/parcbellevue.com\/wp-content\/uploads\/2023\/11\/festival-cannes.webp\" alt=\"Filmfestspiele von Cannes\" class=\"wp-image-1981\" srcset=\"https:\/\/parcbellevue.com\/wp-content\/uploads\/2023\/11\/festival-cannes.webp 2000w, https:\/\/parcbellevue.com\/wp-content\/uploads\/2023\/11\/festival-cannes-300x191.webp 300w, https:\/\/parcbellevue.com\/wp-content\/uploads\/2023\/11\/festival-cannes-1024x653.webp 1024w, https:\/\/parcbellevue.com\/wp-content\/uploads\/2023\/11\/festival-cannes-768x490.webp 768w, https:\/\/parcbellevue.com\/wp-content\/uploads\/2023\/11\/festival-cannes-1536x980.webp 1536w\" sizes=\"(max-width: 2000px) 100vw, 2000px\" \/><\/a><\/figure>\n\n\n\n<figure class=\"wp-block-image size-full animated fadeIn delay-500ms slow\"><a href=\"https:\/\/parcbellevue.com\/wp-content\/uploads\/2023\/11\/concert-cannes.webp\"><img decoding=\"async\" width=\"1920\" height=\"1280\" data-id=\"1996\" src=\"https:\/\/parcbellevue.com\/wp-content\/uploads\/2023\/11\/concert-cannes.webp\" alt=\"abend cannes\" class=\"wp-image-1996\" srcset=\"https:\/\/parcbellevue.com\/wp-content\/uploads\/2023\/11\/concert-cannes.webp 1920w, https:\/\/parcbellevue.com\/wp-content\/uploads\/2023\/11\/concert-cannes-300x200.webp 300w, https:\/\/parcbellevue.com\/wp-content\/uploads\/2023\/11\/concert-cannes-1024x683.webp 1024w, https:\/\/parcbellevue.com\/wp-content\/uploads\/2023\/11\/concert-cannes-768x512.webp 768w, https:\/\/parcbellevue.com\/wp-content\/uploads\/2023\/11\/concert-cannes-1536x1024.webp 1536w\" sizes=\"(max-width: 1920px) 100vw, 1920px\" \/><\/a><\/figure>\n<\/figure>\n<\/div>\n\n\n\n<div class=\"wp-block-column is-vertically-aligned-top is-layout-flow wp-block-column-is-layout-flow\">\n<div class=\"wp-block-columns are-vertically-aligned-center wp-block-columns__padding-right is-layout-flex wp-container-core-columns-is-layout-9d6595d7 wp-block-columns-is-layout-flex\">\n<div class=\"wp-block-column is-vertically-aligned-center is-layout-flow wp-block-column-is-layout-flow\">\n<h2 class=\"ls__heading wp-block-heading has-color-3-color has-text-color\">Die Veranstaltungen im Palais des Festivals<\/h2>\n\n\n\n<p class=\"ls-paragraph\">Der Palais des Festivals ist ein wahrer kultureller Knotenpunkt. Er ist das<strong>ganze Jahr \u00fcber Gastgeber f\u00fcr eine Vielzahl vonVeranstaltungen<\/strong>, die das lokale Leben beleben. <\/p>\n\n\n\n<p class=\"ls-paragraph\">Von Konzerten bis zu Theaterproduktionen, von Gesch\u00e4ftsveranstaltungen bis zu Musikfestivals ist f\u00fcr jeden Geschmack etwas dabei. Sie k\u00f6nnen am Filmfestival und an anderen Kongressen teilnehmen, die das ganze Jahr \u00fcber stattfinden. <\/p>\n<\/div>\n<\/div>\n<\/div>\n<\/div>\n\n\r\n    <\/div>\r\n<\/section><section id=\"ls-section-block_3c4b8807b4207b7f71b76adc5f18c3bf\" class=\"ls-section  home-fourth page-three has-background-image\" >\r\n    <div class=\"ls-section__background-image opacity-100\"><img decoding=\"async\" src=\"https:\/\/parcbellevue.com\/wp-content\/uploads\/2023\/11\/hebergement-festival-de-cannes-1.webp\" alt=\"unterkunft festival de cannes\"><\/div>    <div class=\"container container--wide\">\r\n        \n\n<h2 class=\"ls__heading wp-block-heading has-text-align-center\">Campingplatz in der N\u00e4he des Palais des Festivals<\/h2>\n\n\n\n<p class=\"ls-paragraph has-text-align-center\">Warum nicht einen Campingplatz in der N\u00e4he des Palais des Festivals und der aufregenden Veranstaltungen in Cannes genie\u00dfen?  <\/p>\n\n\n\n<p class=\"ls-paragraph has-text-align-center\">Genie\u00dfen Sie unsere<strong> komfortablen Mietunterk\u00fcnfte<\/strong> und<strong> Wohnwagenstellpl\u00e4tze<\/strong>, w\u00e4hrend Sie sich in der N\u00e4he der wichtigsten Sehensw\u00fcrdigkeiten von Cannes befinden.  <\/p>\n\n\n\n<p class=\"ls-paragraph has-text-align-center\">Erleben Sie einen einzigartigen Aufenthalt auf unserem<strong> Campingplatz in der N\u00e4he des Palais des Festivals<\/strong>.<\/p>\n\n\r\n    <\/div>\r\n<\/section><section id=\"ls-section-block_8310bc48912319775112db7c473feb5e\" class=\"ls-section  home-second page-one has-p-t p-t-0\" >\r\n        <div class=\"container container--full\">\r\n        \n\n<div class=\"wp-block-columns are-vertically-aligned-center is-layout-flex wp-container-core-columns-is-layout-9d6595d7 wp-block-columns-is-layout-flex\">\n<div class=\"wp-block-column is-vertically-aligned-center is-layout-flow wp-block-column-is-layout-flow\" style=\"flex-basis:45%\">\n<h2 class=\"ls__heading wp-block-heading\">Ihre Unterkunft in der N\u00e4he des Palais des Festivals<\/h2>\n\n\n\n<p class=\"ls-paragraph\">Auf unserem Campingplatz in Cannes bieten wir Ihnen eine Vielzahl von Unterk\u00fcnften, um all Ihren Bed\u00fcrfnissen und W\u00fcnschen gerecht zu werden. Ob Sie den Komfort eines <a href=\"https:\/\/parcbellevue.com\/de\/vermietung-mobil-home-stock\/\">gemieteten Mobilheims<\/a> oder den Charme eines <a href=\"https:\/\/parcbellevue.com\/de\/stellplatz-cannes\/\">Caravaning-Stellplatzes<\/a> im Freien bevorzugen, Sie werden von der N\u00e4he zum Palais des Festivals profitieren.<\/p>\n\n\n\n<p class=\"ls-paragraph\">Machen Sie Ihren Aufenthalt in Cannes zu einem <strong>unvergesslichen Erlebnis<\/strong>, indem Sie auf unserem Campingplatz in der N\u00e4he des pulsierenden Herzens der C\u00f4te d&#8217;Azur \u00fcbernachten.<\/p>\n\n\n\n<p class=\"ls-paragraph\">Der Campingplatz Parc Bellevue Cannes liegt ca. 5 km vom Palais des Festivals entfernt und ist eine ideale Unterkunft f\u00fcr gro\u00dfe Kongresse und Fachmessen, die das ganze Jahr \u00fcber organisiert werden.  <\/p>\n\n\n\n<p class=\"ls-paragraph\">Wir begr\u00fc\u00dfen Aussteller, Besucher und technische Teams, die eine praktische, komfortable und leicht zug\u00e4ngliche Unterkunft w\u00e4hrend der gro\u00dfen Veranstaltungen in Cannes suchen.<\/p>\n\n\n\n<p class=\"ls-paragraph\">Die Kongresse :  <\/p>\n\n\n\n<ul class=\"ls-list ls-list-undefined wp-block-list\">\n<li>MIPIM &#8211; Internationaler Markt f\u00fcr Immobilienfachleute<\/li>\n\n\n\n<li>MIPTV &#8211; Internationale Messe f\u00fcr audiovisuelle Inhalte<\/li>\n\n\n\n<li>MIPCOM &#8211; Internationaler Markt f\u00fcr audiovisuelle Inhalte<\/li>\n\n\n\n<li>Cannes Film Festival &#8211; Internationales Filmfestival<\/li>\n\n\n\n<li>Cannes Lions &#8211; Internationales Festival der Kreativit\u00e4t<\/li>\n\n\n\n<li>MAPIC &#8211; Internationale Messe f\u00fcr Gewerbeimmobilien<\/li>\n\n\n\n<li>ILTM Cannes &#8211; Internationale Messe f\u00fcr Luxustourismus<\/li>\n\n\n\n<li>Tax Free World Exhibition (TFWA)<\/li>\n\n\n\n<li>NRJ Music Awards<\/li>\n\n\n\n<li>Cannes Yachting Festival<\/li>\n<\/ul>\n<\/div>\n\n\n\n<div class=\"wp-block-column is-vertically-aligned-center column-parallax is-layout-flow wp-block-column-is-layout-flow\" style=\"flex-basis:55%\">\n<figure class=\"wp-block-image size-full animated fadeInRight delay-100ms slow\"><a href=\"https:\/\/parcbellevue.com\/wp-content\/uploads\/2023\/11\/location-mobil-home-rio-vista.webp\"><img decoding=\"async\" width=\"1500\" height=\"1000\" src=\"https:\/\/parcbellevue.com\/wp-content\/uploads\/2023\/11\/location-mobil-home-rio-vista.webp\" alt=\"vermietung mobilheim rio vista\" class=\"wp-image-2464\" srcset=\"https:\/\/parcbellevue.com\/wp-content\/uploads\/2023\/11\/location-mobil-home-rio-vista.webp 1500w, https:\/\/parcbellevue.com\/wp-content\/uploads\/2023\/11\/location-mobil-home-rio-vista-300x200.webp 300w, https:\/\/parcbellevue.com\/wp-content\/uploads\/2023\/11\/location-mobil-home-rio-vista-1024x683.webp 1024w, https:\/\/parcbellevue.com\/wp-content\/uploads\/2023\/11\/location-mobil-home-rio-vista-768x512.webp 768w\" sizes=\"(max-width: 1500px) 100vw, 1500px\" \/><\/a><\/figure>\n<\/div>\n<\/div>\n\n\r\n    <\/div>\r\n<\/section><section id=\"ls-section-block_2723f467b0bc9d838149bd470892f996\" class=\"ls-section  page-four column-parallax-reverse\" >\r\n        <div class=\"container container--wide\">\r\n        \n\n<div id=\"ls-heading ls-titre-div-block_4c573d0ed816b31ef874fd11c1744b0c\" class=\"ls-titre-div aligncenter h2-like\" >\n    Entdecken Sie auch<\/div>\n\n\n<div id=\"ls-maillage-block_35a5b7a9586392c8e4fe123e4b72145a\" class=\"ls-maillage cta-style-normal\" data-rows=\"3\">\n    <div class=\"wp-block-columns\"><div class=\"wp-block-column\"><div class=\"ls-cta\">\n\n<a href=\"https:\/\/parcbellevue.com\/de\/camping-in-der-naehe-von-lerins-inseln\/\" target=\"\" rel=\"noopener\" class=\"ls-cta__link\">\n\n\t<div class=\"ls-cta__image\"><img decoding=\"async\" src=\"https:\/\/parcbellevue.com\/wp-content\/uploads\/2023\/11\/Forteresse_sur_la_mer.webp\" alt=\"die lerinsinseln besuchen\"><\/div>\n\t<div class=\"ls-cta__title\">\n\t\tDie L\u00e9rins-Inseln\t<\/div>\n\n\t\n\t<span class=\"bellevue-arrow ls-cta__arrow\"><\/span>\n\n<\/a><\/div><\/div><div class=\"wp-block-column\"><div class=\"ls-cta\">\n\n<a href=\"https:\/\/parcbellevue.com\/de\/camping-sportliche-aktivitaeten-kueste-azur\/\" target=\"\" rel=\"noopener\" class=\"ls-cta__link\">\n\n\t<div class=\"ls-cta__image\"><img decoding=\"async\" src=\"https:\/\/parcbellevue.com\/wp-content\/uploads\/2023\/11\/rafting-168007_1920_resultat.webp\" alt=\"Rafting\"><\/div>\n\t<div class=\"ls-cta__title\">\n\t\tSportliche Aktivit\u00e4ten rund um den Campingplatz\t<\/div>\n\n\t\n\t<span class=\"bellevue-arrow ls-cta__arrow\"><\/span>\n\n<\/a><\/div><\/div><div class=\"wp-block-column\"><div class=\"ls-cta\">\n\n<a href=\"https:\/\/parcbellevue.com\/de\/tourismus-kote-azur\/\" target=\"\" rel=\"noopener\" class=\"ls-cta__link\">\n\n\t<div class=\"ls-cta__image\"><img decoding=\"async\" src=\"https:\/\/parcbellevue.com\/wp-content\/uploads\/2023\/11\/menton-7093335_1920-1.webp\" alt=\"Kinn\"><\/div>\n\t<div class=\"ls-cta__title\">\n\t\tSehensw\u00fcrdigkeiten in der N\u00e4he von Cannes\t<\/div>\n\n\t\n\t<span class=\"bellevue-arrow ls-cta__arrow\"><\/span>\n\n<\/a><\/div><\/div><\/div><\/div>\n\r\n    <\/div>\r\n<\/section>","protected":false},"excerpt":{"rendered":"","protected":false},"author":1,"featured_media":3852,"parent":0,"menu_order":0,"comment_status":"closed","ping_status":"closed","template":"","meta":{"_acf_changed":false,"footnotes":""},"sujet":[],"class_list":["post-3396","page","type-page","status-publish","has-post-thumbnail","hentry"],"acf":[],"yoast_head":"<!-- This site is optimized with the Yoast SEO plugin v23.4 - https:\/\/yoast.com\/wordpress\/plugins\/seo\/ -->\n<title>Camping in der N\u00e4he des Palais des Festivals Cannes | Mietunterk\u00fcnfte in der N\u00e4he des Festivals<\/title>\n<meta name=\"description\" content=\"Ihr Campingplatz empf\u00e4ngt Sie im Herzen von Cannes, nur wenige Schritte vom ber\u00fchmten und glamour\u00f6sen Palais des Festivals entfernt. Mieten Sie Ihre Unterkunft, um die Veranstaltungen zu genie\u00dfen.\" \/>\n<meta name=\"robots\" content=\"index, follow, max-snippet:-1, max-image-preview:large, max-video-preview:-1\" \/>\n<link rel=\"canonical\" href=\"https:\/\/parcbellevue.com\/de\/camping-palast-festivals-cannes\/\" \/>\n<meta property=\"og:locale\" content=\"de_DE\" \/>\n<meta property=\"og:type\" content=\"article\" \/>\n<meta property=\"og:title\" content=\"Camping in der N\u00e4he des Palais des Festivals Cannes | Mietunterk\u00fcnfte in der N\u00e4he des Festivals\" \/>\n<meta property=\"og:description\" content=\"Ihr Campingplatz empf\u00e4ngt Sie im Herzen von Cannes, nur wenige Schritte vom ber\u00fchmten und glamour\u00f6sen Palais des Festivals entfernt. Mieten Sie Ihre Unterkunft, um die Veranstaltungen zu genie\u00dfen.\" \/>\n<meta property=\"og:url\" content=\"https:\/\/parcbellevue.com\/de\/camping-palast-festivals-cannes\/\" \/>\n<meta property=\"og:site_name\" content=\"Camping Parc Bellevue\" \/>\n<meta property=\"article:modified_time\" content=\"2026-01-06T08:49:13+00:00\" \/>\n<meta property=\"og:image\" content=\"https:\/\/parcbellevue.com\/wp-content\/uploads\/2023\/12\/camping-cannes.webp\" \/>\n\t<meta property=\"og:image:width\" content=\"2000\" \/>\n\t<meta property=\"og:image:height\" content=\"1500\" \/>\n\t<meta property=\"og:image:type\" content=\"image\/webp\" \/>\n<meta name=\"twitter:card\" content=\"summary_large_image\" \/>\n<meta name=\"twitter:label1\" content=\"Gesch\u00e4tzte Lesezeit\" \/>\n\t<meta name=\"twitter:data1\" content=\"2\u00a0Minuten\" \/>\n<script type=\"application\/ld+json\" class=\"yoast-schema-graph\">{\"@context\":\"https:\/\/schema.org\",\"@graph\":[{\"@type\":\"WebPage\",\"@id\":\"https:\/\/parcbellevue.com\/de\/camping-palast-festivals-cannes\/\",\"url\":\"https:\/\/parcbellevue.com\/de\/camping-palast-festivals-cannes\/\",\"name\":\"Camping in der N\u00e4he des Palais des Festivals Cannes | Mietunterk\u00fcnfte in der N\u00e4he des Festivals\",\"isPartOf\":{\"@id\":\"https:\/\/parcbellevue.com\/#website\"},\"primaryImageOfPage\":{\"@id\":\"https:\/\/parcbellevue.com\/de\/camping-palast-festivals-cannes\/#primaryimage\"},\"image\":{\"@id\":\"https:\/\/parcbellevue.com\/de\/camping-palast-festivals-cannes\/#primaryimage\"},\"thumbnailUrl\":\"https:\/\/parcbellevue.com\/wp-content\/uploads\/2023\/12\/camping-cannes.webp\",\"datePublished\":\"2023-12-12T16:14:54+00:00\",\"dateModified\":\"2026-01-06T08:49:13+00:00\",\"description\":\"Ihr Campingplatz empf\u00e4ngt Sie im Herzen von Cannes, nur wenige Schritte vom ber\u00fchmten und glamour\u00f6sen Palais des Festivals entfernt. Mieten Sie Ihre Unterkunft, um die Veranstaltungen zu genie\u00dfen.\",\"breadcrumb\":{\"@id\":\"https:\/\/parcbellevue.com\/de\/camping-palast-festivals-cannes\/#breadcrumb\"},\"inLanguage\":\"de\",\"potentialAction\":[{\"@type\":\"ReadAction\",\"target\":[\"https:\/\/parcbellevue.com\/de\/camping-palast-festivals-cannes\/\"]}]},{\"@type\":\"ImageObject\",\"inLanguage\":\"de\",\"@id\":\"https:\/\/parcbellevue.com\/de\/camping-palast-festivals-cannes\/#primaryimage\",\"url\":\"https:\/\/parcbellevue.com\/wp-content\/uploads\/2023\/12\/camping-cannes.webp\",\"contentUrl\":\"https:\/\/parcbellevue.com\/wp-content\/uploads\/2023\/12\/camping-cannes.webp\",\"width\":2000,\"height\":1500,\"caption\":\"camping cannes\"},{\"@type\":\"BreadcrumbList\",\"@id\":\"https:\/\/parcbellevue.com\/de\/camping-palast-festivals-cannes\/#breadcrumb\",\"itemListElement\":[{\"@type\":\"ListItem\",\"position\":1,\"name\":\"Camping Cannes\",\"item\":\"https:\/\/parcbellevue.com\/de\/\"},{\"@type\":\"ListItem\",\"position\":2,\"name\":\"Camping in der N\u00e4he des Palais des Festivals\"}]},{\"@type\":\"WebSite\",\"@id\":\"https:\/\/parcbellevue.com\/#website\",\"url\":\"https:\/\/parcbellevue.com\/\",\"name\":\"Camping Parc Bellevue\",\"description\":\"\",\"publisher\":{\"@id\":\"https:\/\/parcbellevue.com\/#organization\"},\"potentialAction\":[{\"@type\":\"SearchAction\",\"target\":{\"@type\":\"EntryPoint\",\"urlTemplate\":\"https:\/\/parcbellevue.com\/?s={search_term_string}\"},\"query-input\":{\"@type\":\"PropertyValueSpecification\",\"valueRequired\":true,\"valueName\":\"search_term_string\"}}],\"inLanguage\":\"de\"},{\"@type\":\"Organization\",\"@id\":\"https:\/\/parcbellevue.com\/#organization\",\"name\":\"Camping Parc Bellevue\",\"url\":\"https:\/\/parcbellevue.com\/\",\"logo\":{\"@type\":\"ImageObject\",\"inLanguage\":\"de\",\"@id\":\"https:\/\/parcbellevue.com\/#\/schema\/logo\/image\/\",\"url\":\"https:\/\/parcbellevue.com\/wp-content\/uploads\/2022\/11\/cropped-logo-camping-parc-bellevue.png\",\"contentUrl\":\"https:\/\/parcbellevue.com\/wp-content\/uploads\/2022\/11\/cropped-logo-camping-parc-bellevue.png\",\"width\":902,\"height\":904,\"caption\":\"Camping Parc Bellevue\"},\"image\":{\"@id\":\"https:\/\/parcbellevue.com\/#\/schema\/logo\/image\/\"}}]}<\/script>\n<!-- \/ Yoast SEO plugin. -->","yoast_head_json":{"title":"Camping in der N\u00e4he des Palais des Festivals Cannes | Mietunterk\u00fcnfte in der N\u00e4he des Festivals","description":"Ihr Campingplatz empf\u00e4ngt Sie im Herzen von Cannes, nur wenige Schritte vom ber\u00fchmten und glamour\u00f6sen Palais des Festivals entfernt. Mieten Sie Ihre Unterkunft, um die Veranstaltungen zu genie\u00dfen.","robots":{"index":"index","follow":"follow","max-snippet":"max-snippet:-1","max-image-preview":"max-image-preview:large","max-video-preview":"max-video-preview:-1"},"canonical":"https:\/\/parcbellevue.com\/de\/camping-palast-festivals-cannes\/","og_locale":"de_DE","og_type":"article","og_title":"Camping in der N\u00e4he des Palais des Festivals Cannes | Mietunterk\u00fcnfte in der N\u00e4he des Festivals","og_description":"Ihr Campingplatz empf\u00e4ngt Sie im Herzen von Cannes, nur wenige Schritte vom ber\u00fchmten und glamour\u00f6sen Palais des Festivals entfernt. Mieten Sie Ihre Unterkunft, um die Veranstaltungen zu genie\u00dfen.","og_url":"https:\/\/parcbellevue.com\/de\/camping-palast-festivals-cannes\/","og_site_name":"Camping Parc Bellevue","article_modified_time":"2026-01-06T08:49:13+00:00","og_image":[{"width":2000,"height":1500,"url":"https:\/\/parcbellevue.com\/wp-content\/uploads\/2023\/12\/camping-cannes.webp","type":"image\/webp"}],"twitter_card":"summary_large_image","twitter_misc":{"Gesch\u00e4tzte Lesezeit":"2\u00a0Minuten"},"schema":{"@context":"https:\/\/schema.org","@graph":[{"@type":"WebPage","@id":"https:\/\/parcbellevue.com\/de\/camping-palast-festivals-cannes\/","url":"https:\/\/parcbellevue.com\/de\/camping-palast-festivals-cannes\/","name":"Camping in der N\u00e4he des Palais des Festivals Cannes | Mietunterk\u00fcnfte in der N\u00e4he des Festivals","isPartOf":{"@id":"https:\/\/parcbellevue.com\/#website"},"primaryImageOfPage":{"@id":"https:\/\/parcbellevue.com\/de\/camping-palast-festivals-cannes\/#primaryimage"},"image":{"@id":"https:\/\/parcbellevue.com\/de\/camping-palast-festivals-cannes\/#primaryimage"},"thumbnailUrl":"https:\/\/parcbellevue.com\/wp-content\/uploads\/2023\/12\/camping-cannes.webp","datePublished":"2023-12-12T16:14:54+00:00","dateModified":"2026-01-06T08:49:13+00:00","description":"Ihr Campingplatz empf\u00e4ngt Sie im Herzen von Cannes, nur wenige Schritte vom ber\u00fchmten und glamour\u00f6sen Palais des Festivals entfernt. Mieten Sie Ihre Unterkunft, um die Veranstaltungen zu genie\u00dfen.","breadcrumb":{"@id":"https:\/\/parcbellevue.com\/de\/camping-palast-festivals-cannes\/#breadcrumb"},"inLanguage":"de","potentialAction":[{"@type":"ReadAction","target":["https:\/\/parcbellevue.com\/de\/camping-palast-festivals-cannes\/"]}]},{"@type":"ImageObject","inLanguage":"de","@id":"https:\/\/parcbellevue.com\/de\/camping-palast-festivals-cannes\/#primaryimage","url":"https:\/\/parcbellevue.com\/wp-content\/uploads\/2023\/12\/camping-cannes.webp","contentUrl":"https:\/\/parcbellevue.com\/wp-content\/uploads\/2023\/12\/camping-cannes.webp","width":2000,"height":1500,"caption":"camping cannes"},{"@type":"BreadcrumbList","@id":"https:\/\/parcbellevue.com\/de\/camping-palast-festivals-cannes\/#breadcrumb","itemListElement":[{"@type":"ListItem","position":1,"name":"Camping Cannes","item":"https:\/\/parcbellevue.com\/de\/"},{"@type":"ListItem","position":2,"name":"Camping in der N\u00e4he des Palais des Festivals"}]},{"@type":"WebSite","@id":"https:\/\/parcbellevue.com\/#website","url":"https:\/\/parcbellevue.com\/","name":"Camping Parc Bellevue","description":"","publisher":{"@id":"https:\/\/parcbellevue.com\/#organization"},"potentialAction":[{"@type":"SearchAction","target":{"@type":"EntryPoint","urlTemplate":"https:\/\/parcbellevue.com\/?s={search_term_string}"},"query-input":{"@type":"PropertyValueSpecification","valueRequired":true,"valueName":"search_term_string"}}],"inLanguage":"de"},{"@type":"Organization","@id":"https:\/\/parcbellevue.com\/#organization","name":"Camping Parc Bellevue","url":"https:\/\/parcbellevue.com\/","logo":{"@type":"ImageObject","inLanguage":"de","@id":"https:\/\/parcbellevue.com\/#\/schema\/logo\/image\/","url":"https:\/\/parcbellevue.com\/wp-content\/uploads\/2022\/11\/cropped-logo-camping-parc-bellevue.png","contentUrl":"https:\/\/parcbellevue.com\/wp-content\/uploads\/2022\/11\/cropped-logo-camping-parc-bellevue.png","width":902,"height":904,"caption":"Camping Parc Bellevue"},"image":{"@id":"https:\/\/parcbellevue.com\/#\/schema\/logo\/image\/"}}]}},"_links":{"self":[{"href":"https:\/\/parcbellevue.com\/de\/wp-json\/wp\/v2\/pages\/3396","targetHints":{"allow":["GET"]}}],"collection":[{"href":"https:\/\/parcbellevue.com\/de\/wp-json\/wp\/v2\/pages"}],"about":[{"href":"https:\/\/parcbellevue.com\/de\/wp-json\/wp\/v2\/types\/page"}],"author":[{"embeddable":true,"href":"https:\/\/parcbellevue.com\/de\/wp-json\/wp\/v2\/users\/1"}],"replies":[{"embeddable":true,"href":"https:\/\/parcbellevue.com\/de\/wp-json\/wp\/v2\/comments?post=3396"}],"version-history":[{"count":3,"href":"https:\/\/parcbellevue.com\/de\/wp-json\/wp\/v2\/pages\/3396\/revisions"}],"predecessor-version":[{"id":5225,"href":"https:\/\/parcbellevue.com\/de\/wp-json\/wp\/v2\/pages\/3396\/revisions\/5225"}],"wp:featuredmedia":[{"embeddable":true,"href":"https:\/\/parcbellevue.com\/de\/wp-json\/wp\/v2\/media\/3852"}],"wp:attachment":[{"href":"https:\/\/parcbellevue.com\/de\/wp-json\/wp\/v2\/media?parent=3396"}],"wp:term":[{"taxonomy":"sujet","embeddable":true,"href":"https:\/\/parcbellevue.com\/de\/wp-json\/wp\/v2\/sujet?post=3396"}],"curies":[{"name":"wp","href":"https:\/\/api.w.org\/{rel}","templated":true}]}}