{"id":3376,"date":"2023-12-12T17:12:09","date_gmt":"2023-12-12T16:12:09","guid":{"rendered":"https:\/\/parcbellevue.com\/stockrestaurant\/"},"modified":"2025-12-17T10:48:13","modified_gmt":"2025-12-17T09:48:13","slug":"stockrestaurant","status":"publish","type":"page","link":"https:\/\/parcbellevue.com\/de\/stockrestaurant\/","title":{"rendered":"Das Restaurant"},"content":{"rendered":"<section id=\"ls-section-block_6f5315918ee6f66a616393717959cf83\" class=\"ls-section  page-titre\" >\r\n        <div class=\"container container--wide\">\r\n        \n\n<h1 class=\"ls__heading wp-block-heading has-text-align-center\"><strong> Das Restaurant des Campingplatzes Parc Bellevue Cannes<\/strong><\/h1>\n\n\n\n<div class=\"wp-block-columns are-vertically-aligned-center is-layout-flex wp-container-core-columns-is-layout-9d6595d7 wp-block-columns-is-layout-flex\">\n<div class=\"wp-block-column is-vertically-aligned-center is-layout-flow wp-block-column-is-layout-flow\">\n<p class=\"ls-paragraph has-text-align-left\">Unser Restaurant im Herzen des Campingplatzes empf\u00e4ngt Sie in einer freundlichen und herzlichen Atmosph\u00e4re. Genie\u00dfen Sie unsere abwechslungsreiche Speisekarte und unsere saisonalen \u00d6ffnungszeiten, um sich den ganzen Tag \u00fcber zu verw\u00f6hnen. <\/p>\n\n\n\n<p class=\"ls-paragraph\">\ud83d\udd52<strong> Unsere \u00d6ffnungszeiten<\/strong><\/p>\n\n\n\n<p class=\"ls-paragraph\">&#8211; <strong>Aprilferien &amp; Br\u00fcckentage im Mai<\/strong>: 8.00 &#8211; 14.00 Uhr und 18.00 &#8211; 22.30 Uhr<\/p>\n\n\n\n<ul class=\"ls-list ls-list-undefined wp-block-list\">\n<li><strong>Filmfestival (11\/05 bis 22\/05): <\/strong>8.00-11.00 Uhr und 18.30-23.00 Uhr<\/li>\n\n\n\n<li> <strong>Juni &amp; September<\/strong>: 6\/7 ge\u00f6ffnet, von 8.00 &#8211; 10.00 Uhr und 17.00 &#8211; 22.00 Uhr<\/li>\n<\/ul>\n\n\n\n<p class=\"ls-paragraph\">&#8211; <strong>Juli &amp; August<\/strong>: 7 Tage die Woche ge\u00f6ffnet, von 8.00 bis 23.00 Uhr<\/p>\n<\/div>\n\n\n\n<div class=\"wp-block-column is-vertically-aligned-center video-restaurant is-layout-flow wp-block-column-is-layout-flow\" style=\"flex-basis:393px\">\n<figure class=\"wp-block-embed is-type-video is-provider-youtube wp-block-embed-youtube wp-embed-aspect-9-16 wp-has-aspect-ratio\"><div class=\"wp-block-embed__wrapper\">\n<iframe loading=\"lazy\" title=\"\ud83c\udf74 Le Restaurant du Camping Parc Bellevue \u2013 C\u00f4te d\u2019Azur \ud83c\udf1e\" width=\"422\" height=\"750\" src=\"https:\/\/www.youtube.com\/embed\/vc2awOZR8KQ?feature=oembed\" frameborder=\"0\" allow=\"accelerometer; autoplay; clipboard-write; encrypted-media; gyroscope; picture-in-picture; web-share\" referrerpolicy=\"strict-origin-when-cross-origin\" allowfullscreen><\/iframe>\n<\/div><\/figure>\n<\/div>\n<\/div>\n\n\r\n    <\/div>\r\n<\/section><section id=\"ls-section-block_01c944a4e8a6bc54e9a48f6d34acb770\" class=\"ls-section  page-two home-third restaurant\" >\r\n        <div class=\"container container--full\">\r\n        \n\n<div class=\"wp-block-columns are-vertically-aligned-top is-layout-flex wp-container-core-columns-is-layout-9d6595d7 wp-block-columns-is-layout-flex\">\n<div class=\"wp-block-column is-vertically-aligned-top column-parallax is-layout-flow wp-block-column-is-layout-flow\">\n<figure class=\"wp-block-gallery has-nested-images columns-default is-cropped wp-block-gallery-1 is-layout-flex wp-block-gallery-is-layout-flex\">\n<figure class=\"wp-block-image size-full\"><a href=\"https:\/\/parcbellevue.com\/wp-content\/uploads\/2025\/11\/pizza-restaurant-bellevue.webp\"><img decoding=\"async\" width=\"1000\" height=\"1333\" data-id=\"5034\" src=\"https:\/\/parcbellevue.com\/wp-content\/uploads\/2025\/11\/pizza-restaurant-bellevue.webp\" alt=\"Pizza Restaurant Bellevue\" class=\"wp-image-5034\" srcset=\"https:\/\/parcbellevue.com\/wp-content\/uploads\/2025\/11\/pizza-restaurant-bellevue.webp 1000w, https:\/\/parcbellevue.com\/wp-content\/uploads\/2025\/11\/pizza-restaurant-bellevue-225x300.webp 225w, https:\/\/parcbellevue.com\/wp-content\/uploads\/2025\/11\/pizza-restaurant-bellevue-768x1024.webp 768w\" sizes=\"(max-width: 1000px) 100vw, 1000px\" \/><\/a><\/figure>\n\n\n\n<figure class=\"wp-block-image size-full\"><a href=\"https:\/\/parcbellevue.com\/wp-content\/uploads\/2025\/11\/IMG_1533.jpg\"><img decoding=\"async\" width=\"1088\" height=\"2127\" data-id=\"5028\" src=\"https:\/\/parcbellevue.com\/wp-content\/uploads\/2025\/11\/IMG_1533.jpg\" alt=\"Screenshot\" class=\"wp-image-5028\" srcset=\"https:\/\/parcbellevue.com\/wp-content\/uploads\/2025\/11\/IMG_1533.jpg 1088w, https:\/\/parcbellevue.com\/wp-content\/uploads\/2025\/11\/IMG_1533-153x300.jpg 153w, https:\/\/parcbellevue.com\/wp-content\/uploads\/2025\/11\/IMG_1533-524x1024.jpg 524w, https:\/\/parcbellevue.com\/wp-content\/uploads\/2025\/11\/IMG_1533-768x1501.jpg 768w, https:\/\/parcbellevue.com\/wp-content\/uploads\/2025\/11\/IMG_1533-786x1536.jpg 786w, https:\/\/parcbellevue.com\/wp-content\/uploads\/2025\/11\/IMG_1533-1048x2048.jpg 1048w\" sizes=\"(max-width: 1088px) 100vw, 1088px\" \/><\/a><\/figure>\n<\/figure>\n<\/div>\n\n\n\n<div class=\"wp-block-column is-vertically-aligned-top is-layout-flow wp-block-column-is-layout-flow\">\n<div class=\"wp-block-columns wp-block-columns__padding-right is-layout-flex wp-container-core-columns-is-layout-9d6595d7 wp-block-columns-is-layout-flex\">\n<div class=\"wp-block-column is-vertically-aligned-top is-layout-flow wp-block-column-is-layout-flow\">\n<h3 class=\"ls__heading wp-block-heading has-color-1-color has-text-color\"><strong>Der Morgen<\/strong><\/h3>\n\n\n\n<p class=\"ls-paragraph\">Beginnen Sie den Tag mit einem guten Fu\u00df mit unseren <strong>Fr\u00fchst\u00fccksangeboten<\/strong>: hei\u00dfe Getr\u00e4nke, Fruchts\u00e4fte, Schokoladenbrot, Croissants, frisches Baguette&#8230;<\/p>\n\n\n\n<h3 class=\"ls__heading wp-block-heading has-color-1-color has-text-color has-link-color wp-elements-aa2ee4935e0fd7c73cb2533115152883\"><strong>Mittag<\/strong><\/h3>\n\n\n\n<p class=\"ls-paragraph\"><strong>(W\u00e4hrend der Aprilferien, an den Br\u00fcckentagen im Mai und im Juli und August)<\/strong> Unsere <strong>Snackbar<\/strong> bietet Ihnen eine leckere Auswahl an <strong>warmen und kalten Sandwiches<\/strong>, <strong>frischen Salaten <\/strong>und schnellen Gerichten, die ideal sind, um schnell etwas zu essen, bevor Sie wieder die Aktivit\u00e4ten auf dem Campingplatz genie\u00dfen.<\/p>\n\n\n\n<h3 class=\"ls__heading wp-block-heading has-color-1-color has-text-color has-link-color wp-elements-fdf0ea654b00dff8c4479ed0091e2287\"><strong>Abend<\/strong><\/h3>\n\n\n\n<p class=\"ls-paragraph\">Entdecken Sie unsere <strong>Brasserie-Karte<\/strong> mit frischen und hausgemachten Gerichten:<\/p>\n\n\n\n<ul class=\"ls-list ls-list-undefined wp-block-list\">\n<li><strong>Knusprige Pizzas<\/strong><\/li>\n\n\n\n<li><strong>Gourmet-Nudeln<\/strong><\/li>\n\n\n\n<li><strong>Schmackhafte Burger<\/strong><\/li>\n\n\n\n<li><strong>Verschiedene Salate-<\/strong> <strong>Gegrilltes Fleisch<\/strong><\/li>\n<\/ul>\n<\/div>\n<\/div>\n<\/div>\n<\/div>\n\n\r\n    <\/div>\r\n<\/section><section id=\"ls-section-block_498ef1f4db57ef55c24979f35c91bb75\" class=\"ls-section  has-p-t p-t-0 has-p-b p-b-0\" >\r\n        <div class=\"container container--wide\">\r\n        \n\n<figure class=\"wp-block-gallery has-nested-images columns-default is-cropped wp-block-gallery-2 is-layout-flex wp-block-gallery-is-layout-flex\">\n<figure data-wp-context=\"{&quot;imageId&quot;:&quot;69e477d2b3de7&quot;}\" data-wp-interactive=\"core\/image\" data-wp-key=\"69e477d2b3de7\" class=\"wp-block-image size-large wp-lightbox-container\"><img decoding=\"async\" width=\"768\" height=\"1024\" data-wp-class--hide=\"state.isContentHidden\" data-wp-class--show=\"state.isContentVisible\" data-wp-init=\"callbacks.setButtonStyles\" data-wp-on--click=\"actions.showLightbox\" data-wp-on--load=\"callbacks.setButtonStyles\" data-wp-on-window--resize=\"callbacks.setButtonStyles\" data-id=\"5124\" src=\"https:\/\/parcbellevue.com\/wp-content\/uploads\/2025\/12\/IMG_8282_jpg-768x1024.webp\" alt=\"IMG 8282 jpg\" class=\"wp-image-5124\" srcset=\"https:\/\/parcbellevue.com\/wp-content\/uploads\/2025\/12\/IMG_8282_jpg-768x1024.webp 768w, https:\/\/parcbellevue.com\/wp-content\/uploads\/2025\/12\/IMG_8282_jpg-225x300.webp 225w, https:\/\/parcbellevue.com\/wp-content\/uploads\/2025\/12\/IMG_8282_jpg-1152x1536.webp 1152w, https:\/\/parcbellevue.com\/wp-content\/uploads\/2025\/12\/IMG_8282_jpg-1536x2048.webp 1536w, https:\/\/parcbellevue.com\/wp-content\/uploads\/2025\/12\/IMG_8282_jpg.webp 1920w\" sizes=\"(max-width: 768px) 100vw, 768px\" \/><button\n\t\t\tclass=\"lightbox-trigger\"\n\t\t\ttype=\"button\"\n\t\t\taria-haspopup=\"dialog\"\n\t\t\taria-label=\"Vergr\u00f6\u00dfern\"\n\t\t\tdata-wp-init=\"callbacks.initTriggerButton\"\n\t\t\tdata-wp-on--click=\"actions.showLightbox\"\n\t\t\tdata-wp-style--right=\"state.imageButtonRight\"\n\t\t\tdata-wp-style--top=\"state.imageButtonTop\"\n\t\t>\n\t\t\t<svg xmlns=\"http:\/\/www.w3.org\/2000\/svg\" width=\"12\" height=\"12\" fill=\"none\" viewBox=\"0 0 12 12\">\n\t\t\t\t<path fill=\"#fff\" d=\"M2 0a2 2 0 0 0-2 2v2h1.5V2a.5.5 0 0 1 .5-.5h2V0H2Zm2 10.5H2a.5.5 0 0 1-.5-.5V8H0v2a2 2 0 0 0 2 2h2v-1.5ZM8 12v-1.5h2a.5.5 0 0 0 .5-.5V8H12v2a2 2 0 0 1-2 2H8Zm2-12a2 2 0 0 1 2 2v2h-1.5V2a.5.5 0 0 0-.5-.5H8V0h2Z\" \/>\n\t\t\t<\/svg>\n\t\t<\/button><\/figure>\n\n\n\n<figure data-wp-context=\"{&quot;imageId&quot;:&quot;69e477d2b4182&quot;}\" data-wp-interactive=\"core\/image\" data-wp-key=\"69e477d2b4182\" class=\"wp-block-image size-large wp-lightbox-container\"><img decoding=\"async\" width=\"683\" height=\"1024\" data-wp-class--hide=\"state.isContentHidden\" data-wp-class--show=\"state.isContentVisible\" data-wp-init=\"callbacks.setButtonStyles\" data-wp-on--click=\"actions.showLightbox\" data-wp-on--load=\"callbacks.setButtonStyles\" data-wp-on-window--resize=\"callbacks.setButtonStyles\" data-id=\"5130\" src=\"https:\/\/parcbellevue.com\/wp-content\/uploads\/2025\/12\/IMG_7470-683x1024.webp\" alt=\"IMG 7470\" class=\"wp-image-5130\" srcset=\"https:\/\/parcbellevue.com\/wp-content\/uploads\/2025\/12\/IMG_7470-683x1024.webp 683w, https:\/\/parcbellevue.com\/wp-content\/uploads\/2025\/12\/IMG_7470-200x300.webp 200w, https:\/\/parcbellevue.com\/wp-content\/uploads\/2025\/12\/IMG_7470-768x1152.webp 768w, https:\/\/parcbellevue.com\/wp-content\/uploads\/2025\/12\/IMG_7470-1024x1536.webp 1024w, https:\/\/parcbellevue.com\/wp-content\/uploads\/2025\/12\/IMG_7470-1365x2048.webp 1365w, https:\/\/parcbellevue.com\/wp-content\/uploads\/2025\/12\/IMG_7470-scaled.webp 1707w\" sizes=\"(max-width: 683px) 100vw, 683px\" \/><button\n\t\t\tclass=\"lightbox-trigger\"\n\t\t\ttype=\"button\"\n\t\t\taria-haspopup=\"dialog\"\n\t\t\taria-label=\"Vergr\u00f6\u00dfern\"\n\t\t\tdata-wp-init=\"callbacks.initTriggerButton\"\n\t\t\tdata-wp-on--click=\"actions.showLightbox\"\n\t\t\tdata-wp-style--right=\"state.imageButtonRight\"\n\t\t\tdata-wp-style--top=\"state.imageButtonTop\"\n\t\t>\n\t\t\t<svg xmlns=\"http:\/\/www.w3.org\/2000\/svg\" width=\"12\" height=\"12\" fill=\"none\" viewBox=\"0 0 12 12\">\n\t\t\t\t<path fill=\"#fff\" d=\"M2 0a2 2 0 0 0-2 2v2h1.5V2a.5.5 0 0 1 .5-.5h2V0H2Zm2 10.5H2a.5.5 0 0 1-.5-.5V8H0v2a2 2 0 0 0 2 2h2v-1.5ZM8 12v-1.5h2a.5.5 0 0 0 .5-.5V8H12v2a2 2 0 0 1-2 2H8Zm2-12a2 2 0 0 1 2 2v2h-1.5V2a.5.5 0 0 0-.5-.5H8V0h2Z\" \/>\n\t\t\t<\/svg>\n\t\t<\/button><\/figure>\n\n\n\n<figure data-wp-context=\"{&quot;imageId&quot;:&quot;69e477d2b4372&quot;}\" data-wp-interactive=\"core\/image\" data-wp-key=\"69e477d2b4372\" class=\"wp-block-image size-large wp-lightbox-container\"><img decoding=\"async\" width=\"768\" height=\"1024\" data-wp-class--hide=\"state.isContentHidden\" data-wp-class--show=\"state.isContentVisible\" data-wp-init=\"callbacks.setButtonStyles\" data-wp-on--click=\"actions.showLightbox\" data-wp-on--load=\"callbacks.setButtonStyles\" data-wp-on-window--resize=\"callbacks.setButtonStyles\" data-id=\"5136\" src=\"https:\/\/parcbellevue.com\/wp-content\/uploads\/2025\/12\/IMG_8155-768x1024.webp\" alt=\"IMG 8155\" class=\"wp-image-5136\" srcset=\"https:\/\/parcbellevue.com\/wp-content\/uploads\/2025\/12\/IMG_8155-768x1024.webp 768w, https:\/\/parcbellevue.com\/wp-content\/uploads\/2025\/12\/IMG_8155-225x300.webp 225w, https:\/\/parcbellevue.com\/wp-content\/uploads\/2025\/12\/IMG_8155-1152x1536.webp 1152w, https:\/\/parcbellevue.com\/wp-content\/uploads\/2025\/12\/IMG_8155-1536x2048.webp 1536w, https:\/\/parcbellevue.com\/wp-content\/uploads\/2025\/12\/IMG_8155.webp 1920w\" sizes=\"(max-width: 768px) 100vw, 768px\" \/><button\n\t\t\tclass=\"lightbox-trigger\"\n\t\t\ttype=\"button\"\n\t\t\taria-haspopup=\"dialog\"\n\t\t\taria-label=\"Vergr\u00f6\u00dfern\"\n\t\t\tdata-wp-init=\"callbacks.initTriggerButton\"\n\t\t\tdata-wp-on--click=\"actions.showLightbox\"\n\t\t\tdata-wp-style--right=\"state.imageButtonRight\"\n\t\t\tdata-wp-style--top=\"state.imageButtonTop\"\n\t\t>\n\t\t\t<svg xmlns=\"http:\/\/www.w3.org\/2000\/svg\" width=\"12\" height=\"12\" fill=\"none\" viewBox=\"0 0 12 12\">\n\t\t\t\t<path fill=\"#fff\" d=\"M2 0a2 2 0 0 0-2 2v2h1.5V2a.5.5 0 0 1 .5-.5h2V0H2Zm2 10.5H2a.5.5 0 0 1-.5-.5V8H0v2a2 2 0 0 0 2 2h2v-1.5ZM8 12v-1.5h2a.5.5 0 0 0 .5-.5V8H12v2a2 2 0 0 1-2 2H8Zm2-12a2 2 0 0 1 2 2v2h-1.5V2a.5.5 0 0 0-.5-.5H8V0h2Z\" \/>\n\t\t\t<\/svg>\n\t\t<\/button><\/figure>\n<\/figure>\n\n\r\n    <\/div>\r\n<\/section><section id=\"ls-section-block_7b5624eb0c59cc819e9dcea5c6a9cf0e\" class=\"ls-section  home-fourth page-three has-background-image has-parallax\" >\r\n    <div class=\"ls-section__background-image opacity-100\"><img decoding=\"async\" src=\"https:\/\/parcbellevue.com\/wp-content\/uploads\/2025\/11\/plats-restaurant-bellevue-1.webp\" alt=\"Gerichte Restaurant Bellevue\"><\/div>    <div class=\"container container--full\">\r\n        \n\n<h2 class=\"ls__heading wp-block-heading has-text-align-center\">F\u00fcr noch mehr Geselligkeit<\/h2>\n\n\n\n<p class=\"ls-paragraph has-text-align-center\">Verpassen Sie nicht unsere <strong>Themenessen<\/strong>, die <strong>1 bis 2 Mal pro Woche<\/strong> stattfinden:<\/p>\n\n\n\n<p class=\"ls-paragraph has-text-align-center\">Riesenpaella \/ Muscheln mit Pommes frites \/ Grillabend \/ Tacos-Abend  <\/p>\n\n\n\n<p class=\"ls-paragraph has-text-align-center\">&#8230; und viele andere Gourmet-\u00dcberraschungen!<\/p>\n\n\n\n<p class=\"ls-paragraph has-text-align-center\">\ud83d\udc49 Ob Sie mit Ihrer Familie kommen oder mit Freunden oder als Paar kommen, unseres Restaurants ist der perfekte Ort, um eine gute Mahlzeit zu genie\u00dfen a17&gt; Mahlzeit zu teilen.<\/p>\n\n\r\n    <\/div>\r\n<\/section><section id=\"ls-section-block_25aacfcb79c1f4842ff90528c1f50fc3\" class=\"ls-section  has-m-t m-t-0 has-m-b m-b-0 has-m-l m-l-0 has-m-r m-r-0 has-p-t p-t-0 has-p-b p-b-0 has-p-l p-l-0 has-p-r p-r-0\" >\r\n        <div class=\"container \">\r\n        \n\n\r\n    <\/div>\r\n<\/section><section id=\"ls-section-block_d2b4225b662a96c29e91d3c2a69355f5\" class=\"ls-section  page-four column-parallax-reverse\" >\r\n        <div class=\"container container--wide\">\r\n        \n\n<div id=\"ls-heading ls-titre-div-block_fa2aa55352ff97082dcea796b1999181\" class=\"ls-titre-div aligncenter h2-like\" >\n    Entdecken Sie unsere Aktivit\u00e4ten und Animationen, den Wasserbereich und alle unsere Dienstleistungen<\/div>\n\n\n<div id=\"ls-maillage-block_b8dea46b56da73ed1e6fe0bf6356491f\" class=\"ls-maillage cta-style-normal\" data-rows=\"3\">\n    <div class=\"wp-block-columns\"><div class=\"wp-block-column\"><div class=\"ls-cta\">\n\n<a href=\"https:\/\/parcbellevue.com\/de\/familiencampingplatz-cannes\/\" target=\"\" rel=\"noopener\" class=\"ls-cta__link\">\n\n\t<div class=\"ls-cta__image\"><img decoding=\"async\" src=\"https:\/\/parcbellevue.com\/wp-content\/uploads\/2023\/11\/reception-camping-1-e1700229997995-edited.webp\" alt=\"rezeption camping\"><\/div>\n\t<div class=\"ls-cta__title\">\n\t\tDie Dienste\t<\/div>\n\n\t\n\t<span class=\"bellevue-arrow ls-cta__arrow\"><\/span>\n\n<\/a><\/div><\/div><div class=\"wp-block-column\"><div class=\"ls-cta\">\n\n<a href=\"https:\/\/parcbellevue.com\/de\/camping-schwimmbad-cannes\/\" target=\"\" rel=\"noopener\" class=\"ls-cta__link\">\n\n\t<div class=\"ls-cta__image\"><img decoding=\"async\" src=\"https:\/\/parcbellevue.com\/wp-content\/uploads\/2023\/11\/piscine-camping-cannes-parc-bellevue.webp\" alt=\"camping swimmingpool cannes\"><\/div>\n\t<div class=\"ls-cta__title\">\n\t\tWasserraum\t<\/div>\n\n\t\n\t<span class=\"bellevue-arrow ls-cta__arrow\"><\/span>\n\n<\/a><\/div><\/div><div class=\"wp-block-column\"><div class=\"ls-cta\">\n\n<a href=\"https:\/\/parcbellevue.com\/de\/camping-aktivitaeten-cannes\/\" target=\"\" rel=\"noopener\" class=\"ls-cta__link\">\n\n\t<div class=\"ls-cta__image\"><img decoding=\"async\" src=\"https:\/\/parcbellevue.com\/wp-content\/uploads\/2023\/11\/animation-parc-bellevue-camping-cannes.webp\" alt=\"animation-parc-bellevue-camping-cannes\"><\/div>\n\t<div class=\"ls-cta__title\">\n\t\tAktivit\u00e4ten und Animationen\t<\/div>\n\n\t\n\t<span class=\"bellevue-arrow ls-cta__arrow\"><\/span>\n\n<\/a><\/div><\/div><\/div><\/div>\n\r\n    <\/div>\r\n<\/section>","protected":false},"excerpt":{"rendered":"","protected":false},"author":1,"featured_media":5062,"parent":0,"menu_order":0,"comment_status":"closed","ping_status":"closed","template":"","meta":{"_acf_changed":false,"footnotes":""},"sujet":[],"class_list":["post-3376","page","type-page","status-publish","has-post-thumbnail","hentry"],"acf":[],"yoast_head":"<!-- This site is optimized with the Yoast SEO plugin v23.4 - https:\/\/yoast.com\/wordpress\/plugins\/seo\/ -->\n<title>Restaurant mit Themenessen in Cannes | Snack C\u00f4te d&#039;Azur<\/title>\n<meta name=\"description\" content=\"Genie\u00dfen Sie die Spezialit\u00e4ten der C\u00f4te d&#039;Azur in unserem Restaurant, Snack und teilen Sie einen geselligen Moment bei unseren exklusiven Themenessen.\" \/>\n<meta name=\"robots\" content=\"index, follow, max-snippet:-1, max-image-preview:large, max-video-preview:-1\" \/>\n<link rel=\"canonical\" href=\"https:\/\/parcbellevue.com\/de\/stockrestaurant\/\" \/>\n<meta property=\"og:locale\" content=\"de_DE\" \/>\n<meta property=\"og:type\" content=\"article\" \/>\n<meta property=\"og:title\" content=\"Restaurant mit Themenessen in Cannes | Snack C\u00f4te d&#039;Azur\" \/>\n<meta property=\"og:description\" content=\"Genie\u00dfen Sie die Spezialit\u00e4ten der C\u00f4te d&#039;Azur in unserem Restaurant, Snack und teilen Sie einen geselligen Moment bei unseren exklusiven Themenessen.\" \/>\n<meta property=\"og:url\" content=\"https:\/\/parcbellevue.com\/de\/stockrestaurant\/\" \/>\n<meta property=\"og:site_name\" content=\"Camping Parc Bellevue\" \/>\n<meta property=\"article:modified_time\" content=\"2025-12-17T09:48:13+00:00\" \/>\n<meta property=\"og:image\" content=\"https:\/\/parcbellevue.com\/wp-content\/uploads\/2025\/11\/plats-restaurant-bellevue-1-1024x742.webp\" \/>\n\t<meta property=\"og:image:width\" content=\"1024\" \/>\n\t<meta property=\"og:image:height\" content=\"742\" \/>\n\t<meta property=\"og:image:type\" content=\"image\/webp\" \/>\n<meta name=\"twitter:card\" content=\"summary_large_image\" \/>\n<meta name=\"twitter:label1\" content=\"Gesch\u00e4tzte Lesezeit\" \/>\n\t<meta name=\"twitter:data1\" content=\"1\u00a0Minute\" \/>\n<script type=\"application\/ld+json\" class=\"yoast-schema-graph\">{\"@context\":\"https:\/\/schema.org\",\"@graph\":[{\"@type\":\"WebPage\",\"@id\":\"https:\/\/parcbellevue.com\/de\/stockrestaurant\/\",\"url\":\"https:\/\/parcbellevue.com\/de\/stockrestaurant\/\",\"name\":\"Restaurant mit Themenessen in Cannes | Snack C\u00f4te d'Azur\",\"isPartOf\":{\"@id\":\"https:\/\/parcbellevue.com\/#website\"},\"primaryImageOfPage\":{\"@id\":\"https:\/\/parcbellevue.com\/de\/stockrestaurant\/#primaryimage\"},\"image\":{\"@id\":\"https:\/\/parcbellevue.com\/de\/stockrestaurant\/#primaryimage\"},\"thumbnailUrl\":\"https:\/\/parcbellevue.com\/wp-content\/uploads\/2025\/11\/plats-restaurant-bellevue-1.webp\",\"datePublished\":\"2023-12-12T16:12:09+00:00\",\"dateModified\":\"2025-12-17T09:48:13+00:00\",\"description\":\"Genie\u00dfen Sie die Spezialit\u00e4ten der C\u00f4te d'Azur in unserem Restaurant, Snack und teilen Sie einen geselligen Moment bei unseren exklusiven Themenessen.\",\"breadcrumb\":{\"@id\":\"https:\/\/parcbellevue.com\/de\/stockrestaurant\/#breadcrumb\"},\"inLanguage\":\"de\",\"potentialAction\":[{\"@type\":\"ReadAction\",\"target\":[\"https:\/\/parcbellevue.com\/de\/stockrestaurant\/\"]}]},{\"@type\":\"ImageObject\",\"inLanguage\":\"de\",\"@id\":\"https:\/\/parcbellevue.com\/de\/stockrestaurant\/#primaryimage\",\"url\":\"https:\/\/parcbellevue.com\/wp-content\/uploads\/2025\/11\/plats-restaurant-bellevue-1.webp\",\"contentUrl\":\"https:\/\/parcbellevue.com\/wp-content\/uploads\/2025\/11\/plats-restaurant-bellevue-1.webp\",\"width\":1920,\"height\":1392,\"caption\":\"Gerichte Restaurant Bellevue\"},{\"@type\":\"BreadcrumbList\",\"@id\":\"https:\/\/parcbellevue.com\/de\/stockrestaurant\/#breadcrumb\",\"itemListElement\":[{\"@type\":\"ListItem\",\"position\":1,\"name\":\"Camping Cannes\",\"item\":\"https:\/\/parcbellevue.com\/de\/\"},{\"@type\":\"ListItem\",\"position\":2,\"name\":\"Imbiss an der C\u00f4te d'Azur\"}]},{\"@type\":\"WebSite\",\"@id\":\"https:\/\/parcbellevue.com\/#website\",\"url\":\"https:\/\/parcbellevue.com\/\",\"name\":\"Camping Parc Bellevue\",\"description\":\"\",\"publisher\":{\"@id\":\"https:\/\/parcbellevue.com\/#organization\"},\"potentialAction\":[{\"@type\":\"SearchAction\",\"target\":{\"@type\":\"EntryPoint\",\"urlTemplate\":\"https:\/\/parcbellevue.com\/?s={search_term_string}\"},\"query-input\":{\"@type\":\"PropertyValueSpecification\",\"valueRequired\":true,\"valueName\":\"search_term_string\"}}],\"inLanguage\":\"de\"},{\"@type\":\"Organization\",\"@id\":\"https:\/\/parcbellevue.com\/#organization\",\"name\":\"Camping Parc Bellevue\",\"url\":\"https:\/\/parcbellevue.com\/\",\"logo\":{\"@type\":\"ImageObject\",\"inLanguage\":\"de\",\"@id\":\"https:\/\/parcbellevue.com\/#\/schema\/logo\/image\/\",\"url\":\"https:\/\/parcbellevue.com\/wp-content\/uploads\/2022\/11\/cropped-logo-camping-parc-bellevue.png\",\"contentUrl\":\"https:\/\/parcbellevue.com\/wp-content\/uploads\/2022\/11\/cropped-logo-camping-parc-bellevue.png\",\"width\":902,\"height\":904,\"caption\":\"Camping Parc Bellevue\"},\"image\":{\"@id\":\"https:\/\/parcbellevue.com\/#\/schema\/logo\/image\/\"}}]}<\/script>\n<!-- \/ Yoast SEO plugin. -->","yoast_head_json":{"title":"Restaurant mit Themenessen in Cannes | Snack C\u00f4te d'Azur","description":"Genie\u00dfen Sie die Spezialit\u00e4ten der C\u00f4te d'Azur in unserem Restaurant, Snack und teilen Sie einen geselligen Moment bei unseren exklusiven Themenessen.","robots":{"index":"index","follow":"follow","max-snippet":"max-snippet:-1","max-image-preview":"max-image-preview:large","max-video-preview":"max-video-preview:-1"},"canonical":"https:\/\/parcbellevue.com\/de\/stockrestaurant\/","og_locale":"de_DE","og_type":"article","og_title":"Restaurant mit Themenessen in Cannes | Snack C\u00f4te d'Azur","og_description":"Genie\u00dfen Sie die Spezialit\u00e4ten der C\u00f4te d'Azur in unserem Restaurant, Snack und teilen Sie einen geselligen Moment bei unseren exklusiven Themenessen.","og_url":"https:\/\/parcbellevue.com\/de\/stockrestaurant\/","og_site_name":"Camping Parc Bellevue","article_modified_time":"2025-12-17T09:48:13+00:00","og_image":[{"width":1024,"height":742,"url":"https:\/\/parcbellevue.com\/wp-content\/uploads\/2025\/11\/plats-restaurant-bellevue-1-1024x742.webp","type":"image\/webp"}],"twitter_card":"summary_large_image","twitter_misc":{"Gesch\u00e4tzte Lesezeit":"1\u00a0Minute"},"schema":{"@context":"https:\/\/schema.org","@graph":[{"@type":"WebPage","@id":"https:\/\/parcbellevue.com\/de\/stockrestaurant\/","url":"https:\/\/parcbellevue.com\/de\/stockrestaurant\/","name":"Restaurant mit Themenessen in Cannes | Snack C\u00f4te d'Azur","isPartOf":{"@id":"https:\/\/parcbellevue.com\/#website"},"primaryImageOfPage":{"@id":"https:\/\/parcbellevue.com\/de\/stockrestaurant\/#primaryimage"},"image":{"@id":"https:\/\/parcbellevue.com\/de\/stockrestaurant\/#primaryimage"},"thumbnailUrl":"https:\/\/parcbellevue.com\/wp-content\/uploads\/2025\/11\/plats-restaurant-bellevue-1.webp","datePublished":"2023-12-12T16:12:09+00:00","dateModified":"2025-12-17T09:48:13+00:00","description":"Genie\u00dfen Sie die Spezialit\u00e4ten der C\u00f4te d'Azur in unserem Restaurant, Snack und teilen Sie einen geselligen Moment bei unseren exklusiven Themenessen.","breadcrumb":{"@id":"https:\/\/parcbellevue.com\/de\/stockrestaurant\/#breadcrumb"},"inLanguage":"de","potentialAction":[{"@type":"ReadAction","target":["https:\/\/parcbellevue.com\/de\/stockrestaurant\/"]}]},{"@type":"ImageObject","inLanguage":"de","@id":"https:\/\/parcbellevue.com\/de\/stockrestaurant\/#primaryimage","url":"https:\/\/parcbellevue.com\/wp-content\/uploads\/2025\/11\/plats-restaurant-bellevue-1.webp","contentUrl":"https:\/\/parcbellevue.com\/wp-content\/uploads\/2025\/11\/plats-restaurant-bellevue-1.webp","width":1920,"height":1392,"caption":"Gerichte Restaurant Bellevue"},{"@type":"BreadcrumbList","@id":"https:\/\/parcbellevue.com\/de\/stockrestaurant\/#breadcrumb","itemListElement":[{"@type":"ListItem","position":1,"name":"Camping Cannes","item":"https:\/\/parcbellevue.com\/de\/"},{"@type":"ListItem","position":2,"name":"Imbiss an der C\u00f4te d'Azur"}]},{"@type":"WebSite","@id":"https:\/\/parcbellevue.com\/#website","url":"https:\/\/parcbellevue.com\/","name":"Camping Parc Bellevue","description":"","publisher":{"@id":"https:\/\/parcbellevue.com\/#organization"},"potentialAction":[{"@type":"SearchAction","target":{"@type":"EntryPoint","urlTemplate":"https:\/\/parcbellevue.com\/?s={search_term_string}"},"query-input":{"@type":"PropertyValueSpecification","valueRequired":true,"valueName":"search_term_string"}}],"inLanguage":"de"},{"@type":"Organization","@id":"https:\/\/parcbellevue.com\/#organization","name":"Camping Parc Bellevue","url":"https:\/\/parcbellevue.com\/","logo":{"@type":"ImageObject","inLanguage":"de","@id":"https:\/\/parcbellevue.com\/#\/schema\/logo\/image\/","url":"https:\/\/parcbellevue.com\/wp-content\/uploads\/2022\/11\/cropped-logo-camping-parc-bellevue.png","contentUrl":"https:\/\/parcbellevue.com\/wp-content\/uploads\/2022\/11\/cropped-logo-camping-parc-bellevue.png","width":902,"height":904,"caption":"Camping Parc Bellevue"},"image":{"@id":"https:\/\/parcbellevue.com\/#\/schema\/logo\/image\/"}}]}},"_links":{"self":[{"href":"https:\/\/parcbellevue.com\/de\/wp-json\/wp\/v2\/pages\/3376","targetHints":{"allow":["GET"]}}],"collection":[{"href":"https:\/\/parcbellevue.com\/de\/wp-json\/wp\/v2\/pages"}],"about":[{"href":"https:\/\/parcbellevue.com\/de\/wp-json\/wp\/v2\/types\/page"}],"author":[{"embeddable":true,"href":"https:\/\/parcbellevue.com\/de\/wp-json\/wp\/v2\/users\/1"}],"replies":[{"embeddable":true,"href":"https:\/\/parcbellevue.com\/de\/wp-json\/wp\/v2\/comments?post=3376"}],"version-history":[{"count":9,"href":"https:\/\/parcbellevue.com\/de\/wp-json\/wp\/v2\/pages\/3376\/revisions"}],"predecessor-version":[{"id":5153,"href":"https:\/\/parcbellevue.com\/de\/wp-json\/wp\/v2\/pages\/3376\/revisions\/5153"}],"wp:featuredmedia":[{"embeddable":true,"href":"https:\/\/parcbellevue.com\/de\/wp-json\/wp\/v2\/media\/5062"}],"wp:attachment":[{"href":"https:\/\/parcbellevue.com\/de\/wp-json\/wp\/v2\/media?parent=3376"}],"wp:term":[{"taxonomy":"sujet","embeddable":true,"href":"https:\/\/parcbellevue.com\/de\/wp-json\/wp\/v2\/sujet?post=3376"}],"curies":[{"name":"wp","href":"https:\/\/api.w.org\/{rel}","templated":true}]}}