{"id":3366,"date":"2023-12-12T17:10:27","date_gmt":"2023-12-12T16:10:27","guid":{"rendered":"https:\/\/parcbellevue.com\/camping-sportliche-aktivitaeten-kueste-azur\/"},"modified":"2025-01-15T11:38:03","modified_gmt":"2025-01-15T10:38:03","slug":"camping-sportliche-aktivitaeten-kueste-azur","status":"publish","type":"page","link":"https:\/\/parcbellevue.com\/de\/camping-sportliche-aktivitaeten-kueste-azur\/","title":{"rendered":"Sportliche Aktivit\u00e4ten rund um den Campingplatz"},"content":{"rendered":"<section id=\"ls-section-block_1192abd946a095c9fe57c17b125c42c1\" class=\"ls-section  page-titre\" >\r\n        <div class=\"container container--wide\">\r\n        \n\n<h1 class=\"ls__heading wp-block-heading has-text-align-center\">Alle sportlichen Aktivit\u00e4ten, die Sie an der C\u00f4te d&#8217;Azur unternehmen k\u00f6nnen<\/h1>\n\n\n\n<p class=\"ls-paragraph has-text-align-center\">Begeben Sie sich auf ein Abenteuer an der wundersch\u00f6nen C\u00f4te d&#8217;Azur, dem Paradies f\u00fcr einen Urlaub voller Action und unvergesslicher Erinnerungen. Egal, ob Ihr Aufenthalt kurz oder lang ist, es erwartet Sie eine Vielzahl an sportlichen Aktivit\u00e4ten, mit denen Sie die Region auf eine neue Art und Weise erkunden k\u00f6nnen.<\/p>\n\n\r\n    <\/div>\r\n<\/section><section id=\"ls-section-block_08b4547569791b7138b9f3a9f58d2522\" class=\"ls-section  home-second page-one\" >\r\n        <div class=\"container container--full\">\r\n        \n\n<div class=\"wp-block-columns is-layout-flex wp-container-core-columns-is-layout-9d6595d7 wp-block-columns-is-layout-flex\">\n<div class=\"wp-block-column is-layout-flow wp-block-column-is-layout-flow\" style=\"flex-basis:45%\">\n<h2 class=\"ls__heading wp-block-heading\">Die sch\u00f6nsten Wanderungen in der N\u00e4he von Cannes<\/h2>\n\n\n\n<p class=\"ls-paragraph\">Abgesehen von seinem ber\u00fchmten Filmfestival ist Cannes auch ein idealer Ausgangspunkt f\u00fcr tolle Besichtigungen und Spazierg\u00e4nge in der Natur. Staunen Sie \u00fcber die Landschaft auf dem <strong>Sentier<\/strong> <strong>du<\/strong> <strong>Littoral<\/strong>. Diese 5 km lange Strecke bietet Ihnen einen <strong>atemberaubenden Blick auf das Meer und die L\u00e9rins-Inseln<\/strong>. Da er f\u00fcr alle Wanderer zug\u00e4nglich ist, ist dies ein Ausflug, den Sie bei Ihrem Urlaub in Cannes nicht verpassen sollten.<\/p>\n\n\n\n<p class=\"ls-paragraph\">Verl\u00e4ngern Sie Ihr Abenteuer mit dem <strong>Croix des Gardes<\/strong>, einem <strong>80 Hektar gro\u00dfen Naturgebiet <\/strong>, das einen au\u00dfergew\u00f6hnlichen Panoramablick auf die Bucht von Cannes und die L\u00e9rins-Inseln bietet. Dort stehen verschiedene Wanderwege durch den Wald zur Verf\u00fcgung.<\/p>\n\n\n\n<p class=\"ls-paragraph\">Vergessen Sie nicht den <a href=\"https:\/\/provence-alpes-cotedazur.com\/decouvrir\/espaces-naturels\/parc-de-la-valmasque\/\" target=\"_blank\" rel=\"noreferrer noopener\">Parc Naturel de la Valmasque<\/a>, der sich in Mougins befindet und eine Fl\u00e4che von <strong>430 Hektar<\/strong> umfasst. Er eignet sich perfekt f\u00fcr Wanderungen und Picknicks mit der Familie und bietet mehrere <strong>markierte Wanderwege<\/strong>, auf denen Sie die Wunder der lokalen Flora und Fauna entdecken k\u00f6nnen.<\/p>\n\n\n\n<p class=\"ls-paragraph addReadMore showlesscontent\">Au\u00dferdem sind der Chemin <strong>des Douaniers und die Pointe de l&#8217;Aiguille<\/strong> mit ihrem Panoramablick auf das Meer und die L\u00e9rins-Inseln Optionen, die Sie sich bei Ihrem Aufenthalt in Cannes nicht entgehen lassen sollten.<\/p>\n<\/div>\n\n\n\n<div class=\"wp-block-column column-parallax is-layout-flow wp-block-column-is-layout-flow\" style=\"flex-basis:55%\">\n<figure class=\"wp-block-image size-full animated fadeInRight delay-100ms slow\"><a href=\"https:\/\/parcbellevue.com\/wp-content\/uploads\/2023\/11\/lac-des-merveilles2_resultat.webp\"><img decoding=\"async\" width=\"1920\" height=\"1440\" src=\"https:\/\/parcbellevue.com\/wp-content\/uploads\/2023\/11\/lac-des-merveilles2_resultat.webp\" alt=\"Wundersee2 ergebnis\" class=\"wp-image-2875\" srcset=\"https:\/\/parcbellevue.com\/wp-content\/uploads\/2023\/11\/lac-des-merveilles2_resultat.webp 1920w, https:\/\/parcbellevue.com\/wp-content\/uploads\/2023\/11\/lac-des-merveilles2_resultat-300x225.webp 300w, https:\/\/parcbellevue.com\/wp-content\/uploads\/2023\/11\/lac-des-merveilles2_resultat-1024x768.webp 1024w, https:\/\/parcbellevue.com\/wp-content\/uploads\/2023\/11\/lac-des-merveilles2_resultat-768x576.webp 768w, https:\/\/parcbellevue.com\/wp-content\/uploads\/2023\/11\/lac-des-merveilles2_resultat-1536x1152.webp 1536w\" sizes=\"(max-width: 1920px) 100vw, 1920px\" \/><\/a><\/figure>\n<\/div>\n<\/div>\n\n\r\n    <\/div>\r\n<\/section><section id=\"ls-section-block_9d23d533ecbbbb16287000b6ac547e28\" class=\"ls-section  home-third page-two\" >\r\n        <div class=\"container container--full\">\r\n        \n\n<div class=\"wp-block-columns are-vertically-aligned-top is-layout-flex wp-container-core-columns-is-layout-9d6595d7 wp-block-columns-is-layout-flex\">\n<div class=\"wp-block-column is-vertically-aligned-top column-parallax is-layout-flow wp-block-column-is-layout-flow\">\n<figure class=\"wp-block-gallery has-nested-images columns-default is-cropped wp-block-gallery-1 is-layout-flex wp-block-gallery-is-layout-flex\">\n<figure class=\"wp-block-image size-full animated fadeIn delay-100ms slow\"><a href=\"https:\/\/parcbellevue.com\/wp-content\/uploads\/2023\/11\/visiter-iles-de-lerin.webp\"><img decoding=\"async\" width=\"2000\" height=\"1500\" data-id=\"2844\" src=\"https:\/\/parcbellevue.com\/wp-content\/uploads\/2023\/11\/visiter-iles-de-lerin.webp\" alt=\"besuch der inseln von lerin\" class=\"wp-image-2844\" srcset=\"https:\/\/parcbellevue.com\/wp-content\/uploads\/2023\/11\/visiter-iles-de-lerin.webp 2000w, https:\/\/parcbellevue.com\/wp-content\/uploads\/2023\/11\/visiter-iles-de-lerin-300x225.webp 300w, https:\/\/parcbellevue.com\/wp-content\/uploads\/2023\/11\/visiter-iles-de-lerin-1024x768.webp 1024w, https:\/\/parcbellevue.com\/wp-content\/uploads\/2023\/11\/visiter-iles-de-lerin-768x576.webp 768w, https:\/\/parcbellevue.com\/wp-content\/uploads\/2023\/11\/visiter-iles-de-lerin-1536x1152.webp 1536w\" sizes=\"(max-width: 2000px) 100vw, 2000px\" \/><\/a><\/figure>\n\n\n\n<figure class=\"wp-block-image size-full animated fadeIn delay-500ms slow\"><a href=\"https:\/\/parcbellevue.com\/wp-content\/uploads\/2023\/11\/tourisme-iles-de-lerin-1-e1700231743606.webp\"><img decoding=\"async\" width=\"2000\" height=\"1396\" data-id=\"2808\" src=\"https:\/\/parcbellevue.com\/wp-content\/uploads\/2023\/11\/tourisme-iles-de-lerin-1-e1700231743606.webp\" alt=\"tourismus lerin inseln\" class=\"wp-image-2808\" srcset=\"https:\/\/parcbellevue.com\/wp-content\/uploads\/2023\/11\/tourisme-iles-de-lerin-1-e1700231743606.webp 2000w, https:\/\/parcbellevue.com\/wp-content\/uploads\/2023\/11\/tourisme-iles-de-lerin-1-e1700231743606-300x209.webp 300w, https:\/\/parcbellevue.com\/wp-content\/uploads\/2023\/11\/tourisme-iles-de-lerin-1-e1700231743606-1024x715.webp 1024w, https:\/\/parcbellevue.com\/wp-content\/uploads\/2023\/11\/tourisme-iles-de-lerin-1-e1700231743606-768x536.webp 768w, https:\/\/parcbellevue.com\/wp-content\/uploads\/2023\/11\/tourisme-iles-de-lerin-1-e1700231743606-1536x1072.webp 1536w\" sizes=\"(max-width: 2000px) 100vw, 2000px\" \/><\/a><\/figure>\n<\/figure>\n<\/div>\n\n\n\n<div class=\"wp-block-column is-vertically-aligned-top is-layout-flow wp-block-column-is-layout-flow\">\n<div class=\"wp-block-columns are-vertically-aligned-center wp-block-columns__padding-right is-layout-flex wp-container-core-columns-is-layout-9d6595d7 wp-block-columns-is-layout-flex\">\n<div class=\"wp-block-column is-vertically-aligned-center is-layout-flow wp-block-column-is-layout-flow\">\n<h2 class=\"ls__heading wp-block-heading has-color-3-color has-text-color\">Wassersportaktivit\u00e4ten in Cannes<\/h2>\n\n\n\n<p class=\"ls-paragraph\">Die C\u00f4te d&#8217;Azur ist auch ein beliebtes Ziel f\u00fcr Liebhaber von<strong>Wassersportaktivit\u00e4ten<\/strong>. Cannes ist ein fantastischer Spielplatz f\u00fcr Liebhaber von<strong> Wasseraktivit\u00e4ten<\/strong>. <\/p>\n\n\n\n<p class=\"ls-paragraph\">Unabh\u00e4ngig von Ihrem Niveau garantiert Ihnen Cannes ein einzigartiges Erlebnis, die das Vergn\u00fcgen des Wassers mit dem Adrenalin des Abenteuers verbindet. Z\u00f6gern Sie also nicht, bei Ihrem n\u00e4chsten Urlaub in die Atmosph\u00e4re von Cannes einzutauchen.<\/p>\n\n\n\n<p class=\"ls-paragraph\">Bereiten Sie sich auf einen Aufenthalt voller Abenteuer und unvergesslicher Entdeckungen an der C\u00f4te d&#8217;Azur vor! Buchen Sie jetzt Ihren n\u00e4chsten Urlaub auf dem <a href=\"https:\/\/parcbellevue.com\/de\/\">Campingplatz Parc Bellevue in Cannes<\/a>, um all diese <strong>Familien- und Sportaktivit\u00e4ten<\/strong> zu genie\u00dfen!<\/p>\n<\/div>\n<\/div>\n<\/div>\n<\/div>\n\n\r\n    <\/div>\r\n<\/section><section id=\"ls-section-block_b9ef49197812e9269c6c9938cfdc2477\" class=\"ls-section  page-four column-parallax-reverse\" >\r\n        <div class=\"container container--wide\">\r\n        \n\n<div id=\"ls-heading ls-titre-div-block_b6585dbe1e6e27fdbc712b78a593deec\" class=\"ls-titre-div aligncenter h2-like\" >\n    Entdecken Sie auch<\/div>\n\n\n<div id=\"ls-maillage-block_169b196f5c18d0eeacec14ecb9a36fba\" class=\"ls-maillage cta-style-normal\" data-rows=\"3\">\n    <div class=\"wp-block-columns\"><div class=\"wp-block-column\"><div class=\"ls-cta\">\n\n<a href=\"https:\/\/parcbellevue.com\/de\/camping-in-der-naehe-von-lerins-inseln\/\" target=\"\" rel=\"noopener\" class=\"ls-cta__link\">\n\n\t<div class=\"ls-cta__image\"><img decoding=\"async\" src=\"https:\/\/parcbellevue.com\/wp-content\/uploads\/2023\/11\/Forteresse_sur_la_mer.webp\" alt=\"die lerinsinseln besuchen\"><\/div>\n\t<div class=\"ls-cta__title\">\n\t\tDie L\u00e9rins-Inseln\t<\/div>\n\n\t\n\t<span class=\"bellevue-arrow ls-cta__arrow\"><\/span>\n\n<\/a><\/div><\/div><div class=\"wp-block-column\"><div class=\"ls-cta\">\n\n<a href=\"https:\/\/parcbellevue.com\/de\/camping-palast-festivals-cannes\/\" target=\"\" rel=\"noopener\" class=\"ls-cta__link\">\n\n\t<div class=\"ls-cta__image\"><img decoding=\"async\" src=\"https:\/\/parcbellevue.com\/wp-content\/uploads\/2023\/10\/palais-des-festivals-cannes-camping-parc-bellevue.webp\" alt=\"unterkunft festival de cannes\"><\/div>\n\t<div class=\"ls-cta__title\">\n\t\tDer Festivalpalast\t<\/div>\n\n\t\n\t<span class=\"bellevue-arrow ls-cta__arrow\"><\/span>\n\n<\/a><\/div><\/div><div class=\"wp-block-column\"><div class=\"ls-cta\">\n\n<a href=\"https:\/\/parcbellevue.com\/de\/tourismus-kote-azur\/\" target=\"\" rel=\"noopener\" class=\"ls-cta__link\">\n\n\t<div class=\"ls-cta__image\"><img decoding=\"async\" src=\"https:\/\/parcbellevue.com\/wp-content\/uploads\/2023\/11\/menton-7093335_1920-1.webp\" alt=\"Kinn\"><\/div>\n\t<div class=\"ls-cta__title\">\n\t\tSehensw\u00fcrdigkeiten in der N\u00e4he von Cannes\t<\/div>\n\n\t\n\t<span class=\"bellevue-arrow ls-cta__arrow\"><\/span>\n\n<\/a><\/div><\/div><\/div><\/div>\n\r\n    <\/div>\r\n<\/section>","protected":false},"excerpt":{"rendered":"","protected":false},"author":1,"featured_media":2905,"parent":0,"menu_order":0,"comment_status":"closed","ping_status":"closed","template":"","meta":{"_acf_changed":false,"footnotes":""},"sujet":[],"class_list":["post-3366","page","type-page","status-publish","has-post-thumbnail","hentry"],"acf":[],"yoast_head":"<!-- This site is optimized with the Yoast SEO plugin v23.4 - https:\/\/yoast.com\/wordpress\/plugins\/seo\/ -->\n<title>Wassersportaktivit\u00e4ten an der C\u00f4te d&#039;Azur | Sportliche Aktivit\u00e4ten an der C\u00f4te d&#039;Azur<\/title>\n<meta name=\"robots\" content=\"index, follow, max-snippet:-1, max-image-preview:large, max-video-preview:-1\" \/>\n<link rel=\"canonical\" href=\"https:\/\/parcbellevue.com\/de\/camping-sportliche-aktivitaeten-kueste-azur\/\" \/>\n<meta property=\"og:locale\" content=\"de_DE\" \/>\n<meta property=\"og:type\" content=\"article\" \/>\n<meta property=\"og:title\" content=\"Wassersportaktivit\u00e4ten an der C\u00f4te d&#039;Azur | Sportliche Aktivit\u00e4ten an der C\u00f4te d&#039;Azur\" \/>\n<meta property=\"og:url\" content=\"https:\/\/parcbellevue.com\/de\/camping-sportliche-aktivitaeten-kueste-azur\/\" \/>\n<meta property=\"og:site_name\" content=\"Camping Parc Bellevue\" \/>\n<meta property=\"article:modified_time\" content=\"2025-01-15T10:38:03+00:00\" \/>\n<meta property=\"og:image\" content=\"https:\/\/parcbellevue.com\/wp-content\/uploads\/2023\/11\/ivan-ragozin-bncjsl7jbve-unsplash_resultat.webp\" \/>\n\t<meta property=\"og:image:width\" content=\"1920\" \/>\n\t<meta property=\"og:image:height\" content=\"1279\" \/>\n\t<meta property=\"og:image:type\" content=\"image\/webp\" \/>\n<meta name=\"twitter:card\" content=\"summary_large_image\" \/>\n<meta name=\"twitter:label1\" content=\"Gesch\u00e4tzte Lesezeit\" \/>\n\t<meta name=\"twitter:data1\" content=\"2\u00a0Minuten\" \/>\n<script type=\"application\/ld+json\" class=\"yoast-schema-graph\">{\"@context\":\"https:\/\/schema.org\",\"@graph\":[{\"@type\":\"WebPage\",\"@id\":\"https:\/\/parcbellevue.com\/de\/camping-sportliche-aktivitaeten-kueste-azur\/\",\"url\":\"https:\/\/parcbellevue.com\/de\/camping-sportliche-aktivitaeten-kueste-azur\/\",\"name\":\"Wassersportaktivit\u00e4ten an der C\u00f4te d'Azur | Sportliche Aktivit\u00e4ten an der C\u00f4te d'Azur\",\"isPartOf\":{\"@id\":\"https:\/\/parcbellevue.com\/#website\"},\"primaryImageOfPage\":{\"@id\":\"https:\/\/parcbellevue.com\/de\/camping-sportliche-aktivitaeten-kueste-azur\/#primaryimage\"},\"image\":{\"@id\":\"https:\/\/parcbellevue.com\/de\/camping-sportliche-aktivitaeten-kueste-azur\/#primaryimage\"},\"thumbnailUrl\":\"https:\/\/parcbellevue.com\/wp-content\/uploads\/2023\/11\/ivan-ragozin-bncjsl7jbve-unsplash_resultat.webp\",\"datePublished\":\"2023-12-12T16:10:27+00:00\",\"dateModified\":\"2025-01-15T10:38:03+00:00\",\"breadcrumb\":{\"@id\":\"https:\/\/parcbellevue.com\/de\/camping-sportliche-aktivitaeten-kueste-azur\/#breadcrumb\"},\"inLanguage\":\"de\",\"potentialAction\":[{\"@type\":\"ReadAction\",\"target\":[\"https:\/\/parcbellevue.com\/de\/camping-sportliche-aktivitaeten-kueste-azur\/\"]}]},{\"@type\":\"ImageObject\",\"inLanguage\":\"de\",\"@id\":\"https:\/\/parcbellevue.com\/de\/camping-sportliche-aktivitaeten-kueste-azur\/#primaryimage\",\"url\":\"https:\/\/parcbellevue.com\/wp-content\/uploads\/2023\/11\/ivan-ragozin-bncjsl7jbve-unsplash_resultat.webp\",\"contentUrl\":\"https:\/\/parcbellevue.com\/wp-content\/uploads\/2023\/11\/ivan-ragozin-bncjsl7jbve-unsplash_resultat.webp\",\"width\":1920,\"height\":1279,\"caption\":\"vue-l\u00e9rins\"},{\"@type\":\"BreadcrumbList\",\"@id\":\"https:\/\/parcbellevue.com\/de\/camping-sportliche-aktivitaeten-kueste-azur\/#breadcrumb\",\"itemListElement\":[{\"@type\":\"ListItem\",\"position\":1,\"name\":\"Camping Cannes\",\"item\":\"https:\/\/parcbellevue.com\/de\/\"},{\"@type\":\"ListItem\",\"position\":2,\"name\":\"Campingplatz in der N\u00e4he von Sportaktivit\u00e4ten an der C\u00f4te d'Azur\"}]},{\"@type\":\"WebSite\",\"@id\":\"https:\/\/parcbellevue.com\/#website\",\"url\":\"https:\/\/parcbellevue.com\/\",\"name\":\"Camping Parc Bellevue\",\"description\":\"\",\"publisher\":{\"@id\":\"https:\/\/parcbellevue.com\/#organization\"},\"potentialAction\":[{\"@type\":\"SearchAction\",\"target\":{\"@type\":\"EntryPoint\",\"urlTemplate\":\"https:\/\/parcbellevue.com\/?s={search_term_string}\"},\"query-input\":{\"@type\":\"PropertyValueSpecification\",\"valueRequired\":true,\"valueName\":\"search_term_string\"}}],\"inLanguage\":\"de\"},{\"@type\":\"Organization\",\"@id\":\"https:\/\/parcbellevue.com\/#organization\",\"name\":\"Camping Parc Bellevue\",\"url\":\"https:\/\/parcbellevue.com\/\",\"logo\":{\"@type\":\"ImageObject\",\"inLanguage\":\"de\",\"@id\":\"https:\/\/parcbellevue.com\/#\/schema\/logo\/image\/\",\"url\":\"https:\/\/parcbellevue.com\/wp-content\/uploads\/2022\/11\/cropped-logo-camping-parc-bellevue.png\",\"contentUrl\":\"https:\/\/parcbellevue.com\/wp-content\/uploads\/2022\/11\/cropped-logo-camping-parc-bellevue.png\",\"width\":902,\"height\":904,\"caption\":\"Camping Parc Bellevue\"},\"image\":{\"@id\":\"https:\/\/parcbellevue.com\/#\/schema\/logo\/image\/\"}}]}<\/script>\n<!-- \/ Yoast SEO plugin. -->","yoast_head_json":{"title":"Wassersportaktivit\u00e4ten an der C\u00f4te d'Azur | Sportliche Aktivit\u00e4ten an der C\u00f4te d'Azur","robots":{"index":"index","follow":"follow","max-snippet":"max-snippet:-1","max-image-preview":"max-image-preview:large","max-video-preview":"max-video-preview:-1"},"canonical":"https:\/\/parcbellevue.com\/de\/camping-sportliche-aktivitaeten-kueste-azur\/","og_locale":"de_DE","og_type":"article","og_title":"Wassersportaktivit\u00e4ten an der C\u00f4te d'Azur | Sportliche Aktivit\u00e4ten an der C\u00f4te d'Azur","og_url":"https:\/\/parcbellevue.com\/de\/camping-sportliche-aktivitaeten-kueste-azur\/","og_site_name":"Camping Parc Bellevue","article_modified_time":"2025-01-15T10:38:03+00:00","og_image":[{"width":1920,"height":1279,"url":"https:\/\/parcbellevue.com\/wp-content\/uploads\/2023\/11\/ivan-ragozin-bncjsl7jbve-unsplash_resultat.webp","type":"image\/webp"}],"twitter_card":"summary_large_image","twitter_misc":{"Gesch\u00e4tzte Lesezeit":"2\u00a0Minuten"},"schema":{"@context":"https:\/\/schema.org","@graph":[{"@type":"WebPage","@id":"https:\/\/parcbellevue.com\/de\/camping-sportliche-aktivitaeten-kueste-azur\/","url":"https:\/\/parcbellevue.com\/de\/camping-sportliche-aktivitaeten-kueste-azur\/","name":"Wassersportaktivit\u00e4ten an der C\u00f4te d'Azur | Sportliche Aktivit\u00e4ten an der C\u00f4te d'Azur","isPartOf":{"@id":"https:\/\/parcbellevue.com\/#website"},"primaryImageOfPage":{"@id":"https:\/\/parcbellevue.com\/de\/camping-sportliche-aktivitaeten-kueste-azur\/#primaryimage"},"image":{"@id":"https:\/\/parcbellevue.com\/de\/camping-sportliche-aktivitaeten-kueste-azur\/#primaryimage"},"thumbnailUrl":"https:\/\/parcbellevue.com\/wp-content\/uploads\/2023\/11\/ivan-ragozin-bncjsl7jbve-unsplash_resultat.webp","datePublished":"2023-12-12T16:10:27+00:00","dateModified":"2025-01-15T10:38:03+00:00","breadcrumb":{"@id":"https:\/\/parcbellevue.com\/de\/camping-sportliche-aktivitaeten-kueste-azur\/#breadcrumb"},"inLanguage":"de","potentialAction":[{"@type":"ReadAction","target":["https:\/\/parcbellevue.com\/de\/camping-sportliche-aktivitaeten-kueste-azur\/"]}]},{"@type":"ImageObject","inLanguage":"de","@id":"https:\/\/parcbellevue.com\/de\/camping-sportliche-aktivitaeten-kueste-azur\/#primaryimage","url":"https:\/\/parcbellevue.com\/wp-content\/uploads\/2023\/11\/ivan-ragozin-bncjsl7jbve-unsplash_resultat.webp","contentUrl":"https:\/\/parcbellevue.com\/wp-content\/uploads\/2023\/11\/ivan-ragozin-bncjsl7jbve-unsplash_resultat.webp","width":1920,"height":1279,"caption":"vue-l\u00e9rins"},{"@type":"BreadcrumbList","@id":"https:\/\/parcbellevue.com\/de\/camping-sportliche-aktivitaeten-kueste-azur\/#breadcrumb","itemListElement":[{"@type":"ListItem","position":1,"name":"Camping Cannes","item":"https:\/\/parcbellevue.com\/de\/"},{"@type":"ListItem","position":2,"name":"Campingplatz in der N\u00e4he von Sportaktivit\u00e4ten an der C\u00f4te d'Azur"}]},{"@type":"WebSite","@id":"https:\/\/parcbellevue.com\/#website","url":"https:\/\/parcbellevue.com\/","name":"Camping Parc Bellevue","description":"","publisher":{"@id":"https:\/\/parcbellevue.com\/#organization"},"potentialAction":[{"@type":"SearchAction","target":{"@type":"EntryPoint","urlTemplate":"https:\/\/parcbellevue.com\/?s={search_term_string}"},"query-input":{"@type":"PropertyValueSpecification","valueRequired":true,"valueName":"search_term_string"}}],"inLanguage":"de"},{"@type":"Organization","@id":"https:\/\/parcbellevue.com\/#organization","name":"Camping Parc Bellevue","url":"https:\/\/parcbellevue.com\/","logo":{"@type":"ImageObject","inLanguage":"de","@id":"https:\/\/parcbellevue.com\/#\/schema\/logo\/image\/","url":"https:\/\/parcbellevue.com\/wp-content\/uploads\/2022\/11\/cropped-logo-camping-parc-bellevue.png","contentUrl":"https:\/\/parcbellevue.com\/wp-content\/uploads\/2022\/11\/cropped-logo-camping-parc-bellevue.png","width":902,"height":904,"caption":"Camping Parc Bellevue"},"image":{"@id":"https:\/\/parcbellevue.com\/#\/schema\/logo\/image\/"}}]}},"_links":{"self":[{"href":"https:\/\/parcbellevue.com\/de\/wp-json\/wp\/v2\/pages\/3366","targetHints":{"allow":["GET"]}}],"collection":[{"href":"https:\/\/parcbellevue.com\/de\/wp-json\/wp\/v2\/pages"}],"about":[{"href":"https:\/\/parcbellevue.com\/de\/wp-json\/wp\/v2\/types\/page"}],"author":[{"embeddable":true,"href":"https:\/\/parcbellevue.com\/de\/wp-json\/wp\/v2\/users\/1"}],"replies":[{"embeddable":true,"href":"https:\/\/parcbellevue.com\/de\/wp-json\/wp\/v2\/comments?post=3366"}],"version-history":[{"count":3,"href":"https:\/\/parcbellevue.com\/de\/wp-json\/wp\/v2\/pages\/3366\/revisions"}],"predecessor-version":[{"id":4034,"href":"https:\/\/parcbellevue.com\/de\/wp-json\/wp\/v2\/pages\/3366\/revisions\/4034"}],"wp:featuredmedia":[{"embeddable":true,"href":"https:\/\/parcbellevue.com\/de\/wp-json\/wp\/v2\/media\/2905"}],"wp:attachment":[{"href":"https:\/\/parcbellevue.com\/de\/wp-json\/wp\/v2\/media?parent=3366"}],"wp:term":[{"taxonomy":"sujet","embeddable":true,"href":"https:\/\/parcbellevue.com\/de\/wp-json\/wp\/v2\/sujet?post=3366"}],"curies":[{"name":"wp","href":"https:\/\/api.w.org\/{rel}","templated":true}]}}