{"id":3356,"date":"2023-12-12T17:09:30","date_gmt":"2023-12-12T16:09:30","guid":{"rendered":"https:\/\/parcbellevue.com\/camping-in-der-naehe-von-lerins-inseln\/"},"modified":"2024-03-18T14:28:30","modified_gmt":"2024-03-18T13:28:30","slug":"camping-in-der-naehe-von-lerins-inseln","status":"publish","type":"page","link":"https:\/\/parcbellevue.com\/de\/camping-in-der-naehe-von-lerins-inseln\/","title":{"rendered":"Die L\u00e9rins-Inseln"},"content":{"rendered":"<section id=\"ls-section-block_55f5b48e09dd625c5682db03f43355c1\" class=\"ls-section  page-titre\" >\r\n        <div class=\"container container--wide\">\r\n        \n\n<h1 class=\"ls__heading wp-block-heading has-text-align-center\">Campingplatz in der N\u00e4he der L\u00e9rins-Inseln<\/h1>\n\n\r\n    <\/div>\r\n<\/section><section id=\"ls-section-block_f7c2b1f61ef8b0a535be93cd914b280e\" class=\"ls-section  home-second page-one\" >\r\n        <div class=\"container container--full\">\r\n        \n\n<div class=\"wp-block-columns is-layout-flex wp-container-core-columns-is-layout-9d6595d7 wp-block-columns-is-layout-flex\">\n<div class=\"wp-block-column is-layout-flow wp-block-column-is-layout-flow\" style=\"flex-basis:45%\">\n<h2 class=\"ls__heading wp-block-heading\">Abwechslung auf den L\u00e9rins-Inseln<\/h2>\n\n\n\n<p class=\"ls-paragraph\">Tr\u00e4umen Sie von einem einzigartigen und unvergesslichen Kurzurlaub? Erkunden Sie die <a href=\"https:\/\/www.cannes.com\/fr\/cadre-de-vie\/plages-mer-nautisme\/iles-de-lerins.html\" target=\"_blank\" rel=\"noreferrer noopener\">L\u00e9rins-Inseln<\/a>, die sich in der N\u00e4he des Campingplatzes befinden!  <\/p>\n\n\n\n<p class=\"ls-paragraph\">Gegen\u00fcber der Bucht von Cannes und dem Esterel-Massiv liegen die L\u00e9rins-Inseln, die aus <strong>Sainte-Marguerite und Saint-Honorat<\/strong> bestehen. Sie sind eine Oase der Ruhe f\u00fcr Natur- und Geschichtsliebhaber.<\/p>\n\n\n\n<p class=\"ls-paragraph\">Diese Inseln sind <strong>gesch\u00fctzte und unber\u00fchrte Gebiete<\/strong> mit einer <strong>au\u00dfergew\u00f6hnlichen Flora und Fauna<\/strong> sowie einer faszinierenden Geschichte, in der sich die <strong>Geheimnisse der Eisernen Maske <\/strong>mit der Gelassenheit der <strong>Zisterzienserm\u00f6nche<\/strong> vermischen.<br\/>F\u00fcr einen traumhaften Aufenthalt sollten Sie unbedingt diese Inseln besuchen. Sie sind mit regelm\u00e4\u00dfigen<strong> Schiffspendelfahrten <\/strong>von Cannes aus leicht zu erreichen. Planen Sie Ihren Urlaub und erkunden Sie diesen Schatz an der C\u00f4te d&#8217;Azur!<\/p>\n<\/div>\n\n\n\n<div class=\"wp-block-column column-parallax is-layout-flow wp-block-column-is-layout-flow\" style=\"flex-basis:55%\">\n<figure class=\"wp-block-image size-full animated fadeInRight delay-100ms slow\"><a href=\"https:\/\/parcbellevue.com\/wp-content\/uploads\/2023\/11\/Forteresse_sur_la_mer.webp\"><img decoding=\"async\" width=\"2048\" height=\"1439\" src=\"https:\/\/parcbellevue.com\/wp-content\/uploads\/2023\/11\/Forteresse_sur_la_mer.webp\" alt=\"blick inseln l&#xE9;rins\" class=\"wp-image-2012\" srcset=\"https:\/\/parcbellevue.com\/wp-content\/uploads\/2023\/11\/Forteresse_sur_la_mer.webp 2048w, https:\/\/parcbellevue.com\/wp-content\/uploads\/2023\/11\/Forteresse_sur_la_mer-300x211.webp 300w, https:\/\/parcbellevue.com\/wp-content\/uploads\/2023\/11\/Forteresse_sur_la_mer-1024x720.webp 1024w, https:\/\/parcbellevue.com\/wp-content\/uploads\/2023\/11\/Forteresse_sur_la_mer-768x540.webp 768w, https:\/\/parcbellevue.com\/wp-content\/uploads\/2023\/11\/Forteresse_sur_la_mer-1536x1079.webp 1536w\" sizes=\"(max-width: 2048px) 100vw, 2048px\" \/><\/a><\/figure>\n<\/div>\n<\/div>\n\n\r\n    <\/div>\r\n<\/section><section id=\"ls-section-block_e1a4ef41fb2248c4562529cf57846f91\" class=\"ls-section  home-third page-two\" >\r\n        <div class=\"container container--full\">\r\n        \n\n<div class=\"wp-block-columns are-vertically-aligned-top is-layout-flex wp-container-core-columns-is-layout-9d6595d7 wp-block-columns-is-layout-flex\">\n<div class=\"wp-block-column is-vertically-aligned-top column-parallax is-layout-flow wp-block-column-is-layout-flow\">\n<figure class=\"wp-block-gallery has-nested-images columns-default is-cropped wp-block-gallery-1 is-layout-flex wp-block-gallery-is-layout-flex\">\n<figure class=\"wp-block-image size-full animated fadeIn delay-100ms slow\"><a href=\"https:\/\/parcbellevue.com\/wp-content\/uploads\/2023\/12\/ile-sainte-marguerite.webp\"><img decoding=\"async\" width=\"1200\" height=\"900\" data-id=\"3822\" src=\"https:\/\/parcbellevue.com\/wp-content\/uploads\/2023\/12\/ile-sainte-marguerite.webp\" alt=\"Aussicht St. Margarete\" class=\"wp-image-3822\" srcset=\"https:\/\/parcbellevue.com\/wp-content\/uploads\/2023\/12\/ile-sainte-marguerite.webp 1200w, https:\/\/parcbellevue.com\/wp-content\/uploads\/2023\/12\/ile-sainte-marguerite-300x225.webp 300w, https:\/\/parcbellevue.com\/wp-content\/uploads\/2023\/12\/ile-sainte-marguerite-1024x768.webp 1024w, https:\/\/parcbellevue.com\/wp-content\/uploads\/2023\/12\/ile-sainte-marguerite-768x576.webp 768w\" sizes=\"(max-width: 1200px) 100vw, 1200px\" \/><\/a><\/figure>\n\n\n\n<figure class=\"wp-block-image size-full animated fadeIn delay-500ms slow\"><a href=\"https:\/\/parcbellevue.com\/wp-content\/uploads\/2023\/11\/Sainte-Marguerite.webp\"><img decoding=\"async\" width=\"2048\" height=\"1536\" data-id=\"2025\" src=\"https:\/\/parcbellevue.com\/wp-content\/uploads\/2023\/11\/Sainte-Marguerite.webp\" alt=\"port ile sainte marguerite\" class=\"wp-image-2025\" srcset=\"https:\/\/parcbellevue.com\/wp-content\/uploads\/2023\/11\/Sainte-Marguerite.webp 2048w, https:\/\/parcbellevue.com\/wp-content\/uploads\/2023\/11\/Sainte-Marguerite-300x225.webp 300w, https:\/\/parcbellevue.com\/wp-content\/uploads\/2023\/11\/Sainte-Marguerite-1024x768.webp 1024w, https:\/\/parcbellevue.com\/wp-content\/uploads\/2023\/11\/Sainte-Marguerite-768x576.webp 768w, https:\/\/parcbellevue.com\/wp-content\/uploads\/2023\/11\/Sainte-Marguerite-1536x1152.webp 1536w\" sizes=\"(max-width: 2048px) 100vw, 2048px\" \/><\/a><\/figure>\n<\/figure>\n<\/div>\n\n\n\n<div class=\"wp-block-column is-vertically-aligned-top is-layout-flow wp-block-column-is-layout-flow\">\n<div class=\"wp-block-columns are-vertically-aligned-center wp-block-columns__padding-right is-layout-flex wp-container-core-columns-is-layout-9d6595d7 wp-block-columns-is-layout-flex\">\n<div class=\"wp-block-column is-vertically-aligned-center is-layout-flow wp-block-column-is-layout-flow\">\n<h2 class=\"ls__heading wp-block-heading has-color-3-color has-text-color\">Die Insel Sainte Marguerite: eine Ecke des Paradieses<\/h2>\n\n\n\n<p class=\"ls-paragraph\"><a href=\"https:\/\/www.ville-saintemarguerite.fr\/fr\/informations-generales.html\" target=\"_blank\" rel=\"noreferrer noopener\">Sainte-Marguerite<\/a>, die <strong>gr\u00f6\u00dfte der L\u00e9rins-Inseln<\/strong>, ist ein wahres Eden.<\/p>\n\n\n\n<p class=\"ls-paragraph\">Zwischen versteckten Buchten und einem Staatswald aus Pinien und Eukalyptusb\u00e4umen bietet sie einen zauberhaften Rahmen. Mit seinen 22 km Wanderwegen erstreckt er sich \u00fcber 3 km vom Vogelschutzgebiet \u00c9tang du Bat\u00e9guier bis zur Pointe de la Convention. Die Insel beherbergt au\u00dferdem<strong> arch\u00e4ologische \u00dcberreste <\/strong>und das Fort Royal, in dem sich das Museum der Eisernen Maske und das Fort Royal befinden.<\/p>\n\n\n\n<p class=\"ls-paragraph\">Seit 2021 stehen in der N\u00e4he der Ile Sainte-Marguerite <strong>monumentale Statuen des britischen K\u00fcnstlers Jason de Caires Taylor<\/strong>, die aus den Gesichtern von sechs Einwohnern von Cannes geformt wurden, und bilden das erste <strong>Unterwasser-\u00d6komuseum in Frankreich und im Mittelmeerraum<\/strong>. Ein idealer Ort f\u00fcr sportliche und famili\u00e4re Aktivit\u00e4ten!<br\/><\/p>\n<\/div>\n<\/div>\n<\/div>\n<\/div>\n\n\r\n    <\/div>\r\n<\/section><section id=\"ls-section-block_cb3f3fd95645b0f70650ce8a0ad31351\" class=\"ls-section  home-fourth page-three has-background-image has-parallax\" >\r\n    <div class=\"ls-section__background-image opacity-100\"><img decoding=\"async\" src=\"https:\/\/parcbellevue.com\/wp-content\/uploads\/2023\/11\/visiter-ile-saint-honorat.webp\" alt=\"ile saint honorat besuchen\"><\/div>    <div class=\"container container--full\">\r\n        \n\n<h2 class=\"ls__heading wp-block-heading has-text-align-center\">Entdecken Sie die Insel Saint-Honorat<\/h2>\n\n\n\n<p class=\"ls-paragraph has-text-align-center\"><a href=\"https:\/\/www.cannes-ilesdelerins.com\/fr\/\" target=\"_blank\" rel=\"noreferrer noopener\">Saint-Honorat<\/a>, die kleinere der beiden L\u00e9rins-Inseln, ist ein <strong>geschichtstr\u00e4chtiger Ort<\/strong>. Hier gr\u00fcndete Saint-Honorat im 5. Jahrhundert ein <strong>spirituelles Zentrum<\/strong>, das wesentlich zur Verbreitung der christlichen Lehre in der westlichen Welt beitrug.<\/p>\n\n\n\n<p class=\"ls-paragraph has-text-align-center\">Die Insel beherbergt ein <strong>befestigtes Kloster <\/strong>, das der \u00d6ffentlichkeit zug\u00e4nglich ist. Heute beherbergt das heutige Kloster, mit dessen Bau 1863 begonnen wurde, eine <strong>Gemeinschaft von Zisterzienserm\u00f6nchen<\/strong>. Ein Ort, den Sie bei Ihrem Aufenthalt unbedingt besuchen sollten!<\/p>\n\n\r\n    <\/div>\r\n<\/section><section id=\"ls-section-block_03964c132c3ff95af7ccc5d2a129d0f5\" class=\"ls-section  home-second page-one has-p-t p-t-0\" >\r\n        <div class=\"container container--full\">\r\n        \n\n<div class=\"wp-block-columns are-vertically-aligned-center is-layout-flex wp-container-core-columns-is-layout-9d6595d7 wp-block-columns-is-layout-flex\">\n<div class=\"wp-block-column is-vertically-aligned-center is-layout-flow wp-block-column-is-layout-flow\" style=\"flex-basis:45%\">\n<h2 class=\"ls__heading wp-block-heading\">Camping in der N\u00e4he der L\u00e9rins-Inseln<\/h2>\n\n\n\n<p class=\"ls-paragraph\">Der <a href=\"https:\/\/parcbellevue.com\/de\/\">Campingplatz Parc Bellevue<\/a> in der N\u00e4he der L\u00e9rins-Inseln ist der perfekte Ort, um die Sch\u00f6nheit dieser Inseln zu genie\u00dfen. Sie liegen nur 15 Minuten von Cannes entfernt und sind den ganzen <strong>Tag \u00fcber mit Booten erreichbar<\/strong>.<\/p>\n\n\n\n<p class=\"ls-paragraph\">Die Anlegestelle befindet sich am Ende des Parkplatzes am Quai Laubeuf. Mehrere Unternehmen bieten <strong>regelm\u00e4\u00dfige Bootspendelfahrten<\/strong> von Cannes zu den L\u00e9rins-Inseln an. Planen Sie also Ihren Urlaub und erkunden Sie diesen magischen Ort!<\/p>\n<\/div>\n\n\n\n<div class=\"wp-block-column is-vertically-aligned-center column-parallax is-layout-flow wp-block-column-is-layout-flow\" style=\"flex-basis:55%\">\n<figure class=\"wp-block-image size-full animated fadeInRight delay-100ms slow\"><a href=\"https:\/\/parcbellevue.com\/wp-content\/uploads\/2024\/03\/camping-cannes-1.webp\"><img decoding=\"async\" width=\"1000\" height=\"750\" src=\"https:\/\/parcbellevue.com\/wp-content\/uploads\/2024\/03\/camping-cannes-1.webp\" alt=\"camping cannes\" class=\"wp-image-3950\" srcset=\"https:\/\/parcbellevue.com\/wp-content\/uploads\/2024\/03\/camping-cannes-1.webp 1000w, https:\/\/parcbellevue.com\/wp-content\/uploads\/2024\/03\/camping-cannes-1-300x225.webp 300w, https:\/\/parcbellevue.com\/wp-content\/uploads\/2024\/03\/camping-cannes-1-768x576.webp 768w\" sizes=\"(max-width: 1000px) 100vw, 1000px\" \/><\/a><\/figure>\n<\/div>\n<\/div>\n\n\r\n    <\/div>\r\n<\/section><section id=\"ls-section-block_61688d2df2cde50e33bb89e38e3fee78\" class=\"ls-section  page-four column-parallax-reverse\" >\r\n        <div class=\"container container--wide\">\r\n        \n\n<div id=\"ls-heading ls-titre-div-block_697df80dff5dd50a081fbc4f1cd9e2fe\" class=\"ls-titre-div aligncenter h2-like\" >\n    Entdecke auch<\/div>\n\n\n<div id=\"ls-maillage-block_eeabb9511f1601975a5b371627eb9136\" class=\"ls-maillage cta-style-normal\" data-rows=\"3\">\n    <div class=\"wp-block-columns\"><div class=\"wp-block-column\"><div class=\"ls-cta\">\n\n<a href=\"https:\/\/parcbellevue.com\/de\/camping-sportliche-aktivitaeten-kueste-azur\/\" target=\"\" rel=\"noopener\" class=\"ls-cta__link\">\n\n\t<div class=\"ls-cta__image\"><img decoding=\"async\" src=\"https:\/\/parcbellevue.com\/wp-content\/uploads\/2023\/11\/rafting-168007_1920_resultat.webp\" alt=\"Rafting\"><\/div>\n\t<div class=\"ls-cta__title\">\n\t\tSportliche Aktivit\u00e4ten rund um den Campingplatz\t<\/div>\n\n\t\n\t<span class=\"bellevue-arrow ls-cta__arrow\"><\/span>\n\n<\/a><\/div><\/div><div class=\"wp-block-column\"><div class=\"ls-cta\">\n\n<a href=\"https:\/\/parcbellevue.com\/de\/camping-palast-festivals-cannes\/\" target=\"\" rel=\"noopener\" class=\"ls-cta__link\">\n\n\t<div class=\"ls-cta__image\"><img decoding=\"async\" src=\"https:\/\/parcbellevue.com\/wp-content\/uploads\/2023\/10\/palais-des-festivals-cannes-camping-parc-bellevue.webp\" alt=\"unterkunft festival de cannes\"><\/div>\n\t<div class=\"ls-cta__title\">\n\t\tDer Festivalpalast\t<\/div>\n\n\t\n\t<span class=\"bellevue-arrow ls-cta__arrow\"><\/span>\n\n<\/a><\/div><\/div><div class=\"wp-block-column\"><div class=\"ls-cta\">\n\n<a href=\"https:\/\/parcbellevue.com\/de\/tourismus-kote-azur\/\" target=\"\" rel=\"noopener\" class=\"ls-cta__link\">\n\n\t<div class=\"ls-cta__image\"><img decoding=\"async\" src=\"https:\/\/parcbellevue.com\/wp-content\/uploads\/2023\/11\/menton-7093335_1920-1.webp\" alt=\"Kinn\"><\/div>\n\t<div class=\"ls-cta__title\">\n\t\tSehensw\u00fcrdigkeiten in der N\u00e4he von Cannes\t<\/div>\n\n\t\n\t<span class=\"bellevue-arrow ls-cta__arrow\"><\/span>\n\n<\/a><\/div><\/div><\/div><\/div>\n\r\n    <\/div>\r\n<\/section>","protected":false},"excerpt":{"rendered":"","protected":false},"author":1,"featured_media":2847,"parent":0,"menu_order":0,"comment_status":"closed","ping_status":"closed","template":"","meta":{"_acf_changed":false,"footnotes":""},"sujet":[],"class_list":["post-3356","page","type-page","status-publish","has-post-thumbnail","hentry"],"acf":[],"yoast_head":"<!-- This site is optimized with the Yoast SEO plugin v23.4 - https:\/\/yoast.com\/wordpress\/plugins\/seo\/ -->\n<title>Camping in der N\u00e4he von Palais des \u00eeles de L\u00e9rins | Camping \u00eeles de L\u00e9rins<\/title>\n<meta name=\"robots\" content=\"index, follow, max-snippet:-1, max-image-preview:large, max-video-preview:-1\" \/>\n<link rel=\"canonical\" href=\"https:\/\/parcbellevue.com\/de\/camping-in-der-naehe-von-lerins-inseln\/\" \/>\n<meta property=\"og:locale\" content=\"de_DE\" \/>\n<meta property=\"og:type\" content=\"article\" \/>\n<meta property=\"og:title\" content=\"Camping in der N\u00e4he von Palais des \u00eeles de L\u00e9rins | Camping \u00eeles de L\u00e9rins\" \/>\n<meta property=\"og:url\" content=\"https:\/\/parcbellevue.com\/de\/camping-in-der-naehe-von-lerins-inseln\/\" \/>\n<meta property=\"og:site_name\" content=\"Camping Parc Bellevue\" \/>\n<meta property=\"article:modified_time\" content=\"2024-03-18T13:28:30+00:00\" \/>\n<meta property=\"og:image\" content=\"https:\/\/parcbellevue.com\/wp-content\/uploads\/2023\/11\/visiter-iles-de-lerin.webp\" \/>\n\t<meta property=\"og:image:width\" content=\"2000\" \/>\n\t<meta property=\"og:image:height\" content=\"1500\" \/>\n\t<meta property=\"og:image:type\" content=\"image\/webp\" \/>\n<meta name=\"twitter:card\" content=\"summary_large_image\" \/>\n<meta name=\"twitter:label1\" content=\"Gesch\u00e4tzte Lesezeit\" \/>\n\t<meta name=\"twitter:data1\" content=\"2\u00a0Minuten\" \/>\n<script type=\"application\/ld+json\" class=\"yoast-schema-graph\">{\"@context\":\"https:\/\/schema.org\",\"@graph\":[{\"@type\":\"WebPage\",\"@id\":\"https:\/\/parcbellevue.com\/de\/camping-in-der-naehe-von-lerins-inseln\/\",\"url\":\"https:\/\/parcbellevue.com\/de\/camping-in-der-naehe-von-lerins-inseln\/\",\"name\":\"Camping in der N\u00e4he von Palais des \u00eeles de L\u00e9rins | Camping \u00eeles de L\u00e9rins\",\"isPartOf\":{\"@id\":\"https:\/\/parcbellevue.com\/#website\"},\"primaryImageOfPage\":{\"@id\":\"https:\/\/parcbellevue.com\/de\/camping-in-der-naehe-von-lerins-inseln\/#primaryimage\"},\"image\":{\"@id\":\"https:\/\/parcbellevue.com\/de\/camping-in-der-naehe-von-lerins-inseln\/#primaryimage\"},\"thumbnailUrl\":\"https:\/\/parcbellevue.com\/wp-content\/uploads\/2023\/11\/visiter-iles-de-lerin.webp\",\"datePublished\":\"2023-12-12T16:09:30+00:00\",\"dateModified\":\"2024-03-18T13:28:30+00:00\",\"breadcrumb\":{\"@id\":\"https:\/\/parcbellevue.com\/de\/camping-in-der-naehe-von-lerins-inseln\/#breadcrumb\"},\"inLanguage\":\"de\",\"potentialAction\":[{\"@type\":\"ReadAction\",\"target\":[\"https:\/\/parcbellevue.com\/de\/camping-in-der-naehe-von-lerins-inseln\/\"]}]},{\"@type\":\"ImageObject\",\"inLanguage\":\"de\",\"@id\":\"https:\/\/parcbellevue.com\/de\/camping-in-der-naehe-von-lerins-inseln\/#primaryimage\",\"url\":\"https:\/\/parcbellevue.com\/wp-content\/uploads\/2023\/11\/visiter-iles-de-lerin.webp\",\"contentUrl\":\"https:\/\/parcbellevue.com\/wp-content\/uploads\/2023\/11\/visiter-iles-de-lerin.webp\",\"width\":2000,\"height\":1500,\"caption\":\"besuch der inseln von lerin\"},{\"@type\":\"BreadcrumbList\",\"@id\":\"https:\/\/parcbellevue.com\/de\/camping-in-der-naehe-von-lerins-inseln\/#breadcrumb\",\"itemListElement\":[{\"@type\":\"ListItem\",\"position\":1,\"name\":\"Camping Cannes\",\"item\":\"https:\/\/parcbellevue.com\/de\/\"},{\"@type\":\"ListItem\",\"position\":2,\"name\":\"Camping in der N\u00e4he der L\u00e9rins-Inseln\"}]},{\"@type\":\"WebSite\",\"@id\":\"https:\/\/parcbellevue.com\/#website\",\"url\":\"https:\/\/parcbellevue.com\/\",\"name\":\"Camping Parc Bellevue\",\"description\":\"\",\"publisher\":{\"@id\":\"https:\/\/parcbellevue.com\/#organization\"},\"potentialAction\":[{\"@type\":\"SearchAction\",\"target\":{\"@type\":\"EntryPoint\",\"urlTemplate\":\"https:\/\/parcbellevue.com\/?s={search_term_string}\"},\"query-input\":{\"@type\":\"PropertyValueSpecification\",\"valueRequired\":true,\"valueName\":\"search_term_string\"}}],\"inLanguage\":\"de\"},{\"@type\":\"Organization\",\"@id\":\"https:\/\/parcbellevue.com\/#organization\",\"name\":\"Camping Parc Bellevue\",\"url\":\"https:\/\/parcbellevue.com\/\",\"logo\":{\"@type\":\"ImageObject\",\"inLanguage\":\"de\",\"@id\":\"https:\/\/parcbellevue.com\/#\/schema\/logo\/image\/\",\"url\":\"https:\/\/parcbellevue.com\/wp-content\/uploads\/2022\/11\/cropped-logo-camping-parc-bellevue.png\",\"contentUrl\":\"https:\/\/parcbellevue.com\/wp-content\/uploads\/2022\/11\/cropped-logo-camping-parc-bellevue.png\",\"width\":902,\"height\":904,\"caption\":\"Camping Parc Bellevue\"},\"image\":{\"@id\":\"https:\/\/parcbellevue.com\/#\/schema\/logo\/image\/\"}}]}<\/script>\n<!-- \/ Yoast SEO plugin. -->","yoast_head_json":{"title":"Camping in der N\u00e4he von Palais des \u00eeles de L\u00e9rins | Camping \u00eeles de L\u00e9rins","robots":{"index":"index","follow":"follow","max-snippet":"max-snippet:-1","max-image-preview":"max-image-preview:large","max-video-preview":"max-video-preview:-1"},"canonical":"https:\/\/parcbellevue.com\/de\/camping-in-der-naehe-von-lerins-inseln\/","og_locale":"de_DE","og_type":"article","og_title":"Camping in der N\u00e4he von Palais des \u00eeles de L\u00e9rins | Camping \u00eeles de L\u00e9rins","og_url":"https:\/\/parcbellevue.com\/de\/camping-in-der-naehe-von-lerins-inseln\/","og_site_name":"Camping Parc Bellevue","article_modified_time":"2024-03-18T13:28:30+00:00","og_image":[{"width":2000,"height":1500,"url":"https:\/\/parcbellevue.com\/wp-content\/uploads\/2023\/11\/visiter-iles-de-lerin.webp","type":"image\/webp"}],"twitter_card":"summary_large_image","twitter_misc":{"Gesch\u00e4tzte Lesezeit":"2\u00a0Minuten"},"schema":{"@context":"https:\/\/schema.org","@graph":[{"@type":"WebPage","@id":"https:\/\/parcbellevue.com\/de\/camping-in-der-naehe-von-lerins-inseln\/","url":"https:\/\/parcbellevue.com\/de\/camping-in-der-naehe-von-lerins-inseln\/","name":"Camping in der N\u00e4he von Palais des \u00eeles de L\u00e9rins | Camping \u00eeles de L\u00e9rins","isPartOf":{"@id":"https:\/\/parcbellevue.com\/#website"},"primaryImageOfPage":{"@id":"https:\/\/parcbellevue.com\/de\/camping-in-der-naehe-von-lerins-inseln\/#primaryimage"},"image":{"@id":"https:\/\/parcbellevue.com\/de\/camping-in-der-naehe-von-lerins-inseln\/#primaryimage"},"thumbnailUrl":"https:\/\/parcbellevue.com\/wp-content\/uploads\/2023\/11\/visiter-iles-de-lerin.webp","datePublished":"2023-12-12T16:09:30+00:00","dateModified":"2024-03-18T13:28:30+00:00","breadcrumb":{"@id":"https:\/\/parcbellevue.com\/de\/camping-in-der-naehe-von-lerins-inseln\/#breadcrumb"},"inLanguage":"de","potentialAction":[{"@type":"ReadAction","target":["https:\/\/parcbellevue.com\/de\/camping-in-der-naehe-von-lerins-inseln\/"]}]},{"@type":"ImageObject","inLanguage":"de","@id":"https:\/\/parcbellevue.com\/de\/camping-in-der-naehe-von-lerins-inseln\/#primaryimage","url":"https:\/\/parcbellevue.com\/wp-content\/uploads\/2023\/11\/visiter-iles-de-lerin.webp","contentUrl":"https:\/\/parcbellevue.com\/wp-content\/uploads\/2023\/11\/visiter-iles-de-lerin.webp","width":2000,"height":1500,"caption":"besuch der inseln von lerin"},{"@type":"BreadcrumbList","@id":"https:\/\/parcbellevue.com\/de\/camping-in-der-naehe-von-lerins-inseln\/#breadcrumb","itemListElement":[{"@type":"ListItem","position":1,"name":"Camping Cannes","item":"https:\/\/parcbellevue.com\/de\/"},{"@type":"ListItem","position":2,"name":"Camping in der N\u00e4he der L\u00e9rins-Inseln"}]},{"@type":"WebSite","@id":"https:\/\/parcbellevue.com\/#website","url":"https:\/\/parcbellevue.com\/","name":"Camping Parc Bellevue","description":"","publisher":{"@id":"https:\/\/parcbellevue.com\/#organization"},"potentialAction":[{"@type":"SearchAction","target":{"@type":"EntryPoint","urlTemplate":"https:\/\/parcbellevue.com\/?s={search_term_string}"},"query-input":{"@type":"PropertyValueSpecification","valueRequired":true,"valueName":"search_term_string"}}],"inLanguage":"de"},{"@type":"Organization","@id":"https:\/\/parcbellevue.com\/#organization","name":"Camping Parc Bellevue","url":"https:\/\/parcbellevue.com\/","logo":{"@type":"ImageObject","inLanguage":"de","@id":"https:\/\/parcbellevue.com\/#\/schema\/logo\/image\/","url":"https:\/\/parcbellevue.com\/wp-content\/uploads\/2022\/11\/cropped-logo-camping-parc-bellevue.png","contentUrl":"https:\/\/parcbellevue.com\/wp-content\/uploads\/2022\/11\/cropped-logo-camping-parc-bellevue.png","width":902,"height":904,"caption":"Camping Parc Bellevue"},"image":{"@id":"https:\/\/parcbellevue.com\/#\/schema\/logo\/image\/"}}]}},"_links":{"self":[{"href":"https:\/\/parcbellevue.com\/de\/wp-json\/wp\/v2\/pages\/3356","targetHints":{"allow":["GET"]}}],"collection":[{"href":"https:\/\/parcbellevue.com\/de\/wp-json\/wp\/v2\/pages"}],"about":[{"href":"https:\/\/parcbellevue.com\/de\/wp-json\/wp\/v2\/types\/page"}],"author":[{"embeddable":true,"href":"https:\/\/parcbellevue.com\/de\/wp-json\/wp\/v2\/users\/1"}],"replies":[{"embeddable":true,"href":"https:\/\/parcbellevue.com\/de\/wp-json\/wp\/v2\/comments?post=3356"}],"version-history":[{"count":3,"href":"https:\/\/parcbellevue.com\/de\/wp-json\/wp\/v2\/pages\/3356\/revisions"}],"predecessor-version":[{"id":3959,"href":"https:\/\/parcbellevue.com\/de\/wp-json\/wp\/v2\/pages\/3356\/revisions\/3959"}],"wp:featuredmedia":[{"embeddable":true,"href":"https:\/\/parcbellevue.com\/de\/wp-json\/wp\/v2\/media\/2847"}],"wp:attachment":[{"href":"https:\/\/parcbellevue.com\/de\/wp-json\/wp\/v2\/media?parent=3356"}],"wp:term":[{"taxonomy":"sujet","embeddable":true,"href":"https:\/\/parcbellevue.com\/de\/wp-json\/wp\/v2\/sujet?post=3356"}],"curies":[{"name":"wp","href":"https:\/\/api.w.org\/{rel}","templated":true}]}}