{"id":3336,"date":"2023-12-12T17:07:54","date_gmt":"2023-12-12T16:07:54","guid":{"rendered":"https:\/\/parcbellevue.com\/familiencampingplatz-cannes\/"},"modified":"2026-02-10T12:15:22","modified_gmt":"2026-02-10T11:15:22","slug":"familiencampingplatz-cannes","status":"publish","type":"page","link":"https:\/\/parcbellevue.com\/de\/familiencampingplatz-cannes\/","title":{"rendered":"Die Dienste"},"content":{"rendered":"<section id=\"ls-section-block_41b520c5f42498dd7be1a471cb3d3970\" class=\"ls-section  page-titre\" >\r\n        <div class=\"container container--wide\">\r\n        \n\n<h1 class=\"ls__heading wp-block-heading has-text-align-center\">Familienurlaub auf dem Campingplatz in Cannes<\/h1>\n\n\r\n    <\/div>\r\n<\/section><section id=\"ls-section-block_fba28d47eff84c2fe7cfc25cc2b56ffe\" class=\"ls-section  home-second page-one\" >\r\n        <div class=\"container container--full\">\r\n        \n\n<div class=\"wp-block-columns is-layout-flex wp-container-core-columns-is-layout-9d6595d7 wp-block-columns-is-layout-flex\">\n<div class=\"wp-block-column is-layout-flow wp-block-column-is-layout-flow\" style=\"flex-basis:45%\">\n<h2 class=\"ls__heading wp-block-heading\">Die Rezeption des Campingplatzes  <\/h2>\n\n\n\n<p class=\"ls-paragraph\">Unser <strong>Familiencampingplatz in Cannes<\/strong> liegt nur wenige Schritte vom Palais des Festivals entfernt und erstreckt sich \u00fcber ein <strong>5 Hektar gro\u00dfes Gel\u00e4nde<\/strong>. Dieses <strong>gr\u00fcne Gebiet<\/strong> mit <strong>vielen B\u00e4umen <\/strong>empf\u00e4ngt Sie das ganze Jahr \u00fcber f\u00fcr einen unvergesslichen Aufenthalt mit der Familie.<\/p>\n\n\n\n<p class=\"ls-paragraph\">Ob Sie einen Ort der Ruhe oder einen Ort voller Unterhaltung suchen, unser Campingplatz wird all Ihre Erwartungen erf\u00fcllen.<\/p>\n\n\n\n<p class=\"ls-paragraph\">Die Rezeption des Campingplatzes ist in der Saison von 8.00 Uhr bis Mitternacht und au\u00dferhalb der Saison von 8.00 Uhr bis 12.00 Uhr und von 14.00 Uhr bis 20.00 Uhr ge\u00f6ffnet.<\/p>\n<\/div>\n\n\n\n<div class=\"wp-block-column column-parallax is-layout-flow wp-block-column-is-layout-flow\" style=\"flex-basis:55%\">\n<figure class=\"wp-block-image size-full animated fadeInRight delay-100ms slow\"><a href=\"https:\/\/parcbellevue.com\/wp-content\/uploads\/2023\/11\/accueil-reception-camping-cannes.webp\"><img decoding=\"async\" width=\"1495\" height=\"1121\" src=\"https:\/\/parcbellevue.com\/wp-content\/uploads\/2023\/11\/accueil-reception-camping-cannes-edited.webp\" alt=\"home rezeption camping cannes\" class=\"wp-image-2866\" srcset=\"https:\/\/parcbellevue.com\/wp-content\/uploads\/2023\/11\/accueil-reception-camping-cannes-edited.webp 1495w, https:\/\/parcbellevue.com\/wp-content\/uploads\/2023\/11\/accueil-reception-camping-cannes-edited-300x225.webp 300w, https:\/\/parcbellevue.com\/wp-content\/uploads\/2023\/11\/accueil-reception-camping-cannes-edited-1024x768.webp 1024w, https:\/\/parcbellevue.com\/wp-content\/uploads\/2023\/11\/accueil-reception-camping-cannes-edited-768x576.webp 768w\" sizes=\"(max-width: 1495px) 100vw, 1495px\" \/><\/a><\/figure>\n<\/div>\n<\/div>\n\n\r\n    <\/div>\r\n<\/section><section id=\"ls-section-block_fb8d54c2dc4f8cfd196836cd6dd4b840\" class=\"ls-section  home-third page-two\" >\r\n        <div class=\"container container--full\">\r\n        \n\n<div class=\"wp-block-columns are-vertically-aligned-top is-layout-flex wp-container-core-columns-is-layout-9d6595d7 wp-block-columns-is-layout-flex\">\n<div class=\"wp-block-column is-vertically-aligned-top column-parallax is-layout-flow wp-block-column-is-layout-flow\">\n<figure class=\"wp-block-gallery has-nested-images columns-default is-cropped wp-block-gallery-1 is-layout-flex wp-block-gallery-is-layout-flex\">\n<figure class=\"wp-block-image size-full animated fadeIn delay-100ms slow\"><a href=\"https:\/\/parcbellevue.com\/wp-content\/uploads\/2023\/11\/wifi-camping-parc-bellevue.webp\"><img decoding=\"async\" width=\"1050\" height=\"700\" data-id=\"704\" src=\"https:\/\/parcbellevue.com\/wp-content\/uploads\/2023\/11\/wifi-camping-parc-bellevue.webp\" alt=\"wifi camping\" class=\"wp-image-704\" srcset=\"https:\/\/parcbellevue.com\/wp-content\/uploads\/2023\/11\/wifi-camping-parc-bellevue.webp 1050w, https:\/\/parcbellevue.com\/wp-content\/uploads\/2023\/11\/wifi-camping-parc-bellevue-300x200.webp 300w, https:\/\/parcbellevue.com\/wp-content\/uploads\/2023\/11\/wifi-camping-parc-bellevue-1024x683.webp 1024w, https:\/\/parcbellevue.com\/wp-content\/uploads\/2023\/11\/wifi-camping-parc-bellevue-768x512.webp 768w\" sizes=\"(max-width: 1050px) 100vw, 1050px\" \/><\/a><\/figure>\n\n\n\n<figure class=\"wp-block-image size-full animated fadeIn delay-500ms slow\"><a href=\"https:\/\/parcbellevue.com\/wp-content\/uploads\/2023\/11\/wi-fi-camping-parc-bellevue-scaled.webp\"><img decoding=\"async\" width=\"2560\" height=\"1707\" data-id=\"710\" src=\"https:\/\/parcbellevue.com\/wp-content\/uploads\/2023\/11\/wi-fi-camping-parc-bellevue-scaled.webp\" alt=\"telefon camping\" class=\"wp-image-710\" srcset=\"https:\/\/parcbellevue.com\/wp-content\/uploads\/2023\/11\/wi-fi-camping-parc-bellevue-scaled.webp 2560w, https:\/\/parcbellevue.com\/wp-content\/uploads\/2023\/11\/wi-fi-camping-parc-bellevue-300x200.webp 300w, https:\/\/parcbellevue.com\/wp-content\/uploads\/2023\/11\/wi-fi-camping-parc-bellevue-1024x683.webp 1024w, https:\/\/parcbellevue.com\/wp-content\/uploads\/2023\/11\/wi-fi-camping-parc-bellevue-768x512.webp 768w, https:\/\/parcbellevue.com\/wp-content\/uploads\/2023\/11\/wi-fi-camping-parc-bellevue-1536x1024.webp 1536w, https:\/\/parcbellevue.com\/wp-content\/uploads\/2023\/11\/wi-fi-camping-parc-bellevue-2048x1365.webp 2048w\" sizes=\"(max-width: 2560px) 100vw, 2560px\" \/><\/a><\/figure>\n<\/figure>\n<\/div>\n\n\n\n<div class=\"wp-block-column is-vertically-aligned-top is-layout-flow wp-block-column-is-layout-flow\">\n<div class=\"wp-block-columns are-vertically-aligned-center wp-block-columns__padding-right is-layout-flex wp-container-core-columns-is-layout-9d6595d7 wp-block-columns-is-layout-flex\">\n<div class=\"wp-block-column is-vertically-aligned-center is-layout-flow wp-block-column-is-layout-flow\">\n<h2 class=\"ls__heading wp-block-heading has-color-3-color has-text-color\">Bleiben Sie dank des Wifis auf dem Campingplatz in Verbindung<\/h2>\n\n\n\n<p class=\"ls-paragraph\">Auch im Urlaub ist die Welt dank unseres <strong>kostenpflichtigen Wifi-Service<\/strong> nur einen Mausklick entfernt.  <\/p>\n\n\n\n<p class=\"ls-paragraph\">Egal, ob Sie Ihre besonderen Momente mit Ihren Lieben teilen oder \u00fcber die neuesten Nachrichten auf dem Laufenden bleiben m\u00f6chten, wir haben alles f\u00fcr Sie vorbereitet.<\/p>\n<\/div>\n<\/div>\n<\/div>\n<\/div>\n\n\r\n    <\/div>\r\n<\/section><section id=\"ls-section-block_f8c488ce399dbf4e1e8dfb8f8336a0d6\" class=\"ls-section  home-fourth page-three has-background-image has-parallax\" >\r\n    <div class=\"ls-section__background-image opacity-100\"><img decoding=\"async\" src=\"https:\/\/parcbellevue.com\/wp-content\/uploads\/2023\/11\/epicerie-camping-parc-bellevue-1.webp\" alt=\"epicerie-camping-parc-bellevue\"><\/div>    <div class=\"container container--full\">\r\n        \n\n<h2 class=\"ls__heading wp-block-heading has-text-align-center\">Lebensmittelgesch\u00e4ft in Cannes<\/h2>\n\n\n\n<p class=\"ls-paragraph has-text-align-center\">Im Herzen unseres Campingplatzes befindet sich <strong>der Lebensmittelladen <\/strong>, der Ihnen<strong> Produkte<\/strong> des t\u00e4glichen Bedarfs anbietet, um Ihre Bed\u00fcrfnisse w\u00e4hrend Ihres Aufenthalts zu befriedigen.<\/p>\n\n\r\n    <\/div>\r\n<\/section><section id=\"ls-section-block_a6bf7ce677a9c808648ab4131ad0e3cb\" class=\"ls-section  home-second page-one\" >\r\n        <div class=\"container container--wide\">\r\n        \n\n<h2 class=\"ls__heading wp-block-heading\">Zusatzleistungen f\u00fcr mehr Komfort<\/h2>\n\n\n\n<p class=\"ls-paragraph\">Auf unserem Campingplatz legen wir gro\u00dfen Wert auf den Komfort unserer G\u00e4ste. Zu unseren Dienstleistungen geh\u00f6ren :<\/p>\n\n\n\n<ul class=\"ls-list ls-list-undefined wp-block-list\">\n<li>Kauf einer M\u00fcnze f\u00fcr den Zugang zum <strong>Waschsalon<\/strong>: \u20ac 4 pro M\u00fcnze<\/li>\n\n\n\n<li>Preis pro Waschmittel: 2 \u20ac.<\/li>\n\n\n\n<li>die <strong>Miete von Bettw\u00e4sche: <\/strong> 19.50 \u20ac pro Bett<\/li>\n\n\n\n<li><strong>den Verleih von Handt\u00fcchern<\/strong>: 5 \u20ac pro Handtuch.<\/li>\n\n\n\n<li>F\u00fcr die Anmietung von Babyausstattung wenden Sie sich bitte direkt an unseren Dienstleister Easy Baby Rental unter <a href=\"https:\/\/wa.me\/330667022989\" target=\"_blank\" rel=\"noreferrer noopener\">+33-0667022989 \u2013 Easy Baby Rental Floriane.<\/a><\/li>\n<\/ul>\n\n\n\n<p class=\"ls-paragraph\">Schlie\u00dflich entdecken Sie in nur 1 km <strong>Entfernung zu Fu\u00df eine Einkaufszone<\/strong> f\u00fcr all Ihre zus\u00e4tzlichen Bed\u00fcrfnisse. Erleben Sie einen Familienurlaub auf dem <a href=\"https:\/\/parcbellevue.com\/de\/\">Campingplatz in Cannes<\/a>, wo das Gl\u00fcck zum Greifen nah ist. <\/p>\n\n\n\n<p class=\"ls-paragraph\"><strong> Haustiere<\/strong> sind erlaubt mit Zuschlag von 3\u20ac pro Tag in allen Mietunterk\u00fcnften, bis zu 20 kg.<\/p>\n\n\r\n    <\/div>\r\n<\/section><section id=\"ls-section-block_a73c6cce803dca941d7cdad8ee54f82d\" class=\"ls-section  page-four column-parallax-reverse\" >\r\n        <div class=\"container container--wide\">\r\n        \n\n<div id=\"ls-heading ls-titre-div-block_a9740e51d79fc9c7c6ebad8e7791176e\" class=\"ls-titre-div aligncenter h2-like\" >\n    Entdecken Sie unsere anderen Dienstleistungen<\/div>\n\n\n<div id=\"ls-maillage-block_02e7f8d3a9e8e0f3f18bad78ddc8d9d4\" class=\"ls-maillage cta-style-normal\" data-rows=\"3\">\n    <div class=\"wp-block-columns\"><div class=\"wp-block-column\"><div class=\"ls-cta\">\n\n<a href=\"https:\/\/parcbellevue.com\/de\/stockrestaurant\/\" target=\"\" rel=\"noopener\" class=\"ls-cta__link\">\n\n\t<div class=\"ls-cta__image\"><img decoding=\"async\" src=\"https:\/\/parcbellevue.com\/wp-content\/uploads\/2023\/11\/parc-bellevue-restaurant-e1699523946824.webp\" alt=\"parc-bellevue-restaurant\"><\/div>\n\t<div class=\"ls-cta__title\">\n\t\tDas Restaurant\t<\/div>\n\n\t\n\t<span class=\"bellevue-arrow ls-cta__arrow\"><\/span>\n\n<\/a><\/div><\/div><div class=\"wp-block-column\"><div class=\"ls-cta\">\n\n<a href=\"https:\/\/parcbellevue.com\/de\/camping-schwimmbad-cannes\/\" target=\"\" rel=\"noopener\" class=\"ls-cta__link\">\n\n\t<div class=\"ls-cta__image\"><img decoding=\"async\" src=\"https:\/\/parcbellevue.com\/wp-content\/uploads\/2023\/11\/piscine-camping-cannes-parc-bellevue.webp\" alt=\"camping swimmingpool cannes\"><\/div>\n\t<div class=\"ls-cta__title\">\n\t\tWasserraum\t<\/div>\n\n\t\n\t<span class=\"bellevue-arrow ls-cta__arrow\"><\/span>\n\n<\/a><\/div><\/div><div class=\"wp-block-column\"><div class=\"ls-cta\">\n\n<a href=\"https:\/\/parcbellevue.com\/de\/camping-aktivitaeten-cannes\/\" target=\"\" rel=\"noopener\" class=\"ls-cta__link\">\n\n\t<div class=\"ls-cta__image\"><img decoding=\"async\" src=\"https:\/\/parcbellevue.com\/wp-content\/uploads\/2023\/11\/animation-parc-bellevue-camping-cannes.webp\" alt=\"animation-parc-bellevue-camping-cannes\"><\/div>\n\t<div class=\"ls-cta__title\">\n\t\tAktivit\u00e4ten und Animationen\t<\/div>\n\n\t\n\t<span class=\"bellevue-arrow ls-cta__arrow\"><\/span>\n\n<\/a><\/div><\/div><\/div><\/div>\n\r\n    <\/div>\r\n<\/section>","protected":false},"excerpt":{"rendered":"","protected":false},"author":1,"featured_media":2790,"parent":0,"menu_order":0,"comment_status":"closed","ping_status":"closed","template":"","meta":{"_acf_changed":false,"footnotes":""},"sujet":[],"class_list":["post-3336","page","type-page","status-publish","has-post-thumbnail","hentry"],"acf":[],"yoast_head":"<!-- This site is optimized with the Yoast SEO plugin v23.4 - https:\/\/yoast.com\/wordpress\/plugins\/seo\/ -->\n<title>Familiencampingplatz in Cannes | 3-Sterne-Campingplatz an der C\u00f4te d&#039;Azur<\/title>\n<meta name=\"description\" content=\"Entdecken Sie die Angebote unseres famili\u00e4ren 3-Sterne-Campingplatzes in Cannes. Wifi, Lebensmittelgesch\u00e4ft, ... alles nur wenige Schritte vom Palais des Festivals entfernt.\" \/>\n<meta name=\"robots\" content=\"index, follow, max-snippet:-1, max-image-preview:large, max-video-preview:-1\" \/>\n<link rel=\"canonical\" href=\"https:\/\/parcbellevue.com\/de\/familiencampingplatz-cannes\/\" \/>\n<meta property=\"og:locale\" content=\"de_DE\" \/>\n<meta property=\"og:type\" content=\"article\" \/>\n<meta property=\"og:title\" content=\"Familiencampingplatz in Cannes | 3-Sterne-Campingplatz an der C\u00f4te d&#039;Azur\" \/>\n<meta property=\"og:description\" content=\"Entdecken Sie die Angebote unseres famili\u00e4ren 3-Sterne-Campingplatzes in Cannes. Wifi, Lebensmittelgesch\u00e4ft, ... alles nur wenige Schritte vom Palais des Festivals entfernt.\" \/>\n<meta property=\"og:url\" content=\"https:\/\/parcbellevue.com\/de\/familiencampingplatz-cannes\/\" \/>\n<meta property=\"og:site_name\" content=\"Camping Parc Bellevue\" \/>\n<meta property=\"article:modified_time\" content=\"2026-02-10T11:15:22+00:00\" \/>\n<meta property=\"og:image\" content=\"https:\/\/parcbellevue.com\/wp-content\/uploads\/2023\/11\/reception-camping-1-e1700229997995.webp\" \/>\n\t<meta property=\"og:image:width\" content=\"2000\" \/>\n\t<meta property=\"og:image:height\" content=\"1121\" \/>\n\t<meta property=\"og:image:type\" content=\"image\/webp\" \/>\n<meta name=\"twitter:card\" content=\"summary_large_image\" \/>\n<meta name=\"twitter:label1\" content=\"Gesch\u00e4tzte Lesezeit\" \/>\n\t<meta name=\"twitter:data1\" content=\"2\u00a0Minuten\" \/>\n<script type=\"application\/ld+json\" class=\"yoast-schema-graph\">{\"@context\":\"https:\/\/schema.org\",\"@graph\":[{\"@type\":\"WebPage\",\"@id\":\"https:\/\/parcbellevue.com\/de\/familiencampingplatz-cannes\/\",\"url\":\"https:\/\/parcbellevue.com\/de\/familiencampingplatz-cannes\/\",\"name\":\"Familiencampingplatz in Cannes | 3-Sterne-Campingplatz an der C\u00f4te d'Azur\",\"isPartOf\":{\"@id\":\"https:\/\/parcbellevue.com\/#website\"},\"primaryImageOfPage\":{\"@id\":\"https:\/\/parcbellevue.com\/de\/familiencampingplatz-cannes\/#primaryimage\"},\"image\":{\"@id\":\"https:\/\/parcbellevue.com\/de\/familiencampingplatz-cannes\/#primaryimage\"},\"thumbnailUrl\":\"https:\/\/parcbellevue.com\/wp-content\/uploads\/2023\/11\/reception-camping-1-e1700229997995.webp\",\"datePublished\":\"2023-12-12T16:07:54+00:00\",\"dateModified\":\"2026-02-10T11:15:22+00:00\",\"description\":\"Entdecken Sie die Angebote unseres famili\u00e4ren 3-Sterne-Campingplatzes in Cannes. Wifi, Lebensmittelgesch\u00e4ft, ... alles nur wenige Schritte vom Palais des Festivals entfernt.\",\"breadcrumb\":{\"@id\":\"https:\/\/parcbellevue.com\/de\/familiencampingplatz-cannes\/#breadcrumb\"},\"inLanguage\":\"de\",\"potentialAction\":[{\"@type\":\"ReadAction\",\"target\":[\"https:\/\/parcbellevue.com\/de\/familiencampingplatz-cannes\/\"]}]},{\"@type\":\"ImageObject\",\"inLanguage\":\"de\",\"@id\":\"https:\/\/parcbellevue.com\/de\/familiencampingplatz-cannes\/#primaryimage\",\"url\":\"https:\/\/parcbellevue.com\/wp-content\/uploads\/2023\/11\/reception-camping-1-e1700229997995.webp\",\"contentUrl\":\"https:\/\/parcbellevue.com\/wp-content\/uploads\/2023\/11\/reception-camping-1-e1700229997995.webp\",\"width\":2000,\"height\":1121,\"caption\":\"rezeption camping\"},{\"@type\":\"BreadcrumbList\",\"@id\":\"https:\/\/parcbellevue.com\/de\/familiencampingplatz-cannes\/#breadcrumb\",\"itemListElement\":[{\"@type\":\"ListItem\",\"position\":1,\"name\":\"Camping Cannes\",\"item\":\"https:\/\/parcbellevue.com\/de\/\"},{\"@type\":\"ListItem\",\"position\":2,\"name\":\"3-Sterne-Campingplatz an der C\u00f4te d'Azur\"}]},{\"@type\":\"WebSite\",\"@id\":\"https:\/\/parcbellevue.com\/#website\",\"url\":\"https:\/\/parcbellevue.com\/\",\"name\":\"Camping Parc Bellevue\",\"description\":\"\",\"publisher\":{\"@id\":\"https:\/\/parcbellevue.com\/#organization\"},\"potentialAction\":[{\"@type\":\"SearchAction\",\"target\":{\"@type\":\"EntryPoint\",\"urlTemplate\":\"https:\/\/parcbellevue.com\/?s={search_term_string}\"},\"query-input\":{\"@type\":\"PropertyValueSpecification\",\"valueRequired\":true,\"valueName\":\"search_term_string\"}}],\"inLanguage\":\"de\"},{\"@type\":\"Organization\",\"@id\":\"https:\/\/parcbellevue.com\/#organization\",\"name\":\"Camping Parc Bellevue\",\"url\":\"https:\/\/parcbellevue.com\/\",\"logo\":{\"@type\":\"ImageObject\",\"inLanguage\":\"de\",\"@id\":\"https:\/\/parcbellevue.com\/#\/schema\/logo\/image\/\",\"url\":\"https:\/\/parcbellevue.com\/wp-content\/uploads\/2022\/11\/cropped-logo-camping-parc-bellevue.png\",\"contentUrl\":\"https:\/\/parcbellevue.com\/wp-content\/uploads\/2022\/11\/cropped-logo-camping-parc-bellevue.png\",\"width\":902,\"height\":904,\"caption\":\"Camping Parc Bellevue\"},\"image\":{\"@id\":\"https:\/\/parcbellevue.com\/#\/schema\/logo\/image\/\"}}]}<\/script>\n<!-- \/ Yoast SEO plugin. -->","yoast_head_json":{"title":"Familiencampingplatz in Cannes | 3-Sterne-Campingplatz an der C\u00f4te d'Azur","description":"Entdecken Sie die Angebote unseres famili\u00e4ren 3-Sterne-Campingplatzes in Cannes. Wifi, Lebensmittelgesch\u00e4ft, ... alles nur wenige Schritte vom Palais des Festivals entfernt.","robots":{"index":"index","follow":"follow","max-snippet":"max-snippet:-1","max-image-preview":"max-image-preview:large","max-video-preview":"max-video-preview:-1"},"canonical":"https:\/\/parcbellevue.com\/de\/familiencampingplatz-cannes\/","og_locale":"de_DE","og_type":"article","og_title":"Familiencampingplatz in Cannes | 3-Sterne-Campingplatz an der C\u00f4te d'Azur","og_description":"Entdecken Sie die Angebote unseres famili\u00e4ren 3-Sterne-Campingplatzes in Cannes. Wifi, Lebensmittelgesch\u00e4ft, ... alles nur wenige Schritte vom Palais des Festivals entfernt.","og_url":"https:\/\/parcbellevue.com\/de\/familiencampingplatz-cannes\/","og_site_name":"Camping Parc Bellevue","article_modified_time":"2026-02-10T11:15:22+00:00","og_image":[{"width":2000,"height":1121,"url":"https:\/\/parcbellevue.com\/wp-content\/uploads\/2023\/11\/reception-camping-1-e1700229997995.webp","type":"image\/webp"}],"twitter_card":"summary_large_image","twitter_misc":{"Gesch\u00e4tzte Lesezeit":"2\u00a0Minuten"},"schema":{"@context":"https:\/\/schema.org","@graph":[{"@type":"WebPage","@id":"https:\/\/parcbellevue.com\/de\/familiencampingplatz-cannes\/","url":"https:\/\/parcbellevue.com\/de\/familiencampingplatz-cannes\/","name":"Familiencampingplatz in Cannes | 3-Sterne-Campingplatz an der C\u00f4te d'Azur","isPartOf":{"@id":"https:\/\/parcbellevue.com\/#website"},"primaryImageOfPage":{"@id":"https:\/\/parcbellevue.com\/de\/familiencampingplatz-cannes\/#primaryimage"},"image":{"@id":"https:\/\/parcbellevue.com\/de\/familiencampingplatz-cannes\/#primaryimage"},"thumbnailUrl":"https:\/\/parcbellevue.com\/wp-content\/uploads\/2023\/11\/reception-camping-1-e1700229997995.webp","datePublished":"2023-12-12T16:07:54+00:00","dateModified":"2026-02-10T11:15:22+00:00","description":"Entdecken Sie die Angebote unseres famili\u00e4ren 3-Sterne-Campingplatzes in Cannes. Wifi, Lebensmittelgesch\u00e4ft, ... alles nur wenige Schritte vom Palais des Festivals entfernt.","breadcrumb":{"@id":"https:\/\/parcbellevue.com\/de\/familiencampingplatz-cannes\/#breadcrumb"},"inLanguage":"de","potentialAction":[{"@type":"ReadAction","target":["https:\/\/parcbellevue.com\/de\/familiencampingplatz-cannes\/"]}]},{"@type":"ImageObject","inLanguage":"de","@id":"https:\/\/parcbellevue.com\/de\/familiencampingplatz-cannes\/#primaryimage","url":"https:\/\/parcbellevue.com\/wp-content\/uploads\/2023\/11\/reception-camping-1-e1700229997995.webp","contentUrl":"https:\/\/parcbellevue.com\/wp-content\/uploads\/2023\/11\/reception-camping-1-e1700229997995.webp","width":2000,"height":1121,"caption":"rezeption camping"},{"@type":"BreadcrumbList","@id":"https:\/\/parcbellevue.com\/de\/familiencampingplatz-cannes\/#breadcrumb","itemListElement":[{"@type":"ListItem","position":1,"name":"Camping Cannes","item":"https:\/\/parcbellevue.com\/de\/"},{"@type":"ListItem","position":2,"name":"3-Sterne-Campingplatz an der C\u00f4te d'Azur"}]},{"@type":"WebSite","@id":"https:\/\/parcbellevue.com\/#website","url":"https:\/\/parcbellevue.com\/","name":"Camping Parc Bellevue","description":"","publisher":{"@id":"https:\/\/parcbellevue.com\/#organization"},"potentialAction":[{"@type":"SearchAction","target":{"@type":"EntryPoint","urlTemplate":"https:\/\/parcbellevue.com\/?s={search_term_string}"},"query-input":{"@type":"PropertyValueSpecification","valueRequired":true,"valueName":"search_term_string"}}],"inLanguage":"de"},{"@type":"Organization","@id":"https:\/\/parcbellevue.com\/#organization","name":"Camping Parc Bellevue","url":"https:\/\/parcbellevue.com\/","logo":{"@type":"ImageObject","inLanguage":"de","@id":"https:\/\/parcbellevue.com\/#\/schema\/logo\/image\/","url":"https:\/\/parcbellevue.com\/wp-content\/uploads\/2022\/11\/cropped-logo-camping-parc-bellevue.png","contentUrl":"https:\/\/parcbellevue.com\/wp-content\/uploads\/2022\/11\/cropped-logo-camping-parc-bellevue.png","width":902,"height":904,"caption":"Camping Parc Bellevue"},"image":{"@id":"https:\/\/parcbellevue.com\/#\/schema\/logo\/image\/"}}]}},"_links":{"self":[{"href":"https:\/\/parcbellevue.com\/de\/wp-json\/wp\/v2\/pages\/3336","targetHints":{"allow":["GET"]}}],"collection":[{"href":"https:\/\/parcbellevue.com\/de\/wp-json\/wp\/v2\/pages"}],"about":[{"href":"https:\/\/parcbellevue.com\/de\/wp-json\/wp\/v2\/types\/page"}],"author":[{"embeddable":true,"href":"https:\/\/parcbellevue.com\/de\/wp-json\/wp\/v2\/users\/1"}],"replies":[{"embeddable":true,"href":"https:\/\/parcbellevue.com\/de\/wp-json\/wp\/v2\/comments?post=3336"}],"version-history":[{"count":11,"href":"https:\/\/parcbellevue.com\/de\/wp-json\/wp\/v2\/pages\/3336\/revisions"}],"predecessor-version":[{"id":5266,"href":"https:\/\/parcbellevue.com\/de\/wp-json\/wp\/v2\/pages\/3336\/revisions\/5266"}],"wp:featuredmedia":[{"embeddable":true,"href":"https:\/\/parcbellevue.com\/de\/wp-json\/wp\/v2\/media\/2790"}],"wp:attachment":[{"href":"https:\/\/parcbellevue.com\/de\/wp-json\/wp\/v2\/media?parent=3336"}],"wp:term":[{"taxonomy":"sujet","embeddable":true,"href":"https:\/\/parcbellevue.com\/de\/wp-json\/wp\/v2\/sujet?post=3336"}],"curies":[{"name":"wp","href":"https:\/\/api.w.org\/{rel}","templated":true}]}}