{"id":3280,"date":"2023-12-12T16:54:29","date_gmt":"2023-12-12T15:54:29","guid":{"rendered":"https:\/\/parcbellevue.com\/stellplatz-cannes\/"},"modified":"2023-12-13T14:21:28","modified_gmt":"2023-12-13T13:21:28","slug":"stellplatz-cannes","status":"publish","type":"page","link":"https:\/\/parcbellevue.com\/de\/stellplatz-cannes\/","title":{"rendered":"Stellplatz"},"content":{"rendered":"<section id=\"ls-section-block_7d3bad983b73626f5b67dd07784fa62f\" class=\"ls-section  page-titre has-p-b p-b-0\" >\r\n        <div class=\"container container--wide\">\r\n        \n\n<h1 class=\"ls__heading wp-block-heading has-text-align-center\">Mieten Sie einen Stellplatz in Cannes<\/h1>\n\n\r\n    <\/div>\r\n<\/section><section id=\"ls-section-block_3df5d8d537caa1d03f2e283fb251d561\" class=\"ls-section  home-second page-one has-p-t p-t-0 has-p-b p-b-0\" >\r\n        <div class=\"container container--wide\">\r\n        \n\n<div class=\"wp-block-columns is-layout-flex wp-container-core-columns-is-layout-9d6595d7 wp-block-columns-is-layout-flex\">\n<div class=\"wp-block-column is-vertically-aligned-center is-layout-flow wp-block-column-is-layout-flow\" style=\"flex-basis:60%\">\n<h2 class=\"ls__heading wp-block-heading\">Caravaning-Aufenthalt an der C\u00f4te d&#8217;Azur<\/h2>\n\n\n\n<p class=\"ls-paragraph\">Lassen Sie sich von einem <strong>einzigartigen Caravaning-Urlaub<\/strong> im Herzen der sch\u00f6nen C\u00f4te d&#8217;Azur verf\u00fchren. Mit unseren Angeboten zur<strong> Vermietung von hochwertigen Stellpl\u00e4tzen<\/strong> k\u00f6nnen Sie Cannes und seine Umgebung in einer <strong>freundlichen und nat\u00fcrlichen Atmosph\u00e4re<\/strong> entdecken.<\/p>\n\n\n\n<p class=\"ls-paragraph\">Erleben Sie das wahre Caravaning-Erlebnis in Cannes! Wir bieten Ihnen <strong>80 bis 100 m\u00b2 gro\u00dfe Stellpl\u00e4tze<\/strong>, die ideal gelegen sind, damit Sie Ihren Aufenthalt in der N\u00e4he der sch\u00f6nsten Orte von Cannes optimal genie\u00dfen k\u00f6nnen. Ob im Schatten hoher B\u00e4ume oder unter der Sonne von Cannes. Jeder Platz verf\u00fcgt \u00fcber einen <strong>Stromanschluss<\/strong>. Egal, ob Sie <a href=\"https:\/\/parcbellevue.com\/de\/vermietung-mobil-home-stock\/\">ein Mobilheim<\/a> oder einen Stellplatz f\u00fcr Ihr Zelt, Ihren Wohnwagen oder Ihr Wohnmobil <a href=\"https:\/\/parcbellevue.com\/de\/vermietung-mobil-home-stock\/\">mieten<\/a> m\u00f6chten, wir haben genau das Richtige f\u00fcr einen unvergesslichen Aufenthalt an der C\u00f4te d&#8217;Azur.<\/p>\n\n\n\n<p class=\"ls-paragraph addReadMore showlesscontent\">Unser Grundst\u00fcck wird weitgehend von hochst\u00e4mmigen B\u00e4umen beschattet. Sie verf\u00fcgen \u00fcber einen Spot &#8222;<strong>kostenloses WLAN<\/strong>&#8220; und eine WLAN-Abdeckung auf dem gesamten Campingplatz. Die Preise sind Pauschalpreise f\u00fcr 2 Personen + 1 Fahrzeug + 1 Stromanschluss mit 6 Ampere + 1 Wohnwagen oder 1 Wohnmobil oder 1 Zelt. Die Anreise erfolgt t\u00e4glich und der Mindestaufenthalt betr\u00e4gt eine Nacht.<\/p>\n\n\n\n<p class=\"ls-paragraph\">Der Zuschlag betr\u00e4gt 4\u20ac pro Person. <\/p>\n<\/div>\n\n\n\n<div class=\"wp-block-column is-vertically-aligned-center is-layout-flow wp-block-column-is-layout-flow\">\n<div id=\"ls-hebergements-block_649a2a321eecd2403390ec3ed6066cc6\" class=\"ls-hebergements\">\n\n    <div class=\"ls-hebergements__results\" data-row=\"1\" data-campings=\"false\" data-types=\"[26]\"><div class=\"ls-hebergement\" data-postid='3237' data-id-reservation='138569' data-id-site='' data-id1='' data-nombre_de_personnes='' data-nombre_de_chambres='' data-last-update='' data-type='emplacement'>\n\t<div class=\"ls-hebergement__thumb\">\n\t\t\t\t<img decoding=\"async\" src=\"https:\/\/parcbellevue.com\/wp-content\/uploads\/2025\/11\/camping-car-bellevue.webp\" alt=\"Stellplatz\" \/>\n\t\t<div class=\"ls-hebergement__icons\">\n\t\t\t\n\t\t\t\t\t\t\t\t<\/div>\n\t\t\t<\/div>\n\n\n\t<div class=\"ls-hebergement__content\">\n\n\t\t<div class=\"ls-hebergement__title\">\n\t\t\tStellplatz\t\t<\/div>\n\n\t\t<div class=\"ls-hebergement__infos\">\n\n\t\t\t\t\t\t\t\t\t\t\t\t\t<span class=\"ls-hebergement__detail\">\n\t\t\t\t\t+80m\u00b2\n\t\t\t\t<\/span>\n\t\t\t\t\t<\/div>\n\t\t<span class=\"bellevue-arrow ls-hebergement__button\"><\/span>\n\t<\/div>\n\t<div class=\"ls-single-hebergement\" data-postid='3237' data-id-reservation='138569' data-id-site='' data-id1='' data-nombre_de_personnes='' data-nombre_de_chambres='' data-last-update='' data-type='emplacement'>\n\t<div class=\"container\">\n\n\t\t\t\t\t<div class=\"ls-single-hebergement__close\">\n\t\t\t\t<i class=\"fas fa-times\"><\/i> Schlie\u00dfen\t\t\t<\/div>\n\t\t\t\t<div class=\"ls-single-hebergement__thumbnail\">\n\t\t\t<img decoding=\"async\" width=\"1000\" height=\"1333\" src=\"https:\/\/parcbellevue.com\/wp-content\/uploads\/2025\/11\/camping-car-bellevue.webp\" class=\"attachment-full size-full wp-post-image\" alt=\"Wohnmobil Bellevue\" srcset=\"https:\/\/parcbellevue.com\/wp-content\/uploads\/2025\/11\/camping-car-bellevue.webp 1000w, https:\/\/parcbellevue.com\/wp-content\/uploads\/2025\/11\/camping-car-bellevue-225x300.webp 225w, https:\/\/parcbellevue.com\/wp-content\/uploads\/2025\/11\/camping-car-bellevue-768x1024.webp 768w\" sizes=\"(max-width: 1000px) 100vw, 1000px\" \/>\t\t\t<div class=\"ls-single-hebergement__icons\">\n\n\t\t\t\t\n\t\t\t\t\n\t\t\t\t\n\n\t\t\t\t\t\t\t\t\t<span class=\"ls-single-hebergement__icon\">\n\t\t\t\t\t\t<span>+80m\u00b2<\/span>\n\t\t\t\t\t<\/span>\n\t\t\t\t\n\t\t\t\t\n\t\t\t<\/div> <!-- End icons -->\n\t\t\t\t\t<\/div>\n\t\t<div class=\"wp-block-columns\">\n\t\t\t<div class=\"wp-block-column\" style=\"flex-basis:66.66%\">\n\n\t\t\t\t<h1>Stellplatz<\/h1>\n\n\t\t\t\t<div class=\"ls-single-hebergement__description\">\n\t\t\t\t\t<p><strong>EIN 5 HEKTAR GROSSER GR\u00dcNER PARK MIT GROSSEN B\u00c4UMEN<\/strong><\/p>\n<ul>\n<li>Die Stellpl\u00e4tze sind 80 bis 100 m\u00b2 gro\u00df und verf\u00fcgen alle \u00fcber einen Stromanschluss. Viele Stellpl\u00e4tze haben auch eine eigene Wasserstelle. Zu Ihren Diensten stehen renovierte Sanit\u00e4ranlagen mit &#8222;Babykabine&#8220; und ein Behindertenbereich.<\/li>\n<li>Unser Grundst\u00fcck wird weitgehend von hochst\u00e4mmigen B\u00e4umen beschattet. Sie verf\u00fcgen \u00fcber einen Spot &#8222;kostenloses WLAN&#8220; und eine WLAN-Abdeckung auf dem gesamten Campingplatz. Die Preise sind Pauschalpreise f\u00fcr 2 Personen + 1 Fahrzeug + 1 Stromanschluss mit 6 Ampere + 1 Wohnwagen oder 1 Wohnmobil oder 1 Zelt. Die Anreise erfolgt t\u00e4glich und der Mindestaufenthalt betr\u00e4gt eine Nacht.<\/li>\n<\/ul>\n\t\t\t\t<\/div>\n\n\t\t\t\t\t\t\t<\/div>\n\t\t\t<div class=\"wp-block-column\" style=\"flex-basis:33.333%\">\n\t\t\t\t<div class=\"ls-single-hebergement__sidebar\">\n\n\t\t\t\t\t<a target=\"_blank\" class=\"ls-button\" href=\"https:\/\/reservation.secureholiday.net\/de\/529\/search\/product-view\/138569\/\">R\u00e9server votre s\u00e9jour<\/a>\t\t\t\t<\/div>\n\t\t\t<\/div>\n\t\t<\/div>\n\t\t\t\t\t<div class=\"ls-single-hebergement__galerie\">\n\t\t\t\t\t\t\t\t\t<div class=\"ls-single-hebergement__galerie__image\">\n\t\t\t\t\t\t<a href=\"https:\/\/parcbellevue.com\/wp-content\/uploads\/2025\/11\/caravane-bellevue.webp\" data-fancybox=\"hebergement\">\n\t\t\t\t\t\t\t<img decoding=\"async\" src=\"https:\/\/parcbellevue.com\/wp-content\/uploads\/2025\/11\/caravane-bellevue-1024x768.webp\" alt=\"\" \/>\n\t\t\t\t\t\t<\/a>\n\t\t\t\t\t<\/div>\n\t\t\t\t\t\t\t\t\t<div class=\"ls-single-hebergement__galerie__image\">\n\t\t\t\t\t\t<a href=\"https:\/\/parcbellevue.com\/wp-content\/uploads\/2023\/11\/emplacement-camping-parc-bellevue.webp\" data-fancybox=\"hebergement\">\n\t\t\t\t\t\t\t<img decoding=\"async\" src=\"https:\/\/parcbellevue.com\/wp-content\/uploads\/2023\/11\/emplacement-camping-parc-bellevue.webp\" alt=\"stellplatz wohnmobil cannes\" \/>\n\t\t\t\t\t\t<\/a>\n\t\t\t\t\t<\/div>\n\t\t\t\t\t\t\t\t\t<div class=\"ls-single-hebergement__galerie__image\">\n\t\t\t\t\t\t<a href=\"https:\/\/parcbellevue.com\/wp-content\/uploads\/2025\/11\/sanitaire-bellevue.webp\" data-fancybox=\"hebergement\">\n\t\t\t\t\t\t\t<img decoding=\"async\" src=\"https:\/\/parcbellevue.com\/wp-content\/uploads\/2025\/11\/sanitaire-bellevue-768x1024.webp\" alt=\"\" \/>\n\t\t\t\t\t\t<\/a>\n\t\t\t\t\t<\/div>\n\t\t\t\t\t\t\t<\/div>\n\t\t\t\t<ctv-availability data-product-id=\"138569\" data-background-color=\"#FFFFFFFF\" data-text-color=\"#000000FF\"><\/ctv-availability>\n\t<\/div>\n<\/div><\/div><\/div><\/div><\/div>\n<\/div>\n\n\r\n    <\/div>\r\n<\/section><section id=\"ls-section-block_36e14da559e1d8b40f1509b352280855\" class=\"ls-section  page-five has-p-t p-t-0 has-p-b p-b-4\" >\r\n        <div class=\"container container--wide\">\r\n        \n\n<div class=\"wp-block-columns are-vertically-aligned-top is-layout-flex wp-container-core-columns-is-layout-9d6595d7 wp-block-columns-is-layout-flex\">\n<div class=\"wp-block-column is-vertically-aligned-top is-layout-flow wp-block-column-is-layout-flow\">\n<div class=\"wp-block-columns are-vertically-aligned-center wp-block-columns__padding-right is-layout-flex wp-container-core-columns-is-layout-9d6595d7 wp-block-columns-is-layout-flex\">\n<div class=\"wp-block-column is-vertically-aligned-center is-layout-flow wp-block-column-is-layout-flow\">\n<h2 class=\"ls__heading wp-block-heading has-text-align-center has-color-3-color has-text-color\">Unsere hochwertigen Sanit\u00e4ranlagen<\/h2>\n\n\n\n<p class=\"ls-paragraph has-text-align-center\">Da wir der Meinung sind, dass man beim Campen keine Kompromisse beim Komfort eingehen sollte, haben wir darauf geachtet, unseren Campern <strong>hochwertige Sanit\u00e4ranlagen<\/strong> zu bieten. Wir haben <strong>zwei Sanit\u00e4rbl\u00f6cke<\/strong>, die jeweils mit einer<strong> Babykabine <\/strong>und einem <strong>Bereich f\u00fcr Menschen mit Behinderungen<\/strong> ausgestattet sind.<\/p>\n\n\n\n<p class=\"ls-paragraph has-text-align-center\">Unser <a href=\"https:\/\/parcbellevue.com\/de\/\">Campingplatz Parc Bellevue<\/a> ist von 1\u1d49\u02b3 April bis 31. Oktober ge\u00f6ffnet, und w\u00e4hrend dieser Zeit bleibt immer mindestens einer unserer Sanit\u00e4rbl\u00f6cke ge\u00f6ffnet.<\/p>\n\n\n\n<p class=\"ls-paragraph has-text-align-center\">Entscheiden Sie sich daf\u00fcr, im Fr\u00fchling oder Herbst eine Unterkunft auf unserem <a href=\"https:\/\/parcbellevue.com\/de\/billig-camping-cannes\/\">Campingplatz zu<\/a> mieten und <a href=\"https:\/\/parcbellevue.com\/de\/billig-camping-cannes\/\">profitieren Sie dabei von den besten Preisen<\/a> f\u00fcr Ihren Aufenthalt.<\/p>\n<\/div>\n<\/div>\n<\/div>\n<\/div>\n\n\r\n    <\/div>\r\n<\/section><section id=\"ls-section-block_19c05ab4fd8a01a2cf3d637d636e00d2\" class=\"ls-section  page-four column-parallax-reverse has-m-t m-t-0 has-p-t p-t-0\" >\r\n        <div class=\"container container--wide\">\r\n        \n\n<div id=\"ls-heading ls-titre-div-block_b3438699cbd60b3c3d7c4d872d111cbe\" class=\"ls-titre-div aligncenter h2-like\" >\n    Entdecken Sie auch unsere Unterk\u00fcnfte, unsere Dienstleistungen und alle Preise  <\/div>\n\n\n<div id=\"ls-maillage-block_62274b88aca450cb72eeada7a009fce6\" class=\"ls-maillage cta-style-normal\" data-rows=\"3\">\n    <div class=\"wp-block-columns\"><div class=\"wp-block-column\"><div class=\"ls-cta\">\n\n<a href=\"https:\/\/parcbellevue.com\/de\/billig-camping-cannes\/\" target=\"\" rel=\"noopener\" class=\"ls-cta__link\">\n\n\t<div class=\"ls-cta__image\"><img decoding=\"async\" src=\"https:\/\/parcbellevue.com\/wp-content\/uploads\/2023\/10\/emplacements-camping-parc-bellevue-e1699959330230.webp\" alt=\"Stellpl\u00e4tze Camping Parc Bellevue\"><\/div>\n\t<div class=\"ls-cta__title\">\n\t\tTarife\t<\/div>\n\n\t\n\t<span class=\"bellevue-arrow ls-cta__arrow\"><\/span>\n\n<\/a><\/div><\/div><div class=\"wp-block-column\"><div class=\"ls-cta\">\n\n<a href=\"https:\/\/parcbellevue.com\/de\/vermietung-mobil-home-stock\/\" target=\"\" rel=\"noopener\" class=\"ls-cta__link\">\n\n\t<div class=\"ls-cta__image\"><img decoding=\"async\" src=\"https:\/\/parcbellevue.com\/wp-content\/uploads\/2023\/11\/camping-mobil-home.webp\" alt=\"mobilheim 4 personen cannes\"><\/div>\n\t<div class=\"ls-cta__title\">\n\t\tMobilheime\t<\/div>\n\n\t\n\t<span class=\"bellevue-arrow ls-cta__arrow\"><\/span>\n\n<\/a><\/div><\/div><div class=\"wp-block-column\"><div class=\"ls-cta\">\n\n<a href=\"https:\/\/parcbellevue.com\/de\/familiencampingplatz-cannes\/\" target=\"\" rel=\"noopener\" class=\"ls-cta__link\">\n\n\t<div class=\"ls-cta__image\"><img decoding=\"async\" src=\"https:\/\/parcbellevue.com\/wp-content\/uploads\/2023\/11\/reception-camping-1-e1700229997995-edited.webp\" alt=\"rezeption camping\"><\/div>\n\t<div class=\"ls-cta__title\">\n\t\tDie Dienste\t<\/div>\n\n\t\n\t<span class=\"bellevue-arrow ls-cta__arrow\"><\/span>\n\n<\/a><\/div><\/div><\/div><\/div>\n\r\n    <\/div>\r\n<\/section>","protected":false},"excerpt":{"rendered":"","protected":false},"author":1,"featured_media":5069,"parent":0,"menu_order":0,"comment_status":"closed","ping_status":"closed","template":"","meta":{"_acf_changed":false,"footnotes":""},"sujet":[],"class_list":["post-3280","page","type-page","status-publish","has-post-thumbnail","hentry"],"acf":[],"yoast_head":"<!-- This site is optimized with the Yoast SEO plugin v23.4 - https:\/\/yoast.com\/wordpress\/plugins\/seo\/ -->\n<title>Stellplatz mieten Cannes | Stellplatz Caravaning C\u00f4te d&#039;Azur<\/title>\n<meta name=\"robots\" content=\"index, follow, max-snippet:-1, max-image-preview:large, max-video-preview:-1\" \/>\n<link rel=\"canonical\" href=\"https:\/\/parcbellevue.com\/de\/stellplatz-cannes\/\" \/>\n<meta property=\"og:locale\" content=\"de_DE\" \/>\n<meta property=\"og:type\" content=\"article\" \/>\n<meta property=\"og:title\" content=\"Stellplatz mieten Cannes | Stellplatz Caravaning C\u00f4te d&#039;Azur\" \/>\n<meta property=\"og:url\" content=\"https:\/\/parcbellevue.com\/de\/stellplatz-cannes\/\" \/>\n<meta property=\"og:site_name\" content=\"Camping Parc Bellevue\" \/>\n<meta property=\"article:modified_time\" content=\"2023-12-13T13:21:28+00:00\" \/>\n<meta property=\"og:image\" content=\"https:\/\/parcbellevue.com\/wp-content\/uploads\/2023\/11\/emplacement-camping-cannes-e1701351022420.webp\" \/>\n\t<meta property=\"og:image:width\" content=\"2000\" \/>\n\t<meta property=\"og:image:height\" content=\"1332\" \/>\n\t<meta property=\"og:image:type\" content=\"image\/webp\" \/>\n<meta name=\"twitter:card\" content=\"summary_large_image\" \/>\n<meta name=\"twitter:label1\" content=\"Gesch\u00e4tzte Lesezeit\" \/>\n\t<meta name=\"twitter:data1\" content=\"2\u00a0Minuten\" \/>\n<script type=\"application\/ld+json\" class=\"yoast-schema-graph\">{\"@context\":\"https:\/\/schema.org\",\"@graph\":[{\"@type\":\"WebPage\",\"@id\":\"https:\/\/parcbellevue.com\/de\/stellplatz-cannes\/\",\"url\":\"https:\/\/parcbellevue.com\/de\/stellplatz-cannes\/\",\"name\":\"Stellplatz mieten Cannes | Stellplatz Caravaning C\u00f4te d'Azur\",\"isPartOf\":{\"@id\":\"https:\/\/parcbellevue.com\/#website\"},\"primaryImageOfPage\":{\"@id\":\"https:\/\/parcbellevue.com\/de\/stellplatz-cannes\/#primaryimage\"},\"image\":{\"@id\":\"https:\/\/parcbellevue.com\/de\/stellplatz-cannes\/#primaryimage\"},\"thumbnailUrl\":\"https:\/\/parcbellevue.com\/wp-content\/uploads\/2025\/11\/caravane-bellevue.webp\",\"datePublished\":\"2023-12-12T15:54:29+00:00\",\"dateModified\":\"2023-12-13T13:21:28+00:00\",\"breadcrumb\":{\"@id\":\"https:\/\/parcbellevue.com\/de\/stellplatz-cannes\/#breadcrumb\"},\"inLanguage\":\"de\",\"potentialAction\":[{\"@type\":\"ReadAction\",\"target\":[\"https:\/\/parcbellevue.com\/de\/stellplatz-cannes\/\"]}]},{\"@type\":\"ImageObject\",\"inLanguage\":\"de\",\"@id\":\"https:\/\/parcbellevue.com\/de\/stellplatz-cannes\/#primaryimage\",\"url\":\"https:\/\/parcbellevue.com\/wp-content\/uploads\/2025\/11\/caravane-bellevue.webp\",\"contentUrl\":\"https:\/\/parcbellevue.com\/wp-content\/uploads\/2025\/11\/caravane-bellevue.webp\",\"width\":1920,\"height\":1440},{\"@type\":\"BreadcrumbList\",\"@id\":\"https:\/\/parcbellevue.com\/de\/stellplatz-cannes\/#breadcrumb\",\"itemListElement\":[{\"@type\":\"ListItem\",\"position\":1,\"name\":\"Camping Cannes\",\"item\":\"https:\/\/parcbellevue.com\/de\/\"},{\"@type\":\"ListItem\",\"position\":2,\"name\":\"Vermietung Stellplatz C\u00f4te d'Azur\"}]},{\"@type\":\"WebSite\",\"@id\":\"https:\/\/parcbellevue.com\/#website\",\"url\":\"https:\/\/parcbellevue.com\/\",\"name\":\"Camping Parc Bellevue\",\"description\":\"\",\"publisher\":{\"@id\":\"https:\/\/parcbellevue.com\/#organization\"},\"potentialAction\":[{\"@type\":\"SearchAction\",\"target\":{\"@type\":\"EntryPoint\",\"urlTemplate\":\"https:\/\/parcbellevue.com\/?s={search_term_string}\"},\"query-input\":{\"@type\":\"PropertyValueSpecification\",\"valueRequired\":true,\"valueName\":\"search_term_string\"}}],\"inLanguage\":\"de\"},{\"@type\":\"Organization\",\"@id\":\"https:\/\/parcbellevue.com\/#organization\",\"name\":\"Camping Parc Bellevue\",\"url\":\"https:\/\/parcbellevue.com\/\",\"logo\":{\"@type\":\"ImageObject\",\"inLanguage\":\"de\",\"@id\":\"https:\/\/parcbellevue.com\/#\/schema\/logo\/image\/\",\"url\":\"https:\/\/parcbellevue.com\/wp-content\/uploads\/2022\/11\/cropped-logo-camping-parc-bellevue.png\",\"contentUrl\":\"https:\/\/parcbellevue.com\/wp-content\/uploads\/2022\/11\/cropped-logo-camping-parc-bellevue.png\",\"width\":902,\"height\":904,\"caption\":\"Camping Parc Bellevue\"},\"image\":{\"@id\":\"https:\/\/parcbellevue.com\/#\/schema\/logo\/image\/\"}}]}<\/script>\n<!-- \/ Yoast SEO plugin. -->","yoast_head_json":{"title":"Stellplatz mieten Cannes | Stellplatz Caravaning C\u00f4te d'Azur","robots":{"index":"index","follow":"follow","max-snippet":"max-snippet:-1","max-image-preview":"max-image-preview:large","max-video-preview":"max-video-preview:-1"},"canonical":"https:\/\/parcbellevue.com\/de\/stellplatz-cannes\/","og_locale":"de_DE","og_type":"article","og_title":"Stellplatz mieten Cannes | Stellplatz Caravaning C\u00f4te d'Azur","og_url":"https:\/\/parcbellevue.com\/de\/stellplatz-cannes\/","og_site_name":"Camping Parc Bellevue","article_modified_time":"2023-12-13T13:21:28+00:00","og_image":[{"width":2000,"height":1332,"url":"https:\/\/parcbellevue.com\/wp-content\/uploads\/2023\/11\/emplacement-camping-cannes-e1701351022420.webp","type":"image\/webp"}],"twitter_card":"summary_large_image","twitter_misc":{"Gesch\u00e4tzte Lesezeit":"2\u00a0Minuten"},"schema":{"@context":"https:\/\/schema.org","@graph":[{"@type":"WebPage","@id":"https:\/\/parcbellevue.com\/de\/stellplatz-cannes\/","url":"https:\/\/parcbellevue.com\/de\/stellplatz-cannes\/","name":"Stellplatz mieten Cannes | Stellplatz Caravaning C\u00f4te d'Azur","isPartOf":{"@id":"https:\/\/parcbellevue.com\/#website"},"primaryImageOfPage":{"@id":"https:\/\/parcbellevue.com\/de\/stellplatz-cannes\/#primaryimage"},"image":{"@id":"https:\/\/parcbellevue.com\/de\/stellplatz-cannes\/#primaryimage"},"thumbnailUrl":"https:\/\/parcbellevue.com\/wp-content\/uploads\/2025\/11\/caravane-bellevue.webp","datePublished":"2023-12-12T15:54:29+00:00","dateModified":"2023-12-13T13:21:28+00:00","breadcrumb":{"@id":"https:\/\/parcbellevue.com\/de\/stellplatz-cannes\/#breadcrumb"},"inLanguage":"de","potentialAction":[{"@type":"ReadAction","target":["https:\/\/parcbellevue.com\/de\/stellplatz-cannes\/"]}]},{"@type":"ImageObject","inLanguage":"de","@id":"https:\/\/parcbellevue.com\/de\/stellplatz-cannes\/#primaryimage","url":"https:\/\/parcbellevue.com\/wp-content\/uploads\/2025\/11\/caravane-bellevue.webp","contentUrl":"https:\/\/parcbellevue.com\/wp-content\/uploads\/2025\/11\/caravane-bellevue.webp","width":1920,"height":1440},{"@type":"BreadcrumbList","@id":"https:\/\/parcbellevue.com\/de\/stellplatz-cannes\/#breadcrumb","itemListElement":[{"@type":"ListItem","position":1,"name":"Camping Cannes","item":"https:\/\/parcbellevue.com\/de\/"},{"@type":"ListItem","position":2,"name":"Vermietung Stellplatz C\u00f4te d'Azur"}]},{"@type":"WebSite","@id":"https:\/\/parcbellevue.com\/#website","url":"https:\/\/parcbellevue.com\/","name":"Camping Parc Bellevue","description":"","publisher":{"@id":"https:\/\/parcbellevue.com\/#organization"},"potentialAction":[{"@type":"SearchAction","target":{"@type":"EntryPoint","urlTemplate":"https:\/\/parcbellevue.com\/?s={search_term_string}"},"query-input":{"@type":"PropertyValueSpecification","valueRequired":true,"valueName":"search_term_string"}}],"inLanguage":"de"},{"@type":"Organization","@id":"https:\/\/parcbellevue.com\/#organization","name":"Camping Parc Bellevue","url":"https:\/\/parcbellevue.com\/","logo":{"@type":"ImageObject","inLanguage":"de","@id":"https:\/\/parcbellevue.com\/#\/schema\/logo\/image\/","url":"https:\/\/parcbellevue.com\/wp-content\/uploads\/2022\/11\/cropped-logo-camping-parc-bellevue.png","contentUrl":"https:\/\/parcbellevue.com\/wp-content\/uploads\/2022\/11\/cropped-logo-camping-parc-bellevue.png","width":902,"height":904,"caption":"Camping Parc Bellevue"},"image":{"@id":"https:\/\/parcbellevue.com\/#\/schema\/logo\/image\/"}}]}},"_links":{"self":[{"href":"https:\/\/parcbellevue.com\/de\/wp-json\/wp\/v2\/pages\/3280","targetHints":{"allow":["GET"]}}],"collection":[{"href":"https:\/\/parcbellevue.com\/de\/wp-json\/wp\/v2\/pages"}],"about":[{"href":"https:\/\/parcbellevue.com\/de\/wp-json\/wp\/v2\/types\/page"}],"author":[{"embeddable":true,"href":"https:\/\/parcbellevue.com\/de\/wp-json\/wp\/v2\/users\/1"}],"replies":[{"embeddable":true,"href":"https:\/\/parcbellevue.com\/de\/wp-json\/wp\/v2\/comments?post=3280"}],"version-history":[{"count":6,"href":"https:\/\/parcbellevue.com\/de\/wp-json\/wp\/v2\/pages\/3280\/revisions"}],"predecessor-version":[{"id":3750,"href":"https:\/\/parcbellevue.com\/de\/wp-json\/wp\/v2\/pages\/3280\/revisions\/3750"}],"wp:featuredmedia":[{"embeddable":true,"href":"https:\/\/parcbellevue.com\/de\/wp-json\/wp\/v2\/media\/5069"}],"wp:attachment":[{"href":"https:\/\/parcbellevue.com\/de\/wp-json\/wp\/v2\/media?parent=3280"}],"wp:term":[{"taxonomy":"sujet","embeddable":true,"href":"https:\/\/parcbellevue.com\/de\/wp-json\/wp\/v2\/sujet?post=3280"}],"curies":[{"name":"wp","href":"https:\/\/api.w.org\/{rel}","templated":true}]}}