{"id":3266,"date":"2023-12-12T16:50:22","date_gmt":"2023-12-12T15:50:22","guid":{"rendered":"https:\/\/parcbellevue.com\/billig-camping-cannes\/"},"modified":"2026-03-04T16:26:40","modified_gmt":"2026-03-04T15:26:40","slug":"billig-camping-cannes","status":"publish","type":"page","link":"https:\/\/parcbellevue.com\/de\/billig-camping-cannes\/","title":{"rendered":"Tarife"},"content":{"rendered":"<section id=\"ls-section-block_155ee17f0b1153bbecae516a98f9d2dd\" class=\"ls-section  page-titre has-p-b p-b-0\" >\r\n        <div class=\"container container--wide\">\r\n        \n\n<h1 class=\"ls__heading wp-block-heading has-text-align-center\">Ihre Mietunterkunft zum kleinen Preis auf dem Campingplatz in Cannes<\/h1>\n\n\n\n<p class=\"ls-paragraph has-text-align-center\">Tr\u00e4umen Sie von einem unvergesslichen Urlaub, der <strong>auch Ihr Budget schont <\/strong>? Unser Campingplatz in Cannes bietet Ihnen eine Auswahl an <strong>hochwertigen<\/strong> und preisg\u00fcnstigen <a href=\"https:\/\/parcbellevue.com\/de\/vermietung-mobil-home-stock\/\">Mietunterk\u00fcnften in Cannes<\/a>.<\/p>\n\n\n\n<p class=\"ls-paragraph has-text-align-center\">Ob Sie den <strong>Komfort unserer Mobilheime <\/strong>genie\u00dfen oder die Natur auf unseren <a href=\"https:\/\/parcbellevue.com\/de\/stellplatz-cannes\/\">Caravaning-Stellpl\u00e4tzen an der C\u00f4te d&#8217;Azur<\/a> intimer umarmen m\u00f6chten, wir laden Sie ein, die Pracht der C\u00f4te d&#8217;Azur zu entdecken, ohne Ihr Budget zu beschr\u00e4nken. Erleben Sie einen au\u00dfergew\u00f6hnlichen Aufenthalt zu einem<strong> niedrigen Preis<\/strong>.<br\/><\/p>\n\n\r\n    <\/div>\r\n<\/section><section id=\"ls-section-block_6ae6534c02f4a6454e23ec1f141ee5e0\" class=\"ls-section \" >\r\n        <div class=\"container \">\r\n        \n\n<ctv-availability data-background-color=\"#FFFFFFFF\"><\/ctv-availability>\n\n\r\n    <\/div>\r\n<\/section><section id=\"ls-section-block_e54ad91b112fba52f0c78021b989027f\" class=\"ls-section  home-second page-one\" >\r\n        <div class=\"container container--full\">\r\n        \n\n<div class=\"wp-block-columns is-layout-flex wp-container-core-columns-is-layout-9d6595d7 wp-block-columns-is-layout-flex\">\n<div class=\"wp-block-column is-layout-flow wp-block-column-is-layout-flow\" style=\"flex-basis:45%\">\n<h2 class=\"ls__heading wp-block-heading\">Unsere preisg\u00fcnstigsten Unterk\u00fcnfte an der C\u00f4te d&#8217;Azur<\/h2>\n\n\n\n<p class=\"ls-paragraph\">Im Herzen von Cannes und der sch\u00f6nen C\u00f4te d&#8217;Azur bieten wir eine Vielzahl an Mietunterk\u00fcnften <strong>f\u00fcr jedes Budget<\/strong>.  <\/p>\n\n\n\n<p class=\"ls-paragraph\">Egal, ob Sie einen traditionellen Zeltplatz oder eine luxuri\u00f6sere Unterkunft suchen, wir bem\u00fchen uns, Ihnen das <strong>beste Preis-Leistungs-Verh\u00e4ltnis<\/strong> zu bieten.<\/p>\n\n\n\n<p class=\"ls-paragraph\">Wir bieten regelm\u00e4\u00dfig Sonderangebote an, um Ihren Aufenthalt noch erschwinglicher zu machen. Sie suchen einen<strong> preisg\u00fcnstigen Camping Paradis in Cannes <\/strong>, ohne Kompromisse bei der Qualit\u00e4t einzugehen? Hier sind Sie richtig!<\/p>\n<\/div>\n\n\n\n<div class=\"wp-block-column column-parallax is-layout-flow wp-block-column-is-layout-flow\" style=\"flex-basis:55%\">\n<figure class=\"wp-block-image size-full animated fadeInRight delay-100ms slow\"><a href=\"https:\/\/parcbellevue.com\/wp-content\/uploads\/2023\/11\/cannes-camping-mobil-home.webp\"><img decoding=\"async\" width=\"1920\" height=\"1280\" src=\"https:\/\/parcbellevue.com\/wp-content\/uploads\/2023\/11\/cannes-camping-mobil-home.webp\" alt=\"Mobilheim im Freien\" class=\"wp-image-1184\" srcset=\"https:\/\/parcbellevue.com\/wp-content\/uploads\/2023\/11\/cannes-camping-mobil-home.webp 1920w, https:\/\/parcbellevue.com\/wp-content\/uploads\/2023\/11\/cannes-camping-mobil-home-300x200.webp 300w, https:\/\/parcbellevue.com\/wp-content\/uploads\/2023\/11\/cannes-camping-mobil-home-1024x683.webp 1024w, https:\/\/parcbellevue.com\/wp-content\/uploads\/2023\/11\/cannes-camping-mobil-home-768x512.webp 768w, https:\/\/parcbellevue.com\/wp-content\/uploads\/2023\/11\/cannes-camping-mobil-home-1536x1024.webp 1536w\" sizes=\"(max-width: 1920px) 100vw, 1920px\" \/><\/a><\/figure>\n<\/div>\n<\/div>\n\n\r\n    <\/div>\r\n<\/section><section id=\"ls-section-block_fb245a872525e24523240eb25e236ca6\" class=\"ls-section  home-third page-two\" >\r\n        <div class=\"container container--full\">\r\n        \n\n<div class=\"wp-block-columns are-vertically-aligned-top is-layout-flex wp-container-core-columns-is-layout-9d6595d7 wp-block-columns-is-layout-flex\">\n<div class=\"wp-block-column is-vertically-aligned-top column-parallax is-layout-flow wp-block-column-is-layout-flow\">\n<figure class=\"wp-block-gallery has-nested-images columns-default is-cropped wp-block-gallery-1 is-layout-flex wp-block-gallery-is-layout-flex\">\n<figure class=\"wp-block-image size-full animated fadeIn delay-100ms slow\"><a href=\"https:\/\/parcbellevue.com\/wp-content\/uploads\/2023\/11\/conseil.webp\"><img decoding=\"async\" width=\"2070\" height=\"1380\" data-id=\"1931\" src=\"https:\/\/parcbellevue.com\/wp-content\/uploads\/2023\/11\/conseil.webp\" alt=\"camping tipp\" class=\"wp-image-1931\" srcset=\"https:\/\/parcbellevue.com\/wp-content\/uploads\/2023\/11\/conseil.webp 2070w, https:\/\/parcbellevue.com\/wp-content\/uploads\/2023\/11\/conseil-300x200.webp 300w, https:\/\/parcbellevue.com\/wp-content\/uploads\/2023\/11\/conseil-1024x683.webp 1024w, https:\/\/parcbellevue.com\/wp-content\/uploads\/2023\/11\/conseil-768x512.webp 768w, https:\/\/parcbellevue.com\/wp-content\/uploads\/2023\/11\/conseil-1536x1024.webp 1536w, https:\/\/parcbellevue.com\/wp-content\/uploads\/2023\/11\/conseil-2048x1365.webp 2048w\" sizes=\"(max-width: 2070px) 100vw, 2070px\" \/><\/a><\/figure>\n\n\n\n<figure class=\"wp-block-image size-full animated fadeIn delay-500ms slow\"><a href=\"https:\/\/parcbellevue.com\/wp-content\/uploads\/2023\/11\/wi-fi-camping-parc-bellevue-scaled.webp\"><img decoding=\"async\" width=\"2560\" height=\"1707\" data-id=\"710\" src=\"https:\/\/parcbellevue.com\/wp-content\/uploads\/2023\/11\/wi-fi-camping-parc-bellevue-scaled.webp\" alt=\"telefon camping\" class=\"wp-image-710\" srcset=\"https:\/\/parcbellevue.com\/wp-content\/uploads\/2023\/11\/wi-fi-camping-parc-bellevue-scaled.webp 2560w, https:\/\/parcbellevue.com\/wp-content\/uploads\/2023\/11\/wi-fi-camping-parc-bellevue-300x200.webp 300w, https:\/\/parcbellevue.com\/wp-content\/uploads\/2023\/11\/wi-fi-camping-parc-bellevue-1024x683.webp 1024w, https:\/\/parcbellevue.com\/wp-content\/uploads\/2023\/11\/wi-fi-camping-parc-bellevue-768x512.webp 768w, https:\/\/parcbellevue.com\/wp-content\/uploads\/2023\/11\/wi-fi-camping-parc-bellevue-1536x1024.webp 1536w, https:\/\/parcbellevue.com\/wp-content\/uploads\/2023\/11\/wi-fi-camping-parc-bellevue-2048x1365.webp 2048w\" sizes=\"(max-width: 2560px) 100vw, 2560px\" \/><\/a><\/figure>\n<\/figure>\n<\/div>\n\n\n\n<div class=\"wp-block-column is-vertically-aligned-top is-layout-flow wp-block-column-is-layout-flow\">\n<div class=\"wp-block-columns are-vertically-aligned-center wp-block-columns__padding-right is-layout-flex wp-container-core-columns-is-layout-9d6595d7 wp-block-columns-is-layout-flex\">\n<div class=\"wp-block-column is-vertically-aligned-center is-layout-flow wp-block-column-is-layout-flow\">\n<h2 class=\"ls__heading wp-block-heading has-color-3-color has-text-color\">Profitieren Sie von unseren Sonderangeboten<\/h2>\n\n\n\n<p class=\"ls-paragraph\">Es ist uns ein Anliegen, unsere <strong>Stammkunden<\/strong> mit<strong> besonderen Werbeangeboten<\/strong> zu verw\u00f6hnen.  <\/p>\n\n\n\n<p class=\"ls-paragraph\">In der Nebensaison bieten wir auch ein Seniorenpaket an. Unter unseren regelm\u00e4\u00dfigen Angeboten profitieren Sie regelm\u00e4\u00dfig von einem<strong> Rabatt von 5% <\/strong>f\u00fcr Aufenthalte von mehr als einer Woche in der Nebensaison.<\/p>\n<\/div>\n<\/div>\n<\/div>\n<\/div>\n\n\r\n    <\/div>\r\n<\/section><section id=\"ls-section-block_e0d8583972de7930c82c6b66da7c053e\" class=\"ls-section  home-fourth page-three has-background-image has-p-b p-b-0\" >\r\n    <div class=\"ls-section__background-image opacity-100\"><img decoding=\"async\" src=\"https:\/\/parcbellevue.com\/wp-content\/uploads\/2023\/11\/wifi-camping-parc-bellevue.webp\" alt=\"wifi-camping-parc-bellevue\"><\/div>    <div class=\"container container--wide\">\r\n        \n\n<h2 class=\"ls__heading wp-block-heading has-text-align-center\">Buchen Sie direkt auf unserer Seite<\/h2>\n\n\n\n<p class=\"ls-paragraph has-text-align-center\">Um den bestm\u00f6glichen Preis zu erhalten, empfehlen wir Ihnen,<strong> direkt \u00fcber unsere Website zu buchen<\/strong>. Wenn Sie direkt bei uns buchen, vermeiden Sie die zus\u00e4tzlichen Kosten, die oft von Buchungsplattformen Dritter erhoben werden.<\/p>\n\n\n\n<p class=\"ls-paragraph has-text-align-center\">Au\u00dferdem haben Sie direkten Zugang zu unseren neuesten Angeboten und k\u00f6nnen die Unterkunft ausw\u00e4hlen, die am besten zu Ihren Bed\u00fcrfnissen und Ihrem Budget passt. Warum also warten? Buchen Sie jetzt Ihren n\u00e4chsten Aufenthalt in Cannes auf unserem<strong> Campingplatz mit dem besten Preis-Leistungs-Verh\u00e4ltnis<\/strong>!<\/p>\n\n\r\n    <\/div>\r\n<\/section><section id=\"ls-section-block_ec4e89f8d3803f267fb37babc96873ab\" class=\"ls-section  page-four column-parallax-reverse\" >\r\n        <div class=\"container container--wide\">\r\n        \n\n<div id=\"ls-heading ls-titre-div-block_01acea922aee1c09ae080522fad7cbba\" class=\"ls-titre-div aligncenter h2-like\" >\n    Unsere Unterk\u00fcnfte, Stellpl\u00e4tze und den Wasserbereich ansehen<\/div>\n\n\n<div id=\"ls-maillage-block_c9d2a17f6c0a530ecf41c0850ce4925d\" class=\"ls-maillage cta-style-normal\" data-rows=\"3\">\n    <div class=\"wp-block-columns\"><div class=\"wp-block-column\"><div class=\"ls-cta\">\n\n<a href=\"https:\/\/parcbellevue.com\/de\/stellplatz-cannes\/\" target=\"\" rel=\"noopener\" class=\"ls-cta__link\">\n\n\t<div class=\"ls-cta__image\"><img decoding=\"async\" src=\"https:\/\/parcbellevue.com\/wp-content\/uploads\/2023\/11\/emplacement-camping-parc-bellevue.webp\" alt=\"stellplatz wohnmobil cannes\"><\/div>\n\t<div class=\"ls-cta__title\">\n\t\tStellplatz\t<\/div>\n\n\t\n\t<span class=\"bellevue-arrow ls-cta__arrow\"><\/span>\n\n<\/a><\/div><\/div><div class=\"wp-block-column\"><div class=\"ls-cta\">\n\n<a href=\"https:\/\/parcbellevue.com\/de\/vermietung-mobil-home-stock\/\" target=\"\" rel=\"noopener\" class=\"ls-cta__link\">\n\n\t<div class=\"ls-cta__image\"><img decoding=\"async\" src=\"https:\/\/parcbellevue.com\/wp-content\/uploads\/2023\/11\/camping-mobil-home.webp\" alt=\"mobilheim 4 personen cannes\"><\/div>\n\t<div class=\"ls-cta__title\">\n\t\tMobilheime\t<\/div>\n\n\t\n\t<span class=\"bellevue-arrow ls-cta__arrow\"><\/span>\n\n<\/a><\/div><\/div><div class=\"wp-block-column\"><div class=\"ls-cta\">\n\n<a href=\"https:\/\/parcbellevue.com\/de\/camping-schwimmbad-cannes\/\" target=\"\" rel=\"noopener\" class=\"ls-cta__link\">\n\n\t<div class=\"ls-cta__image\"><img decoding=\"async\" src=\"https:\/\/parcbellevue.com\/wp-content\/uploads\/2023\/11\/piscine-camping-cannes-parc-bellevue.webp\" alt=\"camping swimmingpool cannes\"><\/div>\n\t<div class=\"ls-cta__title\">\n\t\tWasserraum\t<\/div>\n\n\t\n\t<span class=\"bellevue-arrow ls-cta__arrow\"><\/span>\n\n<\/a><\/div><\/div><\/div><\/div>\n\r\n    <\/div>\r\n<\/section>","protected":false},"excerpt":{"rendered":"","protected":false},"author":1,"featured_media":5087,"parent":0,"menu_order":0,"comment_status":"closed","ping_status":"closed","template":"","meta":{"_acf_changed":false,"footnotes":""},"sujet":[],"class_list":["post-3266","page","type-page","status-publish","has-post-thumbnail","hentry"],"acf":[],"yoast_head":"<!-- This site is optimized with the Yoast SEO plugin v23.4 - https:\/\/yoast.com\/wordpress\/plugins\/seo\/ -->\n<title>Billig Camping Cannes | Billig Camping C\u00f4te d&#039;Azur<\/title>\n<meta name=\"robots\" content=\"index, follow, max-snippet:-1, max-image-preview:large, max-video-preview:-1\" \/>\n<link rel=\"canonical\" href=\"https:\/\/parcbellevue.com\/de\/billig-camping-cannes\/\" \/>\n<meta property=\"og:locale\" content=\"de_DE\" \/>\n<meta property=\"og:type\" content=\"article\" \/>\n<meta property=\"og:title\" content=\"Billig Camping Cannes | Billig Camping C\u00f4te d&#039;Azur\" \/>\n<meta property=\"og:url\" content=\"https:\/\/parcbellevue.com\/de\/billig-camping-cannes\/\" \/>\n<meta property=\"og:site_name\" content=\"Camping Parc Bellevue\" \/>\n<meta property=\"article:modified_time\" content=\"2026-03-04T15:26:40+00:00\" \/>\n<meta property=\"og:image\" content=\"https:\/\/parcbellevue.com\/wp-content\/uploads\/2025\/11\/tarifs-bellevue-1024x546.webp\" \/>\n\t<meta property=\"og:image:width\" content=\"1024\" \/>\n\t<meta property=\"og:image:height\" content=\"546\" \/>\n\t<meta property=\"og:image:type\" content=\"image\/webp\" \/>\n<meta name=\"twitter:card\" content=\"summary_large_image\" \/>\n<meta name=\"twitter:label1\" content=\"Gesch\u00e4tzte Lesezeit\" \/>\n\t<meta name=\"twitter:data1\" content=\"2\u00a0Minuten\" \/>\n<script type=\"application\/ld+json\" class=\"yoast-schema-graph\">{\"@context\":\"https:\/\/schema.org\",\"@graph\":[{\"@type\":\"WebPage\",\"@id\":\"https:\/\/parcbellevue.com\/de\/billig-camping-cannes\/\",\"url\":\"https:\/\/parcbellevue.com\/de\/billig-camping-cannes\/\",\"name\":\"Billig Camping Cannes | Billig Camping C\u00f4te d'Azur\",\"isPartOf\":{\"@id\":\"https:\/\/parcbellevue.com\/#website\"},\"primaryImageOfPage\":{\"@id\":\"https:\/\/parcbellevue.com\/de\/billig-camping-cannes\/#primaryimage\"},\"image\":{\"@id\":\"https:\/\/parcbellevue.com\/de\/billig-camping-cannes\/#primaryimage\"},\"thumbnailUrl\":\"https:\/\/parcbellevue.com\/wp-content\/uploads\/2025\/11\/tarifs-bellevue.webp\",\"datePublished\":\"2023-12-12T15:50:22+00:00\",\"dateModified\":\"2026-03-04T15:26:40+00:00\",\"breadcrumb\":{\"@id\":\"https:\/\/parcbellevue.com\/de\/billig-camping-cannes\/#breadcrumb\"},\"inLanguage\":\"de\",\"potentialAction\":[{\"@type\":\"ReadAction\",\"target\":[\"https:\/\/parcbellevue.com\/de\/billig-camping-cannes\/\"]}]},{\"@type\":\"ImageObject\",\"inLanguage\":\"de\",\"@id\":\"https:\/\/parcbellevue.com\/de\/billig-camping-cannes\/#primaryimage\",\"url\":\"https:\/\/parcbellevue.com\/wp-content\/uploads\/2025\/11\/tarifs-bellevue.webp\",\"contentUrl\":\"https:\/\/parcbellevue.com\/wp-content\/uploads\/2025\/11\/tarifs-bellevue.webp\",\"width\":1920,\"height\":1024,\"caption\":\"tarifs bellevue\"},{\"@type\":\"BreadcrumbList\",\"@id\":\"https:\/\/parcbellevue.com\/de\/billig-camping-cannes\/#breadcrumb\",\"itemListElement\":[{\"@type\":\"ListItem\",\"position\":1,\"name\":\"Camping Cannes\",\"item\":\"https:\/\/parcbellevue.com\/de\/\"},{\"@type\":\"ListItem\",\"position\":2,\"name\":\"G\u00fcnstiger Campingplatz an der C\u00f4te d'Azur\"}]},{\"@type\":\"WebSite\",\"@id\":\"https:\/\/parcbellevue.com\/#website\",\"url\":\"https:\/\/parcbellevue.com\/\",\"name\":\"Camping Parc Bellevue\",\"description\":\"\",\"publisher\":{\"@id\":\"https:\/\/parcbellevue.com\/#organization\"},\"potentialAction\":[{\"@type\":\"SearchAction\",\"target\":{\"@type\":\"EntryPoint\",\"urlTemplate\":\"https:\/\/parcbellevue.com\/?s={search_term_string}\"},\"query-input\":{\"@type\":\"PropertyValueSpecification\",\"valueRequired\":true,\"valueName\":\"search_term_string\"}}],\"inLanguage\":\"de\"},{\"@type\":\"Organization\",\"@id\":\"https:\/\/parcbellevue.com\/#organization\",\"name\":\"Camping Parc Bellevue\",\"url\":\"https:\/\/parcbellevue.com\/\",\"logo\":{\"@type\":\"ImageObject\",\"inLanguage\":\"de\",\"@id\":\"https:\/\/parcbellevue.com\/#\/schema\/logo\/image\/\",\"url\":\"https:\/\/parcbellevue.com\/wp-content\/uploads\/2022\/11\/cropped-logo-camping-parc-bellevue.png\",\"contentUrl\":\"https:\/\/parcbellevue.com\/wp-content\/uploads\/2022\/11\/cropped-logo-camping-parc-bellevue.png\",\"width\":902,\"height\":904,\"caption\":\"Camping Parc Bellevue\"},\"image\":{\"@id\":\"https:\/\/parcbellevue.com\/#\/schema\/logo\/image\/\"}}]}<\/script>\n<!-- \/ Yoast SEO plugin. -->","yoast_head_json":{"title":"Billig Camping Cannes | Billig Camping C\u00f4te d'Azur","robots":{"index":"index","follow":"follow","max-snippet":"max-snippet:-1","max-image-preview":"max-image-preview:large","max-video-preview":"max-video-preview:-1"},"canonical":"https:\/\/parcbellevue.com\/de\/billig-camping-cannes\/","og_locale":"de_DE","og_type":"article","og_title":"Billig Camping Cannes | Billig Camping C\u00f4te d'Azur","og_url":"https:\/\/parcbellevue.com\/de\/billig-camping-cannes\/","og_site_name":"Camping Parc Bellevue","article_modified_time":"2026-03-04T15:26:40+00:00","og_image":[{"width":1024,"height":546,"url":"https:\/\/parcbellevue.com\/wp-content\/uploads\/2025\/11\/tarifs-bellevue-1024x546.webp","type":"image\/webp"}],"twitter_card":"summary_large_image","twitter_misc":{"Gesch\u00e4tzte Lesezeit":"2\u00a0Minuten"},"schema":{"@context":"https:\/\/schema.org","@graph":[{"@type":"WebPage","@id":"https:\/\/parcbellevue.com\/de\/billig-camping-cannes\/","url":"https:\/\/parcbellevue.com\/de\/billig-camping-cannes\/","name":"Billig Camping Cannes | Billig Camping C\u00f4te d'Azur","isPartOf":{"@id":"https:\/\/parcbellevue.com\/#website"},"primaryImageOfPage":{"@id":"https:\/\/parcbellevue.com\/de\/billig-camping-cannes\/#primaryimage"},"image":{"@id":"https:\/\/parcbellevue.com\/de\/billig-camping-cannes\/#primaryimage"},"thumbnailUrl":"https:\/\/parcbellevue.com\/wp-content\/uploads\/2025\/11\/tarifs-bellevue.webp","datePublished":"2023-12-12T15:50:22+00:00","dateModified":"2026-03-04T15:26:40+00:00","breadcrumb":{"@id":"https:\/\/parcbellevue.com\/de\/billig-camping-cannes\/#breadcrumb"},"inLanguage":"de","potentialAction":[{"@type":"ReadAction","target":["https:\/\/parcbellevue.com\/de\/billig-camping-cannes\/"]}]},{"@type":"ImageObject","inLanguage":"de","@id":"https:\/\/parcbellevue.com\/de\/billig-camping-cannes\/#primaryimage","url":"https:\/\/parcbellevue.com\/wp-content\/uploads\/2025\/11\/tarifs-bellevue.webp","contentUrl":"https:\/\/parcbellevue.com\/wp-content\/uploads\/2025\/11\/tarifs-bellevue.webp","width":1920,"height":1024,"caption":"tarifs bellevue"},{"@type":"BreadcrumbList","@id":"https:\/\/parcbellevue.com\/de\/billig-camping-cannes\/#breadcrumb","itemListElement":[{"@type":"ListItem","position":1,"name":"Camping Cannes","item":"https:\/\/parcbellevue.com\/de\/"},{"@type":"ListItem","position":2,"name":"G\u00fcnstiger Campingplatz an der C\u00f4te d'Azur"}]},{"@type":"WebSite","@id":"https:\/\/parcbellevue.com\/#website","url":"https:\/\/parcbellevue.com\/","name":"Camping Parc Bellevue","description":"","publisher":{"@id":"https:\/\/parcbellevue.com\/#organization"},"potentialAction":[{"@type":"SearchAction","target":{"@type":"EntryPoint","urlTemplate":"https:\/\/parcbellevue.com\/?s={search_term_string}"},"query-input":{"@type":"PropertyValueSpecification","valueRequired":true,"valueName":"search_term_string"}}],"inLanguage":"de"},{"@type":"Organization","@id":"https:\/\/parcbellevue.com\/#organization","name":"Camping Parc Bellevue","url":"https:\/\/parcbellevue.com\/","logo":{"@type":"ImageObject","inLanguage":"de","@id":"https:\/\/parcbellevue.com\/#\/schema\/logo\/image\/","url":"https:\/\/parcbellevue.com\/wp-content\/uploads\/2022\/11\/cropped-logo-camping-parc-bellevue.png","contentUrl":"https:\/\/parcbellevue.com\/wp-content\/uploads\/2022\/11\/cropped-logo-camping-parc-bellevue.png","width":902,"height":904,"caption":"Camping Parc Bellevue"},"image":{"@id":"https:\/\/parcbellevue.com\/#\/schema\/logo\/image\/"}}]}},"_links":{"self":[{"href":"https:\/\/parcbellevue.com\/de\/wp-json\/wp\/v2\/pages\/3266","targetHints":{"allow":["GET"]}}],"collection":[{"href":"https:\/\/parcbellevue.com\/de\/wp-json\/wp\/v2\/pages"}],"about":[{"href":"https:\/\/parcbellevue.com\/de\/wp-json\/wp\/v2\/types\/page"}],"author":[{"embeddable":true,"href":"https:\/\/parcbellevue.com\/de\/wp-json\/wp\/v2\/users\/1"}],"replies":[{"embeddable":true,"href":"https:\/\/parcbellevue.com\/de\/wp-json\/wp\/v2\/comments?post=3266"}],"version-history":[{"count":6,"href":"https:\/\/parcbellevue.com\/de\/wp-json\/wp\/v2\/pages\/3266\/revisions"}],"predecessor-version":[{"id":5283,"href":"https:\/\/parcbellevue.com\/de\/wp-json\/wp\/v2\/pages\/3266\/revisions\/5283"}],"wp:featuredmedia":[{"embeddable":true,"href":"https:\/\/parcbellevue.com\/de\/wp-json\/wp\/v2\/media\/5087"}],"wp:attachment":[{"href":"https:\/\/parcbellevue.com\/de\/wp-json\/wp\/v2\/media?parent=3266"}],"wp:term":[{"taxonomy":"sujet","embeddable":true,"href":"https:\/\/parcbellevue.com\/de\/wp-json\/wp\/v2\/sujet?post=3266"}],"curies":[{"name":"wp","href":"https:\/\/api.w.org\/{rel}","templated":true}]}}